{"id":9845,"date":"2020-02-16T21:19:37","date_gmt":"2020-02-16T21:19:37","guid":{"rendered":"https:\/\/jameskaiser.com\/?page_id=9845"},"modified":"2020-03-12T00:24:04","modified_gmt":"2020-03-12T00:24:04","slug":"camping-fondo","status":"publish","type":"page","link":"https:\/\/jameskaiser.com\/es\/gran-canon\/camping-fondo\/","title":{"rendered":"Camping en el Fondo del Gran Ca\u00f1\u00f3n"},"content":{"rendered":"\n<figure class=\"wp-block-image size-large\"><img loading=\"lazy\" decoding=\"async\" width=\"700\" height=\"840\" src=\"https:\/\/jameskaiser.com\/wp-content\/uploads\/2020\/02\/camping-en-el-fondo-del-gran-can\u0303on.jpg\" alt=\"Camping en el fondo del Gran Ca\u00f1\u00f3n\" class=\"wp-image-10314\"\/><\/figure>\n\n\n\n<p>Acampar en el fondo del Gran Ca\u00f1\u00f3n es una de esas experiencias \u00fanicas en Norte Am\u00e9rica. La vista desde el borde es incre\u00edble, pero la vista desde el fondo del Gran Ca\u00f1\u00f3n es mucho m\u00e1s de lo que te puedas imaginar. A medida que ves hacia arriba, docenas de formaciones rocosas masivas se apilan en forma de torre a tu alrededor. Si es primavera, los cactus estar\u00e1n floreciendo; si es Oto\u00f1o, la luz suave de oto\u00f1o, iluminar\u00e1 las paredes del ca\u00f1\u00f3n. Para todos aquellos que aman al mundo natural, esto es una pura sobrecarga de sensaciones \u2014 emocionante, vertiginoso, esclarecedor.<\/p>\n\n\n\n<p>Hay diferentes opciones para acampar en el fondo del Gran Ca\u00f1\u00f3n. La m\u00e1s f\u00e1cil y popular es en Bright Angel Campground, el cual ofrece agua potable y ba\u00f1os. Acampar en \u00e1reas remotas es permitido, pero necesitar\u00e1s tramitar permisos y estar familiarizado con las rutas de senderismo en el Gran Ca\u00f1\u00f3n. Sin embargo, mi forma favorita de acampar en el fondo del Gran Ca\u00f1\u00f3n, es contratando un tour por el R\u00edo Colorado. Viajando por el r\u00edo, acampar\u00e1s cada una de las noches a la orilla del R\u00edo Colorado. <\/p>\n\n\n\n<p>See Also: <a href=\"https:\/\/jameskaiser.com\/es\/gran-canon\/camping-borde-sur\/\">Camping en el Gran Ca\u00f1\u00f3n South Rim <\/a><\/p>\n\n\n\n<h2 class=\"wp-block-heading\">Camping en el Fondo del Gran Ca\u00f1\u00f3n<\/h2>\n\n\n\n<figure class=\"wp-block-image size-large\"><img loading=\"lazy\" decoding=\"async\" width=\"700\" height=\"500\" src=\"https:\/\/jameskaiser.com\/wp-content\/uploads\/2020\/02\/gran-canon-campamento-bright-angel.jpg\" alt=\"Gran Ca\u00f1\u00f3n, Campamento Bright Angel \" class=\"wp-image-10316\"\/><\/figure>\n\n\n\n<h2 class=\"wp-block-heading\">Bright Angel Campground<\/h2>\n\n\n\n<p>Bright Angel Campground es el \u00fanico campamento establecido en el fondo del Gran Ca\u00f1\u00f3n. Es en mi opini\u00f3n, el mejor campamento en el Parque Nacional Gran Ca\u00f1\u00f3n. Ubicado a media milla del R\u00edo Colorado, provee una experiencia de camping en el Parque como ninguna otra. <\/p>\n\n\n\n<p>Bright Angel Campground se posa sobre el arroyo Bright Angel, cuyas aguas refrescantes dan una incre\u00edble bienvenida durante los meses m\u00e1s calientes del a\u00f1o. Est\u00e1 disponible el servicio de agua potable y ba\u00f1os. <a href=\"http:\/\/www.grandcanyonlodges.com\/lodging\/phantom-ranch\/\">Phantom Ranch<\/a>, un grupo de cabinas para pasar la noche,  se ubica a una corta distancia del campamento, e incluye una cantina donde puedes comprar helado y cerveza fr\u00eda. <\/p>\n\n\n\n<p>Dado que Bright Angel Campground est\u00e1 localizado a una elevaci\u00f3n de 2,480 pies (756 metros), las temperaturas de verano normalmente  est\u00e1n por arriba de los 100\u02d9F (38\u02d9C). Mi tiempo favorito para visitarlo es en la primavera, cuando las flores est\u00e1n floreciendo y las temperaturas son relativamente templadas. Oto\u00f1o es tambi\u00e9n un buen tiempo para visitar. Para llegar al  Bright Angel Campground desde el borde sur, South Rim, se puede tomar el <a href=\"https:\/\/jameskaiser.com\/es\/gran-canon\/que-hacer\/caminatas\/bright-angel\/\">Bright Angel Trail<\/a> o el  <a href=\"https:\/\/jameskaiser.com\/es\/gran-canon\/que-hacer\/caminatas\/south-kaibab\/\">South Kaibab Trail<\/a>. Desde el borde norte, North Rim, se puede tomar el <a href=\"https:\/\/jameskaiser.com\/es\/gran-canon\/que-hacer\/caminatas\/north-kaibab\/\">North Kaibab Trail<\/a>.<\/p>\n\n\n\n<p>El Bright Angel Campground est\u00e1 abierto todo el a\u00f1o. <\/p>\n\n\n\n<figure class=\"wp-block-image size-large\"><img loading=\"lazy\" decoding=\"async\" width=\"700\" height=\"500\" src=\"https:\/\/jameskaiser.com\/wp-content\/uploads\/2020\/02\/gran-can\u0303on-camping-areas-remotas.jpg\" alt=\"Gran Ca\u00f1\u00f3n, Camping en \u00e1reas remotas\" class=\"wp-image-10318\"\/><\/figure>\n\n\n\n<h2 class=\"wp-block-heading\">Camping en Areas Remotas<\/h2>\n\n\n\n<p>Acampar en \u00e1reas remotas incluye caminar por senderos igualmente remotos, y luego acampar en medio de la nada. Para esto necesitar\u00e1s un permiso llamado <a rel=\"noopener noreferrer\" href=\"http:\/\/www.nps.gov\/grca\/planyourvisit\/backcountry-permit.htm\" target=\"_blank\">backcountry permit<\/a>, el cual a veces puede ser dif\u00edcil de obtener con anticipaci\u00f3n. El reto m\u00e1s grande, sin embargo, es no sobreestimar tu habilidad para caminar.  Cada a\u00f1o docenas de senderistas son rescatados en el Gran Ca\u00f1\u00f3n. Terrenos empinados, altas temperaturas y acceso limitado a agua potable son situaciones m\u00e1s peligrosas de lo que la gente piensa. Sin la debida experiencia, puedes meterte en problemas f\u00e1cilmente. <\/p>\n\n\n\n<p>Si eres novato practicando senderismo en el Gran Ca\u00f1\u00f3n, es mejor que camines por los senderos m\u00e1s populares y conocidos. Estos senderos son  <a href=\"https:\/\/jameskaiser.com\/es\/gran-canon\/que-hacer\/caminatas\/bright-angel\/\">Bright Angel Trail<\/a>, <a href=\"https:\/\/jameskaiser.com\/es\/gran-canon\/que-hacer\/caminatas\/south-kaibab\/\">South Kaibab Trail<\/a> y <a href=\"https:\/\/jameskaiser.com\/es\/gran-canon\/que-hacer\/caminatas\/north-kaibab\/\">North Kaibab Trail<\/a>. Los tres te permiten acceder a los campamentos ubicados en \u00e1reas remotas.  <\/p>\n\n\n\n<div class=\"wp-block-group\"><div class=\"wp-block-group__inner-container is-layout-flow wp-block-group-is-layout-flow\">\n<hr class=\"wp-block-separator\"\/>\n\n\n\n<div style=\"height:35px\" aria-hidden=\"true\" class=\"wp-block-spacer\"><\/div>\n\n\n\n<h4 class=\"has-text-align-center wp-block-heading\">Tours en Helic\u00f3ptero &#8211; Atardecer M\u00e1gico en el Gran Ca\u00f1\u00f3n!<\/h4>\n\n\n\n<div class=\"wp-block-image\"><figure class=\"aligncenter\"><a href=\"https:\/\/www.maverickhelicopter.com\/al.aspx?id=192876&amp;b=44\" target=\"_blank\" rel=\"noopener noreferrer\"><img decoding=\"async\" src=\"https:\/\/www.maverickhelicopter.com\/Affiliate\/advertisments\/mav-sunset-728x90_04.jpg\" alt=\"Grand Canyon Sunset Flights with Maverick Helicopters - Click Her\"\/><\/a><\/figure><\/div>\n\n\n\n<div style=\"height:35px\" aria-hidden=\"true\" class=\"wp-block-spacer\"><\/div>\n\n\n\n<hr class=\"wp-block-separator\"\/>\n<\/div><\/div>\n\n\n\n<h2 class=\"wp-block-heading\">Campamentos en el Interior del Gran Ca\u00f1\u00f3n <\/h2>\n\n\n\n<p><strong>Bright Angel Campground<\/strong><br>Bright Angel Campground es el \u00fanico campamento establecido en el fondo del Gran Ca\u00f1\u00f3n. Se ubica a una elevaci\u00f3n de 2,480 pies (756 metros), y ofrece agua potable y ba\u00f1os. Abierto todo el a\u00f1o.  <\/p>\n\n\n\n<p><strong>Indian Garden Campground<\/strong><br>Ubicado a mitad de camino del sendero Bright Angel Trail &#8211; 3,000 pies (914 metros) por debajo del borde sur (South Rim) &#8211; Indian Garden es un punto de descanso para los caminantes  que necesitan hacer un alto en el camino. A trav\u00e9s del campamento fluye un peque\u00f1o arroyo que brinda sustento a frondosos \u00e1rboles de algod\u00f3n que fueron plantados por los pioneros hacia  los a\u00f1os 1900. Ofrece servicios de agua potable y ba\u00f1os. Abierto todo el a\u00f1o.<\/p>\n\n\n\n<p><strong>Cottonwood Campground<\/strong><br>Ubicado a mitad de camino en el sendero North Kaibab Trail a 4,170 pies de altura y debajo del borde norte (North Rim), Cottonwood Campground es un  punto de descanso en la ruta de 14 millas desde el borde norte (North Rim) hasta el campamento de Bright Angel. Ofrece agua potable desde mediados de Mayo hasta mediados de Octubre. Cottonwood Campground es un excelente punto para hacer caminatas de un d\u00eda hasta Roaring Springs, Ribbon Falls y Manzanita Canyon. Abierto todo el a\u00f1o. <\/p>\n\n\n\n<p>Si eres un caminante experimentado, hay excelentes opciones de camping en el fondo del Gran Ca\u00f1\u00f3n en \u00e1reas remotas a las que se llega a trav\u00e9s de senderos poco conocidos. Visita la p\u00e1gina de <a rel=\"noopener noreferrer\" href=\"http:\/\/www.nps.gov\/grca\/planyourvisit\/backcountry.htm\" target=\"_blank\">backcountry hiking<\/a> en el Gran Ca\u00f1\u00f3n para m\u00e1s informaci\u00f3n.  <\/p>\n\n\n\n<figure class=\"wp-block-image size-large\"><img loading=\"lazy\" decoding=\"async\" width=\"700\" height=\"500\" src=\"https:\/\/jameskaiser.com\/wp-content\/uploads\/2020\/02\/gran-can\u0303on-camping-rio-colorado.jpg\" alt=\"Gran Ca\u00f1\u00f3n, Camping en el r\u00edo colorado\" class=\"wp-image-10320\"\/><\/figure>\n\n\n\n<h2 class=\"wp-block-heading\">Camping viajando por el R\u00edo Colorado<\/h2>\n\n\n\n<p>Nada \u2014 y quiero decir <em>nada<\/em> \u2014 revela la belleza del Gran Ca\u00f1\u00f3n como un <a href=\"https:\/\/jameskaiser.com\/es\/gran-canon\/que-hacer\/rafting\/\" target=\"_blank\" rel=\"noreferrer noopener\" aria-label=\" (opens in a new tab)\">viaje en el r\u00edo por el Gran Ca\u00f1\u00f3n<\/a>.  Adicionalmente a los r\u00e1pidos emocionantes y caminatas espectaculares, podr\u00e1s acampar a la orilla del R\u00edo Colorado en las noches. La mayor\u00eda de los sitios de camping est\u00e1n ubicados en hermosas playas de arena. Mientras caes dormido al son del r\u00edo Colorado erosionando el Gran Ca\u00f1\u00f3n, billones de estrellas resplandecen en el firmamento. No hay una mejor manera de perderte \u2014 y encontrarte a la vez.<\/p>\n\n\n\n<p>Acampar en el fondo del Gran Ca\u00f1\u00f3n en un viaje por el r\u00edo ofrece varias ventajas. La primera, es que experimentar\u00e1s un nuevo sitio de camping cada noche. Y si te adentras m\u00e1s y m\u00e1s en el coraz\u00f3n del Gran Ca\u00f1\u00f3n, los campamentos ser\u00e1n cada vez m\u00e1s espectaculares. <\/p>\n\n\n\n<p>Otra ventaja es que no tendr\u00e1s que empacar comida y equipo. De hecho, tendr\u00e1s todo una legi\u00f3n a tu servicio cocinando, limpiando y organizando el campamento. Qu\u00e9 mejor forma de acampar en el fondo del Gran Ca\u00f1\u00f3n que \u00e9sta?<\/p>\n\n\n\n<div class=\"wp-block-group\"><div class=\"wp-block-group__inner-container is-layout-flow wp-block-group-is-layout-flow\">\n<div class=\"wp-block-group\"><div class=\"wp-block-group__inner-container is-layout-flow wp-block-group-is-layout-flow\">\n<hr class=\"wp-block-separator\"\/>\n\n\n\n<div style=\"height:35px\" aria-hidden=\"true\" class=\"wp-block-spacer\"><\/div>\n\n\n\n<h4 class=\"has-text-align-center wp-block-heading\">Quieres explorar el Gran Ca\u00f1\u00f3n con un experto? Qu\u00e9 tal hacerlo en un exclusivo tour en un Jeep Rosado!!!<\/h4>\n\n\n\n<p class=\"has-text-align-center\"><a rel=\"noopener noreferrer\" href=\"https:\/\/www.dpbolvw.net\/click-6762299-12780426\" target=\"_blank\"> <img loading=\"lazy\" decoding=\"async\" width=\"468\" height=\"60\" border=\"0\" src=\"https:\/\/www.tqlkg.com\/image-6762299-12780426\" alt=\"\"><\/a><\/p>\n\n\n\n<div style=\"height:35px\" aria-hidden=\"true\" class=\"wp-block-spacer\"><\/div>\n\n\n\n<hr class=\"wp-block-separator\"\/>\n<\/div><\/div>\n<\/div><\/div>\n\n\n\n<div style=\"height:40px\" aria-hidden=\"true\" class=\"wp-block-spacer\"><\/div>\n","protected":false},"excerpt":{"rendered":"<p>Acampar en el fondo del Gran Ca\u00f1\u00f3n es una de esas experiencias \u00fanicas en Norte Am\u00e9rica. La vista desde el borde es incre\u00edble, pero la vista desde el fondo del Gran Ca\u00f1\u00f3n es mucho m\u00e1s de lo que te puedas imaginar. A medida que ves hacia arriba, docenas de formaciones rocosas masivas se apilan en [&hellip;]<\/p>\n","protected":false},"author":3,"featured_media":0,"parent":9595,"menu_order":0,"comment_status":"closed","ping_status":"closed","template":"","meta":{"footnotes":""},"class_list":["post-9845","page","type-page","status-publish","hentry"],"yoast_head":"<!-- This site is optimized with the Yoast SEO Premium plugin v27.0 (Yoast SEO v27.4) - https:\/\/yoast.com\/product\/yoast-seo-premium-wordpress\/ -->\n<title>Camping en el Fondo del Gran Ca\u00f1\u00f3n &#8226; James Kaiser<\/title>\n<meta name=\"description\" content=\"Mi gu\u00eda para acampar en el fondo del Gran Ca\u00f1\u00f3n, inclu\u00eddo reservas, permisos, tips de senderismo, campamentos m\u00e1s populares, fotos y mucho m\u00e1s!\" \/>\n<meta name=\"robots\" content=\"index, follow, max-snippet:-1, max-image-preview:large, max-video-preview:-1\" \/>\n<link rel=\"canonical\" href=\"https:\/\/jameskaiser.com\/es\/gran-canon\/camping-fondo\/\" \/>\n<meta property=\"og:locale\" content=\"es_ES\" \/>\n<meta property=\"og:type\" content=\"article\" \/>\n<meta property=\"og:title\" content=\"Camping en el Fondo del Gran Ca\u00f1\u00f3n\" \/>\n<meta property=\"og:description\" content=\"Mi gu\u00eda para acampar en el fondo del Gran Ca\u00f1\u00f3n, inclu\u00eddo reservas, permisos, tips de senderismo, campamentos m\u00e1s populares, fotos y mucho m\u00e1s!\" \/>\n<meta property=\"og:url\" content=\"https:\/\/jameskaiser.com\/es\/gran-canon\/camping-fondo\/\" \/>\n<meta property=\"og:site_name\" content=\"James Kaiser\" \/>\n<meta property=\"article:publisher\" content=\"https:\/\/www.facebook.com\/JamesKaiserTraveler\" \/>\n<meta property=\"article:modified_time\" content=\"2020-03-12T00:24:04+00:00\" \/>\n<meta property=\"og:image\" content=\"https:\/\/jameskaiser.com\/wp-content\/uploads\/2020\/02\/camping-en-el-fondo-del-gran-can\u0303on.jpg\" \/>\n<meta name=\"twitter:card\" content=\"summary_large_image\" \/>\n<meta name=\"twitter:site\" content=\"@JamesKaiser_\" \/>\n<meta name=\"twitter:label1\" content=\"Tiempo de lectura\" \/>\n\t<meta name=\"twitter:data1\" content=\"5 minutos\" \/>\n<script type=\"application\/ld+json\" class=\"yoast-schema-graph\">{\"@context\":\"https:\\\/\\\/schema.org\",\"@graph\":[{\"@type\":\"WebPage\",\"@id\":\"https:\\\/\\\/jameskaiser.com\\\/es\\\/gran-canon\\\/camping-fondo\\\/\",\"url\":\"https:\\\/\\\/jameskaiser.com\\\/es\\\/gran-canon\\\/camping-fondo\\\/\",\"name\":\"Camping en el Fondo del Gran Ca\u00f1\u00f3n &#8226; James Kaiser\",\"isPartOf\":{\"@id\":\"https:\\\/\\\/jameskaiser.com\\\/es\\\/#website\"},\"primaryImageOfPage\":{\"@id\":\"https:\\\/\\\/jameskaiser.com\\\/es\\\/gran-canon\\\/camping-fondo\\\/#primaryimage\"},\"image\":{\"@id\":\"https:\\\/\\\/jameskaiser.com\\\/es\\\/gran-canon\\\/camping-fondo\\\/#primaryimage\"},\"thumbnailUrl\":\"https:\\\/\\\/jameskaiser.com\\\/wp-content\\\/uploads\\\/2020\\\/02\\\/gran-canon-campamento-bright-angel.jpg\",\"datePublished\":\"2020-02-16T21:19:37+00:00\",\"dateModified\":\"2020-03-12T00:24:04+00:00\",\"description\":\"Mi gu\u00eda para acampar en el fondo del Gran Ca\u00f1\u00f3n, inclu\u00eddo reservas, permisos, tips de senderismo, campamentos m\u00e1s populares, fotos y mucho m\u00e1s!\",\"breadcrumb\":{\"@id\":\"https:\\\/\\\/jameskaiser.com\\\/es\\\/gran-canon\\\/camping-fondo\\\/#breadcrumb\"},\"inLanguage\":\"es\",\"potentialAction\":[{\"@type\":\"ReadAction\",\"target\":[\"https:\\\/\\\/jameskaiser.com\\\/es\\\/gran-canon\\\/camping-fondo\\\/\"]}]},{\"@type\":\"ImageObject\",\"inLanguage\":\"es\",\"@id\":\"https:\\\/\\\/jameskaiser.com\\\/es\\\/gran-canon\\\/camping-fondo\\\/#primaryimage\",\"url\":\"https:\\\/\\\/jameskaiser.com\\\/wp-content\\\/uploads\\\/2020\\\/02\\\/gran-canon-campamento-bright-angel.jpg\",\"contentUrl\":\"https:\\\/\\\/jameskaiser.com\\\/wp-content\\\/uploads\\\/2020\\\/02\\\/gran-canon-campamento-bright-angel.jpg\"},{\"@type\":\"BreadcrumbList\",\"@id\":\"https:\\\/\\\/jameskaiser.com\\\/es\\\/gran-canon\\\/camping-fondo\\\/#breadcrumb\",\"itemListElement\":[{\"@type\":\"ListItem\",\"position\":1,\"name\":\"Home\",\"item\":\"https:\\\/\\\/jameskaiser.com\\\/es\\\/\"},{\"@type\":\"ListItem\",\"position\":2,\"name\":\"Gran Ca\u00f1\u00f3n\",\"item\":\"https:\\\/\\\/jameskaiser.com\\\/es\\\/gran-canon\\\/\"},{\"@type\":\"ListItem\",\"position\":3,\"name\":\"Camping en el fondo\"}]},{\"@type\":\"WebSite\",\"@id\":\"https:\\\/\\\/jameskaiser.com\\\/es\\\/#website\",\"url\":\"https:\\\/\\\/jameskaiser.com\\\/es\\\/\",\"name\":\"James Kaiser\",\"description\":\"National Park Guides\",\"publisher\":{\"@id\":\"https:\\\/\\\/jameskaiser.com\\\/es\\\/#\\\/schema\\\/person\\\/5981104745a0770ef7007991f80d4ca0\"},\"potentialAction\":[{\"@type\":\"SearchAction\",\"target\":{\"@type\":\"EntryPoint\",\"urlTemplate\":\"https:\\\/\\\/jameskaiser.com\\\/es\\\/?s={search_term_string}\"},\"query-input\":{\"@type\":\"PropertyValueSpecification\",\"valueRequired\":true,\"valueName\":\"search_term_string\"}}],\"inLanguage\":\"es\"},{\"@type\":[\"Person\",\"Organization\"],\"@id\":\"https:\\\/\\\/jameskaiser.com\\\/es\\\/#\\\/schema\\\/person\\\/5981104745a0770ef7007991f80d4ca0\",\"name\":\"James Kaiser\",\"image\":{\"@type\":\"ImageObject\",\"inLanguage\":\"es\",\"@id\":\"https:\\\/\\\/secure.gravatar.com\\\/avatar\\\/9acc818dc334ece1637aed9a07c32b99dacc4c73e4cf79079b19ba425f2c2d0c?s=96&d=mm&r=g\",\"url\":\"https:\\\/\\\/secure.gravatar.com\\\/avatar\\\/9acc818dc334ece1637aed9a07c32b99dacc4c73e4cf79079b19ba425f2c2d0c?s=96&d=mm&r=g\",\"contentUrl\":\"https:\\\/\\\/secure.gravatar.com\\\/avatar\\\/9acc818dc334ece1637aed9a07c32b99dacc4c73e4cf79079b19ba425f2c2d0c?s=96&d=mm&r=g\",\"caption\":\"James Kaiser\"},\"logo\":{\"@id\":\"https:\\\/\\\/secure.gravatar.com\\\/avatar\\\/9acc818dc334ece1637aed9a07c32b99dacc4c73e4cf79079b19ba425f2c2d0c?s=96&d=mm&r=g\"},\"description\":\"James Kaiser is an award-winning travel writer and photographer whose work has appeared on the cover of \\\"National Geographic.\\\" He has written bestselling guidebooks to Costa Rica, Grand Canyon, Yosemite, Acadia, Joshua Tree, and Zion National Park.\",\"sameAs\":[\"http:\\\/\\\/www.jameskaiser.com\",\"https:\\\/\\\/www.facebook.com\\\/JamesKaiserTraveler\",\"https:\\\/\\\/x.com\\\/JamesKaiser_\"]}]}<\/script>\n<!-- \/ Yoast SEO Premium plugin. -->","yoast_head_json":{"title":"Camping en el Fondo del Gran Ca\u00f1\u00f3n &#8226; James Kaiser","description":"Mi gu\u00eda para acampar en el fondo del Gran Ca\u00f1\u00f3n, inclu\u00eddo reservas, permisos, tips de senderismo, campamentos m\u00e1s populares, fotos y mucho m\u00e1s!","robots":{"index":"index","follow":"follow","max-snippet":"max-snippet:-1","max-image-preview":"max-image-preview:large","max-video-preview":"max-video-preview:-1"},"canonical":"https:\/\/jameskaiser.com\/es\/gran-canon\/camping-fondo\/","og_locale":"es_ES","og_type":"article","og_title":"Camping en el Fondo del Gran Ca\u00f1\u00f3n","og_description":"Mi gu\u00eda para acampar en el fondo del Gran Ca\u00f1\u00f3n, inclu\u00eddo reservas, permisos, tips de senderismo, campamentos m\u00e1s populares, fotos y mucho m\u00e1s!","og_url":"https:\/\/jameskaiser.com\/es\/gran-canon\/camping-fondo\/","og_site_name":"James Kaiser","article_publisher":"https:\/\/www.facebook.com\/JamesKaiserTraveler","article_modified_time":"2020-03-12T00:24:04+00:00","og_image":[{"url":"https:\/\/jameskaiser.com\/wp-content\/uploads\/2020\/02\/camping-en-el-fondo-del-gran-can\u0303on.jpg","type":"","width":"","height":""}],"twitter_card":"summary_large_image","twitter_site":"@JamesKaiser_","twitter_misc":{"Tiempo de lectura":"5 minutos"},"schema":{"@context":"https:\/\/schema.org","@graph":[{"@type":"WebPage","@id":"https:\/\/jameskaiser.com\/es\/gran-canon\/camping-fondo\/","url":"https:\/\/jameskaiser.com\/es\/gran-canon\/camping-fondo\/","name":"Camping en el Fondo del Gran Ca\u00f1\u00f3n &#8226; James Kaiser","isPartOf":{"@id":"https:\/\/jameskaiser.com\/es\/#website"},"primaryImageOfPage":{"@id":"https:\/\/jameskaiser.com\/es\/gran-canon\/camping-fondo\/#primaryimage"},"image":{"@id":"https:\/\/jameskaiser.com\/es\/gran-canon\/camping-fondo\/#primaryimage"},"thumbnailUrl":"https:\/\/jameskaiser.com\/wp-content\/uploads\/2020\/02\/gran-canon-campamento-bright-angel.jpg","datePublished":"2020-02-16T21:19:37+00:00","dateModified":"2020-03-12T00:24:04+00:00","description":"Mi gu\u00eda para acampar en el fondo del Gran Ca\u00f1\u00f3n, inclu\u00eddo reservas, permisos, tips de senderismo, campamentos m\u00e1s populares, fotos y mucho m\u00e1s!","breadcrumb":{"@id":"https:\/\/jameskaiser.com\/es\/gran-canon\/camping-fondo\/#breadcrumb"},"inLanguage":"es","potentialAction":[{"@type":"ReadAction","target":["https:\/\/jameskaiser.com\/es\/gran-canon\/camping-fondo\/"]}]},{"@type":"ImageObject","inLanguage":"es","@id":"https:\/\/jameskaiser.com\/es\/gran-canon\/camping-fondo\/#primaryimage","url":"https:\/\/jameskaiser.com\/wp-content\/uploads\/2020\/02\/gran-canon-campamento-bright-angel.jpg","contentUrl":"https:\/\/jameskaiser.com\/wp-content\/uploads\/2020\/02\/gran-canon-campamento-bright-angel.jpg"},{"@type":"BreadcrumbList","@id":"https:\/\/jameskaiser.com\/es\/gran-canon\/camping-fondo\/#breadcrumb","itemListElement":[{"@type":"ListItem","position":1,"name":"Home","item":"https:\/\/jameskaiser.com\/es\/"},{"@type":"ListItem","position":2,"name":"Gran Ca\u00f1\u00f3n","item":"https:\/\/jameskaiser.com\/es\/gran-canon\/"},{"@type":"ListItem","position":3,"name":"Camping en el fondo"}]},{"@type":"WebSite","@id":"https:\/\/jameskaiser.com\/es\/#website","url":"https:\/\/jameskaiser.com\/es\/","name":"James Kaiser","description":"National Park Guides","publisher":{"@id":"https:\/\/jameskaiser.com\/es\/#\/schema\/person\/5981104745a0770ef7007991f80d4ca0"},"potentialAction":[{"@type":"SearchAction","target":{"@type":"EntryPoint","urlTemplate":"https:\/\/jameskaiser.com\/es\/?s={search_term_string}"},"query-input":{"@type":"PropertyValueSpecification","valueRequired":true,"valueName":"search_term_string"}}],"inLanguage":"es"},{"@type":["Person","Organization"],"@id":"https:\/\/jameskaiser.com\/es\/#\/schema\/person\/5981104745a0770ef7007991f80d4ca0","name":"James Kaiser","image":{"@type":"ImageObject","inLanguage":"es","@id":"https:\/\/secure.gravatar.com\/avatar\/9acc818dc334ece1637aed9a07c32b99dacc4c73e4cf79079b19ba425f2c2d0c?s=96&d=mm&r=g","url":"https:\/\/secure.gravatar.com\/avatar\/9acc818dc334ece1637aed9a07c32b99dacc4c73e4cf79079b19ba425f2c2d0c?s=96&d=mm&r=g","contentUrl":"https:\/\/secure.gravatar.com\/avatar\/9acc818dc334ece1637aed9a07c32b99dacc4c73e4cf79079b19ba425f2c2d0c?s=96&d=mm&r=g","caption":"James Kaiser"},"logo":{"@id":"https:\/\/secure.gravatar.com\/avatar\/9acc818dc334ece1637aed9a07c32b99dacc4c73e4cf79079b19ba425f2c2d0c?s=96&d=mm&r=g"},"description":"James Kaiser is an award-winning travel writer and photographer whose work has appeared on the cover of \"National Geographic.\" He has written bestselling guidebooks to Costa Rica, Grand Canyon, Yosemite, Acadia, Joshua Tree, and Zion National Park.","sameAs":["http:\/\/www.jameskaiser.com","https:\/\/www.facebook.com\/JamesKaiserTraveler","https:\/\/x.com\/JamesKaiser_"]}]}},"_links":{"self":[{"href":"https:\/\/jameskaiser.com\/es\/wp-json\/wp\/v2\/pages\/9845","targetHints":{"allow":["GET"]}}],"collection":[{"href":"https:\/\/jameskaiser.com\/es\/wp-json\/wp\/v2\/pages"}],"about":[{"href":"https:\/\/jameskaiser.com\/es\/wp-json\/wp\/v2\/types\/page"}],"author":[{"embeddable":true,"href":"https:\/\/jameskaiser.com\/es\/wp-json\/wp\/v2\/users\/3"}],"replies":[{"embeddable":true,"href":"https:\/\/jameskaiser.com\/es\/wp-json\/wp\/v2\/comments?post=9845"}],"version-history":[{"count":0,"href":"https:\/\/jameskaiser.com\/es\/wp-json\/wp\/v2\/pages\/9845\/revisions"}],"up":[{"embeddable":true,"href":"https:\/\/jameskaiser.com\/es\/wp-json\/wp\/v2\/pages\/9595"}],"wp:attachment":[{"href":"https:\/\/jameskaiser.com\/es\/wp-json\/wp\/v2\/media?parent=9845"}],"curies":[{"name":"wp","href":"https:\/\/api.w.org\/{rel}","templated":true}]}}