{"id":9733,"date":"2020-02-15T19:14:01","date_gmt":"2020-02-15T19:14:01","guid":{"rendered":"https:\/\/jameskaiser.com\/?page_id=9733"},"modified":"2020-03-12T00:18:50","modified_gmt":"2020-03-12T00:18:50","slug":"hoteles","status":"publish","type":"page","link":"https:\/\/jameskaiser.com\/es\/gran-canon\/hoteles\/","title":{"rendered":"Los Mejores Hoteles y Lodges en el Parque Nacional Gran Ca\u00f1\u00f3n"},"content":{"rendered":"\n<figure class=\"wp-block-image size-large\"><img loading=\"lazy\" decoding=\"async\" width=\"700\" height=\"840\" src=\"https:\/\/jameskaiser.com\/wp-content\/uploads\/2020\/01\/gran-can\u0303on-hoteles.jpg\" alt=\"Gran Ca\u00f1\u00f3n hoteles y alojamiento\" class=\"wp-image-10238\" srcset=\"https:\/\/jameskaiser.com\/wp-content\/uploads\/2020\/01\/gran-can\u0303on-hoteles.jpg 700w, https:\/\/jameskaiser.com\/wp-content\/uploads\/2020\/01\/gran-can\u0303on-hoteles-250x300.jpg 250w\" sizes=\"auto, (max-width: 700px) 100vw, 700px\" \/><\/figure>\n\n\n\n<p>Algunos de los mejores hoteles del Gran Ca\u00f1\u00f3n estan localizados en Grand Canyon Village&nbsp; en el Lado Sur (South Rim). El peque\u00f1o pueblo de Tusayan, localizado a unas pocas millas al sur de Grand Canyon Village, ofrece el hospedaje m\u00e1s cercano a las afueras del parque. Y a unas 59 millas al sur de Tusayan, los pueblos de Flagstaff y Williams ofrecen una amplia variedad de hospedajes.<\/p>\n\n\n\n<p>El remoto lado norte (North Rim) del Gran Ca\u00f1\u00f3n es hogar del elegante Grand Canyon Lodge, localizado justo sobre el bordel Ca\u00f1\u00f3n. Tambi\u00e9n hay unas cuantas opciones de hospedaje en los pueblitos afuera del Lado Norte.<\/p>\n\n\n\n<h2 class=\"wp-block-heading\">Los Mejores Hoteles en el Parque Nacional Gran Ca\u00f1\u00f3n<\/h2>\n\n\n\n<hr class=\"wp-block-separator\"\/>\n\n\n\n<div class=\"wp-block-columns is-layout-flex wp-container-core-columns-is-layout-28f84493 wp-block-columns-is-layout-flex\">\n<div class=\"wp-block-column is-layout-flow wp-block-column-is-layout-flow\">\n<figure class=\"wp-block-image size-large\"><img decoding=\"async\" src=\"https:\/\/jameskaiser.com\/wp-content\/uploads\/2014\/12\/grand-canyon-south-rim-hotels-nav.jpg\" alt=\"\"\/><\/figure>\n<\/div>\n\n\n\n<div class=\"wp-block-column is-layout-flow wp-block-column-is-layout-flow\">\n<h2 class=\"wp-block-heading\"><a href=\"https:\/\/jameskaiser.com\/es\/gran-canon\/hoteles\/borde-sur\/\">Hoteles en el&nbsp; Lado Sur (South Rim) del Gran Ca\u00f1\u00f3n<\/a><\/h2>\n\n\n\n<p>Hay seis hoteles en el Lado Sur del Gran Ca\u00f1\u00f3n, incluyendo cuatro que est\u00e1n sobre el borde. El \u00fanico problema es la disponibilidad de habitaciones en la temporada alta<\/p>\n<\/div>\n<\/div>\n\n\n\n<hr class=\"wp-block-separator\"\/>\n\n\n\n<div class=\"wp-block-columns is-layout-flex wp-container-core-columns-is-layout-28f84493 wp-block-columns-is-layout-flex\">\n<div class=\"wp-block-column is-layout-flow wp-block-column-is-layout-flow\">\n<figure class=\"wp-block-image size-large\"><img decoding=\"async\" src=\"https:\/\/jameskaiser.com\/wp-content\/uploads\/2014\/12\/grand-canyon-north-rim-hotels-nav.jpg\" alt=\"\"\/><\/figure>\n<\/div>\n\n\n\n<div class=\"wp-block-column is-layout-flow wp-block-column-is-layout-flow\">\n<h2 class=\"wp-block-heading\"><a href=\"https:\/\/jameskaiser.com\/es\/gran-canon\/hoteles\/borde-norte\/\">Hoteles en el Lado Norte (North Rim) del Gran Ca\u00f1\u00f3n<\/a><\/h2>\n\n\n\n<p>Hay un hotel espectacular en el Lado Norte del Gran Ca\u00f1\u00f3n y varios hospedajes r\u00fasticos a las afueras del parque.<\/p>\n<\/div>\n<\/div>\n\n\n\n<hr class=\"wp-block-separator\"\/>\n\n\n\n<h2 class=\"wp-block-heading\">Los Mejores Hoteles Cerca al Parque Nacional Gran Ca\u00f1\u00f3n<\/h2>\n\n\n\n<div class=\"wp-block-columns is-layout-flex wp-container-core-columns-is-layout-28f84493 wp-block-columns-is-layout-flex\">\n<div class=\"wp-block-column is-layout-flow wp-block-column-is-layout-flow\">\n<figure class=\"wp-block-image size-large\"><img decoding=\"async\" src=\"https:\/\/jameskaiser.com\/wp-content\/uploads\/2014\/12\/tusayan-hotels-lodging-nav.jpg\" alt=\"\"\/><\/figure>\n<\/div>\n\n\n\n<div class=\"wp-block-column is-layout-flow wp-block-column-is-layout-flow\">\n<h2 class=\"wp-block-heading\"><a href=\"https:\/\/jameskaiser.com\/es\/gran-canon\/hoteles\/tusayan\/\">Hoteles en Tusayan<\/a><\/h2>\n\n\n\n<p>Tusayan,&nbsp; el pueblo m\u00e1s cercano al Lado Sur (South Rim), es hogar de unas cuantos hotels.<\/p>\n<\/div>\n<\/div>\n\n\n\n<hr class=\"wp-block-separator\"\/>\n\n\n\n<hr class=\"wp-block-separator\"\/>\n\n\n\n<div class=\"wp-block-columns is-layout-flex wp-container-core-columns-is-layout-28f84493 wp-block-columns-is-layout-flex\">\n<div class=\"wp-block-column is-layout-flow wp-block-column-is-layout-flow\">\n<figure class=\"wp-block-image size-large\"><img decoding=\"async\" src=\"http:\/\/jameskaiser.com\/wp-content\/uploads\/2014\/12\/williams-hotels-nav.jpg\" alt=\"\"\/><\/figure>\n<\/div>\n\n\n\n<div class=\"wp-block-column is-layout-flow wp-block-column-is-layout-flow\">\n<h2 class=\"wp-block-heading\"><a href=\"https:\/\/jameskaiser.com\/es\/gran-canon\/hoteles\/williams\/\">Hoteles en Williams<\/a><\/h2>\n\n\n\n<p>Ubicado a unas 60 millas al sur del South Rim del Gran Ca\u00f1\u00f3n, Williams es famoso por su herencia de la Ruta 66.<\/p>\n<\/div>\n<\/div>\n\n\n\n<hr class=\"wp-block-separator\"\/>\n\n\n\n<div class=\"wp-block-columns is-layout-flex wp-container-core-columns-is-layout-28f84493 wp-block-columns-is-layout-flex\">\n<div class=\"wp-block-column is-layout-flow wp-block-column-is-layout-flow\">\n<figure class=\"wp-block-image size-large\"><img decoding=\"async\" src=\"https:\/\/jameskaiser.com\/wp-content\/uploads\/2014\/12\/flagstaff-hotels-nav.jpg\" alt=\"\"\/><\/figure>\n<\/div>\n\n\n\n<div class=\"wp-block-column is-layout-flow wp-block-column-is-layout-flow\">\n<h2 class=\"wp-block-heading\"><a href=\"https:\/\/jameskaiser.com\/es\/gran-canon\/hoteles\/flagstaff\/\">Hoteles en Flagstaff<\/a><\/h2>\n\n\n\n<p>Ubicado a unas 70&nbsp; millas al sur del South Rim del Gran Ca\u00f1\u00f3n, Flagstaff (poblaci\u00f3n 70,000) es el pueblo m\u00e1s grande cerca al parque.<\/p>\n<\/div>\n<\/div>\n\n\n\n<hr class=\"wp-block-separator\"\/>\n\n\n\n<div class=\"wp-block-columns is-layout-flex wp-container-core-columns-is-layout-28f84493 wp-block-columns-is-layout-flex\">\n<div class=\"wp-block-column is-layout-flow wp-block-column-is-layout-flow\">\n<figure class=\"wp-block-image size-large\"><img decoding=\"async\" src=\"https:\/\/jameskaiser.com\/wp-content\/uploads\/2014\/12\/havasu-canyon-hotels-nav.jpg\" alt=\"\"\/><\/figure>\n<\/div>\n\n\n\n<div class=\"wp-block-column is-layout-flow wp-block-column-is-layout-flow\">\n<h2 class=\"wp-block-heading\"><a href=\"https:\/\/jameskaiser.com\/es\/gran-canon\/hoteles\/havasu\/\">Hoteles en el Ca\u00f1\u00f3n Havasu<\/a><\/h2>\n\n\n\n<p>Este ca\u00f1\u00f3n remoto, es famoso por sus maravillosas cascadas azules, y aunque hace parte del Gran Ca\u00f1\u00f3n, pertenece a la Tribu Havasupai.<\/p>\n<\/div>\n<\/div>\n","protected":false},"excerpt":{"rendered":"<p>Algunos de los mejores hoteles del Gran Ca\u00f1\u00f3n estan localizados en Grand Canyon Village&nbsp; en el Lado Sur (South Rim). El peque\u00f1o pueblo de Tusayan, localizado a unas pocas millas al sur de Grand Canyon Village, ofrece el hospedaje m\u00e1s cercano a las afueras del parque. Y a unas 59 millas al sur de Tusayan, [&hellip;]<\/p>\n","protected":false},"author":3,"featured_media":0,"parent":9595,"menu_order":0,"comment_status":"closed","ping_status":"closed","template":"","meta":{"footnotes":""},"class_list":["post-9733","page","type-page","status-publish","hentry"],"yoast_head":"<!-- This site is optimized with the Yoast SEO Premium plugin v27.0 (Yoast SEO v27.4) - https:\/\/yoast.com\/product\/yoast-seo-premium-wordpress\/ -->\n<title>Los Mejores Hoteles en el Gran Ca\u00f1\u00f3n \u2022 James Kaiser<\/title>\n<meta name=\"description\" content=\"Mi gu\u00eda con las mejores opciones de alojamiento en el Gran Ca\u00f1\u00f3n. Lodges hist\u00f3ricos, lujosos B&amp;Bs, y hoteles econ\u00f3micos. Encuentra el lugar perfecto para hospedarte. FOTOS!\" \/>\n<meta name=\"robots\" content=\"index, follow, max-snippet:-1, max-image-preview:large, max-video-preview:-1\" \/>\n<link rel=\"canonical\" href=\"https:\/\/jameskaiser.com\/es\/gran-canon\/hoteles\/\" \/>\n<meta property=\"og:locale\" content=\"es_ES\" \/>\n<meta property=\"og:type\" content=\"article\" \/>\n<meta property=\"og:title\" content=\"Los Mejores Hoteles y Lodges en el Parque Nacional Gran Ca\u00f1\u00f3n\" \/>\n<meta property=\"og:description\" content=\"Mi gu\u00eda con las mejores opciones de alojamiento en el Gran Ca\u00f1\u00f3n. Lodges hist\u00f3ricos, lujosos B&amp;Bs, y hoteles econ\u00f3micos. Encuentra el lugar perfecto para hospedarte. FOTOS!\" \/>\n<meta property=\"og:url\" content=\"https:\/\/jameskaiser.com\/es\/gran-canon\/hoteles\/\" \/>\n<meta property=\"og:site_name\" content=\"James Kaiser\" \/>\n<meta property=\"article:publisher\" content=\"https:\/\/www.facebook.com\/JamesKaiserTraveler\" \/>\n<meta property=\"article:modified_time\" content=\"2020-03-12T00:18:50+00:00\" \/>\n<meta property=\"og:image\" content=\"https:\/\/jameskaiser.com\/wp-content\/uploads\/2020\/01\/gran-can\u0303on-hoteles.jpg\" \/>\n<meta name=\"twitter:card\" content=\"summary_large_image\" \/>\n<meta name=\"twitter:site\" content=\"@JamesKaiser_\" \/>\n<meta name=\"twitter:label1\" content=\"Tiempo de lectura\" \/>\n\t<meta name=\"twitter:data1\" content=\"2 minutos\" \/>\n<script type=\"application\/ld+json\" class=\"yoast-schema-graph\">{\"@context\":\"https:\\\/\\\/schema.org\",\"@graph\":[{\"@type\":\"WebPage\",\"@id\":\"https:\\\/\\\/jameskaiser.com\\\/es\\\/gran-canon\\\/hoteles\\\/\",\"url\":\"https:\\\/\\\/jameskaiser.com\\\/es\\\/gran-canon\\\/hoteles\\\/\",\"name\":\"Los Mejores Hoteles en el Gran Ca\u00f1\u00f3n \u2022 James Kaiser\",\"isPartOf\":{\"@id\":\"https:\\\/\\\/jameskaiser.com\\\/es\\\/#website\"},\"primaryImageOfPage\":{\"@id\":\"https:\\\/\\\/jameskaiser.com\\\/es\\\/gran-canon\\\/hoteles\\\/#primaryimage\"},\"image\":{\"@id\":\"https:\\\/\\\/jameskaiser.com\\\/es\\\/gran-canon\\\/hoteles\\\/#primaryimage\"},\"thumbnailUrl\":\"https:\\\/\\\/jameskaiser.com\\\/wp-content\\\/uploads\\\/2014\\\/12\\\/grand-canyon-south-rim-hotels-nav.jpg\",\"datePublished\":\"2020-02-15T19:14:01+00:00\",\"dateModified\":\"2020-03-12T00:18:50+00:00\",\"description\":\"Mi gu\u00eda con las mejores opciones de alojamiento en el Gran Ca\u00f1\u00f3n. Lodges hist\u00f3ricos, lujosos B&Bs, y hoteles econ\u00f3micos. Encuentra el lugar perfecto para hospedarte. FOTOS!\",\"breadcrumb\":{\"@id\":\"https:\\\/\\\/jameskaiser.com\\\/es\\\/gran-canon\\\/hoteles\\\/#breadcrumb\"},\"inLanguage\":\"es\",\"potentialAction\":[{\"@type\":\"ReadAction\",\"target\":[\"https:\\\/\\\/jameskaiser.com\\\/es\\\/gran-canon\\\/hoteles\\\/\"]}]},{\"@type\":\"ImageObject\",\"inLanguage\":\"es\",\"@id\":\"https:\\\/\\\/jameskaiser.com\\\/es\\\/gran-canon\\\/hoteles\\\/#primaryimage\",\"url\":\"https:\\\/\\\/jameskaiser.com\\\/wp-content\\\/uploads\\\/2014\\\/12\\\/grand-canyon-south-rim-hotels-nav.jpg\",\"contentUrl\":\"https:\\\/\\\/jameskaiser.com\\\/wp-content\\\/uploads\\\/2014\\\/12\\\/grand-canyon-south-rim-hotels-nav.jpg\"},{\"@type\":\"BreadcrumbList\",\"@id\":\"https:\\\/\\\/jameskaiser.com\\\/es\\\/gran-canon\\\/hoteles\\\/#breadcrumb\",\"itemListElement\":[{\"@type\":\"ListItem\",\"position\":1,\"name\":\"Home\",\"item\":\"https:\\\/\\\/jameskaiser.com\\\/es\\\/\"},{\"@type\":\"ListItem\",\"position\":2,\"name\":\"Gran Ca\u00f1\u00f3n\",\"item\":\"https:\\\/\\\/jameskaiser.com\\\/es\\\/gran-canon\\\/\"},{\"@type\":\"ListItem\",\"position\":3,\"name\":\"Hoteles\"}]},{\"@type\":\"WebSite\",\"@id\":\"https:\\\/\\\/jameskaiser.com\\\/es\\\/#website\",\"url\":\"https:\\\/\\\/jameskaiser.com\\\/es\\\/\",\"name\":\"James Kaiser\",\"description\":\"National Park Guides\",\"publisher\":{\"@id\":\"https:\\\/\\\/jameskaiser.com\\\/es\\\/#\\\/schema\\\/person\\\/5981104745a0770ef7007991f80d4ca0\"},\"potentialAction\":[{\"@type\":\"SearchAction\",\"target\":{\"@type\":\"EntryPoint\",\"urlTemplate\":\"https:\\\/\\\/jameskaiser.com\\\/es\\\/?s={search_term_string}\"},\"query-input\":{\"@type\":\"PropertyValueSpecification\",\"valueRequired\":true,\"valueName\":\"search_term_string\"}}],\"inLanguage\":\"es\"},{\"@type\":[\"Person\",\"Organization\"],\"@id\":\"https:\\\/\\\/jameskaiser.com\\\/es\\\/#\\\/schema\\\/person\\\/5981104745a0770ef7007991f80d4ca0\",\"name\":\"James Kaiser\",\"image\":{\"@type\":\"ImageObject\",\"inLanguage\":\"es\",\"@id\":\"https:\\\/\\\/secure.gravatar.com\\\/avatar\\\/9acc818dc334ece1637aed9a07c32b99dacc4c73e4cf79079b19ba425f2c2d0c?s=96&d=mm&r=g\",\"url\":\"https:\\\/\\\/secure.gravatar.com\\\/avatar\\\/9acc818dc334ece1637aed9a07c32b99dacc4c73e4cf79079b19ba425f2c2d0c?s=96&d=mm&r=g\",\"contentUrl\":\"https:\\\/\\\/secure.gravatar.com\\\/avatar\\\/9acc818dc334ece1637aed9a07c32b99dacc4c73e4cf79079b19ba425f2c2d0c?s=96&d=mm&r=g\",\"caption\":\"James Kaiser\"},\"logo\":{\"@id\":\"https:\\\/\\\/secure.gravatar.com\\\/avatar\\\/9acc818dc334ece1637aed9a07c32b99dacc4c73e4cf79079b19ba425f2c2d0c?s=96&d=mm&r=g\"},\"description\":\"James Kaiser is an award-winning travel writer and photographer whose work has appeared on the cover of \\\"National Geographic.\\\" He has written bestselling guidebooks to Costa Rica, Grand Canyon, Yosemite, Acadia, Joshua Tree, and Zion National Park.\",\"sameAs\":[\"http:\\\/\\\/www.jameskaiser.com\",\"https:\\\/\\\/www.facebook.com\\\/JamesKaiserTraveler\",\"https:\\\/\\\/x.com\\\/JamesKaiser_\"]}]}<\/script>\n<!-- \/ Yoast SEO Premium plugin. -->","yoast_head_json":{"title":"Los Mejores Hoteles en el Gran Ca\u00f1\u00f3n \u2022 James Kaiser","description":"Mi gu\u00eda con las mejores opciones de alojamiento en el Gran Ca\u00f1\u00f3n. Lodges hist\u00f3ricos, lujosos B&Bs, y hoteles econ\u00f3micos. Encuentra el lugar perfecto para hospedarte. FOTOS!","robots":{"index":"index","follow":"follow","max-snippet":"max-snippet:-1","max-image-preview":"max-image-preview:large","max-video-preview":"max-video-preview:-1"},"canonical":"https:\/\/jameskaiser.com\/es\/gran-canon\/hoteles\/","og_locale":"es_ES","og_type":"article","og_title":"Los Mejores Hoteles y Lodges en el Parque Nacional Gran Ca\u00f1\u00f3n","og_description":"Mi gu\u00eda con las mejores opciones de alojamiento en el Gran Ca\u00f1\u00f3n. Lodges hist\u00f3ricos, lujosos B&Bs, y hoteles econ\u00f3micos. Encuentra el lugar perfecto para hospedarte. FOTOS!","og_url":"https:\/\/jameskaiser.com\/es\/gran-canon\/hoteles\/","og_site_name":"James Kaiser","article_publisher":"https:\/\/www.facebook.com\/JamesKaiserTraveler","article_modified_time":"2020-03-12T00:18:50+00:00","og_image":[{"url":"https:\/\/jameskaiser.com\/wp-content\/uploads\/2020\/01\/gran-can\u0303on-hoteles.jpg","type":"","width":"","height":""}],"twitter_card":"summary_large_image","twitter_site":"@JamesKaiser_","twitter_misc":{"Tiempo de lectura":"2 minutos"},"schema":{"@context":"https:\/\/schema.org","@graph":[{"@type":"WebPage","@id":"https:\/\/jameskaiser.com\/es\/gran-canon\/hoteles\/","url":"https:\/\/jameskaiser.com\/es\/gran-canon\/hoteles\/","name":"Los Mejores Hoteles en el Gran Ca\u00f1\u00f3n \u2022 James Kaiser","isPartOf":{"@id":"https:\/\/jameskaiser.com\/es\/#website"},"primaryImageOfPage":{"@id":"https:\/\/jameskaiser.com\/es\/gran-canon\/hoteles\/#primaryimage"},"image":{"@id":"https:\/\/jameskaiser.com\/es\/gran-canon\/hoteles\/#primaryimage"},"thumbnailUrl":"https:\/\/jameskaiser.com\/wp-content\/uploads\/2014\/12\/grand-canyon-south-rim-hotels-nav.jpg","datePublished":"2020-02-15T19:14:01+00:00","dateModified":"2020-03-12T00:18:50+00:00","description":"Mi gu\u00eda con las mejores opciones de alojamiento en el Gran Ca\u00f1\u00f3n. Lodges hist\u00f3ricos, lujosos B&Bs, y hoteles econ\u00f3micos. Encuentra el lugar perfecto para hospedarte. FOTOS!","breadcrumb":{"@id":"https:\/\/jameskaiser.com\/es\/gran-canon\/hoteles\/#breadcrumb"},"inLanguage":"es","potentialAction":[{"@type":"ReadAction","target":["https:\/\/jameskaiser.com\/es\/gran-canon\/hoteles\/"]}]},{"@type":"ImageObject","inLanguage":"es","@id":"https:\/\/jameskaiser.com\/es\/gran-canon\/hoteles\/#primaryimage","url":"https:\/\/jameskaiser.com\/wp-content\/uploads\/2014\/12\/grand-canyon-south-rim-hotels-nav.jpg","contentUrl":"https:\/\/jameskaiser.com\/wp-content\/uploads\/2014\/12\/grand-canyon-south-rim-hotels-nav.jpg"},{"@type":"BreadcrumbList","@id":"https:\/\/jameskaiser.com\/es\/gran-canon\/hoteles\/#breadcrumb","itemListElement":[{"@type":"ListItem","position":1,"name":"Home","item":"https:\/\/jameskaiser.com\/es\/"},{"@type":"ListItem","position":2,"name":"Gran Ca\u00f1\u00f3n","item":"https:\/\/jameskaiser.com\/es\/gran-canon\/"},{"@type":"ListItem","position":3,"name":"Hoteles"}]},{"@type":"WebSite","@id":"https:\/\/jameskaiser.com\/es\/#website","url":"https:\/\/jameskaiser.com\/es\/","name":"James Kaiser","description":"National Park Guides","publisher":{"@id":"https:\/\/jameskaiser.com\/es\/#\/schema\/person\/5981104745a0770ef7007991f80d4ca0"},"potentialAction":[{"@type":"SearchAction","target":{"@type":"EntryPoint","urlTemplate":"https:\/\/jameskaiser.com\/es\/?s={search_term_string}"},"query-input":{"@type":"PropertyValueSpecification","valueRequired":true,"valueName":"search_term_string"}}],"inLanguage":"es"},{"@type":["Person","Organization"],"@id":"https:\/\/jameskaiser.com\/es\/#\/schema\/person\/5981104745a0770ef7007991f80d4ca0","name":"James Kaiser","image":{"@type":"ImageObject","inLanguage":"es","@id":"https:\/\/secure.gravatar.com\/avatar\/9acc818dc334ece1637aed9a07c32b99dacc4c73e4cf79079b19ba425f2c2d0c?s=96&d=mm&r=g","url":"https:\/\/secure.gravatar.com\/avatar\/9acc818dc334ece1637aed9a07c32b99dacc4c73e4cf79079b19ba425f2c2d0c?s=96&d=mm&r=g","contentUrl":"https:\/\/secure.gravatar.com\/avatar\/9acc818dc334ece1637aed9a07c32b99dacc4c73e4cf79079b19ba425f2c2d0c?s=96&d=mm&r=g","caption":"James Kaiser"},"logo":{"@id":"https:\/\/secure.gravatar.com\/avatar\/9acc818dc334ece1637aed9a07c32b99dacc4c73e4cf79079b19ba425f2c2d0c?s=96&d=mm&r=g"},"description":"James Kaiser is an award-winning travel writer and photographer whose work has appeared on the cover of \"National Geographic.\" He has written bestselling guidebooks to Costa Rica, Grand Canyon, Yosemite, Acadia, Joshua Tree, and Zion National Park.","sameAs":["http:\/\/www.jameskaiser.com","https:\/\/www.facebook.com\/JamesKaiserTraveler","https:\/\/x.com\/JamesKaiser_"]}]}},"_links":{"self":[{"href":"https:\/\/jameskaiser.com\/es\/wp-json\/wp\/v2\/pages\/9733","targetHints":{"allow":["GET"]}}],"collection":[{"href":"https:\/\/jameskaiser.com\/es\/wp-json\/wp\/v2\/pages"}],"about":[{"href":"https:\/\/jameskaiser.com\/es\/wp-json\/wp\/v2\/types\/page"}],"author":[{"embeddable":true,"href":"https:\/\/jameskaiser.com\/es\/wp-json\/wp\/v2\/users\/3"}],"replies":[{"embeddable":true,"href":"https:\/\/jameskaiser.com\/es\/wp-json\/wp\/v2\/comments?post=9733"}],"version-history":[{"count":0,"href":"https:\/\/jameskaiser.com\/es\/wp-json\/wp\/v2\/pages\/9733\/revisions"}],"up":[{"embeddable":true,"href":"https:\/\/jameskaiser.com\/es\/wp-json\/wp\/v2\/pages\/9595"}],"wp:attachment":[{"href":"https:\/\/jameskaiser.com\/es\/wp-json\/wp\/v2\/media?parent=9733"}],"curies":[{"name":"wp","href":"https:\/\/api.w.org\/{rel}","templated":true}]}}