{"id":9727,"date":"2020-02-15T19:12:40","date_gmt":"2020-02-15T19:12:40","guid":{"rendered":"https:\/\/jameskaiser.com\/?page_id=9727"},"modified":"2020-03-12T00:12:32","modified_gmt":"2020-03-12T00:12:32","slug":"que-hacer","status":"publish","type":"page","link":"https:\/\/jameskaiser.com\/es\/gran-canon\/que-hacer\/","title":{"rendered":"Los Mejores Aventuras para Hacer en el Gran Ca\u00f1\u00f3n"},"content":{"rendered":"\n<figure class=\"wp-block-image size-large\"><img loading=\"lazy\" decoding=\"async\" width=\"700\" height=\"840\" src=\"https:\/\/jameskaiser.com\/wp-content\/uploads\/2020\/02\/mejores-aventuras-gran-can\u0303on.jpg\" alt=\"Gran Ca\u00f1\u00f3n, qu\u00e9 hacer, las mejores aventuras en el Gran Ca\u00f1\u00f3n\" class=\"wp-image-10312\"\/><\/figure>\n\n\n\n<p>Cuales son las mejores cosas que se pueden hacer en el Gran Ca\u00f1\u00f3n?<\/p>\n\n\n\n<p>Las personas casi siempre se hacen esta pregunta cuando visitan el Parque por primera vez. Despu\u00e9s de un largo camino conduciendo por Arizona, ellos se dirigen a un mirador espectacular, disfrutan de la vista&#8230; y despu\u00e9s se preguntan qu\u00e9 m\u00e1s hacer!<\/p>\n\n\n\n<p>Es por esta raz\u00f3n que escrib\u00ed el libro <a href=\"http:\/\/jameskaiser.com\/grand-canyon-guide\/grand-canyon-complete-guide\/\"><em>Grand Canyon: The Complete Guide<\/em><\/a>. El Gran Ca\u00f1\u00f3n tiene algunas de las mejores experiencias y actividades al aire libre en Estados Unidos. Puedes caminar a cascadas espectaculares, hacer rafting por el R\u00edo Colorado, o dar un paseo en mula al fondo del Gran Ca\u00f1\u00f3n Desafortunadamente, mucha gente piensa que el Gran Ca\u00f1\u00f3n es solo una vista bonita. Ellos pasan por aqu\u00ed como parte de su viaje a Las Vegas, ven la vista desde el borde, y all\u00ed termina su visita. Que pesar! Uno de los lugares m\u00e1s incre\u00edbles en la tierra \u2014 un ca\u00f1\u00f3n incre\u00edble lleno con grandes cosas para hacer \u2014 y se lo perdieron.<\/p>\n\n\n\n<p>El Gran Ca\u00f1\u00f3n es un para\u00edso al aire libre. La oferta de actividades y aventuras es impresionante. Pero necesitas planificar con anticipaci\u00f3n para hacer de esta una experiencia inolvidable. En esta p\u00e1gina te mostrar\u00e9 algunos de los mejores planes para hacer en el Gran Ca\u00f1\u00f3n, y te ayudar\u00e9 a maximizar tu tiempo para que tengas unas vacaciones inolvidables.<\/p>\n\n\n\n<div class=\"wp-block-group\"><div class=\"wp-block-group__inner-container is-layout-flow wp-block-group-is-layout-flow\">\n<hr class=\"wp-block-separator\"\/>\n\n\n\n<div style=\"height:35px\" aria-hidden=\"true\" class=\"wp-block-spacer\"><\/div>\n\n\n\n<h4 class=\"has-text-align-center wp-block-heading\">Tours en Helic\u00f3ptero &#8211; Atardecer M\u00e1gico en el Gran Ca\u00f1\u00f3n!<\/h4>\n\n\n\n<div class=\"wp-block-image\"><figure class=\"aligncenter\"><a href=\"https:\/\/www.maverickhelicopter.com\/al.aspx?id=192876&amp;b=44\" target=\"_blank\" rel=\"noopener noreferrer\"><img decoding=\"async\" src=\"https:\/\/www.maverickhelicopter.com\/Affiliate\/advertisments\/mav-sunset-728x90_04.jpg\" alt=\"Grand Canyon Sunset Flights with Maverick Helicopters - Click Her\"\/><\/a><\/figure><\/div>\n\n\n\n<div style=\"height:35px\" aria-hidden=\"true\" class=\"wp-block-spacer\"><\/div>\n\n\n\n<hr class=\"wp-block-separator\"\/>\n<\/div><\/div>\n\n\n\n<h2 class=\"wp-block-heading\">Los Mejores Planes en el Gran Ca\u00f1\u00f3n<\/h2>\n\n\n\n<hr>\n<div class=\"one-half first\">\n<a href=\"https:\/\/jameskaiser.com\/es\/gran-canon\/que-hacer\/caminatas\/\"><img loading=\"lazy\" decoding=\"async\" width=\"350\" height=\"219\" class=\"alignleft size-full wp-image-7262\" src=\"http:\/\/jameskaiser.com\/wp-content\/uploads\/2016\/03\/grand-canyon-national-park-hiking.jpg\" alt=\"Grand Canyon National Park HIking\" srcset=\"https:\/\/jameskaiser.com\/wp-content\/uploads\/2016\/03\/grand-canyon-national-park-hiking.jpg 350w, https:\/\/jameskaiser.com\/wp-content\/uploads\/2016\/03\/grand-canyon-national-park-hiking-300x188.jpg 300w\" sizes=\"auto, (max-width: 350px) 100vw, 350px\" \/><\/a>\n<\/div>\n<div class=\"one-half\">\n<h2><a href=\"https:\/\/jameskaiser.com\/es\/gran-canon\/que-hacer\/caminatas\/\">Las Mejores Caminatas en el Gran Ca\u00f1\u00f3n<\/a><\/h2>\n<\/div>\n<hr>\n<div class=\"one-half first\">\n<a href=\"https:\/\/jameskaiser.com\/grand-canyon-guide\/best-things-to-do\/river-rafting\/\"><img loading=\"lazy\" decoding=\"async\" width=\"350\" height=\"219\" class=\"alignleft size-full wp-image-7264\" src=\"http:\/\/jameskaiser.com\/wp-content\/uploads\/2016\/03\/grand-canyon-rafting-colorado.jpg\" alt=\"Grand Canyon rafting the Colorado River\" srcset=\"https:\/\/jameskaiser.com\/wp-content\/uploads\/2016\/03\/grand-canyon-rafting-colorado.jpg 350w, https:\/\/jameskaiser.com\/wp-content\/uploads\/2016\/03\/grand-canyon-rafting-colorado-300x188.jpg 300w\" sizes=\"auto, (max-width: 350px) 100vw, 350px\" \/><\/a>\n<\/div>\n<div class=\"one-half\">\n<h2><a href=\"http:\/\/jameskaiser.com\/grand-canyon-guide\/best-things-to-do\/river-rafting\/\">Rafting en el R\u00edo Colorado<\/a><\/h2>\n<\/div>\n<hr>\n<div class=\"one-half first\">\n<a href=\"http:\/\/jameskaiser.com\/grand-canyon-guide\/best-things-to-do\/mule-rides\/\"><img loading=\"lazy\" decoding=\"async\" width=\"350\" height=\"219\" class=\"alignleft size-full wp-image-6398\" src=\"http:\/\/jameskaiser.com\/wp-content\/uploads\/2016\/01\/grand-canyon-overview.jpg\" alt=\"Grand Canyon Overview\" srcset=\"https:\/\/jameskaiser.com\/wp-content\/uploads\/2016\/01\/grand-canyon-overview.jpg 350w, https:\/\/jameskaiser.com\/wp-content\/uploads\/2016\/01\/grand-canyon-overview-300x188.jpg 300w\" sizes=\"auto, (max-width: 350px) 100vw, 350px\" \/><\/a>\n<\/div>\n<div class=\"one-half\">\n<h2><a href=\"http:\/\/jameskaiser.com\/grand-canyon-guide\/best-things-to-do\/mule-rides\/\">Paseos en mula por el Gran Ca\u00f1\u00f3n<\/a><\/h2>\n<\/div>\n<hr>\n\n\n\n<div class=\"wp-block-group\"><div class=\"wp-block-group__inner-container is-layout-flow wp-block-group-is-layout-flow\">\n<div class=\"wp-block-group\"><div class=\"wp-block-group__inner-container is-layout-flow wp-block-group-is-layout-flow\">\n<hr class=\"wp-block-separator\"\/>\n\n\n\n<div style=\"height:35px\" aria-hidden=\"true\" class=\"wp-block-spacer\"><\/div>\n\n\n\n<h4 class=\"has-text-align-center wp-block-heading\">Quieres explorar el Gran Ca\u00f1\u00f3n con un experto? Qu\u00e9 tal hacerlo en un exclusivo tour en un Jeep Rosado!!!<\/h4>\n\n\n\n<p class=\"has-text-align-center\"><a rel=\"noopener noreferrer\" href=\"https:\/\/www.dpbolvw.net\/click-6762299-12780426\" target=\"_blank\"> <img loading=\"lazy\" decoding=\"async\" width=\"468\" height=\"60\" border=\"0\" src=\"https:\/\/www.tqlkg.com\/image-6762299-12780426\" alt=\"\"><\/a><\/p>\n\n\n\n<div style=\"height:35px\" aria-hidden=\"true\" class=\"wp-block-spacer\"><\/div>\n\n\n\n<hr class=\"wp-block-separator\"\/>\n<\/div><\/div>\n<\/div><\/div>\n","protected":false},"excerpt":{"rendered":"<p>Cuales son las mejores cosas que se pueden hacer en el Gran Ca\u00f1\u00f3n? Las personas casi siempre se hacen esta pregunta cuando visitan el Parque por primera vez. Despu\u00e9s de un largo camino conduciendo por Arizona, ellos se dirigen a un mirador espectacular, disfrutan de la vista&#8230; y despu\u00e9s se preguntan qu\u00e9 m\u00e1s hacer! Es [&hellip;]<\/p>\n","protected":false},"author":3,"featured_media":0,"parent":9595,"menu_order":0,"comment_status":"closed","ping_status":"closed","template":"","meta":{"footnotes":""},"class_list":["post-9727","page","type-page","status-publish","hentry"],"yoast_head":"<!-- This site is optimized with the Yoast SEO Premium plugin v27.4 (Yoast SEO v27.5) - https:\/\/yoast.com\/product\/yoast-seo-premium-wordpress\/ -->\n<title>Qu\u00e9 hacer en el Gran Ca\u00f1\u00f3n (FOTOS!) \u2022\u00a0James Kaiser<\/title>\n<meta name=\"description\" content=\"Mi gu\u00eda con las mejores aventuras en el Gran Ca\u00f1\u00f3n. Caminatas, paseos en bicileta, rafting, paseos en mula y mucho m\u00e1s. Planea el viaje perfecto!.\" \/>\n<meta name=\"robots\" content=\"index, follow, max-snippet:-1, max-image-preview:large, max-video-preview:-1\" \/>\n<link rel=\"canonical\" href=\"https:\/\/jameskaiser.com\/es\/gran-canon\/que-hacer\/\" \/>\n<meta property=\"og:locale\" content=\"es_ES\" \/>\n<meta property=\"og:type\" content=\"article\" \/>\n<meta property=\"og:title\" content=\"Los Mejores Aventuras para Hacer en el Gran Ca\u00f1\u00f3n\" \/>\n<meta property=\"og:description\" content=\"Mi gu\u00eda con las mejores aventuras en el Gran Ca\u00f1\u00f3n. Caminatas, paseos en bicileta, rafting, paseos en mula y mucho m\u00e1s. Planea el viaje perfecto!.\" \/>\n<meta property=\"og:url\" content=\"https:\/\/jameskaiser.com\/es\/gran-canon\/que-hacer\/\" \/>\n<meta property=\"og:site_name\" content=\"James Kaiser\" \/>\n<meta property=\"article:publisher\" content=\"https:\/\/www.facebook.com\/JamesKaiserTraveler\" \/>\n<meta property=\"article:modified_time\" content=\"2020-03-12T00:12:32+00:00\" \/>\n<meta property=\"og:image\" content=\"https:\/\/jameskaiser.com\/wp-content\/uploads\/2020\/02\/mejores-aventuras-gran-can\u0303on.jpg\" \/>\n<meta name=\"twitter:card\" content=\"summary_large_image\" \/>\n<meta name=\"twitter:site\" content=\"@JamesKaiser_\" \/>\n<meta name=\"twitter:label1\" content=\"Tiempo de lectura\" \/>\n\t<meta name=\"twitter:data1\" content=\"1 minuto\" \/>\n<script type=\"application\/ld+json\" class=\"yoast-schema-graph\">{\"@context\":\"https:\\\/\\\/schema.org\",\"@graph\":[{\"@type\":\"WebPage\",\"@id\":\"https:\\\/\\\/jameskaiser.com\\\/es\\\/gran-canon\\\/que-hacer\\\/\",\"url\":\"https:\\\/\\\/jameskaiser.com\\\/es\\\/gran-canon\\\/que-hacer\\\/\",\"name\":\"Qu\u00e9 hacer en el Gran Ca\u00f1\u00f3n (FOTOS!) \u2022\u00a0James Kaiser\",\"isPartOf\":{\"@id\":\"https:\\\/\\\/jameskaiser.com\\\/es\\\/#website\"},\"primaryImageOfPage\":{\"@id\":\"https:\\\/\\\/jameskaiser.com\\\/es\\\/gran-canon\\\/que-hacer\\\/#primaryimage\"},\"image\":{\"@id\":\"https:\\\/\\\/jameskaiser.com\\\/es\\\/gran-canon\\\/que-hacer\\\/#primaryimage\"},\"thumbnailUrl\":\"http:\\\/\\\/jameskaiser.com\\\/wp-content\\\/uploads\\\/2016\\\/03\\\/grand-canyon-national-park-hiking.jpg\",\"datePublished\":\"2020-02-15T19:12:40+00:00\",\"dateModified\":\"2020-03-12T00:12:32+00:00\",\"description\":\"Mi gu\u00eda con las mejores aventuras en el Gran Ca\u00f1\u00f3n. Caminatas, paseos en bicileta, rafting, paseos en mula y mucho m\u00e1s. Planea el viaje perfecto!.\",\"breadcrumb\":{\"@id\":\"https:\\\/\\\/jameskaiser.com\\\/es\\\/gran-canon\\\/que-hacer\\\/#breadcrumb\"},\"inLanguage\":\"es\",\"potentialAction\":[{\"@type\":\"ReadAction\",\"target\":[\"https:\\\/\\\/jameskaiser.com\\\/es\\\/gran-canon\\\/que-hacer\\\/\"]}]},{\"@type\":\"ImageObject\",\"inLanguage\":\"es\",\"@id\":\"https:\\\/\\\/jameskaiser.com\\\/es\\\/gran-canon\\\/que-hacer\\\/#primaryimage\",\"url\":\"http:\\\/\\\/jameskaiser.com\\\/wp-content\\\/uploads\\\/2016\\\/03\\\/grand-canyon-national-park-hiking.jpg\",\"contentUrl\":\"http:\\\/\\\/jameskaiser.com\\\/wp-content\\\/uploads\\\/2016\\\/03\\\/grand-canyon-national-park-hiking.jpg\"},{\"@type\":\"BreadcrumbList\",\"@id\":\"https:\\\/\\\/jameskaiser.com\\\/es\\\/gran-canon\\\/que-hacer\\\/#breadcrumb\",\"itemListElement\":[{\"@type\":\"ListItem\",\"position\":1,\"name\":\"Home\",\"item\":\"https:\\\/\\\/jameskaiser.com\\\/es\\\/\"},{\"@type\":\"ListItem\",\"position\":2,\"name\":\"Gran Ca\u00f1\u00f3n\",\"item\":\"https:\\\/\\\/jameskaiser.com\\\/es\\\/gran-canon\\\/\"},{\"@type\":\"ListItem\",\"position\":3,\"name\":\"Qu\u00e9 Hacer\"}]},{\"@type\":\"WebSite\",\"@id\":\"https:\\\/\\\/jameskaiser.com\\\/es\\\/#website\",\"url\":\"https:\\\/\\\/jameskaiser.com\\\/es\\\/\",\"name\":\"James Kaiser\",\"description\":\"National Park Guides\",\"publisher\":{\"@id\":\"https:\\\/\\\/jameskaiser.com\\\/es\\\/#\\\/schema\\\/person\\\/5981104745a0770ef7007991f80d4ca0\"},\"potentialAction\":[{\"@type\":\"SearchAction\",\"target\":{\"@type\":\"EntryPoint\",\"urlTemplate\":\"https:\\\/\\\/jameskaiser.com\\\/es\\\/?s={search_term_string}\"},\"query-input\":{\"@type\":\"PropertyValueSpecification\",\"valueRequired\":true,\"valueName\":\"search_term_string\"}}],\"inLanguage\":\"es\"},{\"@type\":[\"Person\",\"Organization\"],\"@id\":\"https:\\\/\\\/jameskaiser.com\\\/es\\\/#\\\/schema\\\/person\\\/5981104745a0770ef7007991f80d4ca0\",\"name\":\"James Kaiser\",\"image\":{\"@type\":\"ImageObject\",\"inLanguage\":\"es\",\"@id\":\"https:\\\/\\\/secure.gravatar.com\\\/avatar\\\/9acc818dc334ece1637aed9a07c32b99dacc4c73e4cf79079b19ba425f2c2d0c?s=96&d=mm&r=g\",\"url\":\"https:\\\/\\\/secure.gravatar.com\\\/avatar\\\/9acc818dc334ece1637aed9a07c32b99dacc4c73e4cf79079b19ba425f2c2d0c?s=96&d=mm&r=g\",\"contentUrl\":\"https:\\\/\\\/secure.gravatar.com\\\/avatar\\\/9acc818dc334ece1637aed9a07c32b99dacc4c73e4cf79079b19ba425f2c2d0c?s=96&d=mm&r=g\",\"caption\":\"James Kaiser\"},\"logo\":{\"@id\":\"https:\\\/\\\/secure.gravatar.com\\\/avatar\\\/9acc818dc334ece1637aed9a07c32b99dacc4c73e4cf79079b19ba425f2c2d0c?s=96&d=mm&r=g\"},\"description\":\"James Kaiser is an award-winning travel writer and photographer whose work has appeared on the cover of \\\"National Geographic.\\\" He has written bestselling guidebooks to Costa Rica, Grand Canyon, Yosemite, Acadia, Joshua Tree, and Zion National Park.\",\"sameAs\":[\"http:\\\/\\\/www.jameskaiser.com\",\"https:\\\/\\\/www.facebook.com\\\/JamesKaiserTraveler\",\"https:\\\/\\\/x.com\\\/JamesKaiser_\"]}]}<\/script>\n<!-- \/ Yoast SEO Premium plugin. -->","yoast_head_json":{"title":"Qu\u00e9 hacer en el Gran Ca\u00f1\u00f3n (FOTOS!) \u2022\u00a0James Kaiser","description":"Mi gu\u00eda con las mejores aventuras en el Gran Ca\u00f1\u00f3n. Caminatas, paseos en bicileta, rafting, paseos en mula y mucho m\u00e1s. Planea el viaje perfecto!.","robots":{"index":"index","follow":"follow","max-snippet":"max-snippet:-1","max-image-preview":"max-image-preview:large","max-video-preview":"max-video-preview:-1"},"canonical":"https:\/\/jameskaiser.com\/es\/gran-canon\/que-hacer\/","og_locale":"es_ES","og_type":"article","og_title":"Los Mejores Aventuras para Hacer en el Gran Ca\u00f1\u00f3n","og_description":"Mi gu\u00eda con las mejores aventuras en el Gran Ca\u00f1\u00f3n. Caminatas, paseos en bicileta, rafting, paseos en mula y mucho m\u00e1s. Planea el viaje perfecto!.","og_url":"https:\/\/jameskaiser.com\/es\/gran-canon\/que-hacer\/","og_site_name":"James Kaiser","article_publisher":"https:\/\/www.facebook.com\/JamesKaiserTraveler","article_modified_time":"2020-03-12T00:12:32+00:00","og_image":[{"url":"https:\/\/jameskaiser.com\/wp-content\/uploads\/2020\/02\/mejores-aventuras-gran-can\u0303on.jpg","type":"","width":"","height":""}],"twitter_card":"summary_large_image","twitter_site":"@JamesKaiser_","twitter_misc":{"Tiempo de lectura":"1 minuto"},"schema":{"@context":"https:\/\/schema.org","@graph":[{"@type":"WebPage","@id":"https:\/\/jameskaiser.com\/es\/gran-canon\/que-hacer\/","url":"https:\/\/jameskaiser.com\/es\/gran-canon\/que-hacer\/","name":"Qu\u00e9 hacer en el Gran Ca\u00f1\u00f3n (FOTOS!) \u2022\u00a0James Kaiser","isPartOf":{"@id":"https:\/\/jameskaiser.com\/es\/#website"},"primaryImageOfPage":{"@id":"https:\/\/jameskaiser.com\/es\/gran-canon\/que-hacer\/#primaryimage"},"image":{"@id":"https:\/\/jameskaiser.com\/es\/gran-canon\/que-hacer\/#primaryimage"},"thumbnailUrl":"http:\/\/jameskaiser.com\/wp-content\/uploads\/2016\/03\/grand-canyon-national-park-hiking.jpg","datePublished":"2020-02-15T19:12:40+00:00","dateModified":"2020-03-12T00:12:32+00:00","description":"Mi gu\u00eda con las mejores aventuras en el Gran Ca\u00f1\u00f3n. Caminatas, paseos en bicileta, rafting, paseos en mula y mucho m\u00e1s. Planea el viaje perfecto!.","breadcrumb":{"@id":"https:\/\/jameskaiser.com\/es\/gran-canon\/que-hacer\/#breadcrumb"},"inLanguage":"es","potentialAction":[{"@type":"ReadAction","target":["https:\/\/jameskaiser.com\/es\/gran-canon\/que-hacer\/"]}]},{"@type":"ImageObject","inLanguage":"es","@id":"https:\/\/jameskaiser.com\/es\/gran-canon\/que-hacer\/#primaryimage","url":"http:\/\/jameskaiser.com\/wp-content\/uploads\/2016\/03\/grand-canyon-national-park-hiking.jpg","contentUrl":"http:\/\/jameskaiser.com\/wp-content\/uploads\/2016\/03\/grand-canyon-national-park-hiking.jpg"},{"@type":"BreadcrumbList","@id":"https:\/\/jameskaiser.com\/es\/gran-canon\/que-hacer\/#breadcrumb","itemListElement":[{"@type":"ListItem","position":1,"name":"Home","item":"https:\/\/jameskaiser.com\/es\/"},{"@type":"ListItem","position":2,"name":"Gran Ca\u00f1\u00f3n","item":"https:\/\/jameskaiser.com\/es\/gran-canon\/"},{"@type":"ListItem","position":3,"name":"Qu\u00e9 Hacer"}]},{"@type":"WebSite","@id":"https:\/\/jameskaiser.com\/es\/#website","url":"https:\/\/jameskaiser.com\/es\/","name":"James Kaiser","description":"National Park Guides","publisher":{"@id":"https:\/\/jameskaiser.com\/es\/#\/schema\/person\/5981104745a0770ef7007991f80d4ca0"},"potentialAction":[{"@type":"SearchAction","target":{"@type":"EntryPoint","urlTemplate":"https:\/\/jameskaiser.com\/es\/?s={search_term_string}"},"query-input":{"@type":"PropertyValueSpecification","valueRequired":true,"valueName":"search_term_string"}}],"inLanguage":"es"},{"@type":["Person","Organization"],"@id":"https:\/\/jameskaiser.com\/es\/#\/schema\/person\/5981104745a0770ef7007991f80d4ca0","name":"James Kaiser","image":{"@type":"ImageObject","inLanguage":"es","@id":"https:\/\/secure.gravatar.com\/avatar\/9acc818dc334ece1637aed9a07c32b99dacc4c73e4cf79079b19ba425f2c2d0c?s=96&d=mm&r=g","url":"https:\/\/secure.gravatar.com\/avatar\/9acc818dc334ece1637aed9a07c32b99dacc4c73e4cf79079b19ba425f2c2d0c?s=96&d=mm&r=g","contentUrl":"https:\/\/secure.gravatar.com\/avatar\/9acc818dc334ece1637aed9a07c32b99dacc4c73e4cf79079b19ba425f2c2d0c?s=96&d=mm&r=g","caption":"James Kaiser"},"logo":{"@id":"https:\/\/secure.gravatar.com\/avatar\/9acc818dc334ece1637aed9a07c32b99dacc4c73e4cf79079b19ba425f2c2d0c?s=96&d=mm&r=g"},"description":"James Kaiser is an award-winning travel writer and photographer whose work has appeared on the cover of \"National Geographic.\" He has written bestselling guidebooks to Costa Rica, Grand Canyon, Yosemite, Acadia, Joshua Tree, and Zion National Park.","sameAs":["http:\/\/www.jameskaiser.com","https:\/\/www.facebook.com\/JamesKaiserTraveler","https:\/\/x.com\/JamesKaiser_"]}]}},"_links":{"self":[{"href":"https:\/\/jameskaiser.com\/es\/wp-json\/wp\/v2\/pages\/9727","targetHints":{"allow":["GET"]}}],"collection":[{"href":"https:\/\/jameskaiser.com\/es\/wp-json\/wp\/v2\/pages"}],"about":[{"href":"https:\/\/jameskaiser.com\/es\/wp-json\/wp\/v2\/types\/page"}],"author":[{"embeddable":true,"href":"https:\/\/jameskaiser.com\/es\/wp-json\/wp\/v2\/users\/3"}],"replies":[{"embeddable":true,"href":"https:\/\/jameskaiser.com\/es\/wp-json\/wp\/v2\/comments?post=9727"}],"version-history":[{"count":0,"href":"https:\/\/jameskaiser.com\/es\/wp-json\/wp\/v2\/pages\/9727\/revisions"}],"up":[{"embeddable":true,"href":"https:\/\/jameskaiser.com\/es\/wp-json\/wp\/v2\/pages\/9595"}],"wp:attachment":[{"href":"https:\/\/jameskaiser.com\/es\/wp-json\/wp\/v2\/media?parent=9727"}],"curies":[{"name":"wp","href":"https:\/\/api.w.org\/{rel}","templated":true}]}}