{"id":9708,"date":"2020-02-15T19:07:46","date_gmt":"2020-02-15T19:07:46","guid":{"rendered":"https:\/\/jameskaiser.com\/?page_id=9708"},"modified":"2020-03-11T23:17:30","modified_gmt":"2020-03-11T23:17:30","slug":"evitar-multitudes","status":"publish","type":"page","link":"https:\/\/jameskaiser.com\/es\/gran-canon\/evitar-multitudes\/","title":{"rendered":"C\u00f3mo Evitar las Multitudes en el Parque Nacional Gran Ca\u00f1\u00f3n"},"content":{"rendered":"\n<figure class=\"wp-block-image size-full\"><img loading=\"lazy\" decoding=\"async\" width=\"700\" height=\"840\" src=\"https:\/\/jameskaiser.com\/wp-content\/uploads\/2020\/02\/gran-can\u0303on-como-evitar-las-multitudes.jpg\" alt=\"c\u00f3mo evitar las multitudes en el Gran Ca\u00f1\u00f3n\" class=\"wp-image-10262\" srcset=\"https:\/\/jameskaiser.com\/wp-content\/uploads\/2020\/02\/gran-can\u0303on-como-evitar-las-multitudes.jpg 700w, https:\/\/jameskaiser.com\/wp-content\/uploads\/2020\/02\/gran-can\u0303on-como-evitar-las-multitudes-250x300.jpg 250w\" sizes=\"auto, (max-width: 700px) 100vw, 700px\" \/><\/figure>\n\n\n\n<p>Evitar las multitudes en el Gran Ca\u00f1\u00f3n es f\u00e1cil, incluso en temporada alta en Junio, Julio y Agosto. El Gran Ca\u00f1\u00f3n es grande &#8211; cerca de 2,000 millas cuadradas &#8211; pero a\u00fan as\u00ed la mayor\u00eda de turistas visitan casi los mismos miradores en el Lado Sur (South Rim). Visita esos miradores en el momento equivocado y de seguro encontrar\u00e1s multitudes por doquier. Pero si sigues estas sugerencias, te ser\u00e1 f\u00e1cil&nbsp; evitar las multitudes en el Gran Ca\u00f1\u00f3n.<\/p>\n\n\n\n<h2 class=\"wp-block-heading\">C\u00f3mo evitar las multitudes en el Gran Ca\u00f1\u00f3n<\/h2>\n\n\n\n<figure class=\"wp-block-image size-large\"><img loading=\"lazy\" decoding=\"async\" width=\"700\" height=\"500\" src=\"https:\/\/jameskaiser.com\/wp-content\/uploads\/2020\/02\/gran-can\u0303on-hopi-point.jpg\" alt=\"Gran Ca\u00f1\u00f3n Hopi Point\" class=\"wp-image-10267\" srcset=\"https:\/\/jameskaiser.com\/wp-content\/uploads\/2020\/02\/gran-can\u0303on-hopi-point.jpg 700w, https:\/\/jameskaiser.com\/wp-content\/uploads\/2020\/02\/gran-can\u0303on-hopi-point-300x214.jpg 300w\" sizes=\"auto, (max-width: 700px) 100vw, 700px\" \/><\/figure>\n\n\n\n<p><\/p>\n\n\n\n<h3 class=\"p1 wp-block-heading\">Visita en Primavera, Oto\u00f1o o Invierno<\/h3>\n\n\n\n<p class=\"p1\">La temporada alta en el Gran Ca\u00f1\u00f3n es entre Memorial Day y Labor Day. Si lo visitas fuera de la temporada de verano de seguro que evitar\u00e1s las multitudes, incluso en los lugares m\u00e1s famosos. Oto\u00f1o, invierno y primavera son todas&nbsp; muy buenas <a href=\"https:\/\/jameskaiser.com\/es\/gran-canon\/visitar\/\">temporadas para visitar el Gran Ca\u00f1\u00f3n. <\/a>Primavera (Marzo, Abril, Mayo) es una de las mejores temporadas para visitar el Gran Ca\u00f1\u00f3n porque hay poca gente y las flores salvajes del desierto est\u00e1n floreciendo. Oto\u00f1o (Septiembre, Octubre, Noviembre) tiene temperaturas muy buenas y una luz hermosa y suave. Invierno (Diciembre, Enero, Febrero) es un tiempo hermoso lleno de paz en el Gran Ca\u00f1\u00f3n. Invierno es tambi\u00e9n un excelente tiempo para caminar al fondo del Ca\u00f1\u00f3n, cuando las temperaturas son m\u00e1s calientes que en el borde.<\/p>\n\n\n\n<p class=\"p1\">Por supuesto, algunas personas s\u00f3lo pueden visitar el Gran Ca\u00f1\u00f3n en Junio, Julio y Agosto. La buena noticia: A\u00fan as\u00ed hay diferentes formas para evitar las multitudes en verano!<\/p>\n\n\n\n<div class=\"wp-block-group\"><div class=\"wp-block-group__inner-container is-layout-flow wp-block-group-is-layout-flow\">\n<div class=\"wp-block-group\"><div class=\"wp-block-group__inner-container is-layout-flow wp-block-group-is-layout-flow\">\n<hr class=\"wp-block-separator\"\/>\n\n\n\n<div style=\"height:35px\" aria-hidden=\"true\" class=\"wp-block-spacer\"><\/div>\n\n\n\n<h4 class=\"has-text-align-center wp-block-heading\">Quieres explorar el Gran Ca\u00f1\u00f3n con un experto? Qu\u00e9 tal hacerlo en un exclusivo tour en un Jeep Rosado!!!<\/h4>\n\n\n\n<p class=\"has-text-align-center\"><a rel=\"noopener noreferrer\" href=\"https:\/\/www.dpbolvw.net\/click-6762299-12780426\" target=\"_blank\"> <img loading=\"lazy\" decoding=\"async\" width=\"468\" height=\"60\" border=\"0\" src=\"https:\/\/www.tqlkg.com\/image-6762299-12780426\" alt=\"\"><\/a><\/p>\n\n\n\n<div style=\"height:35px\" aria-hidden=\"true\" class=\"wp-block-spacer\"><\/div>\n\n\n\n<hr class=\"wp-block-separator\"\/>\n<\/div><\/div>\n<\/div><\/div>\n\n\n\n<figure class=\"wp-block-image size-large\"><img loading=\"lazy\" decoding=\"async\" width=\"700\" height=\"500\" src=\"https:\/\/jameskaiser.com\/wp-content\/uploads\/2020\/02\/gran-can\u0303on-hiking-debajo-o-neil-butte.jpg\" alt=\"Gran Ca\u00f1\u00f3n caminando debajo de O neil butte, South Kaibab Trail\" class=\"wp-image-10268\" srcset=\"https:\/\/jameskaiser.com\/wp-content\/uploads\/2020\/02\/gran-can\u0303on-hiking-debajo-o-neil-butte.jpg 700w, https:\/\/jameskaiser.com\/wp-content\/uploads\/2020\/02\/gran-can\u0303on-hiking-debajo-o-neil-butte-300x214.jpg 300w\" sizes=\"auto, (max-width: 700px) 100vw, 700px\" \/><\/figure>\n\n\n\n<h3 class=\"wp-block-heading\">Dir\u00edgete al Lado Norte<\/h3>\n\n\n\n<p class=\"p1\">El Lado Sur (South Rim) del Gran Ca\u00f1\u00f3n es la parte m\u00e1s popular y famosa del parque. En gran parte porque los miradores son espectaculares, pero a\u00fan m\u00e1s porque el Lado Sur queda cerca a la ruta interestatal 40!. Cr\u00e9eme, las vistas en el Lado Norte (North Rim) son tan espectaculares como en el Lado Sur. Pero como el Lado Norte est\u00e1 ubicado en el Arizona Strip\u00a0 \u2014 el \u00e1rea remota del norte de Arizona que bordea con Utah \u2014 solo recibe una d\u00e9cima parte de los visitantes que recibe el Lado Sur. De seguro, el Lado Norte es m\u00e1s dif\u00edcil para llegar si est\u00e1s manejando desde Phoenix o Flagstaff. Pero si est\u00e1s <a href=\"https:\/\/jameskaiser.com\/es\/gran-canon\/como-llegar\/\"><span class=\"s1\">manejando al Gran Ca\u00f1\u00f3n<\/span><\/a> desde Las Vegas, es la misma distancia al Lado Sur y al Lado Norte.<\/p>\n\n\n\n<h3 class=\"wp-block-heading\">Sal a caminar<\/h3>\n\n\n\n<p><a href=\"https:\/\/jameskaiser.com\/grand-canyon-guide\/best-things-to-do\/best-hikes\/\">Caminar<\/a>&nbsp; es uno de las mejores formas para evitar las multitudes en el Gran Ca\u00f1\u00f3n. La mayor\u00eda de visitantes experimentan el Gran Ca\u00f1\u00f3n \u00fanicamente desde el borde. Ve a caminar y las multitudes desaparecer\u00e1n inmediatamente.&nbsp; Si escoges un sendero dif\u00edcil, te preguntar\u00e1s d\u00f3nde fue la gente.<\/p>\n\n\n\n<p>Adicionalmente, los senderos ofrecen unas de las vistas m\u00e1s espectaculares del Gran Ca\u00f1\u00f3n. Incluso, el popular sendero Rim Trail ofrece oportunidades de soledad si caminas alej\u00e1ndote de Grand Canyon Village.<\/p>\n\n\n\n<p>Solo unos pocos senderos como el inicio del sendero Bright Angel est\u00e1n casi siempre llenos, pero si caminas y bajas m\u00e1s, las multitudes desaparecer\u00e1n. Y si caminas temprano en la ma\u00f1ana, mucho mejor. Esto me lleva al siguiente tip&#8230;<\/p>\n\n\n\n<figure class=\"wp-block-image size-large\"><img loading=\"lazy\" decoding=\"async\" width=\"700\" height=\"500\" src=\"https:\/\/jameskaiser.com\/wp-content\/uploads\/2020\/02\/gran-can\u0303on-amanecer.jpg\" alt=\"\" class=\"wp-image-10269\" srcset=\"https:\/\/jameskaiser.com\/wp-content\/uploads\/2020\/02\/gran-can\u0303on-amanecer.jpg 700w, https:\/\/jameskaiser.com\/wp-content\/uploads\/2020\/02\/gran-can\u0303on-amanecer-300x214.jpg 300w\" sizes=\"auto, (max-width: 700px) 100vw, 700px\" \/><\/figure>\n\n\n\n<h3 class=\"wp-block-heading\">Lev\u00e1ntate temprano<\/h3>\n\n\n\n<p>Ver el amanecer es una experiencia incre\u00edble en el Gran Ca\u00f1\u00f3n.&nbsp; Pero la mayor\u00eda de los visitantes duerme hasta tarde. Si te levantas temprano, de seguro evitar\u00e1s las multitudes, incluso en los miradores m\u00e1s populares. Y no olvides tu c\u00e1mara. La primera luz del d\u00eda es genial para las fotos. Podr\u00e1s incluso capturar efectos naturales preciosos. Una ma\u00f1ana en el Lado Sur yo me despert\u00e9 para presenciar una capa fresca de nieve y nubes tenues dirigi\u00e9ndose al Ca\u00f1\u00f3n.<\/p>\n\n\n\n<div class=\"wp-block-group\"><div class=\"wp-block-group__inner-container is-layout-flow wp-block-group-is-layout-flow\">\n<hr class=\"wp-block-separator\"\/>\n\n\n\n<div style=\"height:35px\" aria-hidden=\"true\" class=\"wp-block-spacer\"><\/div>\n\n\n\n<h4 class=\"has-text-align-center wp-block-heading\">Tours en Helic\u00f3ptero &#8211; Atardecer M\u00e1gico en el Gran Ca\u00f1\u00f3n!<\/h4>\n\n\n\n<div class=\"wp-block-image\"><figure class=\"aligncenter\"><a href=\"https:\/\/www.maverickhelicopter.com\/al.aspx?id=192876&amp;b=44\" target=\"_blank\" rel=\"noopener noreferrer\"><img decoding=\"async\" src=\"https:\/\/www.maverickhelicopter.com\/Affiliate\/advertisments\/mav-sunset-728x90_04.jpg\" alt=\"Grand Canyon Sunset Flights with Maverick Helicopters - Click Her\"\/><\/a><\/figure><\/div>\n\n\n\n<div style=\"height:35px\" aria-hidden=\"true\" class=\"wp-block-spacer\"><\/div>\n\n\n\n<hr class=\"wp-block-separator\"\/>\n<\/div><\/div>\n\n\n\n<h3 class=\"wp-block-heading\">Empaca un Picnic<\/h3>\n\n\n\n<p>Los restaurantes del Gran Ca\u00f1\u00f3n est\u00e1n casi siempre llenos a la hora de comer. Es com\u00fan ver largas filas, incluso en las cafeter\u00edas donde sirven comida mediocre. En vez de sufrir, empaca una canasta de picnic. Esto te ahorrar\u00e1 tiempo, y ser\u00e1 probablemente m\u00e1s barato y saludable. Lo mejor de todo, podr\u00e1s disfrutar de un picnic al aire libre en un hermoso mirador del Gran Ca\u00f1\u00f3n &nbsp;\u2014 mientras los dem\u00e1s est\u00e1n esperando en la fila.<\/p>\n\n\n\n<figure class=\"wp-block-image size-large\"><img loading=\"lazy\" decoding=\"async\" width=\"700\" height=\"500\" src=\"https:\/\/jameskaiser.com\/wp-content\/uploads\/2020\/02\/gran-can\u0303on-astronomi\u0301a-estrellas.jpg\" alt=\"Gran Ca\u00f1\u00f3n, estrellas y astronom\u00eda\" class=\"wp-image-10270\" srcset=\"https:\/\/jameskaiser.com\/wp-content\/uploads\/2020\/02\/gran-can\u0303on-astronomi\u0301a-estrellas.jpg 700w, https:\/\/jameskaiser.com\/wp-content\/uploads\/2020\/02\/gran-can\u0303on-astronomi\u0301a-estrellas-300x214.jpg 300w\" sizes=\"auto, (max-width: 700px) 100vw, 700px\" \/><\/figure>\n\n\n\n<h3 class=\"wp-block-heading\">Disfruta de las Estrellas en la Noche<\/h3>\n\n\n\n<p>Despu\u00e9s de un largo d\u00eda de exploraci\u00f3n, la mayor\u00eda de los visitantes van a dormir. Pero en la noche es cuando la madre tierra muestra sus m\u00e1s finos detalles. En el Gran Ca\u00f1\u00f3n podr\u00e1s disfrutar de uno de los cielos m\u00e1s oscuros de Estados Unidos. Si no sales a admirar las estrellas en el cielo, te estar\u00e1s perdiendo literalmente la mitad del show. No sabes sobre astronom\u00eda?. El Parque Gran Ca\u00f1\u00f3n normalmente ofrece charlas de astronom\u00eda gratuitas. El parque tambi\u00e9n ofrece una <a href=\"https:\/\/www.nps.gov\/grca\/planyourvisit\/grand-canyon-star-party.htm\">Fiesta de estrellas<\/a> anual. Durante este tiempo el club de astronom\u00eda de Arizona instala telescopios para que el p\u00fablico pueda ver las estrellas tanto en el Lado Sur como en el Lado Norte.<\/p>\n\n\n\n<div class=\"wp-block-group\"><div class=\"wp-block-group__inner-container is-layout-flow wp-block-group-is-layout-flow\">\n<div class=\"wp-block-group\"><div class=\"wp-block-group__inner-container is-layout-flow wp-block-group-is-layout-flow\">\n<hr class=\"wp-block-separator\"\/>\n\n\n\n<div style=\"height:35px\" aria-hidden=\"true\" class=\"wp-block-spacer\"><\/div>\n\n\n\n<h4 class=\"has-text-align-center wp-block-heading\">Quieres explorar el Gran Ca\u00f1\u00f3n con un experto? Qu\u00e9 tal hacerlo en un exclusivo tour en un Jeep Rosado!!!<\/h4>\n\n\n\n<p class=\"has-text-align-center\"><a rel=\"noopener noreferrer\" href=\"https:\/\/www.dpbolvw.net\/click-6762299-12780426\" target=\"_blank\"> <img loading=\"lazy\" decoding=\"async\" width=\"468\" height=\"60\" border=\"0\" src=\"https:\/\/www.tqlkg.com\/image-6762299-12780426\" alt=\"\"><\/a><\/p>\n\n\n\n<div style=\"height:35px\" aria-hidden=\"true\" class=\"wp-block-spacer\"><\/div>\n\n\n\n<hr class=\"wp-block-separator\"\/>\n<\/div><\/div>\n<\/div><\/div>\n\n\n\n<h3 class=\"wp-block-heading\">Tambi\u00e9n te puede interesar<\/h3>\n\n\n\n<div class=\"wp-block-columns is-layout-flex wp-container-core-columns-is-layout-28f84493 wp-block-columns-is-layout-flex\">\n<div class=\"wp-block-column is-layout-flow wp-block-column-is-layout-flow\">\n<figure class=\"wp-block-image size-large\"><a href=\"https:\/\/jameskaiser.com\/grand-canyon-guide\/\"><img decoding=\"async\" src=\"https:\/\/jameskaiser.com\/wp-content\/uploads\/2016\/01\/grand-canyon-national-park-guide-small.jpg\" alt=\"\"\/><\/a><\/figure>\n\n\n\n<h3 class=\"wp-block-heading\"><a href=\"https:\/\/jameskaiser.com\/es\/gran-canon\/\">Gu\u00eda de Viaje Parque Nacional Gran Ca\u00f1\u00f3n<\/a><\/h3>\n\n\n\n<figure class=\"wp-block-image size-large\"><a href=\"https:\/\/jameskaiser.com\/grand-canyon-guide\/views\/\"><img decoding=\"async\" src=\"https:\/\/jameskaiser.com\/wp-content\/uploads\/2017\/04\/best-viewpoints-grand-canyon-national-park-nav.jpg\" alt=\"\"\/><\/a><\/figure>\n\n\n\n<h3 class=\"wp-block-heading\"><a href=\"https:\/\/jameskaiser.com\/es\/gran-canon\/miradores\/\">Los Mejores Miradores en el Gran Ca\u00f1\u00f3n<\/a><\/h3>\n<\/div>\n\n\n\n<div class=\"wp-block-column is-layout-flow wp-block-column-is-layout-flow\">\n<figure class=\"wp-block-image size-large\"><a href=\"https:\/\/jameskaiser.com\/grand-canyon-guide\/best-things-to-do\/\"><img decoding=\"async\" src=\"https:\/\/jameskaiser.com\/wp-content\/uploads\/2016\/03\/grand-canyon-rafting-colorado.jpg\" alt=\"\"\/><\/a><\/figure>\n\n\n\n<h3 class=\"wp-block-heading\"><a href=\"https:\/\/jameskaiser.com\/es\/gran-canon\/que-hacer\/\">Las Mejores Aventuras en el Gran Ca\u00f1\u00f3n<\/a><\/h3>\n\n\n\n<figure class=\"wp-block-image size-large\"><a href=\"https:\/\/jameskaiser.com\/grand-canyon-guide\/best-ways-drive-grand-canyon\/\"><img decoding=\"async\" src=\"https:\/\/jameskaiser.com\/wp-content\/uploads\/2014\/12\/grand-canyon-driving-nav.jpg\" alt=\"\"\/><\/a><\/figure>\n\n\n\n<h3 class=\"wp-block-heading\"><a href=\"https:\/\/jameskaiser.com\/es\/gran-canon\/como-llegar\/\">C\u00f3mo llegar al Gran Ca\u00f1\u00f3n<\/a><\/h3>\n<\/div>\n<\/div>\n","protected":false},"excerpt":{"rendered":"<p>Evitar las multitudes en el Gran Ca\u00f1\u00f3n es f\u00e1cil, incluso en temporada alta en Junio, Julio y Agosto. El Gran Ca\u00f1\u00f3n es grande &#8211; cerca de 2,000 millas cuadradas &#8211; pero a\u00fan as\u00ed la mayor\u00eda de turistas visitan casi los mismos miradores en el Lado Sur (South Rim). Visita esos miradores en el momento equivocado [&hellip;]<\/p>\n","protected":false},"author":3,"featured_media":0,"parent":9595,"menu_order":0,"comment_status":"closed","ping_status":"closed","template":"","meta":{"footnotes":""},"class_list":["post-9708","page","type-page","status-publish","hentry"],"yoast_head":"<!-- This site is optimized with the Yoast SEO Premium plugin v27.0 (Yoast SEO v27.4) - https:\/\/yoast.com\/product\/yoast-seo-premium-wordpress\/ -->\n<title>C\u00f3mo evitar las multitudes en el Gran Ca\u00f1\u00f3n &#8226; James Kaiser<\/title>\n<meta name=\"description\" content=\"Secretos para evitar las multitudes en el Gran Ca\u00f1\u00f3n - incluso en temporada alta en Junio, Julio y Agosto. Aqu\u00ed tips para planear el viaje perfecto!\" \/>\n<meta name=\"robots\" content=\"index, follow, max-snippet:-1, max-image-preview:large, max-video-preview:-1\" \/>\n<link rel=\"canonical\" href=\"https:\/\/jameskaiser.com\/es\/gran-canon\/evitar-multitudes\/\" \/>\n<meta property=\"og:locale\" content=\"es_ES\" \/>\n<meta property=\"og:type\" content=\"article\" \/>\n<meta property=\"og:title\" content=\"C\u00f3mo Evitar las Multitudes en el Parque Nacional Gran Ca\u00f1\u00f3n\" \/>\n<meta property=\"og:description\" content=\"Secretos para evitar las multitudes en el Gran Ca\u00f1\u00f3n - incluso en temporada alta en Junio, Julio y Agosto. Aqu\u00ed tips para planear el viaje perfecto!\" \/>\n<meta property=\"og:url\" content=\"https:\/\/jameskaiser.com\/es\/gran-canon\/evitar-multitudes\/\" \/>\n<meta property=\"og:site_name\" content=\"James Kaiser\" \/>\n<meta property=\"article:publisher\" content=\"https:\/\/www.facebook.com\/JamesKaiserTraveler\" \/>\n<meta property=\"article:modified_time\" content=\"2020-03-11T23:17:30+00:00\" \/>\n<meta property=\"og:image\" content=\"https:\/\/jameskaiser.com\/wp-content\/uploads\/2020\/02\/gran-can\u0303on-como-evitar-las-multitudes.jpg\" \/>\n<meta name=\"twitter:card\" content=\"summary_large_image\" \/>\n<meta name=\"twitter:site\" content=\"@JamesKaiser_\" \/>\n<meta name=\"twitter:label1\" content=\"Tiempo de lectura\" \/>\n\t<meta name=\"twitter:data1\" content=\"5 minutos\" \/>\n<script type=\"application\/ld+json\" class=\"yoast-schema-graph\">{\"@context\":\"https:\\\/\\\/schema.org\",\"@graph\":[{\"@type\":\"WebPage\",\"@id\":\"https:\\\/\\\/jameskaiser.com\\\/es\\\/gran-canon\\\/evitar-multitudes\\\/\",\"url\":\"https:\\\/\\\/jameskaiser.com\\\/es\\\/gran-canon\\\/evitar-multitudes\\\/\",\"name\":\"C\u00f3mo evitar las multitudes en el Gran Ca\u00f1\u00f3n &#8226; James Kaiser\",\"isPartOf\":{\"@id\":\"https:\\\/\\\/jameskaiser.com\\\/es\\\/#website\"},\"primaryImageOfPage\":{\"@id\":\"https:\\\/\\\/jameskaiser.com\\\/es\\\/gran-canon\\\/evitar-multitudes\\\/#primaryimage\"},\"image\":{\"@id\":\"https:\\\/\\\/jameskaiser.com\\\/es\\\/gran-canon\\\/evitar-multitudes\\\/#primaryimage\"},\"thumbnailUrl\":\"https:\\\/\\\/jameskaiser.com\\\/wp-content\\\/uploads\\\/2016\\\/01\\\/grand-canyon-national-park-guide-small.jpg\",\"datePublished\":\"2020-02-15T19:07:46+00:00\",\"dateModified\":\"2020-03-11T23:17:30+00:00\",\"description\":\"Secretos para evitar las multitudes en el Gran Ca\u00f1\u00f3n - incluso en temporada alta en Junio, Julio y Agosto. Aqu\u00ed tips para planear el viaje perfecto!\",\"breadcrumb\":{\"@id\":\"https:\\\/\\\/jameskaiser.com\\\/es\\\/gran-canon\\\/evitar-multitudes\\\/#breadcrumb\"},\"inLanguage\":\"es\",\"potentialAction\":[{\"@type\":\"ReadAction\",\"target\":[\"https:\\\/\\\/jameskaiser.com\\\/es\\\/gran-canon\\\/evitar-multitudes\\\/\"]}]},{\"@type\":\"ImageObject\",\"inLanguage\":\"es\",\"@id\":\"https:\\\/\\\/jameskaiser.com\\\/es\\\/gran-canon\\\/evitar-multitudes\\\/#primaryimage\",\"url\":\"https:\\\/\\\/jameskaiser.com\\\/wp-content\\\/uploads\\\/2016\\\/01\\\/grand-canyon-national-park-guide-small.jpg\",\"contentUrl\":\"https:\\\/\\\/jameskaiser.com\\\/wp-content\\\/uploads\\\/2016\\\/01\\\/grand-canyon-national-park-guide-small.jpg\"},{\"@type\":\"BreadcrumbList\",\"@id\":\"https:\\\/\\\/jameskaiser.com\\\/es\\\/gran-canon\\\/evitar-multitudes\\\/#breadcrumb\",\"itemListElement\":[{\"@type\":\"ListItem\",\"position\":1,\"name\":\"Home\",\"item\":\"https:\\\/\\\/jameskaiser.com\\\/es\\\/\"},{\"@type\":\"ListItem\",\"position\":2,\"name\":\"Gran Ca\u00f1\u00f3n\",\"item\":\"https:\\\/\\\/jameskaiser.com\\\/es\\\/gran-canon\\\/\"},{\"@type\":\"ListItem\",\"position\":3,\"name\":\"evitar multitudes\"}]},{\"@type\":\"WebSite\",\"@id\":\"https:\\\/\\\/jameskaiser.com\\\/es\\\/#website\",\"url\":\"https:\\\/\\\/jameskaiser.com\\\/es\\\/\",\"name\":\"James Kaiser\",\"description\":\"National Park Guides\",\"publisher\":{\"@id\":\"https:\\\/\\\/jameskaiser.com\\\/es\\\/#\\\/schema\\\/person\\\/5981104745a0770ef7007991f80d4ca0\"},\"potentialAction\":[{\"@type\":\"SearchAction\",\"target\":{\"@type\":\"EntryPoint\",\"urlTemplate\":\"https:\\\/\\\/jameskaiser.com\\\/es\\\/?s={search_term_string}\"},\"query-input\":{\"@type\":\"PropertyValueSpecification\",\"valueRequired\":true,\"valueName\":\"search_term_string\"}}],\"inLanguage\":\"es\"},{\"@type\":[\"Person\",\"Organization\"],\"@id\":\"https:\\\/\\\/jameskaiser.com\\\/es\\\/#\\\/schema\\\/person\\\/5981104745a0770ef7007991f80d4ca0\",\"name\":\"James Kaiser\",\"image\":{\"@type\":\"ImageObject\",\"inLanguage\":\"es\",\"@id\":\"https:\\\/\\\/secure.gravatar.com\\\/avatar\\\/9acc818dc334ece1637aed9a07c32b99dacc4c73e4cf79079b19ba425f2c2d0c?s=96&d=mm&r=g\",\"url\":\"https:\\\/\\\/secure.gravatar.com\\\/avatar\\\/9acc818dc334ece1637aed9a07c32b99dacc4c73e4cf79079b19ba425f2c2d0c?s=96&d=mm&r=g\",\"contentUrl\":\"https:\\\/\\\/secure.gravatar.com\\\/avatar\\\/9acc818dc334ece1637aed9a07c32b99dacc4c73e4cf79079b19ba425f2c2d0c?s=96&d=mm&r=g\",\"caption\":\"James Kaiser\"},\"logo\":{\"@id\":\"https:\\\/\\\/secure.gravatar.com\\\/avatar\\\/9acc818dc334ece1637aed9a07c32b99dacc4c73e4cf79079b19ba425f2c2d0c?s=96&d=mm&r=g\"},\"description\":\"James Kaiser is an award-winning travel writer and photographer whose work has appeared on the cover of \\\"National Geographic.\\\" He has written bestselling guidebooks to Costa Rica, Grand Canyon, Yosemite, Acadia, Joshua Tree, and Zion National Park.\",\"sameAs\":[\"http:\\\/\\\/www.jameskaiser.com\",\"https:\\\/\\\/www.facebook.com\\\/JamesKaiserTraveler\",\"https:\\\/\\\/x.com\\\/JamesKaiser_\"]}]}<\/script>\n<!-- \/ Yoast SEO Premium plugin. -->","yoast_head_json":{"title":"C\u00f3mo evitar las multitudes en el Gran Ca\u00f1\u00f3n &#8226; James Kaiser","description":"Secretos para evitar las multitudes en el Gran Ca\u00f1\u00f3n - incluso en temporada alta en Junio, Julio y Agosto. Aqu\u00ed tips para planear el viaje perfecto!","robots":{"index":"index","follow":"follow","max-snippet":"max-snippet:-1","max-image-preview":"max-image-preview:large","max-video-preview":"max-video-preview:-1"},"canonical":"https:\/\/jameskaiser.com\/es\/gran-canon\/evitar-multitudes\/","og_locale":"es_ES","og_type":"article","og_title":"C\u00f3mo Evitar las Multitudes en el Parque Nacional Gran Ca\u00f1\u00f3n","og_description":"Secretos para evitar las multitudes en el Gran Ca\u00f1\u00f3n - incluso en temporada alta en Junio, Julio y Agosto. Aqu\u00ed tips para planear el viaje perfecto!","og_url":"https:\/\/jameskaiser.com\/es\/gran-canon\/evitar-multitudes\/","og_site_name":"James Kaiser","article_publisher":"https:\/\/www.facebook.com\/JamesKaiserTraveler","article_modified_time":"2020-03-11T23:17:30+00:00","og_image":[{"url":"https:\/\/jameskaiser.com\/wp-content\/uploads\/2020\/02\/gran-can\u0303on-como-evitar-las-multitudes.jpg","type":"","width":"","height":""}],"twitter_card":"summary_large_image","twitter_site":"@JamesKaiser_","twitter_misc":{"Tiempo de lectura":"5 minutos"},"schema":{"@context":"https:\/\/schema.org","@graph":[{"@type":"WebPage","@id":"https:\/\/jameskaiser.com\/es\/gran-canon\/evitar-multitudes\/","url":"https:\/\/jameskaiser.com\/es\/gran-canon\/evitar-multitudes\/","name":"C\u00f3mo evitar las multitudes en el Gran Ca\u00f1\u00f3n &#8226; James Kaiser","isPartOf":{"@id":"https:\/\/jameskaiser.com\/es\/#website"},"primaryImageOfPage":{"@id":"https:\/\/jameskaiser.com\/es\/gran-canon\/evitar-multitudes\/#primaryimage"},"image":{"@id":"https:\/\/jameskaiser.com\/es\/gran-canon\/evitar-multitudes\/#primaryimage"},"thumbnailUrl":"https:\/\/jameskaiser.com\/wp-content\/uploads\/2016\/01\/grand-canyon-national-park-guide-small.jpg","datePublished":"2020-02-15T19:07:46+00:00","dateModified":"2020-03-11T23:17:30+00:00","description":"Secretos para evitar las multitudes en el Gran Ca\u00f1\u00f3n - incluso en temporada alta en Junio, Julio y Agosto. Aqu\u00ed tips para planear el viaje perfecto!","breadcrumb":{"@id":"https:\/\/jameskaiser.com\/es\/gran-canon\/evitar-multitudes\/#breadcrumb"},"inLanguage":"es","potentialAction":[{"@type":"ReadAction","target":["https:\/\/jameskaiser.com\/es\/gran-canon\/evitar-multitudes\/"]}]},{"@type":"ImageObject","inLanguage":"es","@id":"https:\/\/jameskaiser.com\/es\/gran-canon\/evitar-multitudes\/#primaryimage","url":"https:\/\/jameskaiser.com\/wp-content\/uploads\/2016\/01\/grand-canyon-national-park-guide-small.jpg","contentUrl":"https:\/\/jameskaiser.com\/wp-content\/uploads\/2016\/01\/grand-canyon-national-park-guide-small.jpg"},{"@type":"BreadcrumbList","@id":"https:\/\/jameskaiser.com\/es\/gran-canon\/evitar-multitudes\/#breadcrumb","itemListElement":[{"@type":"ListItem","position":1,"name":"Home","item":"https:\/\/jameskaiser.com\/es\/"},{"@type":"ListItem","position":2,"name":"Gran Ca\u00f1\u00f3n","item":"https:\/\/jameskaiser.com\/es\/gran-canon\/"},{"@type":"ListItem","position":3,"name":"evitar multitudes"}]},{"@type":"WebSite","@id":"https:\/\/jameskaiser.com\/es\/#website","url":"https:\/\/jameskaiser.com\/es\/","name":"James Kaiser","description":"National Park Guides","publisher":{"@id":"https:\/\/jameskaiser.com\/es\/#\/schema\/person\/5981104745a0770ef7007991f80d4ca0"},"potentialAction":[{"@type":"SearchAction","target":{"@type":"EntryPoint","urlTemplate":"https:\/\/jameskaiser.com\/es\/?s={search_term_string}"},"query-input":{"@type":"PropertyValueSpecification","valueRequired":true,"valueName":"search_term_string"}}],"inLanguage":"es"},{"@type":["Person","Organization"],"@id":"https:\/\/jameskaiser.com\/es\/#\/schema\/person\/5981104745a0770ef7007991f80d4ca0","name":"James Kaiser","image":{"@type":"ImageObject","inLanguage":"es","@id":"https:\/\/secure.gravatar.com\/avatar\/9acc818dc334ece1637aed9a07c32b99dacc4c73e4cf79079b19ba425f2c2d0c?s=96&d=mm&r=g","url":"https:\/\/secure.gravatar.com\/avatar\/9acc818dc334ece1637aed9a07c32b99dacc4c73e4cf79079b19ba425f2c2d0c?s=96&d=mm&r=g","contentUrl":"https:\/\/secure.gravatar.com\/avatar\/9acc818dc334ece1637aed9a07c32b99dacc4c73e4cf79079b19ba425f2c2d0c?s=96&d=mm&r=g","caption":"James Kaiser"},"logo":{"@id":"https:\/\/secure.gravatar.com\/avatar\/9acc818dc334ece1637aed9a07c32b99dacc4c73e4cf79079b19ba425f2c2d0c?s=96&d=mm&r=g"},"description":"James Kaiser is an award-winning travel writer and photographer whose work has appeared on the cover of \"National Geographic.\" He has written bestselling guidebooks to Costa Rica, Grand Canyon, Yosemite, Acadia, Joshua Tree, and Zion National Park.","sameAs":["http:\/\/www.jameskaiser.com","https:\/\/www.facebook.com\/JamesKaiserTraveler","https:\/\/x.com\/JamesKaiser_"]}]}},"_links":{"self":[{"href":"https:\/\/jameskaiser.com\/es\/wp-json\/wp\/v2\/pages\/9708","targetHints":{"allow":["GET"]}}],"collection":[{"href":"https:\/\/jameskaiser.com\/es\/wp-json\/wp\/v2\/pages"}],"about":[{"href":"https:\/\/jameskaiser.com\/es\/wp-json\/wp\/v2\/types\/page"}],"author":[{"embeddable":true,"href":"https:\/\/jameskaiser.com\/es\/wp-json\/wp\/v2\/users\/3"}],"replies":[{"embeddable":true,"href":"https:\/\/jameskaiser.com\/es\/wp-json\/wp\/v2\/comments?post=9708"}],"version-history":[{"count":0,"href":"https:\/\/jameskaiser.com\/es\/wp-json\/wp\/v2\/pages\/9708\/revisions"}],"up":[{"embeddable":true,"href":"https:\/\/jameskaiser.com\/es\/wp-json\/wp\/v2\/pages\/9595"}],"wp:attachment":[{"href":"https:\/\/jameskaiser.com\/es\/wp-json\/wp\/v2\/media?parent=9708"}],"curies":[{"name":"wp","href":"https:\/\/api.w.org\/{rel}","templated":true}]}}