{"id":12570,"date":"2021-10-26T18:05:44","date_gmt":"2021-10-26T18:05:44","guid":{"rendered":"https:\/\/jameskaiser.com\/?page_id=12570"},"modified":"2021-10-26T22:26:20","modified_gmt":"2021-10-26T22:26:20","slug":"boulder","status":"publish","type":"page","link":"https:\/\/jameskaiser.com\/es\/montanas-rocosas\/hoteles\/boulder\/","title":{"rendered":"Los Mejores Hoteles en Boulder, Colorado"},"content":{"rendered":"\n<figure class=\"wp-block-image size-large\"><img loading=\"lazy\" decoding=\"async\" width=\"700\" height=\"840\" src=\"https:\/\/jameskaiser.com\/wp-content\/uploads\/2021\/06\/best-hotels-boulder-colorado.jpg\" alt=\"\" class=\"wp-image-12422\" srcset=\"https:\/\/jameskaiser.com\/wp-content\/uploads\/2021\/06\/best-hotels-boulder-colorado.jpg 700w, https:\/\/jameskaiser.com\/wp-content\/uploads\/2021\/06\/best-hotels-boulder-colorado-250x300.jpg 250w, https:\/\/jameskaiser.com\/wp-content\/uploads\/2021\/06\/best-hotels-boulder-colorado-50x60.jpg 50w, https:\/\/jameskaiser.com\/wp-content\/uploads\/2021\/06\/best-hotels-boulder-colorado-75x90.jpg 75w\" sizes=\"auto, (max-width: 700px) 100vw, 700px\" \/><\/figure>\n\n\n\n<p>Uno de los pueblos mas queridos en Colorado, Boulder es una mezcla entre hippies, hipsters y adictos a las aventuras al aire libre. Fabulosos restaurantes, caminatas incre\u00edbles, y millas y millas de rutas para los amantes de la bicicleta. Boulder est\u00e1 localizado a 40 millas (1 hora en auto) del <a href=\"https:\/\/jameskaiser.com\/es\/montanas-rocosas\/\">Parque de Las Monta\u00f1as Rocosas<\/a> y a 30 millas de Denver (40 minutos en auto). <\/p>\n\n\n\n<h4 id=\"h-recommended\"><i class=\"fa fa-star\"><\/i> = Recomendado<\/h4>\n\n\n\n<div style=\"height:50px\" aria-hidden=\"true\" class=\"wp-block-spacer\"><\/div>\n\n\n\n<h2 class=\"wp-block-heading\" id=\"h-los-mejores-hoteles-en-boulder-lujosos\">Los Mejores Hoteles en Boulder &#8211; Lujosos<\/h2>\n\n\n\n<h3><i class=\"fa fa-star\"><\/i> <a href=\"https:\/\/www.booking.com\/hotel\/us\/boulderado.xu.html?aid=809279&amp;no_rooms=1&amp;group_adults=2&amp;label=AR_ES\" target=\"_blank\" rel=\"noopener noreferrer\"> Hotel Boulderado<\/a><\/h3>\n\n\n\n<h3><i class=\"fa fa-star\"><\/i> <a href=\"https:\/\/www.booking.com\/hotel\/us\/embassy-suites-by-hilton-boulder.xu.html?aid=809279&amp;no_rooms=1&amp;group_adults=2&amp;label=AR_ES\" target=\"_blank\" rel=\"noopener noreferrer\"> Embassy Suites<\/a><\/h3>\n\n\n\n<h3><i class=\"fa fa-star\"><\/i> <a href=\"https:\/\/www.booking.com\/hotel\/us\/residence-inn-boulder.xu.html?aid=809279&amp;no_rooms=1&amp;group_adults=2&amp;label=AR_ES\" target=\"_blank\" rel=\"noopener noreferrer\"> Residence Inn Marriot<\/a><\/h3>\n\n\n\n<h3><i class=\"fa fa-star\"><\/i> <a href=\"https:\/\/www.booking.com\/hotel\/us\/homewood-suites-by-hilton-boulder.xu.html?aid=809279&amp;no_rooms=1&amp;group_adults=2&amp;label=AR_ES\" target=\"_blank\" rel=\"noopener noreferrer\"> Homewood Suites Hilton<\/a><\/h3>\n\n\n\n<h3> <a href=\"https:\/\/www.booking.com\/hotel\/us\/best-western-boulder-inn.xu.html?aid=809279&amp;no_rooms=1&amp;group_adults=2&amp;label=AR_ES\" target=\"_blank\" rel=\"noopener noreferrer\"> Best Western<\/a><\/h3>\n\n\n\n<h3> <a href=\"https:\/\/www.booking.com\/hotel\/us\/boulder-mountain-lodge.en.html?aid=809279&amp;no_rooms=1&amp;group_adults=2\" target=\"_blank\" rel=\"noopener noreferrer\"> Boulder Adventure Lodge<\/a><\/h3>\n\n\n\n<h3> <a href=\"https:\/\/www.booking.com\/hotel\/us\/foot-of-the-mountain-motel.xu.html?aid=809279&amp;no_rooms=1&amp;group_adults=2&amp;label=AR_ES\" target=\"_blank\" rel=\"noopener noreferrer\"> Foot of the Mountain Motel<\/a><\/h3>\n\n\n\n<div style=\"height:50px\" aria-hidden=\"true\" class=\"wp-block-spacer\"><\/div>\n\n\n\n<h2 class=\"wp-block-heading\" id=\"h-los-mejores-hoteles-en-boulder-precio-moderado\">Los Mejores Hoteles en Boulder &#8211; Precio Moderado<\/h2>\n\n\n\n<h3><i class=\"fa fa-star\"><\/i> <a href=\"https:\/\/www.booking.com\/hotel\/us\/boulder-university-inn.xu.html?aid=809279&amp;no_rooms=1&amp;group_adults=2&amp;label=AR_ES\" target=\"_blank\" rel=\"noopener noreferrer\"> Boulder University Inn<\/a><\/h3>\n\n\n\n<h3> <a href=\"https:\/\/www.booking.com\/hotel\/us\/hotel-arapahoe-ave-boulder.xu.html?aid=809279&amp;no_rooms=1&amp;group_adults=2&amp;label=AR_ES\" target=\"_blank\" rel=\"noopener noreferrer\"> Basecamp Boulder<\/a><\/h3>\n\n\n\n<h3> <a href=\"https:\/\/www.booking.com\/hotel\/us\/hyatt-place-boulder-47-pearl-street.xu.html?aid=809279&amp;no_rooms=1&amp;group_adults=2&amp;label=AR_ES\" target=\"_blank\" rel=\"noopener noreferrer\"> Hyatt Place Boulder<\/a><\/h3>\n\n\n\n<div style=\"height:50px\" aria-hidden=\"true\" class=\"wp-block-spacer\"><\/div>\n\n\n\n<h2 class=\"wp-block-heading\" id=\"h-los-mejores-en-boulder-econ-micos\">Los Mejores en Boulder &#8211; Econ\u00f3micos<\/h2>\n\n\n\n<h3> <a href=\"https:\/\/www.booking.com\/hotel\/us\/boulder-twin-lakes-inn.xu.html?aid=809279&amp;no_rooms=1&amp;group_adults=2&amp;label=AR_ES\" target=\"_blank\" rel=\"noopener noreferrer\"> Boulder Twin Lakes Inn<\/a><\/h3>\n\n\n\n<h3> <a href=\"https:\/\/www.booking.com\/hotel\/us\/millennium-harvest-house-boulder.xu.html?aid=809279&amp;no_rooms=1&amp;group_adults=2&amp;label=AR_ES\" target=\"_blank\" rel=\"noopener noreferrer\"> Millennium Harvest House<\/a><\/h3>\n\n\n\n<div style=\"height:50px\" aria-hidden=\"true\" class=\"wp-block-spacer\"><\/div>\n\n\n\n<h2 class=\"has-text-align-center wp-block-heading\" id=\"h-planea-el-viaje-perfecto-a-rocky\">Planea el Viaje Perfecto a Rocky!<\/h2>\n\n\n\n<h3 class=\"has-text-align-center wp-block-heading\" id=\"h-rocky-mountain-national-park-the-complete-guide\"><em>Rocky Mountain National Park: The Complete Guide<\/em><\/h3>\n\n\n\n<div style=\"height:30px\" aria-hidden=\"true\" class=\"wp-block-spacer\"><\/div>\n\n\n\n<div class=\"one-third first\">\n<img decoding=\"async\" src=\"https:\/\/jameskaiser.com\/wp-content\/uploads\/2021\/05\/Rocky-Guide-Cover.jpg\" class=\"aligncenter\">\n<\/div>\n\n<div class=\"two-thirds\">\n<div style=\"height:20px\" aria-hidden=\"true\" class=\"wp-block-spacer\"><\/div>\n<center>\n<span class=\"dashicons dashicons-star-filled\" style=\"color:orange;font-size:2em; padding-right:30px;\"><\/span>  \n<span class=\"dashicons dashicons-star-filled\" style=\"color:orange;font-size:2em; padding-right:30px;\"><\/span>  \n<span class=\"dashicons dashicons-star-filled\" style=\"color:orange;font-size:2em; padding-right:30px;\"><\/span>  \n<span class=\"dashicons dashicons-star-filled\" style=\"color:orange;font-size:2em; padding-right:30px;\"><\/span>  \n<span class=\"dashicons dashicons-star-filled\" style=\"color:orange;font-size:2em; padding-right:30px;\"><\/span>\n<div style=\"height:30px\" aria-hidden=\"true\" class=\"wp-block-spacer\"><\/div>\n\n<p><strong>La MEJOR Gu\u00eda de Viaje del Parque de Las Monta\u00f1as Rocosas<\/strong><br>Full-color y llena de tips secretos.<br>Planea una aventura inolvidable en Las Monta\u00f1as Rocosas!<\/p>\n\n<div class=\"wp-block-button is-style-squared aligncenter\"><a class=\"wp-block-button__link has-background has-luminous-vivid-orange-background-color\" href=\"https:\/\/amzn.to\/3wEVNWn\" rel=\"nofollow noopener noreferrer\" target=\"_blank\">Ver en Amazon<\/a><\/div>\n<p><\/p>\n<div class=\"wp-block-button is-style-squared\"><a class=\"wp-block-button__link has-background has-luminous-vivid-orange-background-color\" href=\"https:\/\/bookshop.org\/lists\/fabulous-national-park-guidebooks\/\" target=\"blank\" rel=\"nofollow noopener noreferrer\">Ver en Bookshop.org<\/a><\/div><\/center>\n<\/div>\n","protected":false},"excerpt":{"rendered":"<p>Uno de los pueblos mas queridos en Colorado, Boulder es una mezcla entre hippies, hipsters y adictos a las aventuras al aire libre. Fabulosos restaurantes, caminatas incre\u00edbles, y millas y millas de rutas para los amantes de la bicicleta. Boulder est\u00e1 localizado a 40 millas (1 hora en auto) del Parque de Las Monta\u00f1as Rocosas [&hellip;]<\/p>\n","protected":false},"author":3,"featured_media":0,"parent":12558,"menu_order":0,"comment_status":"closed","ping_status":"closed","template":"","meta":{"footnotes":""},"class_list":["post-12570","page","type-page","status-publish","hentry"],"yoast_head":"<!-- This site is optimized with the Yoast SEO Premium plugin v27.4 (Yoast SEO v27.5) - https:\/\/yoast.com\/product\/yoast-seo-premium-wordpress\/ -->\n<title>Los Mejores Hoteles en Boulder, Colorado &#8226; James Kaiser<\/title>\n<meta name=\"description\" content=\"Los Mejores Hoteles en Boulder, Colorado. Uno de los lugares preferidos en Colorado, a una hora del Parque Nacional de Las Monta\u00f1as Rocosas.\" \/>\n<meta name=\"robots\" content=\"index, follow, max-snippet:-1, max-image-preview:large, max-video-preview:-1\" \/>\n<link rel=\"canonical\" href=\"https:\/\/jameskaiser.com\/es\/montanas-rocosas\/hoteles\/boulder\/\" \/>\n<meta property=\"og:locale\" content=\"es_ES\" \/>\n<meta property=\"og:type\" content=\"article\" \/>\n<meta property=\"og:title\" content=\"Los Mejores Hoteles en Boulder, Colorado\" \/>\n<meta property=\"og:description\" content=\"Los Mejores Hoteles en Boulder, Colorado. Uno de los lugares preferidos en Colorado, a una hora del Parque Nacional de Las Monta\u00f1as Rocosas.\" \/>\n<meta property=\"og:url\" content=\"https:\/\/jameskaiser.com\/es\/montanas-rocosas\/hoteles\/boulder\/\" \/>\n<meta property=\"og:site_name\" content=\"James Kaiser\" \/>\n<meta property=\"article:publisher\" content=\"https:\/\/www.facebook.com\/JamesKaiserTraveler\" \/>\n<meta property=\"article:modified_time\" content=\"2021-10-26T22:26:20+00:00\" \/>\n<meta property=\"og:image\" content=\"https:\/\/jameskaiser.com\/wp-content\/uploads\/2021\/06\/best-hotels-boulder-colorado.jpg\" \/>\n<meta name=\"twitter:card\" content=\"summary_large_image\" \/>\n<meta name=\"twitter:site\" content=\"@JamesKaiser_\" \/>\n<meta name=\"twitter:label1\" content=\"Tiempo de lectura\" \/>\n\t<meta name=\"twitter:data1\" content=\"1 minuto\" \/>\n<script type=\"application\/ld+json\" class=\"yoast-schema-graph\">{\"@context\":\"https:\\\/\\\/schema.org\",\"@graph\":[{\"@type\":\"WebPage\",\"@id\":\"https:\\\/\\\/jameskaiser.com\\\/es\\\/montanas-rocosas\\\/hoteles\\\/boulder\\\/\",\"url\":\"https:\\\/\\\/jameskaiser.com\\\/es\\\/montanas-rocosas\\\/hoteles\\\/boulder\\\/\",\"name\":\"Los Mejores Hoteles en Boulder, Colorado &#8226; James Kaiser\",\"isPartOf\":{\"@id\":\"https:\\\/\\\/jameskaiser.com\\\/es\\\/#website\"},\"primaryImageOfPage\":{\"@id\":\"https:\\\/\\\/jameskaiser.com\\\/es\\\/montanas-rocosas\\\/hoteles\\\/boulder\\\/#primaryimage\"},\"image\":{\"@id\":\"https:\\\/\\\/jameskaiser.com\\\/es\\\/montanas-rocosas\\\/hoteles\\\/boulder\\\/#primaryimage\"},\"thumbnailUrl\":\"https:\\\/\\\/jameskaiser.com\\\/wp-content\\\/uploads\\\/2021\\\/06\\\/best-hotels-boulder-colorado.jpg\",\"datePublished\":\"2021-10-26T18:05:44+00:00\",\"dateModified\":\"2021-10-26T22:26:20+00:00\",\"description\":\"Los Mejores Hoteles en Boulder, Colorado. Uno de los lugares preferidos en Colorado, a una hora del Parque Nacional de Las Monta\u00f1as Rocosas.\",\"breadcrumb\":{\"@id\":\"https:\\\/\\\/jameskaiser.com\\\/es\\\/montanas-rocosas\\\/hoteles\\\/boulder\\\/#breadcrumb\"},\"inLanguage\":\"es\",\"potentialAction\":[{\"@type\":\"ReadAction\",\"target\":[\"https:\\\/\\\/jameskaiser.com\\\/es\\\/montanas-rocosas\\\/hoteles\\\/boulder\\\/\"]}]},{\"@type\":\"ImageObject\",\"inLanguage\":\"es\",\"@id\":\"https:\\\/\\\/jameskaiser.com\\\/es\\\/montanas-rocosas\\\/hoteles\\\/boulder\\\/#primaryimage\",\"url\":\"https:\\\/\\\/jameskaiser.com\\\/wp-content\\\/uploads\\\/2021\\\/06\\\/best-hotels-boulder-colorado.jpg\",\"contentUrl\":\"https:\\\/\\\/jameskaiser.com\\\/wp-content\\\/uploads\\\/2021\\\/06\\\/best-hotels-boulder-colorado.jpg\"},{\"@type\":\"BreadcrumbList\",\"@id\":\"https:\\\/\\\/jameskaiser.com\\\/es\\\/montanas-rocosas\\\/hoteles\\\/boulder\\\/#breadcrumb\",\"itemListElement\":[{\"@type\":\"ListItem\",\"position\":1,\"name\":\"Home\",\"item\":\"https:\\\/\\\/jameskaiser.com\\\/es\\\/\"},{\"@type\":\"ListItem\",\"position\":2,\"name\":\"Monta\u00f1as Rocosas\",\"item\":\"https:\\\/\\\/jameskaiser.com\\\/es\\\/montanas-rocosas\\\/\"},{\"@type\":\"ListItem\",\"position\":3,\"name\":\"Hoteles\",\"item\":\"https:\\\/\\\/jameskaiser.com\\\/es\\\/montanas-rocosas\\\/hoteles\\\/\"},{\"@type\":\"ListItem\",\"position\":4,\"name\":\"Boulder\"}]},{\"@type\":\"WebSite\",\"@id\":\"https:\\\/\\\/jameskaiser.com\\\/es\\\/#website\",\"url\":\"https:\\\/\\\/jameskaiser.com\\\/es\\\/\",\"name\":\"James Kaiser\",\"description\":\"National Park Guides\",\"publisher\":{\"@id\":\"https:\\\/\\\/jameskaiser.com\\\/es\\\/#\\\/schema\\\/person\\\/5981104745a0770ef7007991f80d4ca0\"},\"potentialAction\":[{\"@type\":\"SearchAction\",\"target\":{\"@type\":\"EntryPoint\",\"urlTemplate\":\"https:\\\/\\\/jameskaiser.com\\\/es\\\/?s={search_term_string}\"},\"query-input\":{\"@type\":\"PropertyValueSpecification\",\"valueRequired\":true,\"valueName\":\"search_term_string\"}}],\"inLanguage\":\"es\"},{\"@type\":[\"Person\",\"Organization\"],\"@id\":\"https:\\\/\\\/jameskaiser.com\\\/es\\\/#\\\/schema\\\/person\\\/5981104745a0770ef7007991f80d4ca0\",\"name\":\"James Kaiser\",\"image\":{\"@type\":\"ImageObject\",\"inLanguage\":\"es\",\"@id\":\"https:\\\/\\\/secure.gravatar.com\\\/avatar\\\/9acc818dc334ece1637aed9a07c32b99dacc4c73e4cf79079b19ba425f2c2d0c?s=96&d=mm&r=g\",\"url\":\"https:\\\/\\\/secure.gravatar.com\\\/avatar\\\/9acc818dc334ece1637aed9a07c32b99dacc4c73e4cf79079b19ba425f2c2d0c?s=96&d=mm&r=g\",\"contentUrl\":\"https:\\\/\\\/secure.gravatar.com\\\/avatar\\\/9acc818dc334ece1637aed9a07c32b99dacc4c73e4cf79079b19ba425f2c2d0c?s=96&d=mm&r=g\",\"caption\":\"James Kaiser\"},\"logo\":{\"@id\":\"https:\\\/\\\/secure.gravatar.com\\\/avatar\\\/9acc818dc334ece1637aed9a07c32b99dacc4c73e4cf79079b19ba425f2c2d0c?s=96&d=mm&r=g\"},\"description\":\"James Kaiser is an award-winning travel writer and photographer whose work has appeared on the cover of \\\"National Geographic.\\\" He has written bestselling guidebooks to Costa Rica, Grand Canyon, Yosemite, Acadia, Joshua Tree, and Zion National Park.\",\"sameAs\":[\"http:\\\/\\\/www.jameskaiser.com\",\"https:\\\/\\\/www.facebook.com\\\/JamesKaiserTraveler\",\"https:\\\/\\\/x.com\\\/JamesKaiser_\"]}]}<\/script>\n<!-- \/ Yoast SEO Premium plugin. -->","yoast_head_json":{"title":"Los Mejores Hoteles en Boulder, Colorado &#8226; James Kaiser","description":"Los Mejores Hoteles en Boulder, Colorado. Uno de los lugares preferidos en Colorado, a una hora del Parque Nacional de Las Monta\u00f1as Rocosas.","robots":{"index":"index","follow":"follow","max-snippet":"max-snippet:-1","max-image-preview":"max-image-preview:large","max-video-preview":"max-video-preview:-1"},"canonical":"https:\/\/jameskaiser.com\/es\/montanas-rocosas\/hoteles\/boulder\/","og_locale":"es_ES","og_type":"article","og_title":"Los Mejores Hoteles en Boulder, Colorado","og_description":"Los Mejores Hoteles en Boulder, Colorado. Uno de los lugares preferidos en Colorado, a una hora del Parque Nacional de Las Monta\u00f1as Rocosas.","og_url":"https:\/\/jameskaiser.com\/es\/montanas-rocosas\/hoteles\/boulder\/","og_site_name":"James Kaiser","article_publisher":"https:\/\/www.facebook.com\/JamesKaiserTraveler","article_modified_time":"2021-10-26T22:26:20+00:00","og_image":[{"url":"https:\/\/jameskaiser.com\/wp-content\/uploads\/2021\/06\/best-hotels-boulder-colorado.jpg","type":"","width":"","height":""}],"twitter_card":"summary_large_image","twitter_site":"@JamesKaiser_","twitter_misc":{"Tiempo de lectura":"1 minuto"},"schema":{"@context":"https:\/\/schema.org","@graph":[{"@type":"WebPage","@id":"https:\/\/jameskaiser.com\/es\/montanas-rocosas\/hoteles\/boulder\/","url":"https:\/\/jameskaiser.com\/es\/montanas-rocosas\/hoteles\/boulder\/","name":"Los Mejores Hoteles en Boulder, Colorado &#8226; James Kaiser","isPartOf":{"@id":"https:\/\/jameskaiser.com\/es\/#website"},"primaryImageOfPage":{"@id":"https:\/\/jameskaiser.com\/es\/montanas-rocosas\/hoteles\/boulder\/#primaryimage"},"image":{"@id":"https:\/\/jameskaiser.com\/es\/montanas-rocosas\/hoteles\/boulder\/#primaryimage"},"thumbnailUrl":"https:\/\/jameskaiser.com\/wp-content\/uploads\/2021\/06\/best-hotels-boulder-colorado.jpg","datePublished":"2021-10-26T18:05:44+00:00","dateModified":"2021-10-26T22:26:20+00:00","description":"Los Mejores Hoteles en Boulder, Colorado. Uno de los lugares preferidos en Colorado, a una hora del Parque Nacional de Las Monta\u00f1as Rocosas.","breadcrumb":{"@id":"https:\/\/jameskaiser.com\/es\/montanas-rocosas\/hoteles\/boulder\/#breadcrumb"},"inLanguage":"es","potentialAction":[{"@type":"ReadAction","target":["https:\/\/jameskaiser.com\/es\/montanas-rocosas\/hoteles\/boulder\/"]}]},{"@type":"ImageObject","inLanguage":"es","@id":"https:\/\/jameskaiser.com\/es\/montanas-rocosas\/hoteles\/boulder\/#primaryimage","url":"https:\/\/jameskaiser.com\/wp-content\/uploads\/2021\/06\/best-hotels-boulder-colorado.jpg","contentUrl":"https:\/\/jameskaiser.com\/wp-content\/uploads\/2021\/06\/best-hotels-boulder-colorado.jpg"},{"@type":"BreadcrumbList","@id":"https:\/\/jameskaiser.com\/es\/montanas-rocosas\/hoteles\/boulder\/#breadcrumb","itemListElement":[{"@type":"ListItem","position":1,"name":"Home","item":"https:\/\/jameskaiser.com\/es\/"},{"@type":"ListItem","position":2,"name":"Monta\u00f1as Rocosas","item":"https:\/\/jameskaiser.com\/es\/montanas-rocosas\/"},{"@type":"ListItem","position":3,"name":"Hoteles","item":"https:\/\/jameskaiser.com\/es\/montanas-rocosas\/hoteles\/"},{"@type":"ListItem","position":4,"name":"Boulder"}]},{"@type":"WebSite","@id":"https:\/\/jameskaiser.com\/es\/#website","url":"https:\/\/jameskaiser.com\/es\/","name":"James Kaiser","description":"National Park Guides","publisher":{"@id":"https:\/\/jameskaiser.com\/es\/#\/schema\/person\/5981104745a0770ef7007991f80d4ca0"},"potentialAction":[{"@type":"SearchAction","target":{"@type":"EntryPoint","urlTemplate":"https:\/\/jameskaiser.com\/es\/?s={search_term_string}"},"query-input":{"@type":"PropertyValueSpecification","valueRequired":true,"valueName":"search_term_string"}}],"inLanguage":"es"},{"@type":["Person","Organization"],"@id":"https:\/\/jameskaiser.com\/es\/#\/schema\/person\/5981104745a0770ef7007991f80d4ca0","name":"James Kaiser","image":{"@type":"ImageObject","inLanguage":"es","@id":"https:\/\/secure.gravatar.com\/avatar\/9acc818dc334ece1637aed9a07c32b99dacc4c73e4cf79079b19ba425f2c2d0c?s=96&d=mm&r=g","url":"https:\/\/secure.gravatar.com\/avatar\/9acc818dc334ece1637aed9a07c32b99dacc4c73e4cf79079b19ba425f2c2d0c?s=96&d=mm&r=g","contentUrl":"https:\/\/secure.gravatar.com\/avatar\/9acc818dc334ece1637aed9a07c32b99dacc4c73e4cf79079b19ba425f2c2d0c?s=96&d=mm&r=g","caption":"James Kaiser"},"logo":{"@id":"https:\/\/secure.gravatar.com\/avatar\/9acc818dc334ece1637aed9a07c32b99dacc4c73e4cf79079b19ba425f2c2d0c?s=96&d=mm&r=g"},"description":"James Kaiser is an award-winning travel writer and photographer whose work has appeared on the cover of \"National Geographic.\" He has written bestselling guidebooks to Costa Rica, Grand Canyon, Yosemite, Acadia, Joshua Tree, and Zion National Park.","sameAs":["http:\/\/www.jameskaiser.com","https:\/\/www.facebook.com\/JamesKaiserTraveler","https:\/\/x.com\/JamesKaiser_"]}]}},"_links":{"self":[{"href":"https:\/\/jameskaiser.com\/es\/wp-json\/wp\/v2\/pages\/12570","targetHints":{"allow":["GET"]}}],"collection":[{"href":"https:\/\/jameskaiser.com\/es\/wp-json\/wp\/v2\/pages"}],"about":[{"href":"https:\/\/jameskaiser.com\/es\/wp-json\/wp\/v2\/types\/page"}],"author":[{"embeddable":true,"href":"https:\/\/jameskaiser.com\/es\/wp-json\/wp\/v2\/users\/3"}],"replies":[{"embeddable":true,"href":"https:\/\/jameskaiser.com\/es\/wp-json\/wp\/v2\/comments?post=12570"}],"version-history":[{"count":0,"href":"https:\/\/jameskaiser.com\/es\/wp-json\/wp\/v2\/pages\/12570\/revisions"}],"up":[{"embeddable":true,"href":"https:\/\/jameskaiser.com\/es\/wp-json\/wp\/v2\/pages\/12558"}],"wp:attachment":[{"href":"https:\/\/jameskaiser.com\/es\/wp-json\/wp\/v2\/media?parent=12570"}],"curies":[{"name":"wp","href":"https:\/\/api.w.org\/{rel}","templated":true}]}}