{"id":12558,"date":"2021-10-19T20:26:35","date_gmt":"2021-10-19T20:26:35","guid":{"rendered":"https:\/\/jameskaiser.com\/?page_id=12558"},"modified":"2021-10-26T21:45:18","modified_gmt":"2021-10-26T21:45:18","slug":"hoteles","status":"publish","type":"page","link":"https:\/\/jameskaiser.com\/es\/montanas-rocosas\/hoteles\/","title":{"rendered":"Los Mejores Hoteles y Alojamientos cerca al Parque de Las Monta\u00f1as Rocosas"},"content":{"rendered":"\n<figure class=\"wp-block-image size-large\"><img loading=\"lazy\" decoding=\"async\" width=\"700\" height=\"840\" src=\"https:\/\/jameskaiser.com\/wp-content\/uploads\/2021\/06\/best-hotels-near-rocky-mountain-national-park.jpg\" alt=\"\" class=\"wp-image-12374\" srcset=\"https:\/\/jameskaiser.com\/wp-content\/uploads\/2021\/06\/best-hotels-near-rocky-mountain-national-park.jpg 700w, https:\/\/jameskaiser.com\/wp-content\/uploads\/2021\/06\/best-hotels-near-rocky-mountain-national-park-250x300.jpg 250w, https:\/\/jameskaiser.com\/wp-content\/uploads\/2021\/06\/best-hotels-near-rocky-mountain-national-park-50x60.jpg 50w, https:\/\/jameskaiser.com\/wp-content\/uploads\/2021\/06\/best-hotels-near-rocky-mountain-national-park-75x90.jpg 75w\" sizes=\"auto, (max-width: 700px) 100vw, 700px\" \/><\/figure>\n\n\n\n<p>No hay hoteles al interior del <a href=\"https:\/\/jameskaiser.com\/es\/montanas-rocosas\/\">Parque Nacional de Las Monta\u00f1as Rocosa<\/a>s, pero en los pueblos cercanos justo fuera del parque hay docenas de opciones fant\u00e1sticas. Desde hoteles hist\u00f3ricos a hospedajes r\u00fasticos y hosteles econ\u00f3micos.  <\/p>\n\n\n\n<h2 class=\"wp-block-heading\" id=\"h-los-mejores-hoteles-y-alojamientos-cerca-a-rocky-mountain-national-park\">Los Mejores Hoteles y Alojamientos cerca a Rocky Mountain National Park<\/h2>\n\n\n\n<hr class=\"wp-block-separator is-style-wide\"\/>\n\n\n\n<div class=\"one-half first\">\n<a href=\"https:\/\/jameskaiser.com\/es\/montanas-rocosas\/hoteles\/estes-park\/\"><img decoding=\"async\" class=\"alignleft size-full wp-image-6522\" src=\"https:\/\/jameskaiser.com\/wp-content\/uploads\/2021\/06\/best-hotels-estes-park-colorado-350.jpg\" alt=\"Rocky Mountain National Park Best Times to Visit\"><\/a><\/div>\n<div class=\"one-half\">\n<h2 class=\"nav\"><a href=\"https:\/\/jameskaiser.com\/es\/montanas-rocosas\/hoteles\/estes-park\/\">Hoteles en Estes Park<\/a><\/h2><p>El pueblo m\u00e1s grande y popular cerca al Parque Nacional del Las Monta\u00f1as Rocosas, Estes Park ofrece docenas de hoteles en un hermoso valle rodeados de vistas y picos dram\u00e1ticos.<\/p>\n<\/div>\n\n\n\n<hr class=\"wp-block-separator is-style-wide\"\/>\n\n\n\n<div class=\"one-half first\">\n<a href=\"https:\/\/jameskaiser.com\/es\/montanas-rocosas\/hoteles\/grand-lake\/\"><img decoding=\"async\" class=\"alignleft size-full wp-image-6522\" src=\"https:\/\/jameskaiser.com\/wp-content\/uploads\/2021\/06\/best-hotels-grand-lake-colorado-350.jpg\" alt=\"Rocky Mountain National Park Best Times to Visit\"><\/a><\/div>\n<div class=\"one-half\">\n<h2 class=\"nav\"><a href=\"https:\/\/jameskaiser.com\/es\/montanas-rocosas\/hoteles\/grand-lake\/\">Hoteles en Grand Lake<\/a><\/h2><p>Localizado cerca a la \u00fanica entrada al oritente del parque, Grand Lake es uno de los lagos naturales m\u00e1s grandes de Colorado y es un destino fabuloso para visitar en cualquier \u00e9poca del a\u00f1o. <\/p>\n<\/div>\n\n\n\n<hr class=\"wp-block-separator is-style-wide\"\/>\n\n\n\n<div class=\"one-half first\">\n<a href=\"https:\/\/jameskaiser.com\/es\/montanas-rocosas\/hoteles\/allenspark\/\"><img decoding=\"async\" class=\"alignleft size-full wp-image-6522\" src=\"https:\/\/jameskaiser.com\/wp-content\/uploads\/2021\/06\/best-hotels-allenspark-colorado-350.jpg\" alt=\"Rocky Mountain National Park Best Times to Visit\"><\/a><\/div>\n<div class=\"one-half\">\n<h2 class=\"nav\"><a href=\"https:\/\/jameskaiser.com\/es\/montanas-rocosas\/hoteles\/allenspark\/\">Hoteles Allenspark<\/a><\/h2><p>Con un acceso r\u00e1pido a las \u00e1reas de \u00abWild Basin\u00bb y \u00abLongs Peak\u00bb, que ofrecen algunas de las mejores caminatas en el parque, esta regi\u00f3n semi-remota esta llena del encanto de las Monta\u00f1as Rocosas.  <\/p>\n<\/div>\n\n\n\n<hr class=\"wp-block-separator is-style-wide\"\/>\n\n\n\n<div class=\"one-half first\">\n<a href=\"https:\/\/jameskaiser.com\/es\/montanas-rocosas\/hoteles\/lyons\/\"><img decoding=\"async\" class=\"alignleft size-full wp-image-6522\" src=\"https:\/\/jameskaiser.com\/wp-content\/uploads\/2021\/06\/best-hotels-lyons-colorado-350.jpg\" alt=\"Rocky Mountain National Park Best Times to Visit\"><\/a><\/div>\n<div class=\"one-half\">\n<h2 class=\"nav\"><a href=\"https:\/\/jameskaiser.com\/es\/montanas-rocosas\/hoteles\/lyons\/\">Hoteles en Lyons<\/a><\/h2><p>Este peque\u00f1o pueblo, localizado sobre la riviera del r\u00edo \u00abSt. Vrain Creek\u00bb a unas 25 millas al este del Parque Nacional de Las Monta\u00f1as Rocosas, tiene opciones muy buenas para hospedaje.<\/p>\n<\/div>\n\n\n\n<hr class=\"wp-block-separator is-style-wide\"\/>\n\n\n\n<div class=\"one-half first\">\n<a href=\"https:\/\/jameskaiser.com\/es\/montanas-rocosas\/hoteles\/boulder\/\"><img decoding=\"async\" class=\"alignleft size-full wp-image-6522\" src=\"https:\/\/jameskaiser.com\/wp-content\/uploads\/2021\/06\/best-hotels-boulder-colorado-350.jpg\" alt=\"Rocky Mountain National Park Best Times to Visit\"><\/a><\/div>\n<div class=\"one-half\">\n<h2 class=\"nav\"><a href=\"https:\/\/jameskaiser.com\/es\/montanas-rocosas\/hoteles\/boulder\/\">Hoteles en Boulder<\/a><\/h2><p>Uno de los pueblos preferidos en Colorado, Boulder ofrece el ambiente ideal para hippies, hipsters, y aventureros extremos.<\/p>\n<\/div>\n\n\n\n<hr class=\"wp-block-separator is-style-wide\"\/>\n\n\n\n<div style=\"height:40px\" aria-hidden=\"true\" class=\"wp-block-spacer\"><\/div>\n\n\n\n<h2 class=\"has-text-align-center wp-block-heading\" id=\"h-planea-el-viaje-perfecto-a-rocky\">Planea el Viaje Perfecto a Rocky!<\/h2>\n\n\n\n<h3 class=\"has-text-align-center wp-block-heading\" id=\"h-rocky-mountain-national-park-the-complete-guide\"><em>Rocky Mountain National Park: The Complete Guide<\/em><\/h3>\n\n\n\n<div style=\"height:30px\" aria-hidden=\"true\" class=\"wp-block-spacer\"><\/div>\n\n\n\n<div class=\"one-third first\">\n<img decoding=\"async\" src=\"https:\/\/jameskaiser.com\/wp-content\/uploads\/2021\/05\/Rocky-Guide-Cover.jpg\" class=\"aligncenter\">\n<\/div>\n\n<div class=\"two-thirds\">\n<div style=\"height:20px\" aria-hidden=\"true\" class=\"wp-block-spacer\"><\/div>\n<center>\n<span class=\"dashicons dashicons-star-filled\" style=\"color:orange;font-size:2em; padding-right:30px;\"><\/span>  \n<span class=\"dashicons dashicons-star-filled\" style=\"color:orange;font-size:2em; padding-right:30px;\"><\/span>  \n<span class=\"dashicons dashicons-star-filled\" style=\"color:orange;font-size:2em; padding-right:30px;\"><\/span>  \n<span class=\"dashicons dashicons-star-filled\" style=\"color:orange;font-size:2em; padding-right:30px;\"><\/span>  \n<span class=\"dashicons dashicons-star-filled\" style=\"color:orange;font-size:2em; padding-right:30px;\"><\/span>\n<div style=\"height:30px\" aria-hidden=\"true\" class=\"wp-block-spacer\"><\/div>\n\n<p><strong>La MEJOR Gu\u00eda de Viaje del Parque de Las Monta\u00f1as Rocosas<\/strong><br>Full-color y llena de tips secretos.<br>Planea una aventura inolvidable en Las Monta\u00f1as Rocosas!<\/p>\n\n<div class=\"wp-block-button is-style-squared aligncenter\"><a class=\"wp-block-button__link has-background has-luminous-vivid-orange-background-color\" href=\"https:\/\/amzn.to\/3wEVNWn\" rel=\"nofollow noopener noreferrer\" target=\"_blank\">Ver en Amazon<\/a><\/div>\n<p><\/p>\n<div class=\"wp-block-button is-style-squared\"><a class=\"wp-block-button__link has-background has-luminous-vivid-orange-background-color\" href=\"https:\/\/bookshop.org\/lists\/fabulous-national-park-guidebooks\/\" target=\"blank\" rel=\"nofollow noopener noreferrer\">Ver en Bookshop.org<\/a><\/div><\/center>\n<\/div>\n\n\n\n<p><\/p>\n","protected":false},"excerpt":{"rendered":"<p>No hay hoteles al interior del Parque Nacional de Las Monta\u00f1as Rocosas, pero en los pueblos cercanos justo fuera del parque hay docenas de opciones fant\u00e1sticas. Desde hoteles hist\u00f3ricos a hospedajes r\u00fasticos y hosteles econ\u00f3micos. Los Mejores Hoteles y Alojamientos cerca a Rocky Mountain National Park Hoteles en Estes Park El pueblo m\u00e1s grande y [&hellip;]<\/p>\n","protected":false},"author":3,"featured_media":0,"parent":12555,"menu_order":0,"comment_status":"closed","ping_status":"closed","template":"","meta":{"footnotes":""},"class_list":["post-12558","page","type-page","status-publish","hentry"],"yoast_head":"<!-- This site is optimized with the Yoast SEO Premium plugin v27.4 (Yoast SEO v27.4) - https:\/\/yoast.com\/product\/yoast-seo-premium-wordpress\/ -->\n<title>Los Mejores Hoteles en el Parque de Las Monta\u00f1as Rocosas &#8226; James Kaiser<\/title>\n<meta name=\"description\" content=\"Mi gu\u00eda con los mejores hoteles cerca al Parque Nacional de Las Monta\u00f1as Rocosas!. Alojamientos r\u00fasticos, hoteles hist\u00f3ricos, cabinas, hoteles econ\u00f3micos y lujosos. Encuentre el hospedaje perfecto!\" \/>\n<meta name=\"robots\" content=\"index, follow, max-snippet:-1, max-image-preview:large, max-video-preview:-1\" \/>\n<link rel=\"canonical\" href=\"https:\/\/jameskaiser.com\/es\/montanas-rocosas\/hoteles\/\" \/>\n<meta property=\"og:locale\" content=\"es_ES\" \/>\n<meta property=\"og:type\" content=\"article\" \/>\n<meta property=\"og:title\" content=\"Los Mejores Hoteles y Alojamientos cerca al Parque de Las Monta\u00f1as Rocosas\" \/>\n<meta property=\"og:description\" content=\"Mi gu\u00eda con los mejores hoteles cerca al Parque Nacional de Las Monta\u00f1as Rocosas!. Alojamientos r\u00fasticos, hoteles hist\u00f3ricos, cabinas, hoteles econ\u00f3micos y lujosos. Encuentre el hospedaje perfecto!\" \/>\n<meta property=\"og:url\" content=\"https:\/\/jameskaiser.com\/es\/montanas-rocosas\/hoteles\/\" \/>\n<meta property=\"og:site_name\" content=\"James Kaiser\" \/>\n<meta property=\"article:publisher\" content=\"https:\/\/www.facebook.com\/JamesKaiserTraveler\" \/>\n<meta property=\"article:modified_time\" content=\"2021-10-26T21:45:18+00:00\" \/>\n<meta property=\"og:image\" content=\"https:\/\/jameskaiser.com\/wp-content\/uploads\/2021\/06\/best-hotels-near-rocky-mountain-national-park.jpg\" \/>\n<meta name=\"twitter:card\" content=\"summary_large_image\" \/>\n<meta name=\"twitter:site\" content=\"@JamesKaiser_\" \/>\n<meta name=\"twitter:label1\" content=\"Tiempo de lectura\" \/>\n\t<meta name=\"twitter:data1\" content=\"3 minutos\" \/>\n<script type=\"application\/ld+json\" class=\"yoast-schema-graph\">{\"@context\":\"https:\\\/\\\/schema.org\",\"@graph\":[{\"@type\":\"WebPage\",\"@id\":\"https:\\\/\\\/jameskaiser.com\\\/es\\\/montanas-rocosas\\\/hoteles\\\/\",\"url\":\"https:\\\/\\\/jameskaiser.com\\\/es\\\/montanas-rocosas\\\/hoteles\\\/\",\"name\":\"Los Mejores Hoteles en el Parque de Las Monta\u00f1as Rocosas &#8226; James Kaiser\",\"isPartOf\":{\"@id\":\"https:\\\/\\\/jameskaiser.com\\\/es\\\/#website\"},\"primaryImageOfPage\":{\"@id\":\"https:\\\/\\\/jameskaiser.com\\\/es\\\/montanas-rocosas\\\/hoteles\\\/#primaryimage\"},\"image\":{\"@id\":\"https:\\\/\\\/jameskaiser.com\\\/es\\\/montanas-rocosas\\\/hoteles\\\/#primaryimage\"},\"thumbnailUrl\":\"https:\\\/\\\/jameskaiser.com\\\/wp-content\\\/uploads\\\/2021\\\/06\\\/best-hotels-near-rocky-mountain-national-park.jpg\",\"datePublished\":\"2021-10-19T20:26:35+00:00\",\"dateModified\":\"2021-10-26T21:45:18+00:00\",\"description\":\"Mi gu\u00eda con los mejores hoteles cerca al Parque Nacional de Las Monta\u00f1as Rocosas!. Alojamientos r\u00fasticos, hoteles hist\u00f3ricos, cabinas, hoteles econ\u00f3micos y lujosos. Encuentre el hospedaje perfecto!\",\"breadcrumb\":{\"@id\":\"https:\\\/\\\/jameskaiser.com\\\/es\\\/montanas-rocosas\\\/hoteles\\\/#breadcrumb\"},\"inLanguage\":\"es\",\"potentialAction\":[{\"@type\":\"ReadAction\",\"target\":[\"https:\\\/\\\/jameskaiser.com\\\/es\\\/montanas-rocosas\\\/hoteles\\\/\"]}]},{\"@type\":\"ImageObject\",\"inLanguage\":\"es\",\"@id\":\"https:\\\/\\\/jameskaiser.com\\\/es\\\/montanas-rocosas\\\/hoteles\\\/#primaryimage\",\"url\":\"https:\\\/\\\/jameskaiser.com\\\/wp-content\\\/uploads\\\/2021\\\/06\\\/best-hotels-near-rocky-mountain-national-park.jpg\",\"contentUrl\":\"https:\\\/\\\/jameskaiser.com\\\/wp-content\\\/uploads\\\/2021\\\/06\\\/best-hotels-near-rocky-mountain-national-park.jpg\"},{\"@type\":\"BreadcrumbList\",\"@id\":\"https:\\\/\\\/jameskaiser.com\\\/es\\\/montanas-rocosas\\\/hoteles\\\/#breadcrumb\",\"itemListElement\":[{\"@type\":\"ListItem\",\"position\":1,\"name\":\"Home\",\"item\":\"https:\\\/\\\/jameskaiser.com\\\/es\\\/\"},{\"@type\":\"ListItem\",\"position\":2,\"name\":\"Monta\u00f1as Rocosas\",\"item\":\"https:\\\/\\\/jameskaiser.com\\\/es\\\/montanas-rocosas\\\/\"},{\"@type\":\"ListItem\",\"position\":3,\"name\":\"Hoteles\"}]},{\"@type\":\"WebSite\",\"@id\":\"https:\\\/\\\/jameskaiser.com\\\/es\\\/#website\",\"url\":\"https:\\\/\\\/jameskaiser.com\\\/es\\\/\",\"name\":\"James Kaiser\",\"description\":\"National Park Guides\",\"publisher\":{\"@id\":\"https:\\\/\\\/jameskaiser.com\\\/es\\\/#\\\/schema\\\/person\\\/5981104745a0770ef7007991f80d4ca0\"},\"potentialAction\":[{\"@type\":\"SearchAction\",\"target\":{\"@type\":\"EntryPoint\",\"urlTemplate\":\"https:\\\/\\\/jameskaiser.com\\\/es\\\/?s={search_term_string}\"},\"query-input\":{\"@type\":\"PropertyValueSpecification\",\"valueRequired\":true,\"valueName\":\"search_term_string\"}}],\"inLanguage\":\"es\"},{\"@type\":[\"Person\",\"Organization\"],\"@id\":\"https:\\\/\\\/jameskaiser.com\\\/es\\\/#\\\/schema\\\/person\\\/5981104745a0770ef7007991f80d4ca0\",\"name\":\"James Kaiser\",\"image\":{\"@type\":\"ImageObject\",\"inLanguage\":\"es\",\"@id\":\"https:\\\/\\\/secure.gravatar.com\\\/avatar\\\/9acc818dc334ece1637aed9a07c32b99dacc4c73e4cf79079b19ba425f2c2d0c?s=96&d=mm&r=g\",\"url\":\"https:\\\/\\\/secure.gravatar.com\\\/avatar\\\/9acc818dc334ece1637aed9a07c32b99dacc4c73e4cf79079b19ba425f2c2d0c?s=96&d=mm&r=g\",\"contentUrl\":\"https:\\\/\\\/secure.gravatar.com\\\/avatar\\\/9acc818dc334ece1637aed9a07c32b99dacc4c73e4cf79079b19ba425f2c2d0c?s=96&d=mm&r=g\",\"caption\":\"James Kaiser\"},\"logo\":{\"@id\":\"https:\\\/\\\/secure.gravatar.com\\\/avatar\\\/9acc818dc334ece1637aed9a07c32b99dacc4c73e4cf79079b19ba425f2c2d0c?s=96&d=mm&r=g\"},\"description\":\"James Kaiser is an award-winning travel writer and photographer whose work has appeared on the cover of \\\"National Geographic.\\\" He has written bestselling guidebooks to Costa Rica, Grand Canyon, Yosemite, Acadia, Joshua Tree, and Zion National Park.\",\"sameAs\":[\"http:\\\/\\\/www.jameskaiser.com\",\"https:\\\/\\\/www.facebook.com\\\/JamesKaiserTraveler\",\"https:\\\/\\\/x.com\\\/JamesKaiser_\"]}]}<\/script>\n<!-- \/ Yoast SEO Premium plugin. -->","yoast_head_json":{"title":"Los Mejores Hoteles en el Parque de Las Monta\u00f1as Rocosas &#8226; James Kaiser","description":"Mi gu\u00eda con los mejores hoteles cerca al Parque Nacional de Las Monta\u00f1as Rocosas!. Alojamientos r\u00fasticos, hoteles hist\u00f3ricos, cabinas, hoteles econ\u00f3micos y lujosos. Encuentre el hospedaje perfecto!","robots":{"index":"index","follow":"follow","max-snippet":"max-snippet:-1","max-image-preview":"max-image-preview:large","max-video-preview":"max-video-preview:-1"},"canonical":"https:\/\/jameskaiser.com\/es\/montanas-rocosas\/hoteles\/","og_locale":"es_ES","og_type":"article","og_title":"Los Mejores Hoteles y Alojamientos cerca al Parque de Las Monta\u00f1as Rocosas","og_description":"Mi gu\u00eda con los mejores hoteles cerca al Parque Nacional de Las Monta\u00f1as Rocosas!. Alojamientos r\u00fasticos, hoteles hist\u00f3ricos, cabinas, hoteles econ\u00f3micos y lujosos. Encuentre el hospedaje perfecto!","og_url":"https:\/\/jameskaiser.com\/es\/montanas-rocosas\/hoteles\/","og_site_name":"James Kaiser","article_publisher":"https:\/\/www.facebook.com\/JamesKaiserTraveler","article_modified_time":"2021-10-26T21:45:18+00:00","og_image":[{"url":"https:\/\/jameskaiser.com\/wp-content\/uploads\/2021\/06\/best-hotels-near-rocky-mountain-national-park.jpg","type":"","width":"","height":""}],"twitter_card":"summary_large_image","twitter_site":"@JamesKaiser_","twitter_misc":{"Tiempo de lectura":"3 minutos"},"schema":{"@context":"https:\/\/schema.org","@graph":[{"@type":"WebPage","@id":"https:\/\/jameskaiser.com\/es\/montanas-rocosas\/hoteles\/","url":"https:\/\/jameskaiser.com\/es\/montanas-rocosas\/hoteles\/","name":"Los Mejores Hoteles en el Parque de Las Monta\u00f1as Rocosas &#8226; James Kaiser","isPartOf":{"@id":"https:\/\/jameskaiser.com\/es\/#website"},"primaryImageOfPage":{"@id":"https:\/\/jameskaiser.com\/es\/montanas-rocosas\/hoteles\/#primaryimage"},"image":{"@id":"https:\/\/jameskaiser.com\/es\/montanas-rocosas\/hoteles\/#primaryimage"},"thumbnailUrl":"https:\/\/jameskaiser.com\/wp-content\/uploads\/2021\/06\/best-hotels-near-rocky-mountain-national-park.jpg","datePublished":"2021-10-19T20:26:35+00:00","dateModified":"2021-10-26T21:45:18+00:00","description":"Mi gu\u00eda con los mejores hoteles cerca al Parque Nacional de Las Monta\u00f1as Rocosas!. Alojamientos r\u00fasticos, hoteles hist\u00f3ricos, cabinas, hoteles econ\u00f3micos y lujosos. Encuentre el hospedaje perfecto!","breadcrumb":{"@id":"https:\/\/jameskaiser.com\/es\/montanas-rocosas\/hoteles\/#breadcrumb"},"inLanguage":"es","potentialAction":[{"@type":"ReadAction","target":["https:\/\/jameskaiser.com\/es\/montanas-rocosas\/hoteles\/"]}]},{"@type":"ImageObject","inLanguage":"es","@id":"https:\/\/jameskaiser.com\/es\/montanas-rocosas\/hoteles\/#primaryimage","url":"https:\/\/jameskaiser.com\/wp-content\/uploads\/2021\/06\/best-hotels-near-rocky-mountain-national-park.jpg","contentUrl":"https:\/\/jameskaiser.com\/wp-content\/uploads\/2021\/06\/best-hotels-near-rocky-mountain-national-park.jpg"},{"@type":"BreadcrumbList","@id":"https:\/\/jameskaiser.com\/es\/montanas-rocosas\/hoteles\/#breadcrumb","itemListElement":[{"@type":"ListItem","position":1,"name":"Home","item":"https:\/\/jameskaiser.com\/es\/"},{"@type":"ListItem","position":2,"name":"Monta\u00f1as Rocosas","item":"https:\/\/jameskaiser.com\/es\/montanas-rocosas\/"},{"@type":"ListItem","position":3,"name":"Hoteles"}]},{"@type":"WebSite","@id":"https:\/\/jameskaiser.com\/es\/#website","url":"https:\/\/jameskaiser.com\/es\/","name":"James Kaiser","description":"National Park Guides","publisher":{"@id":"https:\/\/jameskaiser.com\/es\/#\/schema\/person\/5981104745a0770ef7007991f80d4ca0"},"potentialAction":[{"@type":"SearchAction","target":{"@type":"EntryPoint","urlTemplate":"https:\/\/jameskaiser.com\/es\/?s={search_term_string}"},"query-input":{"@type":"PropertyValueSpecification","valueRequired":true,"valueName":"search_term_string"}}],"inLanguage":"es"},{"@type":["Person","Organization"],"@id":"https:\/\/jameskaiser.com\/es\/#\/schema\/person\/5981104745a0770ef7007991f80d4ca0","name":"James Kaiser","image":{"@type":"ImageObject","inLanguage":"es","@id":"https:\/\/secure.gravatar.com\/avatar\/9acc818dc334ece1637aed9a07c32b99dacc4c73e4cf79079b19ba425f2c2d0c?s=96&d=mm&r=g","url":"https:\/\/secure.gravatar.com\/avatar\/9acc818dc334ece1637aed9a07c32b99dacc4c73e4cf79079b19ba425f2c2d0c?s=96&d=mm&r=g","contentUrl":"https:\/\/secure.gravatar.com\/avatar\/9acc818dc334ece1637aed9a07c32b99dacc4c73e4cf79079b19ba425f2c2d0c?s=96&d=mm&r=g","caption":"James Kaiser"},"logo":{"@id":"https:\/\/secure.gravatar.com\/avatar\/9acc818dc334ece1637aed9a07c32b99dacc4c73e4cf79079b19ba425f2c2d0c?s=96&d=mm&r=g"},"description":"James Kaiser is an award-winning travel writer and photographer whose work has appeared on the cover of \"National Geographic.\" He has written bestselling guidebooks to Costa Rica, Grand Canyon, Yosemite, Acadia, Joshua Tree, and Zion National Park.","sameAs":["http:\/\/www.jameskaiser.com","https:\/\/www.facebook.com\/JamesKaiserTraveler","https:\/\/x.com\/JamesKaiser_"]}]}},"_links":{"self":[{"href":"https:\/\/jameskaiser.com\/es\/wp-json\/wp\/v2\/pages\/12558","targetHints":{"allow":["GET"]}}],"collection":[{"href":"https:\/\/jameskaiser.com\/es\/wp-json\/wp\/v2\/pages"}],"about":[{"href":"https:\/\/jameskaiser.com\/es\/wp-json\/wp\/v2\/types\/page"}],"author":[{"embeddable":true,"href":"https:\/\/jameskaiser.com\/es\/wp-json\/wp\/v2\/users\/3"}],"replies":[{"embeddable":true,"href":"https:\/\/jameskaiser.com\/es\/wp-json\/wp\/v2\/comments?post=12558"}],"version-history":[{"count":0,"href":"https:\/\/jameskaiser.com\/es\/wp-json\/wp\/v2\/pages\/12558\/revisions"}],"up":[{"embeddable":true,"href":"https:\/\/jameskaiser.com\/es\/wp-json\/wp\/v2\/pages\/12555"}],"wp:attachment":[{"href":"https:\/\/jameskaiser.com\/es\/wp-json\/wp\/v2\/media?parent=12558"}],"curies":[{"name":"wp","href":"https:\/\/api.w.org\/{rel}","templated":true}]}}