{"id":12550,"date":"2021-06-10T20:47:54","date_gmt":"2021-06-10T20:47:54","guid":{"rendered":"https:\/\/jameskaiser.com\/allenspark\/"},"modified":"2021-10-26T21:32:15","modified_gmt":"2021-10-26T21:32:15","slug":"allenspark","status":"publish","type":"page","link":"https:\/\/jameskaiser.com\/es\/montanas-rocosas\/hoteles\/allenspark\/","title":{"rendered":"Los Mejores Hoteles en Allenspark, Colorado"},"content":{"rendered":"\n<figure class=\"wp-block-image size-large\"><img loading=\"lazy\" decoding=\"async\" width=\"700\" height=\"840\" src=\"https:\/\/jameskaiser.com\/wp-content\/uploads\/2021\/06\/best-hotels-allenspark-colorado.jpg\" alt=\"\" class=\"wp-image-12426\" srcset=\"https:\/\/jameskaiser.com\/wp-content\/uploads\/2021\/06\/best-hotels-allenspark-colorado.jpg 700w, https:\/\/jameskaiser.com\/wp-content\/uploads\/2021\/06\/best-hotels-allenspark-colorado-250x300.jpg 250w, https:\/\/jameskaiser.com\/wp-content\/uploads\/2021\/06\/best-hotels-allenspark-colorado-50x60.jpg 50w, https:\/\/jameskaiser.com\/wp-content\/uploads\/2021\/06\/best-hotels-allenspark-colorado-75x90.jpg 75w\" sizes=\"auto, (max-width: 700px) 100vw, 700px\" \/><\/figure>\n\n\n\n<p>Ubicado cerca de las zonas de  Wild Basin y Longs Peak, Allenspark ofrece r\u00e1pido acceso a algunas de las \u00e1reas m\u00e1s bonitas del <a href=\"https:\/\/jameskaiser.com\/es\/montanas-rocosas\/\">Parque Nacional de Las Monta\u00f1as Rocosas<\/a>.  No hay muchas opciones de tiendas y restaurantes en Allenspark, pero todo esto hace parte de su encanto. El rinc\u00f3n suroeste del parque es hogar de algunas de las mejores caminatas en las monta\u00f1as rocosas. Y los paisajes salvajes, y agrestes te har\u00e1n sentir a a\u00f1os luz de la escena multitudinaria de Estes Park. <\/p>\n\n\n\n<h4 id=\"h-recommended\"><i class=\"fa fa-star\"><\/i> = Recomendado<\/h4>\n\n\n\n<div style=\"height:50px\" aria-hidden=\"true\" class=\"wp-block-spacer\"><\/div>\n\n\n\n<h2 class=\"wp-block-heading\" id=\"h-hoteles-en-allenspark\">Hoteles en Allenspark <\/h2>\n\n\n\n<h3><i class=\"fa fa-star\"><\/i> <a href=\"https:\/\/allensparklodgebnb.com\/\" target=\"_blank\" rel=\"noopener noreferrer\"> Allenspark Lodge<\/a><\/h3>\n\n\n\n<h3><i class=\"fa fa-star\"><\/i> <a href=\"https:\/\/www.sunshinemtnlodge.com\/\" target=\"_blank\" rel=\"noopener noreferrer\"> Sunshine Mountain Lodge<\/a><\/h3>\n\n\n\n<h3><a href=\"http:\/\/www.meekerparklodge.co\/\" target=\"_blank\" rel=\"noopener noreferrer\"> Meeker Park Lodge<\/a><\/h3>\n\n\n\n<div style=\"height:50px\" aria-hidden=\"true\" class=\"wp-block-spacer\"><\/div>\n\n\n\n<h2 class=\"wp-block-heading\" id=\"h-caba-as-en-allenspark\">Caba\u00f1as en Allenspark <\/h2>\n\n\n\n<h3><a href=\"https:\/\/www.booking.com\/hotel\/us\/big-owl.xu.html?aid=809279&amp;no_rooms=1&amp;group_adults=2&amp;label=AR_ES\" target=\"_blank\" rel=\"noopener noreferrer\"> Big Owl<\/a><\/h3>\n\n\n\n<h3><a href=\"https:\/\/www.booking.com\/hotel\/us\/new-allenspark-cabin-in-rocky-mtn-national-park.xu.html?aid=809279&amp;no_rooms=1&amp;group_adults=2&amp;label=AR_ES\" target=\"_blank\" rel=\"noopener noreferrer\"> Hiawatha<\/a><\/h3>\n\n\n\n<h3><a href=\"https:\/\/www.booking.com\/hotel\/us\/5-acre-allenspark-cabin-w-rocky-mntn-views-pond.xu.html?aid=809279&amp;no_rooms=1&amp;group_adults=2&amp;label=AR_ES\" target=\"_blank\" rel=\"noopener noreferrer\"> Allenspark Cabin<\/a><\/h3>\n\n\n\n<h3><a href=\"https:\/\/www.booking.com\/hotel\/us\/mountain-masterpiece-by-rocky-mountain-resorts.xu.html?aid=809279&amp;no_rooms=1&amp;group_adults=2&amp;label=AR_ES\" target=\"_blank\" rel=\"noopener noreferrer\"> Mountain Masterpiece<\/a><\/h3>\n\n\n\n<h3><a href=\"https:\/\/www.booking.com\/hotel\/us\/columbine-retreat-allenspark.en.html?aid=809279&amp;no_rooms=1&amp;group_adults=2\" target=\"_blank\" rel=\"noopener noreferrer\"> Columbine Retreat<\/a><\/h3>\n\n\n\n<div style=\"height:50px\" aria-hidden=\"true\" class=\"wp-block-spacer\"><\/div>\n\n\n\n<h2 class=\"has-text-align-center wp-block-heading\" id=\"h-planea-el-viaje-perfecto-a-rocky\">Planea el Viaje Perfecto a Rocky!<\/h2>\n\n\n\n<h3 class=\"has-text-align-center wp-block-heading\" id=\"h-rocky-mountain-national-park-the-complete-guide\"><em>Rocky Mountain National Park: The Complete Guide<\/em><\/h3>\n\n\n\n<div style=\"height:30px\" aria-hidden=\"true\" class=\"wp-block-spacer\"><\/div>\n\n\n\n<div class=\"one-third first\">\n<img decoding=\"async\" src=\"https:\/\/jameskaiser.com\/wp-content\/uploads\/2021\/05\/Rocky-Guide-Cover.jpg\" class=\"aligncenter\">\n<\/div>\n\n<div class=\"two-thirds\">\n<div style=\"height:20px\" aria-hidden=\"true\" class=\"wp-block-spacer\"><\/div>\n<center>\n<span class=\"dashicons dashicons-star-filled\" style=\"color:orange;font-size:2em; padding-right:30px;\"><\/span>  \n<span class=\"dashicons dashicons-star-filled\" style=\"color:orange;font-size:2em; padding-right:30px;\"><\/span>  \n<span class=\"dashicons dashicons-star-filled\" style=\"color:orange;font-size:2em; padding-right:30px;\"><\/span>  \n<span class=\"dashicons dashicons-star-filled\" style=\"color:orange;font-size:2em; padding-right:30px;\"><\/span>  \n<span class=\"dashicons dashicons-star-filled\" style=\"color:orange;font-size:2em; padding-right:30px;\"><\/span>\n<div style=\"height:30px\" aria-hidden=\"true\" class=\"wp-block-spacer\"><\/div>\n\n<p><strong>La MEJOR Gu\u00eda de Viaje del Parque de Las Monta\u00f1as Rocosas<\/strong><br>Full-color y llena de tips secretos.<br>Planea una aventura inolvidable en Las Monta\u00f1as Rocosas!<\/p>\n\n<div class=\"wp-block-button is-style-squared aligncenter\"><a class=\"wp-block-button__link has-background has-luminous-vivid-orange-background-color\" href=\"https:\/\/amzn.to\/3wEVNWn\" rel=\"nofollow noopener noreferrer\" target=\"_blank\">Ver en Amazon<\/a><\/div>\n<p><\/p>\n<div class=\"wp-block-button is-style-squared\"><a class=\"wp-block-button__link has-background has-luminous-vivid-orange-background-color\" href=\"https:\/\/bookshop.org\/lists\/fabulous-national-park-guidebooks\/\" target=\"blank\" rel=\"nofollow noopener noreferrer\">Ver en Bookshop.org<\/a><\/div><\/center>\n<\/div>\n","protected":false},"excerpt":{"rendered":"<p>Ubicado cerca de las zonas de Wild Basin y Longs Peak, Allenspark ofrece r\u00e1pido acceso a algunas de las \u00e1reas m\u00e1s bonitas del Parque Nacional de Las Monta\u00f1as Rocosas. No hay muchas opciones de tiendas y restaurantes en Allenspark, pero todo esto hace parte de su encanto. El rinc\u00f3n suroeste del parque es hogar de [&hellip;]<\/p>\n","protected":false},"author":1,"featured_media":0,"parent":12558,"menu_order":0,"comment_status":"closed","ping_status":"closed","template":"","meta":{"footnotes":""},"class_list":["post-12550","page","type-page","status-publish","hentry"],"yoast_head":"<!-- This site is optimized with the Yoast SEO Premium plugin v27.4 (Yoast SEO v27.5) - https:\/\/yoast.com\/product\/yoast-seo-premium-wordpress\/ -->\n<title>Los Mejores Hoteles en Allenspark, Colorado &#8226; James Kaiser<\/title>\n<meta name=\"description\" content=\"Hoteles en Allenspark, Colorado. Encuentra las mejores opciones de alojamiento cerca a Wild Basin y Longs Peak en el Parque Nacional de Las Monta\u00f1as Rocosas.\" \/>\n<meta name=\"robots\" content=\"index, follow, max-snippet:-1, max-image-preview:large, max-video-preview:-1\" \/>\n<link rel=\"canonical\" href=\"https:\/\/jameskaiser.com\/es\/montanas-rocosas\/hoteles\/allenspark\/\" \/>\n<meta property=\"og:locale\" content=\"es_ES\" \/>\n<meta property=\"og:type\" content=\"article\" \/>\n<meta property=\"og:title\" content=\"Los Mejores Hoteles en Allenspark, Colorado\" \/>\n<meta property=\"og:description\" content=\"Hoteles en Allenspark, Colorado. Encuentra las mejores opciones de alojamiento cerca a Wild Basin y Longs Peak en el Parque Nacional de Las Monta\u00f1as Rocosas.\" \/>\n<meta property=\"og:url\" content=\"https:\/\/jameskaiser.com\/es\/montanas-rocosas\/hoteles\/allenspark\/\" \/>\n<meta property=\"og:site_name\" content=\"James Kaiser\" \/>\n<meta property=\"article:publisher\" content=\"https:\/\/www.facebook.com\/JamesKaiserTraveler\" \/>\n<meta property=\"article:modified_time\" content=\"2021-10-26T21:32:15+00:00\" \/>\n<meta property=\"og:image\" content=\"https:\/\/jameskaiser.com\/wp-content\/uploads\/2021\/06\/best-hotels-allenspark-colorado.jpg\" \/>\n<meta name=\"twitter:card\" content=\"summary_large_image\" \/>\n<meta name=\"twitter:site\" content=\"@JamesKaiser_\" \/>\n<meta name=\"twitter:label1\" content=\"Tiempo de lectura\" \/>\n\t<meta name=\"twitter:data1\" content=\"1 minuto\" \/>\n<script type=\"application\/ld+json\" class=\"yoast-schema-graph\">{\"@context\":\"https:\\\/\\\/schema.org\",\"@graph\":[{\"@type\":\"WebPage\",\"@id\":\"https:\\\/\\\/jameskaiser.com\\\/es\\\/montanas-rocosas\\\/hoteles\\\/allenspark\\\/\",\"url\":\"https:\\\/\\\/jameskaiser.com\\\/es\\\/montanas-rocosas\\\/hoteles\\\/allenspark\\\/\",\"name\":\"Los Mejores Hoteles en Allenspark, Colorado &#8226; James Kaiser\",\"isPartOf\":{\"@id\":\"https:\\\/\\\/jameskaiser.com\\\/es\\\/#website\"},\"primaryImageOfPage\":{\"@id\":\"https:\\\/\\\/jameskaiser.com\\\/es\\\/montanas-rocosas\\\/hoteles\\\/allenspark\\\/#primaryimage\"},\"image\":{\"@id\":\"https:\\\/\\\/jameskaiser.com\\\/es\\\/montanas-rocosas\\\/hoteles\\\/allenspark\\\/#primaryimage\"},\"thumbnailUrl\":\"https:\\\/\\\/jameskaiser.com\\\/wp-content\\\/uploads\\\/2021\\\/06\\\/best-hotels-allenspark-colorado.jpg\",\"datePublished\":\"2021-06-10T20:47:54+00:00\",\"dateModified\":\"2021-10-26T21:32:15+00:00\",\"description\":\"Hoteles en Allenspark, Colorado. Encuentra las mejores opciones de alojamiento cerca a Wild Basin y Longs Peak en el Parque Nacional de Las Monta\u00f1as Rocosas.\",\"breadcrumb\":{\"@id\":\"https:\\\/\\\/jameskaiser.com\\\/es\\\/montanas-rocosas\\\/hoteles\\\/allenspark\\\/#breadcrumb\"},\"inLanguage\":\"es\",\"potentialAction\":[{\"@type\":\"ReadAction\",\"target\":[\"https:\\\/\\\/jameskaiser.com\\\/es\\\/montanas-rocosas\\\/hoteles\\\/allenspark\\\/\"]}]},{\"@type\":\"ImageObject\",\"inLanguage\":\"es\",\"@id\":\"https:\\\/\\\/jameskaiser.com\\\/es\\\/montanas-rocosas\\\/hoteles\\\/allenspark\\\/#primaryimage\",\"url\":\"https:\\\/\\\/jameskaiser.com\\\/wp-content\\\/uploads\\\/2021\\\/06\\\/best-hotels-allenspark-colorado.jpg\",\"contentUrl\":\"https:\\\/\\\/jameskaiser.com\\\/wp-content\\\/uploads\\\/2021\\\/06\\\/best-hotels-allenspark-colorado.jpg\"},{\"@type\":\"BreadcrumbList\",\"@id\":\"https:\\\/\\\/jameskaiser.com\\\/es\\\/montanas-rocosas\\\/hoteles\\\/allenspark\\\/#breadcrumb\",\"itemListElement\":[{\"@type\":\"ListItem\",\"position\":1,\"name\":\"Home\",\"item\":\"https:\\\/\\\/jameskaiser.com\\\/es\\\/\"},{\"@type\":\"ListItem\",\"position\":2,\"name\":\"Monta\u00f1as Rocosas\",\"item\":\"https:\\\/\\\/jameskaiser.com\\\/es\\\/montanas-rocosas\\\/\"},{\"@type\":\"ListItem\",\"position\":3,\"name\":\"Hoteles\",\"item\":\"https:\\\/\\\/jameskaiser.com\\\/es\\\/montanas-rocosas\\\/hoteles\\\/\"},{\"@type\":\"ListItem\",\"position\":4,\"name\":\"Allenspark\"}]},{\"@type\":\"WebSite\",\"@id\":\"https:\\\/\\\/jameskaiser.com\\\/es\\\/#website\",\"url\":\"https:\\\/\\\/jameskaiser.com\\\/es\\\/\",\"name\":\"James Kaiser\",\"description\":\"National Park Guides\",\"publisher\":{\"@id\":\"https:\\\/\\\/jameskaiser.com\\\/es\\\/#\\\/schema\\\/person\\\/5981104745a0770ef7007991f80d4ca0\"},\"potentialAction\":[{\"@type\":\"SearchAction\",\"target\":{\"@type\":\"EntryPoint\",\"urlTemplate\":\"https:\\\/\\\/jameskaiser.com\\\/es\\\/?s={search_term_string}\"},\"query-input\":{\"@type\":\"PropertyValueSpecification\",\"valueRequired\":true,\"valueName\":\"search_term_string\"}}],\"inLanguage\":\"es\"},{\"@type\":[\"Person\",\"Organization\"],\"@id\":\"https:\\\/\\\/jameskaiser.com\\\/es\\\/#\\\/schema\\\/person\\\/5981104745a0770ef7007991f80d4ca0\",\"name\":\"James Kaiser\",\"image\":{\"@type\":\"ImageObject\",\"inLanguage\":\"es\",\"@id\":\"https:\\\/\\\/secure.gravatar.com\\\/avatar\\\/9acc818dc334ece1637aed9a07c32b99dacc4c73e4cf79079b19ba425f2c2d0c?s=96&d=mm&r=g\",\"url\":\"https:\\\/\\\/secure.gravatar.com\\\/avatar\\\/9acc818dc334ece1637aed9a07c32b99dacc4c73e4cf79079b19ba425f2c2d0c?s=96&d=mm&r=g\",\"contentUrl\":\"https:\\\/\\\/secure.gravatar.com\\\/avatar\\\/9acc818dc334ece1637aed9a07c32b99dacc4c73e4cf79079b19ba425f2c2d0c?s=96&d=mm&r=g\",\"caption\":\"James Kaiser\"},\"logo\":{\"@id\":\"https:\\\/\\\/secure.gravatar.com\\\/avatar\\\/9acc818dc334ece1637aed9a07c32b99dacc4c73e4cf79079b19ba425f2c2d0c?s=96&d=mm&r=g\"},\"description\":\"James Kaiser is an award-winning travel writer and photographer whose work has appeared on the cover of \\\"National Geographic.\\\" He has written bestselling guidebooks to Costa Rica, Grand Canyon, Yosemite, Acadia, Joshua Tree, and Zion National Park.\",\"sameAs\":[\"http:\\\/\\\/www.jameskaiser.com\",\"https:\\\/\\\/www.facebook.com\\\/JamesKaiserTraveler\",\"https:\\\/\\\/x.com\\\/JamesKaiser_\"]}]}<\/script>\n<!-- \/ Yoast SEO Premium plugin. -->","yoast_head_json":{"title":"Los Mejores Hoteles en Allenspark, Colorado &#8226; James Kaiser","description":"Hoteles en Allenspark, Colorado. Encuentra las mejores opciones de alojamiento cerca a Wild Basin y Longs Peak en el Parque Nacional de Las Monta\u00f1as Rocosas.","robots":{"index":"index","follow":"follow","max-snippet":"max-snippet:-1","max-image-preview":"max-image-preview:large","max-video-preview":"max-video-preview:-1"},"canonical":"https:\/\/jameskaiser.com\/es\/montanas-rocosas\/hoteles\/allenspark\/","og_locale":"es_ES","og_type":"article","og_title":"Los Mejores Hoteles en Allenspark, Colorado","og_description":"Hoteles en Allenspark, Colorado. Encuentra las mejores opciones de alojamiento cerca a Wild Basin y Longs Peak en el Parque Nacional de Las Monta\u00f1as Rocosas.","og_url":"https:\/\/jameskaiser.com\/es\/montanas-rocosas\/hoteles\/allenspark\/","og_site_name":"James Kaiser","article_publisher":"https:\/\/www.facebook.com\/JamesKaiserTraveler","article_modified_time":"2021-10-26T21:32:15+00:00","og_image":[{"url":"https:\/\/jameskaiser.com\/wp-content\/uploads\/2021\/06\/best-hotels-allenspark-colorado.jpg","type":"","width":"","height":""}],"twitter_card":"summary_large_image","twitter_site":"@JamesKaiser_","twitter_misc":{"Tiempo de lectura":"1 minuto"},"schema":{"@context":"https:\/\/schema.org","@graph":[{"@type":"WebPage","@id":"https:\/\/jameskaiser.com\/es\/montanas-rocosas\/hoteles\/allenspark\/","url":"https:\/\/jameskaiser.com\/es\/montanas-rocosas\/hoteles\/allenspark\/","name":"Los Mejores Hoteles en Allenspark, Colorado &#8226; James Kaiser","isPartOf":{"@id":"https:\/\/jameskaiser.com\/es\/#website"},"primaryImageOfPage":{"@id":"https:\/\/jameskaiser.com\/es\/montanas-rocosas\/hoteles\/allenspark\/#primaryimage"},"image":{"@id":"https:\/\/jameskaiser.com\/es\/montanas-rocosas\/hoteles\/allenspark\/#primaryimage"},"thumbnailUrl":"https:\/\/jameskaiser.com\/wp-content\/uploads\/2021\/06\/best-hotels-allenspark-colorado.jpg","datePublished":"2021-06-10T20:47:54+00:00","dateModified":"2021-10-26T21:32:15+00:00","description":"Hoteles en Allenspark, Colorado. Encuentra las mejores opciones de alojamiento cerca a Wild Basin y Longs Peak en el Parque Nacional de Las Monta\u00f1as Rocosas.","breadcrumb":{"@id":"https:\/\/jameskaiser.com\/es\/montanas-rocosas\/hoteles\/allenspark\/#breadcrumb"},"inLanguage":"es","potentialAction":[{"@type":"ReadAction","target":["https:\/\/jameskaiser.com\/es\/montanas-rocosas\/hoteles\/allenspark\/"]}]},{"@type":"ImageObject","inLanguage":"es","@id":"https:\/\/jameskaiser.com\/es\/montanas-rocosas\/hoteles\/allenspark\/#primaryimage","url":"https:\/\/jameskaiser.com\/wp-content\/uploads\/2021\/06\/best-hotels-allenspark-colorado.jpg","contentUrl":"https:\/\/jameskaiser.com\/wp-content\/uploads\/2021\/06\/best-hotels-allenspark-colorado.jpg"},{"@type":"BreadcrumbList","@id":"https:\/\/jameskaiser.com\/es\/montanas-rocosas\/hoteles\/allenspark\/#breadcrumb","itemListElement":[{"@type":"ListItem","position":1,"name":"Home","item":"https:\/\/jameskaiser.com\/es\/"},{"@type":"ListItem","position":2,"name":"Monta\u00f1as Rocosas","item":"https:\/\/jameskaiser.com\/es\/montanas-rocosas\/"},{"@type":"ListItem","position":3,"name":"Hoteles","item":"https:\/\/jameskaiser.com\/es\/montanas-rocosas\/hoteles\/"},{"@type":"ListItem","position":4,"name":"Allenspark"}]},{"@type":"WebSite","@id":"https:\/\/jameskaiser.com\/es\/#website","url":"https:\/\/jameskaiser.com\/es\/","name":"James Kaiser","description":"National Park Guides","publisher":{"@id":"https:\/\/jameskaiser.com\/es\/#\/schema\/person\/5981104745a0770ef7007991f80d4ca0"},"potentialAction":[{"@type":"SearchAction","target":{"@type":"EntryPoint","urlTemplate":"https:\/\/jameskaiser.com\/es\/?s={search_term_string}"},"query-input":{"@type":"PropertyValueSpecification","valueRequired":true,"valueName":"search_term_string"}}],"inLanguage":"es"},{"@type":["Person","Organization"],"@id":"https:\/\/jameskaiser.com\/es\/#\/schema\/person\/5981104745a0770ef7007991f80d4ca0","name":"James Kaiser","image":{"@type":"ImageObject","inLanguage":"es","@id":"https:\/\/secure.gravatar.com\/avatar\/9acc818dc334ece1637aed9a07c32b99dacc4c73e4cf79079b19ba425f2c2d0c?s=96&d=mm&r=g","url":"https:\/\/secure.gravatar.com\/avatar\/9acc818dc334ece1637aed9a07c32b99dacc4c73e4cf79079b19ba425f2c2d0c?s=96&d=mm&r=g","contentUrl":"https:\/\/secure.gravatar.com\/avatar\/9acc818dc334ece1637aed9a07c32b99dacc4c73e4cf79079b19ba425f2c2d0c?s=96&d=mm&r=g","caption":"James Kaiser"},"logo":{"@id":"https:\/\/secure.gravatar.com\/avatar\/9acc818dc334ece1637aed9a07c32b99dacc4c73e4cf79079b19ba425f2c2d0c?s=96&d=mm&r=g"},"description":"James Kaiser is an award-winning travel writer and photographer whose work has appeared on the cover of \"National Geographic.\" He has written bestselling guidebooks to Costa Rica, Grand Canyon, Yosemite, Acadia, Joshua Tree, and Zion National Park.","sameAs":["http:\/\/www.jameskaiser.com","https:\/\/www.facebook.com\/JamesKaiserTraveler","https:\/\/x.com\/JamesKaiser_"]}]}},"_links":{"self":[{"href":"https:\/\/jameskaiser.com\/es\/wp-json\/wp\/v2\/pages\/12550","targetHints":{"allow":["GET"]}}],"collection":[{"href":"https:\/\/jameskaiser.com\/es\/wp-json\/wp\/v2\/pages"}],"about":[{"href":"https:\/\/jameskaiser.com\/es\/wp-json\/wp\/v2\/types\/page"}],"author":[{"embeddable":true,"href":"https:\/\/jameskaiser.com\/es\/wp-json\/wp\/v2\/users\/1"}],"replies":[{"embeddable":true,"href":"https:\/\/jameskaiser.com\/es\/wp-json\/wp\/v2\/comments?post=12550"}],"version-history":[{"count":0,"href":"https:\/\/jameskaiser.com\/es\/wp-json\/wp\/v2\/pages\/12550\/revisions"}],"up":[{"embeddable":true,"href":"https:\/\/jameskaiser.com\/es\/wp-json\/wp\/v2\/pages\/12558"}],"wp:attachment":[{"href":"https:\/\/jameskaiser.com\/es\/wp-json\/wp\/v2\/media?parent=12550"}],"curies":[{"name":"wp","href":"https:\/\/api.w.org\/{rel}","templated":true}]}}