{"id":10751,"date":"2020-04-20T13:55:23","date_gmt":"2020-04-20T13:55:23","guid":{"rendered":"https:\/\/jameskaiser.com\/?page_id=10751"},"modified":"2020-08-09T19:56:50","modified_gmt":"2020-08-09T19:56:50","slug":"visitar","status":"publish","type":"page","link":"https:\/\/jameskaiser.com\/es\/zion\/visitar\/","title":{"rendered":"Mejor \u00c9poca para Visitar el Parque Nacional Zion"},"content":{"rendered":"\n<figure class=\"wp-block-image size-large\"><img loading=\"lazy\" decoding=\"async\" width=\"700\" height=\"840\" src=\"https:\/\/jameskaiser.com\/wp-content\/uploads\/2020\/04\/mejor-epoca-visitar-zion.jpg\" alt=\"Mejor \u00e9poca para visitar el Parque Nacional Zion\" class=\"wp-image-10752\"\/><\/figure>\n\n\n\n<p>Cu\u00e1l es el mejor mes para visitar el <a href=\"https:\/\/jameskaiser.com\/es\/zion\/\">Parque Nacional Zion<\/a>? Bueno, esto realmente depende de lo que est\u00e1s buscando. Zion siempre es espectacular, pero cada estaci\u00f3n o temporada trae consigo sus pro y sus contra.<\/p>\n\n\n\n<p>Primavera tiene menos gente y temperaturas muy buenas, pero la nieve que a\u00fan queda del invierno mas la nieve derretida puede hacer que partes del parque permanezcan cerradas, incluyendo \u00abThe Narrows\u00bb. <\/p>\n\n\n\n<p>Verano es caliente y lleno de gente en el Ca\u00f1\u00f3n de Zion. Esta es una \u00e9poca grandiosa para visitar las zonas m\u00e1s altas, frescas y menos congestionadas del parque:  East Zion, Kolob Terrace, y Kolob Canyons.<\/p>\n\n\n\n<p>Oto\u00f1o es una de mis estaciones favoritas en Zion. Las temperaturas son geniales,  hay menos gente, y el cambio de color de los \u00e1rboles ilumina el parque. <\/p>\n\n\n\n<p>Saber que esperar te ayudar\u00e1 a planificar un viaje incre\u00edble, sin importar cu\u00e1ndo visitas Zion. <\/p>\n\n\n\n<h2 class=\"wp-block-heading\">Temperatura &amp; Precipitaci\u00f3n en Zion <\/h2>\n\n\n\n<figure class=\"wp-block-image\"><img loading=\"lazy\" decoding=\"async\" width=\"700\" height=\"428\" src=\"https:\/\/jameskaiser.com\/wp-content\/uploads\/2019\/04\/Zion-Temperature-Graph.gif\" alt=\"\" class=\"wp-image-9450\"\/><\/figure>\n\n\n\n<p>Puedes ver tambi\u00e9n: <a href=\"https:\/\/jameskaiser.com\/zion\/weather\/\">Weather in Zion National Park<\/a><\/p>\n\n\n\n<figure class=\"wp-block-image size-large\"><img loading=\"lazy\" decoding=\"async\" width=\"700\" height=\"500\" src=\"https:\/\/jameskaiser.com\/wp-content\/uploads\/2020\/04\/aquilegia-formosa-parque-nacional-zion.jpg\" alt=\"aquilegia formosa, western columbine, Parque Nacional Zion\" class=\"wp-image-10754\"\/><\/figure>\n\n\n\n<h2 class=\"wp-block-heading\">Primavera en Zion: Marzo, Abril y Mayo<\/h2>\n\n\n\n<p>D\u00edas largos, clima agradable y menos gente hacen de la  primavera una \u00e9poca perfecta para visitar Zion. <\/p>\n\n\n\n<p>A inicios de la primavera (finales de Marzo, Abril) a\u00fan puede ser fr\u00edo, pero casi siempre la nieve derretida forma hermosas cataratas en el Ca\u00f1\u00f3n de Zion. Entre m\u00e1s nieve haya en el invierno, m\u00e1s grande son las cataratas. Desafortunadamente, los inviernos con mucha nieve pueden limitar las caminatas en alta monta\u00f1a y mantener \u00abThe Narrows\u00bb cerrado hasta Junio debido a los grandes flujos de nieve derretida.  <\/p>\n\n\n\n<p>Mayo es uno de mis meses favoritos, lleno con temperaturas c\u00e1lidas y hermosas flores silvestres.  <\/p>\n\n\n\n<p>El fin de semana de \u00abMemorial Day\u00bb (el fin de semana m\u00e1s lleno del a\u00f1o) anuncia la llegada de gran cantidad de gente y altas temperaturas para los siguientes meses. <\/p>\n\n\n\n<figure class=\"wp-block-image size-large\"><img loading=\"lazy\" decoding=\"async\" width=\"700\" height=\"500\" src=\"https:\/\/jameskaiser.com\/wp-content\/uploads\/2020\/04\/east-rim-trail-parque-nacional-zion-utah.jpg\" alt=\"East Rim Trail, Parque Nacional Zion, Utah\" class=\"wp-image-10762\"\/><\/figure>\n\n\n\n<h2 class=\"wp-block-heading\">Verano en Zion: Junio, Julio, Agosto<\/h2>\n\n\n\n<p>Verano en el Ca\u00f1\u00f3n Zion is caliente y ocupado, con largas filas en las paradas de buses y temperaturas que llegan a los 100\u02daF. Reserva hoteles y espacios para acampar con mucha anticipaci\u00f3n.<\/p>\n\n\n\n<p>Para escapar el calor sofocante y las hordas de turistas en el Ca\u00f1\u00f3n de Zion, puedes dirigirte a zonas menos conocidas y m\u00e1s altas como \u00abKolob Terrace\u00bb y \u00abKolob Canyons:, que son hermosos en el verano. <\/p>\n\n\n\n<p>Ten en cuenta la temporada de monz\u00f3n, que viene acompa\u00f1ada  de tormentas regulares en las tardes. Esta temporada inicia en Junio y puede ir hasta Septiembre.<\/p>\n\n\n\n<figure class=\"wp-block-image size-large\"><img loading=\"lazy\" decoding=\"async\" width=\"700\" height=\"500\" src=\"https:\/\/jameskaiser.com\/wp-content\/uploads\/2020\/04\/zion-oton\u0303o-cambio-colores.jpg\" alt=\"Cambio de colores vegetaci\u00f3n en East Zion, Parque Nacional Zion\" class=\"wp-image-10764\"\/><\/figure>\n\n\n\n<h2 class=\"wp-block-heading\">Oto\u00f1o en Zion: Septiembre, Octubre, Noviembre<\/h2>\n\n\n\n<p>Oto\u00f1o es uno de mis tiempos favoritas para visitar Zion gracias a sus agradables temperaturas, y multitudes reducidas, y\u2014lo mejor de todo\u2014cambio de color de la vegetaci\u00f3n. <\/p>\n\n\n\n<p>Despu\u00e9s de \u00abLabor Day\u00bb, la cantidad de visitantes y las temperaturas disminuyen, lo cual hace de Septiembre un mes maravilloso para visitar Zion. <\/p>\n\n\n\n<p>A finales de Septiembre\/comienzos de Octubre las temperturas durante el d\u00eda son casi siempre geniales. <\/p>\n\n\n\n<p>El cambio de color en la vegetaci\u00f3n inicia a comienzos de Octubre en las partes altas del parque, y luego desciende progresivamente durante las siguientes semanas hasta el fondo del Ca\u00f1\u00f3n. El punto cumbre en el cambio de color  en el Ca\u00f1\u00f3n Zion se da a finales de Octubre\/comienzos de Noviembre.  <\/p>\n\n\n\n<figure class=\"wp-block-image size-large\"><img loading=\"lazy\" decoding=\"async\" width=\"700\" height=\"500\" src=\"https:\/\/jameskaiser.com\/wp-content\/uploads\/2020\/04\/zion-invierno-kolob-canyons.jpg\" alt=\"Invierno en Kolob Canyons, Parque Nacional Zion\" class=\"wp-image-10766\"\/><\/figure>\n\n\n\n<h2 class=\"wp-block-heading\">Invierno en Zion: Deciembre, Enero, Febrero<\/h2>\n\n\n\n<p>Las temperaturas fr\u00edas mantienen a muchos visitantes lejos de Zion durante esta temporada, pero no se imaginan lo hermosos que se ve el parque despu\u00e9s de una nevada. <\/p>\n\n\n\n<p>Si no te importa el fr\u00edo, \u00e9sta es una gran \u00e9poca para visitar Zion. Casi todo el parque est\u00e1 abierto a excepci\u00f3n de Lava Point, el cual est\u00e1 casi siempre inaccesible por la nieve. <\/p>\n\n\n\n<p>La desventaja m\u00e1s grande de visitar Zion en el invierno: las aventuras al aire libre son limitadas al igual que los programas que ofrecen los guardaparques. La mayor ventaja de visitar Zion en el invierno: los veh\u00edculos privados pueden transitar a trav\u00e9s del Ca\u00f1\u00f3n de Zion sin restricci\u00f3n cuando la ruta de bus para visitantes no est\u00e1 operando.<\/p>\n\n\n\n<hr class=\"wp-block-separator\"\/>\n\n\n\n<h2 class=\"has-text-align-center wp-block-heading\">Planea el Viaje Perfecto a Zion!<\/h2>\n\n\n\n<h3 class=\"has-text-align-center wp-block-heading\">Ordena mi gu\u00eda <em>Zion: The Complete Guide<\/em><\/h3>\n\n\n\n<div style=\"height:30px\" aria-hidden=\"true\" class=\"wp-block-spacer\"><\/div>\n\n\n\n<div class=\"one-third first\">\n<img decoding=\"async\" src=\"https:\/\/jameskaiser.com\/wp-content\/uploads\/2019\/04\/Zion-Cover-250.jpg\" class=\"aligncenter\">\n<\/div>\n\n<div class=\"two-thirds\">\n<div style=\"height:20px\" aria-hidden=\"true\" class=\"wp-block-spacer\"><\/div>\n<center>\n<span class=\"dashicons dashicons-star-filled\" style=\"color:orange;font-size:2em; padding-right:30px;\"><\/span>  \n<span class=\"dashicons dashicons-star-filled\" style=\"color:orange;font-size:2em; padding-right:30px;\"><\/span>  \n<span class=\"dashicons dashicons-star-filled\" style=\"color:orange;font-size:2em; padding-right:30px;\"><\/span>  \n<span class=\"dashicons dashicons-star-filled\" style=\"color:orange;font-size:2em; padding-right:30px;\"><\/span>  \n<span class=\"dashicons dashicons-star-filled\" style=\"color:orange;font-size:2em; padding-right:30px;\"><\/span>\n<div style=\"height:30px\" aria-hidden=\"true\" class=\"wp-block-spacer\"><\/div>\n\n<p><strong>The #1 Zion guidebook.<\/strong><\/br>Full-color and filled with insider tips.<\/br>Plan the ultimate Zion adventure!<\/p>\n\n<div class=\"wp-block-button is-style-squared aligncenter\"><a class=\"wp-block-button__link has-background has-luminous-vivid-orange-background-color\" href=\"https:\/\/amzn.to\/2y4cs9x\" rel=\"nofollow noopener noreferrer\" target=\"_blank\">View on Amazon<\/a><\/div>\n<p><\/p>\n<div class=\"wp-block-button is-style-squared\"><a class=\"wp-block-button__link has-background has-luminous-vivid-orange-background-color\" href=\"https:\/\/bookshop.org\/lists\/fabulous-national-park-guidebooks\/\" target=\"blank\" rel=\"nofollow noopener noreferrer\">View on Bookshop.org<\/a><\/div><\/center>\n<\/div>\n\n\n\n<div style=\"height:37px\" aria-hidden=\"true\" class=\"wp-block-spacer\"><\/div>\n","protected":false},"excerpt":{"rendered":"<p>Cu\u00e1l es el mejor mes para visitar el Parque Nacional Zion? Bueno, esto realmente depende de lo que est\u00e1s buscando. Zion siempre es espectacular, pero cada estaci\u00f3n o temporada trae consigo sus pro y sus contra. Primavera tiene menos gente y temperaturas muy buenas, pero la nieve que a\u00fan queda del invierno mas la nieve [&hellip;]<\/p>\n","protected":false},"author":3,"featured_media":0,"parent":10706,"menu_order":0,"comment_status":"closed","ping_status":"closed","template":"","meta":{"footnotes":""},"class_list":["post-10751","page","type-page","status-publish","hentry"],"yoast_head":"<!-- This site is optimized with the Yoast SEO Premium plugin v27.4 (Yoast SEO v27.5) - https:\/\/yoast.com\/product\/yoast-seo-premium-wordpress\/ -->\n<title>Mejor \u00c9poca para Visitar el Parque Nacional Zion &#8226; James Kaiser<\/title>\n<meta name=\"description\" content=\"Descubre cual es la mejor \u00e9poca para visitar el Parque Nacional Zion. Aprende sobre cuales son los mejore meses para visitar, adem\u00e1s de los patrones de clima por estaci\u00f3n, y c\u00f3mo evitar las multitudes!\" \/>\n<meta name=\"robots\" content=\"index, follow, max-snippet:-1, max-image-preview:large, max-video-preview:-1\" \/>\n<link rel=\"canonical\" href=\"https:\/\/jameskaiser.com\/es\/zion\/visitar\/\" \/>\n<meta property=\"og:locale\" content=\"es_ES\" \/>\n<meta property=\"og:type\" content=\"article\" \/>\n<meta property=\"og:title\" content=\"Mejor \u00c9poca para Visitar el Parque Nacional Zion\" \/>\n<meta property=\"og:description\" content=\"Descubre cual es la mejor \u00e9poca para visitar el Parque Nacional Zion. Aprende sobre cuales son los mejore meses para visitar, adem\u00e1s de los patrones de clima por estaci\u00f3n, y c\u00f3mo evitar las multitudes!\" \/>\n<meta property=\"og:url\" content=\"https:\/\/jameskaiser.com\/es\/zion\/visitar\/\" \/>\n<meta property=\"og:site_name\" content=\"James Kaiser\" \/>\n<meta property=\"article:publisher\" content=\"https:\/\/www.facebook.com\/JamesKaiserTraveler\" \/>\n<meta property=\"article:modified_time\" content=\"2020-08-09T19:56:50+00:00\" \/>\n<meta property=\"og:image\" content=\"https:\/\/jameskaiser.com\/wp-content\/uploads\/2020\/04\/mejor-epoca-visitar-zion.jpg\" \/>\n<meta name=\"twitter:card\" content=\"summary_large_image\" \/>\n<meta name=\"twitter:site\" content=\"@JamesKaiser_\" \/>\n<meta name=\"twitter:label1\" content=\"Tiempo de lectura\" \/>\n\t<meta name=\"twitter:data1\" content=\"3 minutos\" \/>\n<script type=\"application\/ld+json\" class=\"yoast-schema-graph\">{\"@context\":\"https:\\\/\\\/schema.org\",\"@graph\":[{\"@type\":\"WebPage\",\"@id\":\"https:\\\/\\\/jameskaiser.com\\\/es\\\/zion\\\/visitar\\\/\",\"url\":\"https:\\\/\\\/jameskaiser.com\\\/es\\\/zion\\\/visitar\\\/\",\"name\":\"Mejor \u00c9poca para Visitar el Parque Nacional Zion &#8226; James Kaiser\",\"isPartOf\":{\"@id\":\"https:\\\/\\\/jameskaiser.com\\\/es\\\/#website\"},\"primaryImageOfPage\":{\"@id\":\"https:\\\/\\\/jameskaiser.com\\\/es\\\/zion\\\/visitar\\\/#primaryimage\"},\"image\":{\"@id\":\"https:\\\/\\\/jameskaiser.com\\\/es\\\/zion\\\/visitar\\\/#primaryimage\"},\"thumbnailUrl\":\"https:\\\/\\\/jameskaiser.com\\\/wp-content\\\/uploads\\\/2020\\\/04\\\/mejor-epoca-visitar-zion.jpg\",\"datePublished\":\"2020-04-20T13:55:23+00:00\",\"dateModified\":\"2020-08-09T19:56:50+00:00\",\"description\":\"Descubre cual es la mejor \u00e9poca para visitar el Parque Nacional Zion. Aprende sobre cuales son los mejore meses para visitar, adem\u00e1s de los patrones de clima por estaci\u00f3n, y c\u00f3mo evitar las multitudes!\",\"breadcrumb\":{\"@id\":\"https:\\\/\\\/jameskaiser.com\\\/es\\\/zion\\\/visitar\\\/#breadcrumb\"},\"inLanguage\":\"es\",\"potentialAction\":[{\"@type\":\"ReadAction\",\"target\":[\"https:\\\/\\\/jameskaiser.com\\\/es\\\/zion\\\/visitar\\\/\"]}]},{\"@type\":\"ImageObject\",\"inLanguage\":\"es\",\"@id\":\"https:\\\/\\\/jameskaiser.com\\\/es\\\/zion\\\/visitar\\\/#primaryimage\",\"url\":\"https:\\\/\\\/jameskaiser.com\\\/wp-content\\\/uploads\\\/2020\\\/04\\\/mejor-epoca-visitar-zion.jpg\",\"contentUrl\":\"https:\\\/\\\/jameskaiser.com\\\/wp-content\\\/uploads\\\/2020\\\/04\\\/mejor-epoca-visitar-zion.jpg\"},{\"@type\":\"BreadcrumbList\",\"@id\":\"https:\\\/\\\/jameskaiser.com\\\/es\\\/zion\\\/visitar\\\/#breadcrumb\",\"itemListElement\":[{\"@type\":\"ListItem\",\"position\":1,\"name\":\"Home\",\"item\":\"https:\\\/\\\/jameskaiser.com\\\/es\\\/\"},{\"@type\":\"ListItem\",\"position\":2,\"name\":\"Zion\",\"item\":\"https:\\\/\\\/jameskaiser.com\\\/es\\\/zion\\\/\"},{\"@type\":\"ListItem\",\"position\":3,\"name\":\"Cu\u00e1ndo visitar\"}]},{\"@type\":\"WebSite\",\"@id\":\"https:\\\/\\\/jameskaiser.com\\\/es\\\/#website\",\"url\":\"https:\\\/\\\/jameskaiser.com\\\/es\\\/\",\"name\":\"James Kaiser\",\"description\":\"National Park Guides\",\"publisher\":{\"@id\":\"https:\\\/\\\/jameskaiser.com\\\/es\\\/#\\\/schema\\\/person\\\/5981104745a0770ef7007991f80d4ca0\"},\"potentialAction\":[{\"@type\":\"SearchAction\",\"target\":{\"@type\":\"EntryPoint\",\"urlTemplate\":\"https:\\\/\\\/jameskaiser.com\\\/es\\\/?s={search_term_string}\"},\"query-input\":{\"@type\":\"PropertyValueSpecification\",\"valueRequired\":true,\"valueName\":\"search_term_string\"}}],\"inLanguage\":\"es\"},{\"@type\":[\"Person\",\"Organization\"],\"@id\":\"https:\\\/\\\/jameskaiser.com\\\/es\\\/#\\\/schema\\\/person\\\/5981104745a0770ef7007991f80d4ca0\",\"name\":\"James Kaiser\",\"image\":{\"@type\":\"ImageObject\",\"inLanguage\":\"es\",\"@id\":\"https:\\\/\\\/secure.gravatar.com\\\/avatar\\\/9acc818dc334ece1637aed9a07c32b99dacc4c73e4cf79079b19ba425f2c2d0c?s=96&d=mm&r=g\",\"url\":\"https:\\\/\\\/secure.gravatar.com\\\/avatar\\\/9acc818dc334ece1637aed9a07c32b99dacc4c73e4cf79079b19ba425f2c2d0c?s=96&d=mm&r=g\",\"contentUrl\":\"https:\\\/\\\/secure.gravatar.com\\\/avatar\\\/9acc818dc334ece1637aed9a07c32b99dacc4c73e4cf79079b19ba425f2c2d0c?s=96&d=mm&r=g\",\"caption\":\"James Kaiser\"},\"logo\":{\"@id\":\"https:\\\/\\\/secure.gravatar.com\\\/avatar\\\/9acc818dc334ece1637aed9a07c32b99dacc4c73e4cf79079b19ba425f2c2d0c?s=96&d=mm&r=g\"},\"description\":\"James Kaiser is an award-winning travel writer and photographer whose work has appeared on the cover of \\\"National Geographic.\\\" He has written bestselling guidebooks to Costa Rica, Grand Canyon, Yosemite, Acadia, Joshua Tree, and Zion National Park.\",\"sameAs\":[\"http:\\\/\\\/www.jameskaiser.com\",\"https:\\\/\\\/www.facebook.com\\\/JamesKaiserTraveler\",\"https:\\\/\\\/x.com\\\/JamesKaiser_\"]}]}<\/script>\n<!-- \/ Yoast SEO Premium plugin. -->","yoast_head_json":{"title":"Mejor \u00c9poca para Visitar el Parque Nacional Zion &#8226; James Kaiser","description":"Descubre cual es la mejor \u00e9poca para visitar el Parque Nacional Zion. Aprende sobre cuales son los mejore meses para visitar, adem\u00e1s de los patrones de clima por estaci\u00f3n, y c\u00f3mo evitar las multitudes!","robots":{"index":"index","follow":"follow","max-snippet":"max-snippet:-1","max-image-preview":"max-image-preview:large","max-video-preview":"max-video-preview:-1"},"canonical":"https:\/\/jameskaiser.com\/es\/zion\/visitar\/","og_locale":"es_ES","og_type":"article","og_title":"Mejor \u00c9poca para Visitar el Parque Nacional Zion","og_description":"Descubre cual es la mejor \u00e9poca para visitar el Parque Nacional Zion. Aprende sobre cuales son los mejore meses para visitar, adem\u00e1s de los patrones de clima por estaci\u00f3n, y c\u00f3mo evitar las multitudes!","og_url":"https:\/\/jameskaiser.com\/es\/zion\/visitar\/","og_site_name":"James Kaiser","article_publisher":"https:\/\/www.facebook.com\/JamesKaiserTraveler","article_modified_time":"2020-08-09T19:56:50+00:00","og_image":[{"url":"https:\/\/jameskaiser.com\/wp-content\/uploads\/2020\/04\/mejor-epoca-visitar-zion.jpg","type":"","width":"","height":""}],"twitter_card":"summary_large_image","twitter_site":"@JamesKaiser_","twitter_misc":{"Tiempo de lectura":"3 minutos"},"schema":{"@context":"https:\/\/schema.org","@graph":[{"@type":"WebPage","@id":"https:\/\/jameskaiser.com\/es\/zion\/visitar\/","url":"https:\/\/jameskaiser.com\/es\/zion\/visitar\/","name":"Mejor \u00c9poca para Visitar el Parque Nacional Zion &#8226; James Kaiser","isPartOf":{"@id":"https:\/\/jameskaiser.com\/es\/#website"},"primaryImageOfPage":{"@id":"https:\/\/jameskaiser.com\/es\/zion\/visitar\/#primaryimage"},"image":{"@id":"https:\/\/jameskaiser.com\/es\/zion\/visitar\/#primaryimage"},"thumbnailUrl":"https:\/\/jameskaiser.com\/wp-content\/uploads\/2020\/04\/mejor-epoca-visitar-zion.jpg","datePublished":"2020-04-20T13:55:23+00:00","dateModified":"2020-08-09T19:56:50+00:00","description":"Descubre cual es la mejor \u00e9poca para visitar el Parque Nacional Zion. Aprende sobre cuales son los mejore meses para visitar, adem\u00e1s de los patrones de clima por estaci\u00f3n, y c\u00f3mo evitar las multitudes!","breadcrumb":{"@id":"https:\/\/jameskaiser.com\/es\/zion\/visitar\/#breadcrumb"},"inLanguage":"es","potentialAction":[{"@type":"ReadAction","target":["https:\/\/jameskaiser.com\/es\/zion\/visitar\/"]}]},{"@type":"ImageObject","inLanguage":"es","@id":"https:\/\/jameskaiser.com\/es\/zion\/visitar\/#primaryimage","url":"https:\/\/jameskaiser.com\/wp-content\/uploads\/2020\/04\/mejor-epoca-visitar-zion.jpg","contentUrl":"https:\/\/jameskaiser.com\/wp-content\/uploads\/2020\/04\/mejor-epoca-visitar-zion.jpg"},{"@type":"BreadcrumbList","@id":"https:\/\/jameskaiser.com\/es\/zion\/visitar\/#breadcrumb","itemListElement":[{"@type":"ListItem","position":1,"name":"Home","item":"https:\/\/jameskaiser.com\/es\/"},{"@type":"ListItem","position":2,"name":"Zion","item":"https:\/\/jameskaiser.com\/es\/zion\/"},{"@type":"ListItem","position":3,"name":"Cu\u00e1ndo visitar"}]},{"@type":"WebSite","@id":"https:\/\/jameskaiser.com\/es\/#website","url":"https:\/\/jameskaiser.com\/es\/","name":"James Kaiser","description":"National Park Guides","publisher":{"@id":"https:\/\/jameskaiser.com\/es\/#\/schema\/person\/5981104745a0770ef7007991f80d4ca0"},"potentialAction":[{"@type":"SearchAction","target":{"@type":"EntryPoint","urlTemplate":"https:\/\/jameskaiser.com\/es\/?s={search_term_string}"},"query-input":{"@type":"PropertyValueSpecification","valueRequired":true,"valueName":"search_term_string"}}],"inLanguage":"es"},{"@type":["Person","Organization"],"@id":"https:\/\/jameskaiser.com\/es\/#\/schema\/person\/5981104745a0770ef7007991f80d4ca0","name":"James Kaiser","image":{"@type":"ImageObject","inLanguage":"es","@id":"https:\/\/secure.gravatar.com\/avatar\/9acc818dc334ece1637aed9a07c32b99dacc4c73e4cf79079b19ba425f2c2d0c?s=96&d=mm&r=g","url":"https:\/\/secure.gravatar.com\/avatar\/9acc818dc334ece1637aed9a07c32b99dacc4c73e4cf79079b19ba425f2c2d0c?s=96&d=mm&r=g","contentUrl":"https:\/\/secure.gravatar.com\/avatar\/9acc818dc334ece1637aed9a07c32b99dacc4c73e4cf79079b19ba425f2c2d0c?s=96&d=mm&r=g","caption":"James Kaiser"},"logo":{"@id":"https:\/\/secure.gravatar.com\/avatar\/9acc818dc334ece1637aed9a07c32b99dacc4c73e4cf79079b19ba425f2c2d0c?s=96&d=mm&r=g"},"description":"James Kaiser is an award-winning travel writer and photographer whose work has appeared on the cover of \"National Geographic.\" He has written bestselling guidebooks to Costa Rica, Grand Canyon, Yosemite, Acadia, Joshua Tree, and Zion National Park.","sameAs":["http:\/\/www.jameskaiser.com","https:\/\/www.facebook.com\/JamesKaiserTraveler","https:\/\/x.com\/JamesKaiser_"]}]}},"_links":{"self":[{"href":"https:\/\/jameskaiser.com\/es\/wp-json\/wp\/v2\/pages\/10751","targetHints":{"allow":["GET"]}}],"collection":[{"href":"https:\/\/jameskaiser.com\/es\/wp-json\/wp\/v2\/pages"}],"about":[{"href":"https:\/\/jameskaiser.com\/es\/wp-json\/wp\/v2\/types\/page"}],"author":[{"embeddable":true,"href":"https:\/\/jameskaiser.com\/es\/wp-json\/wp\/v2\/users\/3"}],"replies":[{"embeddable":true,"href":"https:\/\/jameskaiser.com\/es\/wp-json\/wp\/v2\/comments?post=10751"}],"version-history":[{"count":0,"href":"https:\/\/jameskaiser.com\/es\/wp-json\/wp\/v2\/pages\/10751\/revisions"}],"up":[{"embeddable":true,"href":"https:\/\/jameskaiser.com\/es\/wp-json\/wp\/v2\/pages\/10706"}],"wp:attachment":[{"href":"https:\/\/jameskaiser.com\/es\/wp-json\/wp\/v2\/media?parent=10751"}],"curies":[{"name":"wp","href":"https:\/\/api.w.org\/{rel}","templated":true}]}}