{"id":10725,"date":"2020-04-18T14:31:29","date_gmt":"2020-04-18T14:31:29","guid":{"rendered":"https:\/\/jameskaiser.com\/?page_id=10725"},"modified":"2020-04-19T13:28:03","modified_gmt":"2020-04-19T13:28:03","slug":"virgin","status":"publish","type":"page","link":"https:\/\/jameskaiser.com\/es\/zion\/hoteles\/virgin\/","title":{"rendered":"Los Mejores Hoteles y Alojamientos en Virgin, Utah"},"content":{"rendered":"\n<figure class=\"wp-block-image size-large\"><img loading=\"lazy\" decoding=\"async\" width=\"700\" height=\"840\" src=\"https:\/\/jameskaiser.com\/wp-content\/uploads\/2020\/04\/los-mejroes-hoteles-virgin-utah.jpg\" alt=\"Los Mejores Hoteles en Virgin,Utah\" class=\"wp-image-10726\"\/><\/figure>\n\n\n\n<p>El pueblito de Virgin (poblaci\u00f3n 600) es el inicio de la ruta \u00abKolob Terrace Road\u00bb, la cual se eleva verticalmente 1,200 metros a trav\u00e9s de la regi\u00f3n conocida como \u00abZion\u2019s Kolob Terrace\u00bb. Kolob Terrace es hogar de \u00abThe Subway\u00bb, una de las caminatas m\u00e1s popular en Zion. La regi\u00f3n es tambi\u00e9n hogar de rutas de senderismo incre\u00edbles como el West Rim, Northgate Peaks, and Hop Valley. <\/p>\n\n\n\n<p>Virgin es hogar de unos cuantos hoteles y campamentos. Cada OCtubre el pueblo es anfitri\u00f3n del <a rel=\"noreferrer noopener\" aria-label=\"Red Bull Rampage (opens in a new tab)\" href=\"https:\/\/www.redbull.com\/us-en\/events\/rampage\" target=\"_blank\">Red Bull Rampage<\/a>, una competencia de ciclismo de monta\u00f1a extrema que atrae ciclistas de todo el mundo. <\/p>\n\n\n\n<h3><i class=\"fa fa-star\"><\/i> = Recomendado<\/h3>\n\n\n\n<div style=\"height:35px\" aria-hidden=\"true\" class=\"wp-block-spacer\"><\/div>\n\n\n\n<h2 class=\"wp-block-heading\">Virgin Hotels &#8211; Costosos<\/h2>\n\n\n\n<h3 class=\"wp-block-heading\"><i class=\"fa fa-star\"><\/i> <a rel=\"nofollow noreferrer noopener\" aria-label=\"Zion Under Canvas (opens in a new tab)\" href=\"https:\/\/www.booking.com\/hotel\/us\/under-canvas-at-zion.en.html?aid=809279&amp;no_rooms=1&amp;group_adults=2&amp;label=AR_ES\" target=\"_blank\">Zion Under Canvas<\/a><\/h3>\n\n\n\n<div style=\"height:39px\" aria-hidden=\"true\" class=\"wp-block-spacer\"><\/div>\n\n\n\n<h2 class=\"wp-block-heading\">Virgin Hotels &#8211; Precio Moderado<\/h2>\n\n\n\n<h3 class=\"wp-block-heading\"><a rel=\"nofollow noreferrer noopener\" aria-label=\"Fairfield Inn &amp; Suites (opens in a new tab)\" href=\"https:\/\/www.booking.com\/hotel\/us\/fairfield-inn-suites-by-marriott-virgin-zion-national-park.en.html?aid=809279&amp;no_rooms=1&amp;group_adults=2&amp;label=AR_ES\" target=\"_blank\">Fairfield Inn &amp; Suites<\/a><\/h3>\n\n\n\n<div style=\"height:34px\" aria-hidden=\"true\" class=\"wp-block-spacer\"><\/div>\n\n\n\n<div style=\"height:34px\" aria-hidden=\"true\" class=\"wp-block-spacer\"><\/div>\n","protected":false},"excerpt":{"rendered":"<p>El pueblito de Virgin (poblaci\u00f3n 600) es el inicio de la ruta \u00abKolob Terrace Road\u00bb, la cual se eleva verticalmente 1,200 metros a trav\u00e9s de la regi\u00f3n conocida como \u00abZion\u2019s Kolob Terrace\u00bb. Kolob Terrace es hogar de \u00abThe Subway\u00bb, una de las caminatas m\u00e1s popular en Zion. La regi\u00f3n es tambi\u00e9n hogar de rutas de [&hellip;]<\/p>\n","protected":false},"author":3,"featured_media":0,"parent":10709,"menu_order":0,"comment_status":"closed","ping_status":"closed","template":"","meta":{"footnotes":""},"class_list":["post-10725","page","type-page","status-publish","hentry"],"yoast_head":"<!-- This site is optimized with the Yoast SEO Premium plugin v27.4 (Yoast SEO v27.6) - https:\/\/yoast.com\/product\/yoast-seo-premium-wordpress\/ -->\n<title>Los Mejores Hoteles y Alojamientos en Virgin, Utah &#8226; James Kaiser<\/title>\n<meta name=\"robots\" content=\"index, follow, max-snippet:-1, max-image-preview:large, max-video-preview:-1\" \/>\n<link rel=\"canonical\" href=\"https:\/\/jameskaiser.com\/es\/zion\/hoteles\/virgin\/\" \/>\n<meta property=\"og:locale\" content=\"es_ES\" \/>\n<meta property=\"og:type\" content=\"article\" \/>\n<meta property=\"og:title\" content=\"Los Mejores Hoteles y Alojamientos en Virgin, Utah\" \/>\n<meta property=\"og:description\" content=\"El pueblito de Virgin (poblaci\u00f3n 600) es el inicio de la ruta \u00abKolob Terrace Road\u00bb, la cual se eleva verticalmente 1,200 metros a trav\u00e9s de la regi\u00f3n conocida como \u00abZion\u2019s Kolob Terrace\u00bb. Kolob Terrace es hogar de \u00abThe Subway\u00bb, una de las caminatas m\u00e1s popular en Zion. La regi\u00f3n es tambi\u00e9n hogar de rutas de [&hellip;]\" \/>\n<meta property=\"og:url\" content=\"https:\/\/jameskaiser.com\/es\/zion\/hoteles\/virgin\/\" \/>\n<meta property=\"og:site_name\" content=\"James Kaiser\" \/>\n<meta property=\"article:publisher\" content=\"https:\/\/www.facebook.com\/JamesKaiserTraveler\" \/>\n<meta property=\"article:modified_time\" content=\"2020-04-19T13:28:03+00:00\" \/>\n<meta property=\"og:image\" content=\"https:\/\/jameskaiser.com\/wp-content\/uploads\/2020\/04\/los-mejroes-hoteles-virgin-utah.jpg\" \/>\n<meta name=\"twitter:card\" content=\"summary_large_image\" \/>\n<meta name=\"twitter:site\" content=\"@JamesKaiser_\" \/>\n<meta name=\"twitter:label1\" content=\"Tiempo de lectura\" \/>\n\t<meta name=\"twitter:data1\" content=\"1 minuto\" \/>\n<script type=\"application\/ld+json\" class=\"yoast-schema-graph\">{\"@context\":\"https:\\\/\\\/schema.org\",\"@graph\":[{\"@type\":\"WebPage\",\"@id\":\"https:\\\/\\\/jameskaiser.com\\\/es\\\/zion\\\/hoteles\\\/virgin\\\/\",\"url\":\"https:\\\/\\\/jameskaiser.com\\\/es\\\/zion\\\/hoteles\\\/virgin\\\/\",\"name\":\"Los Mejores Hoteles y Alojamientos en Virgin, Utah &#8226; James Kaiser\",\"isPartOf\":{\"@id\":\"https:\\\/\\\/jameskaiser.com\\\/es\\\/#website\"},\"primaryImageOfPage\":{\"@id\":\"https:\\\/\\\/jameskaiser.com\\\/es\\\/zion\\\/hoteles\\\/virgin\\\/#primaryimage\"},\"image\":{\"@id\":\"https:\\\/\\\/jameskaiser.com\\\/es\\\/zion\\\/hoteles\\\/virgin\\\/#primaryimage\"},\"thumbnailUrl\":\"https:\\\/\\\/jameskaiser.com\\\/wp-content\\\/uploads\\\/2020\\\/04\\\/los-mejroes-hoteles-virgin-utah.jpg\",\"datePublished\":\"2020-04-18T14:31:29+00:00\",\"dateModified\":\"2020-04-19T13:28:03+00:00\",\"breadcrumb\":{\"@id\":\"https:\\\/\\\/jameskaiser.com\\\/es\\\/zion\\\/hoteles\\\/virgin\\\/#breadcrumb\"},\"inLanguage\":\"es\",\"potentialAction\":[{\"@type\":\"ReadAction\",\"target\":[\"https:\\\/\\\/jameskaiser.com\\\/es\\\/zion\\\/hoteles\\\/virgin\\\/\"]}]},{\"@type\":\"ImageObject\",\"inLanguage\":\"es\",\"@id\":\"https:\\\/\\\/jameskaiser.com\\\/es\\\/zion\\\/hoteles\\\/virgin\\\/#primaryimage\",\"url\":\"https:\\\/\\\/jameskaiser.com\\\/wp-content\\\/uploads\\\/2020\\\/04\\\/los-mejroes-hoteles-virgin-utah.jpg\",\"contentUrl\":\"https:\\\/\\\/jameskaiser.com\\\/wp-content\\\/uploads\\\/2020\\\/04\\\/los-mejroes-hoteles-virgin-utah.jpg\"},{\"@type\":\"BreadcrumbList\",\"@id\":\"https:\\\/\\\/jameskaiser.com\\\/es\\\/zion\\\/hoteles\\\/virgin\\\/#breadcrumb\",\"itemListElement\":[{\"@type\":\"ListItem\",\"position\":1,\"name\":\"Home\",\"item\":\"https:\\\/\\\/jameskaiser.com\\\/es\\\/\"},{\"@type\":\"ListItem\",\"position\":2,\"name\":\"Zion\",\"item\":\"https:\\\/\\\/jameskaiser.com\\\/es\\\/zion\\\/\"},{\"@type\":\"ListItem\",\"position\":3,\"name\":\"Hoteles\",\"item\":\"https:\\\/\\\/jameskaiser.com\\\/es\\\/zion\\\/hoteles\\\/\"},{\"@type\":\"ListItem\",\"position\":4,\"name\":\"Virgin\"}]},{\"@type\":\"WebSite\",\"@id\":\"https:\\\/\\\/jameskaiser.com\\\/es\\\/#website\",\"url\":\"https:\\\/\\\/jameskaiser.com\\\/es\\\/\",\"name\":\"James Kaiser\",\"description\":\"National Park Guides\",\"publisher\":{\"@id\":\"https:\\\/\\\/jameskaiser.com\\\/es\\\/#\\\/schema\\\/person\\\/5981104745a0770ef7007991f80d4ca0\"},\"potentialAction\":[{\"@type\":\"SearchAction\",\"target\":{\"@type\":\"EntryPoint\",\"urlTemplate\":\"https:\\\/\\\/jameskaiser.com\\\/es\\\/?s={search_term_string}\"},\"query-input\":{\"@type\":\"PropertyValueSpecification\",\"valueRequired\":true,\"valueName\":\"search_term_string\"}}],\"inLanguage\":\"es\"},{\"@type\":[\"Person\",\"Organization\"],\"@id\":\"https:\\\/\\\/jameskaiser.com\\\/es\\\/#\\\/schema\\\/person\\\/5981104745a0770ef7007991f80d4ca0\",\"name\":\"James Kaiser\",\"image\":{\"@type\":\"ImageObject\",\"inLanguage\":\"es\",\"@id\":\"https:\\\/\\\/secure.gravatar.com\\\/avatar\\\/9acc818dc334ece1637aed9a07c32b99dacc4c73e4cf79079b19ba425f2c2d0c?s=96&d=mm&r=g\",\"url\":\"https:\\\/\\\/secure.gravatar.com\\\/avatar\\\/9acc818dc334ece1637aed9a07c32b99dacc4c73e4cf79079b19ba425f2c2d0c?s=96&d=mm&r=g\",\"contentUrl\":\"https:\\\/\\\/secure.gravatar.com\\\/avatar\\\/9acc818dc334ece1637aed9a07c32b99dacc4c73e4cf79079b19ba425f2c2d0c?s=96&d=mm&r=g\",\"caption\":\"James Kaiser\"},\"logo\":{\"@id\":\"https:\\\/\\\/secure.gravatar.com\\\/avatar\\\/9acc818dc334ece1637aed9a07c32b99dacc4c73e4cf79079b19ba425f2c2d0c?s=96&d=mm&r=g\"},\"description\":\"James Kaiser is an award-winning travel writer and photographer whose work has appeared on the cover of \\\"National Geographic.\\\" He has written bestselling guidebooks to Costa Rica, Grand Canyon, Yosemite, Acadia, Joshua Tree, and Zion National Park.\",\"sameAs\":[\"http:\\\/\\\/www.jameskaiser.com\",\"https:\\\/\\\/www.facebook.com\\\/JamesKaiserTraveler\",\"https:\\\/\\\/x.com\\\/JamesKaiser_\"]}]}<\/script>\n<!-- \/ Yoast SEO Premium plugin. -->","yoast_head_json":{"title":"Los Mejores Hoteles y Alojamientos en Virgin, Utah &#8226; James Kaiser","robots":{"index":"index","follow":"follow","max-snippet":"max-snippet:-1","max-image-preview":"max-image-preview:large","max-video-preview":"max-video-preview:-1"},"canonical":"https:\/\/jameskaiser.com\/es\/zion\/hoteles\/virgin\/","og_locale":"es_ES","og_type":"article","og_title":"Los Mejores Hoteles y Alojamientos en Virgin, Utah","og_description":"El pueblito de Virgin (poblaci\u00f3n 600) es el inicio de la ruta \u00abKolob Terrace Road\u00bb, la cual se eleva verticalmente 1,200 metros a trav\u00e9s de la regi\u00f3n conocida como \u00abZion\u2019s Kolob Terrace\u00bb. Kolob Terrace es hogar de \u00abThe Subway\u00bb, una de las caminatas m\u00e1s popular en Zion. La regi\u00f3n es tambi\u00e9n hogar de rutas de [&hellip;]","og_url":"https:\/\/jameskaiser.com\/es\/zion\/hoteles\/virgin\/","og_site_name":"James Kaiser","article_publisher":"https:\/\/www.facebook.com\/JamesKaiserTraveler","article_modified_time":"2020-04-19T13:28:03+00:00","og_image":[{"url":"https:\/\/jameskaiser.com\/wp-content\/uploads\/2020\/04\/los-mejroes-hoteles-virgin-utah.jpg","type":"","width":"","height":""}],"twitter_card":"summary_large_image","twitter_site":"@JamesKaiser_","twitter_misc":{"Tiempo de lectura":"1 minuto"},"schema":{"@context":"https:\/\/schema.org","@graph":[{"@type":"WebPage","@id":"https:\/\/jameskaiser.com\/es\/zion\/hoteles\/virgin\/","url":"https:\/\/jameskaiser.com\/es\/zion\/hoteles\/virgin\/","name":"Los Mejores Hoteles y Alojamientos en Virgin, Utah &#8226; James Kaiser","isPartOf":{"@id":"https:\/\/jameskaiser.com\/es\/#website"},"primaryImageOfPage":{"@id":"https:\/\/jameskaiser.com\/es\/zion\/hoteles\/virgin\/#primaryimage"},"image":{"@id":"https:\/\/jameskaiser.com\/es\/zion\/hoteles\/virgin\/#primaryimage"},"thumbnailUrl":"https:\/\/jameskaiser.com\/wp-content\/uploads\/2020\/04\/los-mejroes-hoteles-virgin-utah.jpg","datePublished":"2020-04-18T14:31:29+00:00","dateModified":"2020-04-19T13:28:03+00:00","breadcrumb":{"@id":"https:\/\/jameskaiser.com\/es\/zion\/hoteles\/virgin\/#breadcrumb"},"inLanguage":"es","potentialAction":[{"@type":"ReadAction","target":["https:\/\/jameskaiser.com\/es\/zion\/hoteles\/virgin\/"]}]},{"@type":"ImageObject","inLanguage":"es","@id":"https:\/\/jameskaiser.com\/es\/zion\/hoteles\/virgin\/#primaryimage","url":"https:\/\/jameskaiser.com\/wp-content\/uploads\/2020\/04\/los-mejroes-hoteles-virgin-utah.jpg","contentUrl":"https:\/\/jameskaiser.com\/wp-content\/uploads\/2020\/04\/los-mejroes-hoteles-virgin-utah.jpg"},{"@type":"BreadcrumbList","@id":"https:\/\/jameskaiser.com\/es\/zion\/hoteles\/virgin\/#breadcrumb","itemListElement":[{"@type":"ListItem","position":1,"name":"Home","item":"https:\/\/jameskaiser.com\/es\/"},{"@type":"ListItem","position":2,"name":"Zion","item":"https:\/\/jameskaiser.com\/es\/zion\/"},{"@type":"ListItem","position":3,"name":"Hoteles","item":"https:\/\/jameskaiser.com\/es\/zion\/hoteles\/"},{"@type":"ListItem","position":4,"name":"Virgin"}]},{"@type":"WebSite","@id":"https:\/\/jameskaiser.com\/es\/#website","url":"https:\/\/jameskaiser.com\/es\/","name":"James Kaiser","description":"National Park Guides","publisher":{"@id":"https:\/\/jameskaiser.com\/es\/#\/schema\/person\/5981104745a0770ef7007991f80d4ca0"},"potentialAction":[{"@type":"SearchAction","target":{"@type":"EntryPoint","urlTemplate":"https:\/\/jameskaiser.com\/es\/?s={search_term_string}"},"query-input":{"@type":"PropertyValueSpecification","valueRequired":true,"valueName":"search_term_string"}}],"inLanguage":"es"},{"@type":["Person","Organization"],"@id":"https:\/\/jameskaiser.com\/es\/#\/schema\/person\/5981104745a0770ef7007991f80d4ca0","name":"James Kaiser","image":{"@type":"ImageObject","inLanguage":"es","@id":"https:\/\/secure.gravatar.com\/avatar\/9acc818dc334ece1637aed9a07c32b99dacc4c73e4cf79079b19ba425f2c2d0c?s=96&d=mm&r=g","url":"https:\/\/secure.gravatar.com\/avatar\/9acc818dc334ece1637aed9a07c32b99dacc4c73e4cf79079b19ba425f2c2d0c?s=96&d=mm&r=g","contentUrl":"https:\/\/secure.gravatar.com\/avatar\/9acc818dc334ece1637aed9a07c32b99dacc4c73e4cf79079b19ba425f2c2d0c?s=96&d=mm&r=g","caption":"James Kaiser"},"logo":{"@id":"https:\/\/secure.gravatar.com\/avatar\/9acc818dc334ece1637aed9a07c32b99dacc4c73e4cf79079b19ba425f2c2d0c?s=96&d=mm&r=g"},"description":"James Kaiser is an award-winning travel writer and photographer whose work has appeared on the cover of \"National Geographic.\" He has written bestselling guidebooks to Costa Rica, Grand Canyon, Yosemite, Acadia, Joshua Tree, and Zion National Park.","sameAs":["http:\/\/www.jameskaiser.com","https:\/\/www.facebook.com\/JamesKaiserTraveler","https:\/\/x.com\/JamesKaiser_"]}]}},"_links":{"self":[{"href":"https:\/\/jameskaiser.com\/es\/wp-json\/wp\/v2\/pages\/10725","targetHints":{"allow":["GET"]}}],"collection":[{"href":"https:\/\/jameskaiser.com\/es\/wp-json\/wp\/v2\/pages"}],"about":[{"href":"https:\/\/jameskaiser.com\/es\/wp-json\/wp\/v2\/types\/page"}],"author":[{"embeddable":true,"href":"https:\/\/jameskaiser.com\/es\/wp-json\/wp\/v2\/users\/3"}],"replies":[{"embeddable":true,"href":"https:\/\/jameskaiser.com\/es\/wp-json\/wp\/v2\/comments?post=10725"}],"version-history":[{"count":0,"href":"https:\/\/jameskaiser.com\/es\/wp-json\/wp\/v2\/pages\/10725\/revisions"}],"up":[{"embeddable":true,"href":"https:\/\/jameskaiser.com\/es\/wp-json\/wp\/v2\/pages\/10709"}],"wp:attachment":[{"href":"https:\/\/jameskaiser.com\/es\/wp-json\/wp\/v2\/media?parent=10725"}],"curies":[{"name":"wp","href":"https:\/\/api.w.org\/{rel}","templated":true}]}}