{"id":10721,"date":"2020-04-18T14:18:00","date_gmt":"2020-04-18T14:18:00","guid":{"rendered":"https:\/\/jameskaiser.com\/?page_id=10721"},"modified":"2020-04-19T13:29:34","modified_gmt":"2020-04-19T13:29:34","slug":"rockville","status":"publish","type":"page","link":"https:\/\/jameskaiser.com\/es\/zion\/hoteles\/rockville\/","title":{"rendered":"Los Mejores Hoteles y Alojamientos en Rockville, Utah"},"content":{"rendered":"\n<figure class=\"wp-block-image size-large\"><img loading=\"lazy\" decoding=\"async\" width=\"700\" height=\"840\" src=\"https:\/\/jameskaiser.com\/wp-content\/uploads\/2020\/04\/los-mejores-hoteles-rockville-utah.jpg\" alt=\"Los mejores Hoteles en Rockville, Utah\" class=\"wp-image-10722\"\/><\/figure>\n\n\n\n<p>El peque\u00f1o, y pintoresco Rockville (poblaci\u00f3n 250) est\u00e1 localizado justo tres millas al oeste de Springdale (cinco-minutos en auto), pero se siente como un mundo totalmente aparte. Los restaurantes, tiendas de regalos, y hoteles grandes se alinean a lo largo de la avenida principal de Springdale, pero Rockville por el contrario, es una comunidad tranquila de casas agradables sobre las orillas del R\u00edo Virgin. A pesar de que la mayor\u00eda del pueblo es residencial, hay unos cuantos alojamientos encantadores.  <\/p>\n\n\n\n<p>A una corta distancia en auto de Rockville est\u00e1 el pueblo fantasma Grafton (poblaci\u00f3n 0), el cual fue creado en 1859, abandonado en 1944, y luego fue usado como escenario de la famosa escena de Paul Newman\/Katherine Ross en bicicleta en la pel\u00edcula \u201cButch Cassidy and the Sundance Kid.\u201d  Para visitar las casas abandonadas, puedes dirigirte hacia el sur la calle \u00abBridge Road\u00bb en Rockville, cruzar el puente sobre el R\u00edo V\u00edrgen, y seguir las indicaciones haciaGrafton.<\/p>\n\n\n\n<h3><i class=\"fa fa-star\"><\/i> = Recomendado<\/h3>\n\n\n\n<div style=\"height:38px\" aria-hidden=\"true\" class=\"wp-block-spacer\"><\/div>\n\n\n\n<h2 class=\"wp-block-heading\">Hoteles en Rockville &#8211; Precio Moderado<\/h2>\n\n\n\n<h3 class=\"wp-block-heading\"><i class=\"fa fa-star\"><\/i> <a href=\"https:\/\/www.booking.com\/hotel\/us\/heller-house-inn-on-main.en.html?aid=809279&amp;no_rooms=1&amp;group_adults=2&amp;label=AR_ES\" target=\"_blank\" rel=\"nofollow noreferrer noopener\" aria-label=\"Heller House (opens in a new tab)\">Heller House<\/a><\/h3>\n\n\n\n<h3 class=\"wp-block-heading\"><i class=\"fa fa-star\"><\/i> <a rel=\"noreferrer noopener\" aria-label=\"Desert Thistle (opens in a new tab)\" href=\"http:\/\/www.thedesertthistle.com\/\" target=\"_blank\">Desert Thistle<\/a><\/h3>\n\n\n\n<h3 class=\"wp-block-heading\"><i class=\"fa fa-star\"><\/i> <a href=\"https:\/\/www.booking.com\/hotel\/us\/2-cranes-inn.en.html?aid=809279&amp;no_rooms=1&amp;group_adults=2&amp;label=AR_ES\" target=\"_blank\" rel=\"nofollow noreferrer noopener\" aria-label=\"2 Cranes Inn (opens in a new tab)\">2 Cranes Inn<\/a><\/h3>\n\n\n\n<h3 class=\"wp-block-heading\"><a rel=\"noreferrer noopener\" aria-label=\"Bunk House Inn (opens in a new tab)\" href=\"http:\/\/bunkhouseatzion.com\/\" target=\"_blank\">Bunk House Inn<\/a><\/h3>\n\n\n\n<h3 class=\"wp-block-heading\"><a rel=\"noreferrer noopener\" aria-label=\"Amber Inn B&amp;B (opens in a new tab)\" href=\"http:\/\/amber-inn.com\/\" target=\"_blank\">Amber Inn B&amp;B<\/a><\/h3>\n\n\n\n<div style=\"height:48px\" aria-hidden=\"true\" class=\"wp-block-spacer\"><\/div>\n","protected":false},"excerpt":{"rendered":"<p>El peque\u00f1o, y pintoresco Rockville (poblaci\u00f3n 250) est\u00e1 localizado justo tres millas al oeste de Springdale (cinco-minutos en auto), pero se siente como un mundo totalmente aparte. Los restaurantes, tiendas de regalos, y hoteles grandes se alinean a lo largo de la avenida principal de Springdale, pero Rockville por el contrario, es una comunidad tranquila [&hellip;]<\/p>\n","protected":false},"author":3,"featured_media":0,"parent":10709,"menu_order":0,"comment_status":"closed","ping_status":"closed","template":"","meta":{"footnotes":""},"class_list":["post-10721","page","type-page","status-publish","hentry"],"yoast_head":"<!-- This site is optimized with the Yoast SEO Premium plugin v27.4 (Yoast SEO v27.5) - https:\/\/yoast.com\/product\/yoast-seo-premium-wordpress\/ -->\n<title>Los Mejores Hoteles y Alojamientos en Rockville, Utah &#8226; James Kaiser<\/title>\n<meta name=\"robots\" content=\"index, follow, max-snippet:-1, max-image-preview:large, max-video-preview:-1\" \/>\n<link rel=\"canonical\" href=\"https:\/\/jameskaiser.com\/es\/zion\/hoteles\/rockville\/\" \/>\n<meta property=\"og:locale\" content=\"es_ES\" \/>\n<meta property=\"og:type\" content=\"article\" \/>\n<meta property=\"og:title\" content=\"Los Mejores Hoteles y Alojamientos en Rockville, Utah\" \/>\n<meta property=\"og:description\" content=\"El peque\u00f1o, y pintoresco Rockville (poblaci\u00f3n 250) est\u00e1 localizado justo tres millas al oeste de Springdale (cinco-minutos en auto), pero se siente como un mundo totalmente aparte. Los restaurantes, tiendas de regalos, y hoteles grandes se alinean a lo largo de la avenida principal de Springdale, pero Rockville por el contrario, es una comunidad tranquila [&hellip;]\" \/>\n<meta property=\"og:url\" content=\"https:\/\/jameskaiser.com\/es\/zion\/hoteles\/rockville\/\" \/>\n<meta property=\"og:site_name\" content=\"James Kaiser\" \/>\n<meta property=\"article:publisher\" content=\"https:\/\/www.facebook.com\/JamesKaiserTraveler\" \/>\n<meta property=\"article:modified_time\" content=\"2020-04-19T13:29:34+00:00\" \/>\n<meta property=\"og:image\" content=\"https:\/\/jameskaiser.com\/wp-content\/uploads\/2020\/04\/los-mejores-hoteles-rockville-utah.jpg\" \/>\n<meta name=\"twitter:card\" content=\"summary_large_image\" \/>\n<meta name=\"twitter:site\" content=\"@JamesKaiser_\" \/>\n<meta name=\"twitter:label1\" content=\"Tiempo de lectura\" \/>\n\t<meta name=\"twitter:data1\" content=\"1 minuto\" \/>\n<script type=\"application\/ld+json\" class=\"yoast-schema-graph\">{\"@context\":\"https:\\\/\\\/schema.org\",\"@graph\":[{\"@type\":\"WebPage\",\"@id\":\"https:\\\/\\\/jameskaiser.com\\\/es\\\/zion\\\/hoteles\\\/rockville\\\/\",\"url\":\"https:\\\/\\\/jameskaiser.com\\\/es\\\/zion\\\/hoteles\\\/rockville\\\/\",\"name\":\"Los Mejores Hoteles y Alojamientos en Rockville, Utah &#8226; James Kaiser\",\"isPartOf\":{\"@id\":\"https:\\\/\\\/jameskaiser.com\\\/es\\\/#website\"},\"primaryImageOfPage\":{\"@id\":\"https:\\\/\\\/jameskaiser.com\\\/es\\\/zion\\\/hoteles\\\/rockville\\\/#primaryimage\"},\"image\":{\"@id\":\"https:\\\/\\\/jameskaiser.com\\\/es\\\/zion\\\/hoteles\\\/rockville\\\/#primaryimage\"},\"thumbnailUrl\":\"https:\\\/\\\/jameskaiser.com\\\/wp-content\\\/uploads\\\/2020\\\/04\\\/los-mejores-hoteles-rockville-utah.jpg\",\"datePublished\":\"2020-04-18T14:18:00+00:00\",\"dateModified\":\"2020-04-19T13:29:34+00:00\",\"breadcrumb\":{\"@id\":\"https:\\\/\\\/jameskaiser.com\\\/es\\\/zion\\\/hoteles\\\/rockville\\\/#breadcrumb\"},\"inLanguage\":\"es\",\"potentialAction\":[{\"@type\":\"ReadAction\",\"target\":[\"https:\\\/\\\/jameskaiser.com\\\/es\\\/zion\\\/hoteles\\\/rockville\\\/\"]}]},{\"@type\":\"ImageObject\",\"inLanguage\":\"es\",\"@id\":\"https:\\\/\\\/jameskaiser.com\\\/es\\\/zion\\\/hoteles\\\/rockville\\\/#primaryimage\",\"url\":\"https:\\\/\\\/jameskaiser.com\\\/wp-content\\\/uploads\\\/2020\\\/04\\\/los-mejores-hoteles-rockville-utah.jpg\",\"contentUrl\":\"https:\\\/\\\/jameskaiser.com\\\/wp-content\\\/uploads\\\/2020\\\/04\\\/los-mejores-hoteles-rockville-utah.jpg\"},{\"@type\":\"BreadcrumbList\",\"@id\":\"https:\\\/\\\/jameskaiser.com\\\/es\\\/zion\\\/hoteles\\\/rockville\\\/#breadcrumb\",\"itemListElement\":[{\"@type\":\"ListItem\",\"position\":1,\"name\":\"Home\",\"item\":\"https:\\\/\\\/jameskaiser.com\\\/es\\\/\"},{\"@type\":\"ListItem\",\"position\":2,\"name\":\"Zion\",\"item\":\"https:\\\/\\\/jameskaiser.com\\\/es\\\/zion\\\/\"},{\"@type\":\"ListItem\",\"position\":3,\"name\":\"Hoteles\",\"item\":\"https:\\\/\\\/jameskaiser.com\\\/es\\\/zion\\\/hoteles\\\/\"},{\"@type\":\"ListItem\",\"position\":4,\"name\":\"Rockville\"}]},{\"@type\":\"WebSite\",\"@id\":\"https:\\\/\\\/jameskaiser.com\\\/es\\\/#website\",\"url\":\"https:\\\/\\\/jameskaiser.com\\\/es\\\/\",\"name\":\"James Kaiser\",\"description\":\"National Park Guides\",\"publisher\":{\"@id\":\"https:\\\/\\\/jameskaiser.com\\\/es\\\/#\\\/schema\\\/person\\\/5981104745a0770ef7007991f80d4ca0\"},\"potentialAction\":[{\"@type\":\"SearchAction\",\"target\":{\"@type\":\"EntryPoint\",\"urlTemplate\":\"https:\\\/\\\/jameskaiser.com\\\/es\\\/?s={search_term_string}\"},\"query-input\":{\"@type\":\"PropertyValueSpecification\",\"valueRequired\":true,\"valueName\":\"search_term_string\"}}],\"inLanguage\":\"es\"},{\"@type\":[\"Person\",\"Organization\"],\"@id\":\"https:\\\/\\\/jameskaiser.com\\\/es\\\/#\\\/schema\\\/person\\\/5981104745a0770ef7007991f80d4ca0\",\"name\":\"James Kaiser\",\"image\":{\"@type\":\"ImageObject\",\"inLanguage\":\"es\",\"@id\":\"https:\\\/\\\/secure.gravatar.com\\\/avatar\\\/9acc818dc334ece1637aed9a07c32b99dacc4c73e4cf79079b19ba425f2c2d0c?s=96&d=mm&r=g\",\"url\":\"https:\\\/\\\/secure.gravatar.com\\\/avatar\\\/9acc818dc334ece1637aed9a07c32b99dacc4c73e4cf79079b19ba425f2c2d0c?s=96&d=mm&r=g\",\"contentUrl\":\"https:\\\/\\\/secure.gravatar.com\\\/avatar\\\/9acc818dc334ece1637aed9a07c32b99dacc4c73e4cf79079b19ba425f2c2d0c?s=96&d=mm&r=g\",\"caption\":\"James Kaiser\"},\"logo\":{\"@id\":\"https:\\\/\\\/secure.gravatar.com\\\/avatar\\\/9acc818dc334ece1637aed9a07c32b99dacc4c73e4cf79079b19ba425f2c2d0c?s=96&d=mm&r=g\"},\"description\":\"James Kaiser is an award-winning travel writer and photographer whose work has appeared on the cover of \\\"National Geographic.\\\" He has written bestselling guidebooks to Costa Rica, Grand Canyon, Yosemite, Acadia, Joshua Tree, and Zion National Park.\",\"sameAs\":[\"http:\\\/\\\/www.jameskaiser.com\",\"https:\\\/\\\/www.facebook.com\\\/JamesKaiserTraveler\",\"https:\\\/\\\/x.com\\\/JamesKaiser_\"]}]}<\/script>\n<!-- \/ Yoast SEO Premium plugin. -->","yoast_head_json":{"title":"Los Mejores Hoteles y Alojamientos en Rockville, Utah &#8226; James Kaiser","robots":{"index":"index","follow":"follow","max-snippet":"max-snippet:-1","max-image-preview":"max-image-preview:large","max-video-preview":"max-video-preview:-1"},"canonical":"https:\/\/jameskaiser.com\/es\/zion\/hoteles\/rockville\/","og_locale":"es_ES","og_type":"article","og_title":"Los Mejores Hoteles y Alojamientos en Rockville, Utah","og_description":"El peque\u00f1o, y pintoresco Rockville (poblaci\u00f3n 250) est\u00e1 localizado justo tres millas al oeste de Springdale (cinco-minutos en auto), pero se siente como un mundo totalmente aparte. Los restaurantes, tiendas de regalos, y hoteles grandes se alinean a lo largo de la avenida principal de Springdale, pero Rockville por el contrario, es una comunidad tranquila [&hellip;]","og_url":"https:\/\/jameskaiser.com\/es\/zion\/hoteles\/rockville\/","og_site_name":"James Kaiser","article_publisher":"https:\/\/www.facebook.com\/JamesKaiserTraveler","article_modified_time":"2020-04-19T13:29:34+00:00","og_image":[{"url":"https:\/\/jameskaiser.com\/wp-content\/uploads\/2020\/04\/los-mejores-hoteles-rockville-utah.jpg","type":"","width":"","height":""}],"twitter_card":"summary_large_image","twitter_site":"@JamesKaiser_","twitter_misc":{"Tiempo de lectura":"1 minuto"},"schema":{"@context":"https:\/\/schema.org","@graph":[{"@type":"WebPage","@id":"https:\/\/jameskaiser.com\/es\/zion\/hoteles\/rockville\/","url":"https:\/\/jameskaiser.com\/es\/zion\/hoteles\/rockville\/","name":"Los Mejores Hoteles y Alojamientos en Rockville, Utah &#8226; James Kaiser","isPartOf":{"@id":"https:\/\/jameskaiser.com\/es\/#website"},"primaryImageOfPage":{"@id":"https:\/\/jameskaiser.com\/es\/zion\/hoteles\/rockville\/#primaryimage"},"image":{"@id":"https:\/\/jameskaiser.com\/es\/zion\/hoteles\/rockville\/#primaryimage"},"thumbnailUrl":"https:\/\/jameskaiser.com\/wp-content\/uploads\/2020\/04\/los-mejores-hoteles-rockville-utah.jpg","datePublished":"2020-04-18T14:18:00+00:00","dateModified":"2020-04-19T13:29:34+00:00","breadcrumb":{"@id":"https:\/\/jameskaiser.com\/es\/zion\/hoteles\/rockville\/#breadcrumb"},"inLanguage":"es","potentialAction":[{"@type":"ReadAction","target":["https:\/\/jameskaiser.com\/es\/zion\/hoteles\/rockville\/"]}]},{"@type":"ImageObject","inLanguage":"es","@id":"https:\/\/jameskaiser.com\/es\/zion\/hoteles\/rockville\/#primaryimage","url":"https:\/\/jameskaiser.com\/wp-content\/uploads\/2020\/04\/los-mejores-hoteles-rockville-utah.jpg","contentUrl":"https:\/\/jameskaiser.com\/wp-content\/uploads\/2020\/04\/los-mejores-hoteles-rockville-utah.jpg"},{"@type":"BreadcrumbList","@id":"https:\/\/jameskaiser.com\/es\/zion\/hoteles\/rockville\/#breadcrumb","itemListElement":[{"@type":"ListItem","position":1,"name":"Home","item":"https:\/\/jameskaiser.com\/es\/"},{"@type":"ListItem","position":2,"name":"Zion","item":"https:\/\/jameskaiser.com\/es\/zion\/"},{"@type":"ListItem","position":3,"name":"Hoteles","item":"https:\/\/jameskaiser.com\/es\/zion\/hoteles\/"},{"@type":"ListItem","position":4,"name":"Rockville"}]},{"@type":"WebSite","@id":"https:\/\/jameskaiser.com\/es\/#website","url":"https:\/\/jameskaiser.com\/es\/","name":"James Kaiser","description":"National Park Guides","publisher":{"@id":"https:\/\/jameskaiser.com\/es\/#\/schema\/person\/5981104745a0770ef7007991f80d4ca0"},"potentialAction":[{"@type":"SearchAction","target":{"@type":"EntryPoint","urlTemplate":"https:\/\/jameskaiser.com\/es\/?s={search_term_string}"},"query-input":{"@type":"PropertyValueSpecification","valueRequired":true,"valueName":"search_term_string"}}],"inLanguage":"es"},{"@type":["Person","Organization"],"@id":"https:\/\/jameskaiser.com\/es\/#\/schema\/person\/5981104745a0770ef7007991f80d4ca0","name":"James Kaiser","image":{"@type":"ImageObject","inLanguage":"es","@id":"https:\/\/secure.gravatar.com\/avatar\/9acc818dc334ece1637aed9a07c32b99dacc4c73e4cf79079b19ba425f2c2d0c?s=96&d=mm&r=g","url":"https:\/\/secure.gravatar.com\/avatar\/9acc818dc334ece1637aed9a07c32b99dacc4c73e4cf79079b19ba425f2c2d0c?s=96&d=mm&r=g","contentUrl":"https:\/\/secure.gravatar.com\/avatar\/9acc818dc334ece1637aed9a07c32b99dacc4c73e4cf79079b19ba425f2c2d0c?s=96&d=mm&r=g","caption":"James Kaiser"},"logo":{"@id":"https:\/\/secure.gravatar.com\/avatar\/9acc818dc334ece1637aed9a07c32b99dacc4c73e4cf79079b19ba425f2c2d0c?s=96&d=mm&r=g"},"description":"James Kaiser is an award-winning travel writer and photographer whose work has appeared on the cover of \"National Geographic.\" He has written bestselling guidebooks to Costa Rica, Grand Canyon, Yosemite, Acadia, Joshua Tree, and Zion National Park.","sameAs":["http:\/\/www.jameskaiser.com","https:\/\/www.facebook.com\/JamesKaiserTraveler","https:\/\/x.com\/JamesKaiser_"]}]}},"_links":{"self":[{"href":"https:\/\/jameskaiser.com\/es\/wp-json\/wp\/v2\/pages\/10721","targetHints":{"allow":["GET"]}}],"collection":[{"href":"https:\/\/jameskaiser.com\/es\/wp-json\/wp\/v2\/pages"}],"about":[{"href":"https:\/\/jameskaiser.com\/es\/wp-json\/wp\/v2\/types\/page"}],"author":[{"embeddable":true,"href":"https:\/\/jameskaiser.com\/es\/wp-json\/wp\/v2\/users\/3"}],"replies":[{"embeddable":true,"href":"https:\/\/jameskaiser.com\/es\/wp-json\/wp\/v2\/comments?post=10721"}],"version-history":[{"count":0,"href":"https:\/\/jameskaiser.com\/es\/wp-json\/wp\/v2\/pages\/10721\/revisions"}],"up":[{"embeddable":true,"href":"https:\/\/jameskaiser.com\/es\/wp-json\/wp\/v2\/pages\/10709"}],"wp:attachment":[{"href":"https:\/\/jameskaiser.com\/es\/wp-json\/wp\/v2\/media?parent=10721"}],"curies":[{"name":"wp","href":"https:\/\/api.w.org\/{rel}","templated":true}]}}