{"id":10717,"date":"2020-04-18T14:03:47","date_gmt":"2020-04-18T14:03:47","guid":{"rendered":"https:\/\/jameskaiser.com\/?page_id=10717"},"modified":"2020-04-19T13:29:11","modified_gmt":"2020-04-19T13:29:11","slug":"springdale","status":"publish","type":"page","link":"https:\/\/jameskaiser.com\/es\/zion\/hoteles\/springdale\/","title":{"rendered":"Los Mejores Hoteles y Alojamientos en Springdale, Utah"},"content":{"rendered":"\n<figure class=\"wp-block-image size-large\"><img loading=\"lazy\" decoding=\"async\" width=\"700\" height=\"840\" src=\"https:\/\/jameskaiser.com\/wp-content\/uploads\/2020\/04\/mejores-hoteles-springdale-utah.jpg\" alt=\"Los mejores hoteles en Springdale, Utah\" class=\"wp-image-10718\"\/><\/figure>\n\n\n\n<p>Springdale, Utah es hogar de un poco m\u00e1s de una docena de hoteles, y es el lugar m\u00e1s conveniente para explorar el Parque Natural Zion.<\/p>\n\n\n\n<p>Ubicado al lado de la entrada m\u00e1s popular de Zion, Springdale es el pueblo m\u00e1s grande cerca al parque. A pesar que su poblaci\u00f3n anual oficial es de tan solo 500, hay montones de hoteles, restaurantes, tiendas de regalos y de outdoors orientadas a los visitantes, lo cual hacer sentir que el pueblo es mucho m\u00e1s grande.  <\/p>\n\n\n\n<p>La mayor\u00eda de hoteles y negocios en Springdale est\u00e1n ubicados a lo largo del Zion Park Boulevard,  el cual serpentea a trav\u00e9s del centro del pueblo en ruta a la Entrada Sur de Zion. Una ruta de bus gratuita opera entre diferentes paradas de bus en la calle principal de Springdale y la entrada del parque, la mayor\u00eda del a\u00f1o. <\/p>\n\n\n\n<p>Tecnicamente, Springdale est\u00e1 ubicado dentro del  Ca\u00f1\u00f3n de Zion, con el \u00abWest Temple\u00bb que asciende en el oeste, y \u00abThe Watchman\u00bb que asciende al este, y el R\u00edo Virgen fluyendo por el centro del ca\u00f1\u00f3n. Muchos de los acantilados de piedra arenisca que se alzan a lo largo del pueblo rivalizan con aquellos acantilados del parque, agregando un aire de manficicenica a Springdale. <\/p>\n\n\n\n<ins class=\"bookingaff\" data-aid=\"1830774\" data-target_aid=\"1830774\" data-prod=\"map\" data-width=\"100%\" data-height=\"590\" data-dest_id=\"0\" data-dest_type=\"landmark\" data-latitude=\"37.1888713\" data-longitude=\"-112.9985515\" data-landmark_name=\"Springdale\" data-mwhsb=\"0\">\n    <!-- Anything inside will go away once widget is loaded. -->\n        <a href=\"\/\/www.booking.com?aid=1830774\">Booking.com<\/a>\n<\/ins>\n<script type=\"text\/javascript\">\n    (function(d, sc, u) {\n      var s = d.createElement(sc), p = d.getElementsByTagName(sc)[0];\n      s.type = 'text\/javascript';\n      s.async = true;\n      s.src = u + '?v=' + (+new Date());\n      p.parentNode.insertBefore(s,p);\n      })(document, 'script', '\/\/aff.bstatic.com\/static\/affiliate_base\/js\/flexiproduct.js');\n<\/script>\n\n\n\n<div style=\"height:50px\" aria-hidden=\"true\" class=\"wp-block-spacer\"><\/div>\n\n\n\n<h3><i class=\"fa fa-star\"><\/i> = Recommended<\/h3>\n\n\n\n<div style=\"height:30px\" aria-hidden=\"true\" class=\"wp-block-spacer\"><\/div>\n\n\n\n<h2 class=\"wp-block-heading\">Hoteles en Springdale &#8211; Lujosos<\/h2>\n\n\n\n<h3 class=\"wp-block-heading\"><i class=\"fa fa-star\"><\/i> <a href=\"https:\/\/www.booking.com\/hotel\/us\/best-western-plus-zion-canyon-inn-suites.en.html?aid=809279&amp;no_rooms=1&amp;group_adults=2&amp;label=AR_ES\" target=\"_blank\" rel=\"nofollow noreferrer noopener\" aria-label=\" (opens in a new tab)\">Best Western Plus<\/a><\/h3>\n\n\n\n<h3 class=\"wp-block-heading\"><i class=\"fa fa-star\"><\/i> <a href=\"https:\/\/www.booking.com\/hotel\/us\/springhill-suites-by-marriott-springdale-zion-national-park.en.html?aid=809279&amp;no_rooms=1&amp;group_adults=2&amp;label=AR_ES\" target=\"_blank\" rel=\"nofollow noreferrer noopener\" aria-label=\" (opens in a new tab)\">SpringHill Suites Marriot<\/a><\/h3>\n\n\n\n<h3 class=\"wp-block-heading\"><i class=\"fa fa-star\"><\/i> <a href=\"https:\/\/www.booking.com\/hotel\/us\/cable-mountain-lodge.en.html?aid=809279&amp;no_rooms=1&amp;group_adults=2&amp;label=AR_ES\" target=\"_blank\" rel=\"nofollow noreferrer noopener\" aria-label=\" (opens in a new tab)\">Cable Mountain Lodge<\/a><\/h3>\n\n\n\n<h3 class=\"wp-block-heading\"><a href=\"https:\/\/www.booking.com\/hotel\/us\/holiday-inn-express-zion-park.en.html?aid=809279&amp;no_rooms=1&amp;group_adults=2&amp;label=AR_ES\" target=\"_blank\" rel=\"nofollow noreferrer noopener\" aria-label=\" (opens in a new tab)\">Holiday Inn Express<\/a><\/h3>\n\n\n\n<h3 class=\"wp-block-heading\"><a href=\"https:\/\/majesticviewlodge.com\/\">Majestic View Lodge<\/a><\/h3>\n\n\n\n<div style=\"height:53px\" aria-hidden=\"true\" class=\"wp-block-spacer\"><\/div>\n\n\n\n<h2 class=\"wp-block-heading\">Hoteles en Springdale Hotels &#8211; Precio Moderado<\/h2>\n\n\n\n<h3 class=\"wp-block-heading\"><i class=\"fa fa-star\"><\/i> <a href=\"https:\/\/www.booking.com\/hotel\/us\/the-pinyon.en.html?aid=809279&amp;no_rooms=1&amp;group_adults=2&amp;label=AR_ES\" target=\"_blank\" rel=\"nofollow noreferrer noopener\" aria-label=\" (opens in a new tab)\">Watchman Villas<\/a><\/h3>\n\n\n\n<h3 class=\"wp-block-heading\"><i class=\"fa fa-star\"><\/i> <a href=\"https:\/\/www.booking.com\/hotel\/us\/flanigan-s-inn.en.html?aid=809279&amp;no_rooms=1&amp;group_adults=2&amp;label=AR_ES\n1 - 1 of 1\" target=\"_blank\" rel=\"nofollow noreferrer noopener\" aria-label=\" (opens in a new tab)\">Flanigan&#8217;s Inn<\/a><\/h3>\n\n\n\n<h3 class=\"wp-block-heading\"><i class=\"fa fa-star\"><\/i> <a href=\"https:\/\/www.booking.com\/hotel\/us\/red-rock-inn-cottages.en.html?aid=809279&amp;no_rooms=1&amp;group_adults=2&amp;label=AR_ES\" target=\"_blank\" rel=\"nofollow noreferrer noopener\" aria-label=\" (opens in a new tab)\">Red Rock Inn Cottages<\/a><\/h3>\n\n\n\n<h3 class=\"wp-block-heading\"><i class=\"fa fa-star\"><\/i> <a href=\"https:\/\/www.booking.com\/hotel\/us\/hampton-inn-amp-suites-springdale-zion-national-park.en.html?aid=809279&amp;no_rooms=1&amp;group_adults=2&amp;label=AR_ES\" target=\"_blank\" rel=\"nofollow noreferrer noopener\" aria-label=\" (opens in a new tab)\">Hampton Inn &amp; Suites<\/a><br><\/h3>\n\n\n\n<h3 class=\"wp-block-heading\"><i class=\"fa fa-star\"><\/i> <a href=\"https:\/\/www.zioncanyonbnb.com\/\" target=\"_blank\" rel=\"noreferrer noopener\" aria-label=\"Zion Canyon B&amp;B (opens in a new tab)\">Zion Canyon B&amp;B<\/a><\/h3>\n\n\n\n<h3 class=\"wp-block-heading\"><a href=\"https:\/\/www.booking.com\/hotel\/us\/la-quinta-zion-park-springdale.en.html?aid=809279&amp;no_rooms=1&amp;group_adults=2&amp;label=AR_ES\" target=\"_blank\" rel=\"nofollow noreferrer noopener\" aria-label=\" (opens in a new tab)\">La Quinta Wyndham<\/a><\/h3>\n\n\n\n<h3 class=\"wp-block-heading\"><a href=\"https:\/\/www.booking.com\/hotel\/us\/canyon-vista-lodge.en.html?aid=809279&amp;no_rooms=1&amp;group_adults=2&amp;label=AR_ES\" target=\"_blank\" rel=\"nofollow noreferrer noopener\" aria-label=\" (opens in a new tab)\">Canyon Vista Lodge<\/a><\/h3>\n\n\n\n<h3 class=\"wp-block-heading\"><a href=\"https:\/\/www.booking.com\/hotel\/us\/hotel-zion-park-blvd-springdale.en.html?aid=809279&amp;no_rooms=1&amp;group_adults=2&amp;label=AR_ES\" target=\"_blank\" rel=\"nofollow noreferrer noopener\" aria-label=\" (opens in a new tab)\">Quality Inn<\/a><\/h3>\n\n\n\n<h3 class=\"wp-block-heading\"><a href=\"https:\/\/www.booking.com\/hotel\/us\/driftwood-lodge.en.html?aid=809279&amp;no_rooms=1&amp;group_adults=2&amp;label=AR_ES\" target=\"_blank\" rel=\"nofollow noreferrer noopener\" aria-label=\" (opens in a new tab)\">Driftwood Lodge<\/a><\/h3>\n\n\n\n<h3 class=\"wp-block-heading\"><a href=\"https:\/\/www.booking.com\/hotel\/us\/zion-park-motel-springdale.en.html?aid=809279&amp;no_rooms=1&amp;group_adults=2&amp;label=AR_ES\" target=\"_blank\" rel=\"nofollow noreferrer noopener\" aria-label=\" (opens in a new tab)\">Zion Park Motel<\/a><\/h3>\n\n\n\n<h3 class=\"wp-block-heading\"><a href=\"https:\/\/www.booking.com\/hotel\/us\/bumbleberry.en.html?aid=809279&amp;no_rooms=1&amp;group_adults=2&amp;label=AR_ES\" target=\"_blank\" rel=\"nofollow noreferrer noopener\" aria-label=\" (opens in a new tab)\">Bumbleberry Inn<\/a><\/h3>\n\n\n\n<h3 class=\"wp-block-heading\"><a href=\"https:\/\/www.booking.com\/hotel\/us\/zion-pioneer-lodge-springdale.en.html?aid=809279&amp;no_rooms=1&amp;group_adults=2&amp;label=AR_ES\" target=\"_blank\" rel=\"nofollow noreferrer noopener\" aria-label=\" (opens in a new tab)\">Pioneer Lodge<\/a><\/h3>\n\n\n\n<h3 class=\"wp-block-heading\"><a href=\"https:\/\/www.booking.com\/hotel\/us\/novel-house-inn-at-zion.en.html?aid=809279&amp;no_rooms=1&amp;group_adults=2&amp;label=AR_ES\" target=\"_blank\" rel=\"nofollow noreferrer noopener\" aria-label=\" (opens in a new tab)\">Novel House Inn<\/a><\/h3>\n\n\n\n<div style=\"height:41px\" aria-hidden=\"true\" class=\"wp-block-spacer\"><\/div>\n\n\n\n<h2 class=\"wp-block-heading\">Casas Privadas para Rentar<\/h2>\n\n\n\n<h3 class=\"wp-block-heading\"><i class=\"fa fa-star\"><\/i> <a href=\"https:\/\/www.booking.com\/hotel\/us\/nama-stay.en.html?aid=809279&amp;no_rooms=1&amp;group_adults=1\" target=\"_blank\" rel=\"nofollow noreferrer noopener\" aria-label=\" (opens in a new tab)\">Nama Stay<\/a><\/h3>\n\n\n\n<h3 class=\"wp-block-heading\"><i class=\"fa fa-star\"><\/i> <a href=\"https:\/\/www.booking.com\/hotel\/us\/zion-villa.en.html?aid=809279&amp;no_rooms=1&amp;group_adults=1\" target=\"_blank\" rel=\"nofollow noreferrer noopener\" aria-label=\" (opens in a new tab)\">Zion Villa<\/a><\/h3>\n\n\n\n<h3 class=\"wp-block-heading\"><a href=\"https:\/\/www.booking.com\/hotel\/us\/zion-vacation-home-llc.en.html?aid=809279&amp;no_rooms=1&amp;group_adults=2&amp;label=AR_ES\" target=\"_blank\" rel=\"nofollow noreferrer noopener\" aria-label=\" (opens in a new tab)\">Zion Vacation Home<\/a><\/h3>\n\n\n\n<div style=\"height:42px\" aria-hidden=\"true\" class=\"wp-block-spacer\"><\/div>\n","protected":false},"excerpt":{"rendered":"<p>Springdale, Utah es hogar de un poco m\u00e1s de una docena de hoteles, y es el lugar m\u00e1s conveniente para explorar el Parque Natural Zion. Ubicado al lado de la entrada m\u00e1s popular de Zion, Springdale es el pueblo m\u00e1s grande cerca al parque. A pesar que su poblaci\u00f3n anual oficial es de tan solo [&hellip;]<\/p>\n","protected":false},"author":3,"featured_media":0,"parent":10709,"menu_order":0,"comment_status":"closed","ping_status":"closed","template":"","meta":{"footnotes":""},"class_list":["post-10717","page","type-page","status-publish","hentry"],"yoast_head":"<!-- This site is optimized with the Yoast SEO Premium plugin v27.4 (Yoast SEO v27.5) - https:\/\/yoast.com\/product\/yoast-seo-premium-wordpress\/ -->\n<title>Los Mejores Hoteles y Alojamientos en Springdale, Utah &#8226; James Kaiser<\/title>\n<meta name=\"description\" content=\"Mi lista con los mejores hoteles en Springdale, Utah - justo a las afueras del Parque Naciona Zion. Hoteles, moteles, inns, bed and breakfasts, alojamientos r\u00fasticos y m\u00e1s!\" \/>\n<meta name=\"robots\" content=\"index, follow, max-snippet:-1, max-image-preview:large, max-video-preview:-1\" \/>\n<link rel=\"canonical\" href=\"https:\/\/jameskaiser.com\/es\/zion\/hoteles\/springdale\/\" \/>\n<meta property=\"og:locale\" content=\"es_ES\" \/>\n<meta property=\"og:type\" content=\"article\" \/>\n<meta property=\"og:title\" content=\"Los Mejores Hoteles y Alojamientos en Springdale, Utah\" \/>\n<meta property=\"og:description\" content=\"Mi lista con los mejores hoteles en Springdale, Utah - justo a las afueras del Parque Naciona Zion. Hoteles, moteles, inns, bed and breakfasts, alojamientos r\u00fasticos y m\u00e1s!\" \/>\n<meta property=\"og:url\" content=\"https:\/\/jameskaiser.com\/es\/zion\/hoteles\/springdale\/\" \/>\n<meta property=\"og:site_name\" content=\"James Kaiser\" \/>\n<meta property=\"article:publisher\" content=\"https:\/\/www.facebook.com\/JamesKaiserTraveler\" \/>\n<meta property=\"article:modified_time\" content=\"2020-04-19T13:29:11+00:00\" \/>\n<meta property=\"og:image\" content=\"https:\/\/jameskaiser.com\/wp-content\/uploads\/2020\/04\/mejores-hoteles-springdale-utah.jpg\" \/>\n<meta name=\"twitter:card\" content=\"summary_large_image\" \/>\n<meta name=\"twitter:site\" content=\"@JamesKaiser_\" \/>\n<meta name=\"twitter:label1\" content=\"Tiempo de lectura\" \/>\n\t<meta name=\"twitter:data1\" content=\"1 minuto\" \/>\n<script type=\"application\/ld+json\" class=\"yoast-schema-graph\">{\"@context\":\"https:\\\/\\\/schema.org\",\"@graph\":[{\"@type\":\"WebPage\",\"@id\":\"https:\\\/\\\/jameskaiser.com\\\/es\\\/zion\\\/hoteles\\\/springdale\\\/\",\"url\":\"https:\\\/\\\/jameskaiser.com\\\/es\\\/zion\\\/hoteles\\\/springdale\\\/\",\"name\":\"Los Mejores Hoteles y Alojamientos en Springdale, Utah &#8226; James Kaiser\",\"isPartOf\":{\"@id\":\"https:\\\/\\\/jameskaiser.com\\\/es\\\/#website\"},\"primaryImageOfPage\":{\"@id\":\"https:\\\/\\\/jameskaiser.com\\\/es\\\/zion\\\/hoteles\\\/springdale\\\/#primaryimage\"},\"image\":{\"@id\":\"https:\\\/\\\/jameskaiser.com\\\/es\\\/zion\\\/hoteles\\\/springdale\\\/#primaryimage\"},\"thumbnailUrl\":\"https:\\\/\\\/jameskaiser.com\\\/wp-content\\\/uploads\\\/2020\\\/04\\\/mejores-hoteles-springdale-utah.jpg\",\"datePublished\":\"2020-04-18T14:03:47+00:00\",\"dateModified\":\"2020-04-19T13:29:11+00:00\",\"description\":\"Mi lista con los mejores hoteles en Springdale, Utah - justo a las afueras del Parque Naciona Zion. Hoteles, moteles, inns, bed and breakfasts, alojamientos r\u00fasticos y m\u00e1s!\",\"breadcrumb\":{\"@id\":\"https:\\\/\\\/jameskaiser.com\\\/es\\\/zion\\\/hoteles\\\/springdale\\\/#breadcrumb\"},\"inLanguage\":\"es\",\"potentialAction\":[{\"@type\":\"ReadAction\",\"target\":[\"https:\\\/\\\/jameskaiser.com\\\/es\\\/zion\\\/hoteles\\\/springdale\\\/\"]}]},{\"@type\":\"ImageObject\",\"inLanguage\":\"es\",\"@id\":\"https:\\\/\\\/jameskaiser.com\\\/es\\\/zion\\\/hoteles\\\/springdale\\\/#primaryimage\",\"url\":\"https:\\\/\\\/jameskaiser.com\\\/wp-content\\\/uploads\\\/2020\\\/04\\\/mejores-hoteles-springdale-utah.jpg\",\"contentUrl\":\"https:\\\/\\\/jameskaiser.com\\\/wp-content\\\/uploads\\\/2020\\\/04\\\/mejores-hoteles-springdale-utah.jpg\"},{\"@type\":\"BreadcrumbList\",\"@id\":\"https:\\\/\\\/jameskaiser.com\\\/es\\\/zion\\\/hoteles\\\/springdale\\\/#breadcrumb\",\"itemListElement\":[{\"@type\":\"ListItem\",\"position\":1,\"name\":\"Home\",\"item\":\"https:\\\/\\\/jameskaiser.com\\\/es\\\/\"},{\"@type\":\"ListItem\",\"position\":2,\"name\":\"Zion\",\"item\":\"https:\\\/\\\/jameskaiser.com\\\/es\\\/zion\\\/\"},{\"@type\":\"ListItem\",\"position\":3,\"name\":\"Hoteles\",\"item\":\"https:\\\/\\\/jameskaiser.com\\\/es\\\/zion\\\/hoteles\\\/\"},{\"@type\":\"ListItem\",\"position\":4,\"name\":\"Springdale\"}]},{\"@type\":\"WebSite\",\"@id\":\"https:\\\/\\\/jameskaiser.com\\\/es\\\/#website\",\"url\":\"https:\\\/\\\/jameskaiser.com\\\/es\\\/\",\"name\":\"James Kaiser\",\"description\":\"National Park Guides\",\"publisher\":{\"@id\":\"https:\\\/\\\/jameskaiser.com\\\/es\\\/#\\\/schema\\\/person\\\/5981104745a0770ef7007991f80d4ca0\"},\"potentialAction\":[{\"@type\":\"SearchAction\",\"target\":{\"@type\":\"EntryPoint\",\"urlTemplate\":\"https:\\\/\\\/jameskaiser.com\\\/es\\\/?s={search_term_string}\"},\"query-input\":{\"@type\":\"PropertyValueSpecification\",\"valueRequired\":true,\"valueName\":\"search_term_string\"}}],\"inLanguage\":\"es\"},{\"@type\":[\"Person\",\"Organization\"],\"@id\":\"https:\\\/\\\/jameskaiser.com\\\/es\\\/#\\\/schema\\\/person\\\/5981104745a0770ef7007991f80d4ca0\",\"name\":\"James Kaiser\",\"image\":{\"@type\":\"ImageObject\",\"inLanguage\":\"es\",\"@id\":\"https:\\\/\\\/secure.gravatar.com\\\/avatar\\\/9acc818dc334ece1637aed9a07c32b99dacc4c73e4cf79079b19ba425f2c2d0c?s=96&d=mm&r=g\",\"url\":\"https:\\\/\\\/secure.gravatar.com\\\/avatar\\\/9acc818dc334ece1637aed9a07c32b99dacc4c73e4cf79079b19ba425f2c2d0c?s=96&d=mm&r=g\",\"contentUrl\":\"https:\\\/\\\/secure.gravatar.com\\\/avatar\\\/9acc818dc334ece1637aed9a07c32b99dacc4c73e4cf79079b19ba425f2c2d0c?s=96&d=mm&r=g\",\"caption\":\"James Kaiser\"},\"logo\":{\"@id\":\"https:\\\/\\\/secure.gravatar.com\\\/avatar\\\/9acc818dc334ece1637aed9a07c32b99dacc4c73e4cf79079b19ba425f2c2d0c?s=96&d=mm&r=g\"},\"description\":\"James Kaiser is an award-winning travel writer and photographer whose work has appeared on the cover of \\\"National Geographic.\\\" He has written bestselling guidebooks to Costa Rica, Grand Canyon, Yosemite, Acadia, Joshua Tree, and Zion National Park.\",\"sameAs\":[\"http:\\\/\\\/www.jameskaiser.com\",\"https:\\\/\\\/www.facebook.com\\\/JamesKaiserTraveler\",\"https:\\\/\\\/x.com\\\/JamesKaiser_\"]}]}<\/script>\n<!-- \/ Yoast SEO Premium plugin. -->","yoast_head_json":{"title":"Los Mejores Hoteles y Alojamientos en Springdale, Utah &#8226; James Kaiser","description":"Mi lista con los mejores hoteles en Springdale, Utah - justo a las afueras del Parque Naciona Zion. Hoteles, moteles, inns, bed and breakfasts, alojamientos r\u00fasticos y m\u00e1s!","robots":{"index":"index","follow":"follow","max-snippet":"max-snippet:-1","max-image-preview":"max-image-preview:large","max-video-preview":"max-video-preview:-1"},"canonical":"https:\/\/jameskaiser.com\/es\/zion\/hoteles\/springdale\/","og_locale":"es_ES","og_type":"article","og_title":"Los Mejores Hoteles y Alojamientos en Springdale, Utah","og_description":"Mi lista con los mejores hoteles en Springdale, Utah - justo a las afueras del Parque Naciona Zion. Hoteles, moteles, inns, bed and breakfasts, alojamientos r\u00fasticos y m\u00e1s!","og_url":"https:\/\/jameskaiser.com\/es\/zion\/hoteles\/springdale\/","og_site_name":"James Kaiser","article_publisher":"https:\/\/www.facebook.com\/JamesKaiserTraveler","article_modified_time":"2020-04-19T13:29:11+00:00","og_image":[{"url":"https:\/\/jameskaiser.com\/wp-content\/uploads\/2020\/04\/mejores-hoteles-springdale-utah.jpg","type":"","width":"","height":""}],"twitter_card":"summary_large_image","twitter_site":"@JamesKaiser_","twitter_misc":{"Tiempo de lectura":"1 minuto"},"schema":{"@context":"https:\/\/schema.org","@graph":[{"@type":"WebPage","@id":"https:\/\/jameskaiser.com\/es\/zion\/hoteles\/springdale\/","url":"https:\/\/jameskaiser.com\/es\/zion\/hoteles\/springdale\/","name":"Los Mejores Hoteles y Alojamientos en Springdale, Utah &#8226; James Kaiser","isPartOf":{"@id":"https:\/\/jameskaiser.com\/es\/#website"},"primaryImageOfPage":{"@id":"https:\/\/jameskaiser.com\/es\/zion\/hoteles\/springdale\/#primaryimage"},"image":{"@id":"https:\/\/jameskaiser.com\/es\/zion\/hoteles\/springdale\/#primaryimage"},"thumbnailUrl":"https:\/\/jameskaiser.com\/wp-content\/uploads\/2020\/04\/mejores-hoteles-springdale-utah.jpg","datePublished":"2020-04-18T14:03:47+00:00","dateModified":"2020-04-19T13:29:11+00:00","description":"Mi lista con los mejores hoteles en Springdale, Utah - justo a las afueras del Parque Naciona Zion. Hoteles, moteles, inns, bed and breakfasts, alojamientos r\u00fasticos y m\u00e1s!","breadcrumb":{"@id":"https:\/\/jameskaiser.com\/es\/zion\/hoteles\/springdale\/#breadcrumb"},"inLanguage":"es","potentialAction":[{"@type":"ReadAction","target":["https:\/\/jameskaiser.com\/es\/zion\/hoteles\/springdale\/"]}]},{"@type":"ImageObject","inLanguage":"es","@id":"https:\/\/jameskaiser.com\/es\/zion\/hoteles\/springdale\/#primaryimage","url":"https:\/\/jameskaiser.com\/wp-content\/uploads\/2020\/04\/mejores-hoteles-springdale-utah.jpg","contentUrl":"https:\/\/jameskaiser.com\/wp-content\/uploads\/2020\/04\/mejores-hoteles-springdale-utah.jpg"},{"@type":"BreadcrumbList","@id":"https:\/\/jameskaiser.com\/es\/zion\/hoteles\/springdale\/#breadcrumb","itemListElement":[{"@type":"ListItem","position":1,"name":"Home","item":"https:\/\/jameskaiser.com\/es\/"},{"@type":"ListItem","position":2,"name":"Zion","item":"https:\/\/jameskaiser.com\/es\/zion\/"},{"@type":"ListItem","position":3,"name":"Hoteles","item":"https:\/\/jameskaiser.com\/es\/zion\/hoteles\/"},{"@type":"ListItem","position":4,"name":"Springdale"}]},{"@type":"WebSite","@id":"https:\/\/jameskaiser.com\/es\/#website","url":"https:\/\/jameskaiser.com\/es\/","name":"James Kaiser","description":"National Park Guides","publisher":{"@id":"https:\/\/jameskaiser.com\/es\/#\/schema\/person\/5981104745a0770ef7007991f80d4ca0"},"potentialAction":[{"@type":"SearchAction","target":{"@type":"EntryPoint","urlTemplate":"https:\/\/jameskaiser.com\/es\/?s={search_term_string}"},"query-input":{"@type":"PropertyValueSpecification","valueRequired":true,"valueName":"search_term_string"}}],"inLanguage":"es"},{"@type":["Person","Organization"],"@id":"https:\/\/jameskaiser.com\/es\/#\/schema\/person\/5981104745a0770ef7007991f80d4ca0","name":"James Kaiser","image":{"@type":"ImageObject","inLanguage":"es","@id":"https:\/\/secure.gravatar.com\/avatar\/9acc818dc334ece1637aed9a07c32b99dacc4c73e4cf79079b19ba425f2c2d0c?s=96&d=mm&r=g","url":"https:\/\/secure.gravatar.com\/avatar\/9acc818dc334ece1637aed9a07c32b99dacc4c73e4cf79079b19ba425f2c2d0c?s=96&d=mm&r=g","contentUrl":"https:\/\/secure.gravatar.com\/avatar\/9acc818dc334ece1637aed9a07c32b99dacc4c73e4cf79079b19ba425f2c2d0c?s=96&d=mm&r=g","caption":"James Kaiser"},"logo":{"@id":"https:\/\/secure.gravatar.com\/avatar\/9acc818dc334ece1637aed9a07c32b99dacc4c73e4cf79079b19ba425f2c2d0c?s=96&d=mm&r=g"},"description":"James Kaiser is an award-winning travel writer and photographer whose work has appeared on the cover of \"National Geographic.\" He has written bestselling guidebooks to Costa Rica, Grand Canyon, Yosemite, Acadia, Joshua Tree, and Zion National Park.","sameAs":["http:\/\/www.jameskaiser.com","https:\/\/www.facebook.com\/JamesKaiserTraveler","https:\/\/x.com\/JamesKaiser_"]}]}},"_links":{"self":[{"href":"https:\/\/jameskaiser.com\/es\/wp-json\/wp\/v2\/pages\/10717","targetHints":{"allow":["GET"]}}],"collection":[{"href":"https:\/\/jameskaiser.com\/es\/wp-json\/wp\/v2\/pages"}],"about":[{"href":"https:\/\/jameskaiser.com\/es\/wp-json\/wp\/v2\/types\/page"}],"author":[{"embeddable":true,"href":"https:\/\/jameskaiser.com\/es\/wp-json\/wp\/v2\/users\/3"}],"replies":[{"embeddable":true,"href":"https:\/\/jameskaiser.com\/es\/wp-json\/wp\/v2\/comments?post=10717"}],"version-history":[{"count":0,"href":"https:\/\/jameskaiser.com\/es\/wp-json\/wp\/v2\/pages\/10717\/revisions"}],"up":[{"embeddable":true,"href":"https:\/\/jameskaiser.com\/es\/wp-json\/wp\/v2\/pages\/10709"}],"wp:attachment":[{"href":"https:\/\/jameskaiser.com\/es\/wp-json\/wp\/v2\/media?parent=10717"}],"curies":[{"name":"wp","href":"https:\/\/api.w.org\/{rel}","templated":true}]}}