{"id":10706,"date":"2020-04-16T14:18:59","date_gmt":"2020-04-16T14:18:59","guid":{"rendered":"https:\/\/jameskaiser.com\/?page_id=10706"},"modified":"2022-04-20T17:53:11","modified_gmt":"2022-04-20T17:53:11","slug":"zion","status":"publish","type":"page","link":"https:\/\/jameskaiser.com\/es\/zion\/","title":{"rendered":"Gu\u00eda de Viaje Parque Nacional Zion 2022"},"content":{"rendered":"\n<figure class=\"wp-block-image size-large\"><img loading=\"lazy\" decoding=\"async\" width=\"700\" height=\"840\" src=\"https:\/\/jameskaiser.com\/wp-content\/uploads\/2020\/04\/gui\u0301a-parque-nacional-zion.jpg\" alt=\"Gu\u00eda Parque Nacional Zion\" class=\"wp-image-10713\"\/><\/figure>\n\n\n\n<p>*Adaptado de mi gu\u00eda en ingl\u00e9s <a rel=\"nofollow noreferrer noopener\" aria-label=\"Zion: The Complete Guide (opens in a new tab)\" href=\"https:\/\/amzn.to\/2SzwRwB\" target=\"_blank\"><em>Zion: The Complete Guide<\/em><\/a><\/p>\n\n\n\n<p>Zion es uno de los parques m\u00e1s espectaculares en Norte Am\u00e9rica\u2014 un escenario destacable lleno de impresionante geolog\u00eda y aventuras al aire libre de clase mundial. Pero con tiempo limitado, tienes que planear tu visita sabiamente.  Mi gu\u00eda <em><a rel=\"nofollow noreferrer noopener\" aria-label=\"Zion: The Complete Guide (opens in a new tab)\" href=\"https:\/\/amzn.to\/2SzwRwB\" target=\"_blank\">Zion: The Complete Guide<\/a><\/em> y la informaci\u00f3n que comparto aqu\u00ed en mi sitio web te ayudar\u00e1n a conocer lo mejor del Parque Nacional Zion, y podr\u00e1s planificar una aventura inolvidable en el escenario natural m\u00e1s espectacular del sur de Utah!<\/p>\n\n\n\n<h2 class=\"wp-block-heading\" id=\"h-gu-a-de-viaje-parque-nacional-zion\">Gu\u00eda de Viaje Parque Nacional Zion <\/h2>\n\n\n\n<hr class=\"wp-block-separator\"\/>\n\n\n\n<div class=\"one-half first\"><a href=\"https:\/\/jameskaiser.com\/es\/zion\/visitar\/\"><img decoding=\"async\" class=\"alignleft size-full wp-image-6393\" src=\"https:\/\/jameskaiser.com\/wp-content\/uploads\/2019\/04\/zion-best-times-to-visit-350.jpg\" alt=\"Zion Best Times to Visit\"><\/a><\/div>\n<div class=\"one-half\">\n<h2><a href=\"https:\/\/jameskaiser.com\/es\/zion\/visitar\/\">Mejor \u00c9poca para Visitar<\/a><\/h2>\n<p>Puedes visitar Zion durante todo el a\u00f1o. Veranos calientes, inviernos con nieve, flores en primavera, colores en oto\u00f1o \u2014 Zion lo tiene todo! Planifica el mejor de tus viajes. <\/p>\n<\/div>\n<hr>\n<div class=\"one-half first\"><a href=\"https:\/\/jameskaiser.com\/es\/zion\/como-llegar\/\"><img decoding=\"async\" class=\"alignleft size-full wp-image-6393\" src=\"https:\/\/jameskaiser.com\/wp-content\/uploads\/2019\/05\/driving-to-zion-national-park-350.jpg\" alt=\"Driving to Zion\"><\/a><\/div>\n<div class=\"one-half\">\n<h2><a href=\"https:\/\/jameskaiser.com\/es\/zion\/como-llegar\/\">C\u00f3mo Llegar a Zion<\/a><\/h2>\n<p>Descubre las mejores rutas para llegar en auto a Zion (desde Las Vegas, Salt Lake City), incluyendo maravillas naturales, sitios de inter\u00e9s, y los mejores restaurantes en el camino.<\/p>\n<\/div>\n<hr>\n\n<div class=\"one-half first\"><a href=\"https:\/\/jameskaiser.com\/es\/zion\/miradores\/\"><img decoding=\"async\" class=\"alignleft size-full wp-image-6393\" src=\"https:\/\/jameskaiser.com\/wp-content\/uploads\/2019\/05\/zion-best-viewpoints-350.jpg\" alt=\"Best Viewpoints in Zion National Park\"><\/a><\/div>\n<div class=\"one-half\">\n<h2><a href=\"https:\/\/jameskaiser.com\/es\/zion\/miradores\/\">Los Mejores Miradores en Zion<\/a><\/h2>\n<p>La mejor forma de disfrutar los hermosos paisajes de Zion es visitar uno de sus espectaculares miradores.<\/p>\n<\/div>\n\n<hr>\n\n<div class=\"one-half first\"><a href=\"https:\/\/jameskaiser.com\/zion\/hiking\/\"><img loading=\"lazy\" decoding=\"async\" width=\"350\" height=\"219\" src=\"https:\/\/jameskaiser.com\/wp-content\/uploads\/2019\/08\/best-hikes-zion-national-park-350.jpg\" alt=\"Best hikes in Zion National Park, Utah\" class=\"alignleft size-full wp-image-10044\" srcset=\"https:\/\/jameskaiser.com\/wp-content\/uploads\/2019\/08\/best-hikes-zion-national-park-350.jpg 350w, https:\/\/jameskaiser.com\/wp-content\/uploads\/2019\/08\/best-hikes-zion-national-park-350-300x188.jpg 300w\" sizes=\"auto, (max-width: 350px) 100vw, 350px\" \/><\/a><\/div>\n<div class=\"one-half\">\n<h2><a href=\"https:\/\/jameskaiser.com\/zion\/hiking\/\">Las Mejores Caminatas en Zion<\/a><\/h2>\n<p>Desde caminatas de un d\u00eda en el Ca\u00f1\u00f3n de Zion hasta excursiones de dos d\u00edas a lo largo del borde, no hay escasez de senderos dentro del parque. Entre mayor esfuerzo le pongas, mayor ser\u00e1 la recompensa!<\/p>\n<\/div>\n<hr>\n<div class=\"one-half first\"><a href=\"https:\/\/jameskaiser.com\/zion\/weather\/\"><img decoding=\"async\" class=\"alignleft size-full wp-image-6393\" src=\"https:\/\/jameskaiser.com\/wp-content\/uploads\/2019\/04\/weather-zion-350.jpg\" alt=\"Clima en el Parque Nacional Zion\"><\/a><\/div>\n<div class=\"one-half\">\n<h2><a href=\"https:\/\/jameskaiser.com\/zion\/weather\/\">Clima en Zion<\/a><\/h2>\n<p>Aprende sobre los patrones meteorol\u00f3gicos en Zion, incluyendo las tormentas durante la \u00e9poca de monz\u00f3n y las peligrosas inundaciones repentinas. Entender las se\u00f1ales de alarma de la naturaleza te ayudar\u00e1 a planificar una aventura segura.<\/p>\n<\/div>\n\n<hr>\n<div class=\"one-half first\"><a href=\"https:\/\/jameskaiser.com\/zion\/photos\/\"><img loading=\"lazy\" decoding=\"async\" width=\"350\" height=\"219\" src=\"https:\/\/jameskaiser.com\/wp-content\/uploads\/2019\/09\/zion-photo-gallery-350.jpg\" alt=\"Zion National Park Photo Gallery\" class=\"alignleft size-full wp-image-10143\" srcset=\"https:\/\/jameskaiser.com\/wp-content\/uploads\/2019\/09\/zion-photo-gallery-350.jpg 350w, https:\/\/jameskaiser.com\/wp-content\/uploads\/2019\/09\/zion-photo-gallery-350-300x188.jpg 300w\" sizes=\"auto, (max-width: 350px) 100vw, 350px\" \/><\/div>\n\n<div class=\"one-half\">\n<h2><a href=\"https:\/\/jameskaiser.com\/zion\/photos\/\">Galer\u00eda de Fotos<\/a><\/h2>\n<p>Fotos espectaculares de uno de los parques m\u00e1s hermosos de Norte Am\u00e9rica. Asombrosos miradores, ca\u00f1ones remotos, vegetaci\u00f3n colorida, y paisajes fabulosos en Zion.<\/p>\n<\/div>\n\n<hr>\n<div class=\"one-half first\"><a href=\"https:\/\/jameskaiser.com\/es\/zion\/hoteles\/\"><img decoding=\"async\" class=\"alignleft size-full wp-image-6393\" src=\"https:\/\/jameskaiser.com\/wp-content\/uploads\/2019\/05\/mt-carmel-junction-utah-hotels-350.jpg\" alt=\"Hoteles cerca al Parque Nacional Zion\"><\/a><\/div>\n<div class=\"one-half\">\n<h2><a href=\"https:\/\/jameskaiser.com\/es\/zion\/hoteles\/\">Hoteles cerca a Zion<\/a><\/h2>\n<p>Desde alojamientos r\u00fasticos hasta lujosos Bed &#038; Breakfasts, no hay escasez de opciones de hospedaje dentro y fuera del Parque Nacional Zion. Aqu\u00ed mi gu\u00eda con los mejores lugares para hospedarse.<\/p>\n<\/div>\n<hr>\n<div class=\"one-half first\"><a href=\"https:\/\/jameskaiser.com\/zion\/camping\/\"><img decoding=\"async\" class=\"alignleft size-full wp-image-6393\" src=\"https:\/\/jameskaiser.com\/wp-content\/uploads\/2019\/04\/zion-camping-350.jpg\" alt=\"Zion National Park Camping\"><\/a><\/div>\n<div class=\"one-half\">\n<h2><a href=\"https:\/\/jameskaiser.com\/zion\/camping\/\">Acampar en Zion<\/a><\/h2>\n<p>Descubre los mejores campamentos en el Parque Nacional Zion. No hay experiencia sin igual que pasar una noche rodeado por las maravillas naturales de Zion.<\/p>\n<\/div>\n<hr>\n<div class=\"one-half first\"><a href=\"https:\/\/jameskaiser.com\/zion\/camping-near-zion\/\"><img decoding=\"async\" class=\"alignleft size-full wp-image-6393\" src=\"https:\/\/jameskaiser.com\/wp-content\/uploads\/2019\/05\/camping-near-zion-350.jpg\" alt=\"Zion National Park Camping\"><\/a><\/div>\n<div class=\"one-half\">\n<h2><a href=\"https:\/\/jameskaiser.com\/zion\/camping-near-zion\/\">Acampar cerca a Zion<\/a><\/h2>\n<p>Cuando los campamentos del parque est\u00e1n llenos \u2014 o cuando quieres amenidades como duchas de agua caliente o wifi \u2014 puedes considerar estas opciones de camping p\u00fablicas y privadas cerca a Zion.<\/p>\n<\/div>\n\n\n\n<hr class=\"wp-block-separator\"\/>\n\n\n\n<div style=\"height:20px\" aria-hidden=\"true\" class=\"wp-block-spacer\"><\/div>\n\n\n\n<h2 class=\"wp-block-heading\" id=\"h-descripci-n-general-del-parque-nacional-zion\">Descripci\u00f3n General del Parque Nacional Zion<\/h2>\n\n\n\n<p>Localizado en el suroeste de Utah, <a rel=\"noreferrer noopener\" href=\"https:\/\/www.nps.gov\/zion\/index.htm\" target=\"_blank\">Zion<\/a> es un parque peque\u00f1o lleno de grandes aventuras. Esculpido por el R\u00edo Virgin por m\u00e1s de dos millones de a\u00f1os, el Ca\u00f1\u00f3n de Zion esconde algunos de los paisajes m\u00e1s incre\u00edbles de Norte Am\u00e9rica.   <\/p>\n\n\n\n<p>Escarpados acantilados se elevan sobre ca\u00f1ones angostos, hermosos senderos se alzan sobre miradores panor\u00e1micos, e ins\u00f3litos manantiales refrescantes crean exuberantes oasis.   Es como si la Madre Tierra hubiese juntado todas las maravillas del desierto del Suroeste y las hubiera puesto en un solo lugar, una esc\u00e9nica obra maestra. <\/p>\n\n\n\n<p>Alrededor del Ca\u00f1\u00f3n de Zi\u00f3n hay tambi\u00e9n maravillas adicionales. East Zion es una vasta extensi\u00f3n de piedra arenisca ondulada, la cual es posible explorar a lo largo de un camino de 10 millas. Southwest Zion marca la franja nororiental del Desierto de Mojave, el cual es hogar de plantas y animales fabulosos. <\/p>\n\n\n\n<p>Al Oeste est\u00e1 Kolob Terrace Road que se eleva a trav\u00e9s de audaces barrancos y te lleva a bosque alpino con \u00e1rboles de aspen y pinos\u2014un paisaje m\u00e1s de las monta\u00f1as rocosas que del desierto del Suroeste. Y la regi\u00f3n m\u00e1s remota de Zion, Kolob Canyons, es una fortaleza r\u00fastica con espirales de roca, hermosos senderos para caminar, y uno de los arcos de roca m\u00e1s grandes del mundo sostenidos por si mismo. <\/p>\n\n\n\n<p>Todas estas maravillas naturales fueron posibles gracias a la geolog\u00eda de Zion, Por m\u00e1s de 300 millones de a\u00f1os, Zion ha sido anfitri\u00f3n de condiciones y ambientes ins\u00f3litos, incluyendo mares tropicales, desiertos con dunas de arena, lagos, r\u00edos y pantanos. Cada ambiente dej\u00f3 una capa de sedimentos erosionados, las cuales fueron enterradas y comprimidas en forma de roca sedimentaria. Fuerzas tect\u00f3nicas empujaron estas capas de rocas varios miles de metros sobre el nivel del mar, y los r\u00edos esculpieron a trav\u00e9s de \u00e9stas y crearon los legendarios ca\u00f1ones y barrancos de Zion.   <\/p>\n\n\n\n<p>Con 230 millas cuadradas (595 Kil\u00f3metros cuadrados), el Parque Nacional Zion National es solo una octava parte del tama\u00f1o del <a href=\"https:\/\/jameskaiser.com\/es\/gran-canon\/\">Gran Ca\u00f1\u00f3n<\/a>. Sin embargo a pesar de ser un parque peque\u00f1o, su rugosa topograf\u00eda hace de este un gimnasio natural al aire libre que atrae a aventureros de todo el mundo. <\/p>\n\n\n\n<p>Caminatas de un d\u00eda y excursiones de varios d\u00edas se entrecruzan en el parque, para dejar al descubierto rincones escondidos y altiplanos forestales. Tomar un paseo en bicicleta es una grandiosa forma de explorar el Ca\u00f1\u00f3n Zion, mientras escaladores de roca de todo el mundo disfrutan de algunas de las paredes verticales m\u00e1s accesibles de Norte Am\u00e9rica. <\/p>\n\n\n\n<p>Tal vez a\u00fan mas extraordinario es el barranquismo de clase mundial que se puede practicar en Zion. Docenas de ca\u00f1ones angostos dividen el parque, y atraen a aventureros que caminan, batallan, nadan y hacen rappel a trav\u00e9s de hendiduras sicod\u00e9licas. Podr\u00edas f\u00e1cilmente pasar un mes completo en Zion y no te aburrir\u00edas ni un solo d\u00eda. Empecemos con la aventura! <\/p>\n\n\n\n<div style=\"height:30px\" aria-hidden=\"true\" class=\"wp-block-spacer\"><\/div>\n","protected":false},"excerpt":{"rendered":"<p>*Adaptado de mi gu\u00eda en ingl\u00e9s Zion: The Complete Guide Zion es uno de los parques m\u00e1s espectaculares en Norte Am\u00e9rica\u2014 un escenario destacable lleno de impresionante geolog\u00eda y aventuras al aire libre de clase mundial. Pero con tiempo limitado, tienes que planear tu visita sabiamente. Mi gu\u00eda Zion: The Complete Guide y la informaci\u00f3n [&hellip;]<\/p>\n","protected":false},"author":3,"featured_media":0,"parent":0,"menu_order":0,"comment_status":"closed","ping_status":"closed","template":"page-no-title","meta":{"footnotes":""},"class_list":["post-10706","page","type-page","status-publish","hentry"],"yoast_head":"<!-- This site is optimized with the Yoast SEO Premium plugin v27.0 (Yoast SEO v27.3) - https:\/\/yoast.com\/product\/yoast-seo-premium-wordpress\/ -->\n<title>Gu\u00eda de Viaje Parque Nacional Zion 2022 &#8226; James Kaiser<\/title>\n<meta name=\"description\" content=\"Gu\u00eda completa con lo MEJOR del Parque Nacional Zion en Utah. Senderismo, ciclismo, camping, rutas esc\u00e9nicas, miradores incre\u00edbles, hoteles fabulosos, y mucho m\u00e1s!\" \/>\n<meta name=\"robots\" content=\"index, follow, max-snippet:-1, max-image-preview:large, max-video-preview:-1\" \/>\n<link rel=\"canonical\" href=\"https:\/\/jameskaiser.com\/es\/zion\/\" \/>\n<meta property=\"og:locale\" content=\"es_ES\" \/>\n<meta property=\"og:type\" content=\"article\" \/>\n<meta property=\"og:title\" content=\"Gu\u00eda de Viaje Parque Nacional Zion 2022\" \/>\n<meta property=\"og:description\" content=\"Gu\u00eda completa con lo MEJOR del Parque Nacional Zion en Utah. Senderismo, ciclismo, camping, rutas esc\u00e9nicas, miradores incre\u00edbles, hoteles fabulosos, y mucho m\u00e1s!\" \/>\n<meta property=\"og:url\" content=\"https:\/\/jameskaiser.com\/es\/zion\/\" \/>\n<meta property=\"og:site_name\" content=\"James Kaiser\" \/>\n<meta property=\"article:publisher\" content=\"https:\/\/www.facebook.com\/JamesKaiserTraveler\" \/>\n<meta property=\"article:modified_time\" content=\"2022-04-20T17:53:11+00:00\" \/>\n<meta property=\"og:image\" content=\"https:\/\/jameskaiser.com\/wp-content\/uploads\/2019\/04\/zion-best-times-to-visit-350.jpg\" \/>\n<meta name=\"twitter:card\" content=\"summary_large_image\" \/>\n<meta name=\"twitter:site\" content=\"@JamesKaiser_\" \/>\n<meta name=\"twitter:label1\" content=\"Tiempo de lectura\" \/>\n\t<meta name=\"twitter:data1\" content=\"6 minutos\" \/>\n<script type=\"application\/ld+json\" class=\"yoast-schema-graph\">{\"@context\":\"https:\\\/\\\/schema.org\",\"@graph\":[{\"@type\":\"WebPage\",\"@id\":\"https:\\\/\\\/jameskaiser.com\\\/es\\\/zion\\\/\",\"url\":\"https:\\\/\\\/jameskaiser.com\\\/es\\\/zion\\\/\",\"name\":\"Gu\u00eda de Viaje Parque Nacional Zion 2022 &#8226; James Kaiser\",\"isPartOf\":{\"@id\":\"https:\\\/\\\/jameskaiser.com\\\/es\\\/#website\"},\"primaryImageOfPage\":{\"@id\":\"https:\\\/\\\/jameskaiser.com\\\/es\\\/zion\\\/#primaryimage\"},\"image\":{\"@id\":\"https:\\\/\\\/jameskaiser.com\\\/es\\\/zion\\\/#primaryimage\"},\"thumbnailUrl\":\"https:\\\/\\\/jameskaiser.com\\\/wp-content\\\/uploads\\\/2019\\\/04\\\/zion-best-times-to-visit-350.jpg\",\"datePublished\":\"2020-04-16T14:18:59+00:00\",\"dateModified\":\"2022-04-20T17:53:11+00:00\",\"description\":\"Gu\u00eda completa con lo MEJOR del Parque Nacional Zion en Utah. Senderismo, ciclismo, camping, rutas esc\u00e9nicas, miradores incre\u00edbles, hoteles fabulosos, y mucho m\u00e1s!\",\"breadcrumb\":{\"@id\":\"https:\\\/\\\/jameskaiser.com\\\/es\\\/zion\\\/#breadcrumb\"},\"inLanguage\":\"es\",\"potentialAction\":[{\"@type\":\"ReadAction\",\"target\":[\"https:\\\/\\\/jameskaiser.com\\\/es\\\/zion\\\/\"]}]},{\"@type\":\"ImageObject\",\"inLanguage\":\"es\",\"@id\":\"https:\\\/\\\/jameskaiser.com\\\/es\\\/zion\\\/#primaryimage\",\"url\":\"https:\\\/\\\/jameskaiser.com\\\/wp-content\\\/uploads\\\/2019\\\/04\\\/zion-best-times-to-visit-350.jpg\",\"contentUrl\":\"https:\\\/\\\/jameskaiser.com\\\/wp-content\\\/uploads\\\/2019\\\/04\\\/zion-best-times-to-visit-350.jpg\"},{\"@type\":\"BreadcrumbList\",\"@id\":\"https:\\\/\\\/jameskaiser.com\\\/es\\\/zion\\\/#breadcrumb\",\"itemListElement\":[{\"@type\":\"ListItem\",\"position\":1,\"name\":\"Home\",\"item\":\"https:\\\/\\\/jameskaiser.com\\\/es\\\/\"},{\"@type\":\"ListItem\",\"position\":2,\"name\":\"Zion\"}]},{\"@type\":\"WebSite\",\"@id\":\"https:\\\/\\\/jameskaiser.com\\\/es\\\/#website\",\"url\":\"https:\\\/\\\/jameskaiser.com\\\/es\\\/\",\"name\":\"James Kaiser\",\"description\":\"National Park Guides\",\"publisher\":{\"@id\":\"https:\\\/\\\/jameskaiser.com\\\/es\\\/#\\\/schema\\\/person\\\/5981104745a0770ef7007991f80d4ca0\"},\"potentialAction\":[{\"@type\":\"SearchAction\",\"target\":{\"@type\":\"EntryPoint\",\"urlTemplate\":\"https:\\\/\\\/jameskaiser.com\\\/es\\\/?s={search_term_string}\"},\"query-input\":{\"@type\":\"PropertyValueSpecification\",\"valueRequired\":true,\"valueName\":\"search_term_string\"}}],\"inLanguage\":\"es\"},{\"@type\":[\"Person\",\"Organization\"],\"@id\":\"https:\\\/\\\/jameskaiser.com\\\/es\\\/#\\\/schema\\\/person\\\/5981104745a0770ef7007991f80d4ca0\",\"name\":\"James Kaiser\",\"image\":{\"@type\":\"ImageObject\",\"inLanguage\":\"es\",\"@id\":\"https:\\\/\\\/secure.gravatar.com\\\/avatar\\\/9acc818dc334ece1637aed9a07c32b99dacc4c73e4cf79079b19ba425f2c2d0c?s=96&d=mm&r=g\",\"url\":\"https:\\\/\\\/secure.gravatar.com\\\/avatar\\\/9acc818dc334ece1637aed9a07c32b99dacc4c73e4cf79079b19ba425f2c2d0c?s=96&d=mm&r=g\",\"contentUrl\":\"https:\\\/\\\/secure.gravatar.com\\\/avatar\\\/9acc818dc334ece1637aed9a07c32b99dacc4c73e4cf79079b19ba425f2c2d0c?s=96&d=mm&r=g\",\"caption\":\"James Kaiser\"},\"logo\":{\"@id\":\"https:\\\/\\\/secure.gravatar.com\\\/avatar\\\/9acc818dc334ece1637aed9a07c32b99dacc4c73e4cf79079b19ba425f2c2d0c?s=96&d=mm&r=g\"},\"description\":\"James Kaiser is an award-winning travel writer and photographer whose work has appeared on the cover of \\\"National Geographic.\\\" He has written bestselling guidebooks to Costa Rica, Grand Canyon, Yosemite, Acadia, Joshua Tree, and Zion National Park.\",\"sameAs\":[\"http:\\\/\\\/www.jameskaiser.com\",\"https:\\\/\\\/www.facebook.com\\\/JamesKaiserTraveler\",\"https:\\\/\\\/x.com\\\/JamesKaiser_\"]}]}<\/script>\n<!-- \/ Yoast SEO Premium plugin. -->","yoast_head_json":{"title":"Gu\u00eda de Viaje Parque Nacional Zion 2022 &#8226; James Kaiser","description":"Gu\u00eda completa con lo MEJOR del Parque Nacional Zion en Utah. Senderismo, ciclismo, camping, rutas esc\u00e9nicas, miradores incre\u00edbles, hoteles fabulosos, y mucho m\u00e1s!","robots":{"index":"index","follow":"follow","max-snippet":"max-snippet:-1","max-image-preview":"max-image-preview:large","max-video-preview":"max-video-preview:-1"},"canonical":"https:\/\/jameskaiser.com\/es\/zion\/","og_locale":"es_ES","og_type":"article","og_title":"Gu\u00eda de Viaje Parque Nacional Zion 2022","og_description":"Gu\u00eda completa con lo MEJOR del Parque Nacional Zion en Utah. Senderismo, ciclismo, camping, rutas esc\u00e9nicas, miradores incre\u00edbles, hoteles fabulosos, y mucho m\u00e1s!","og_url":"https:\/\/jameskaiser.com\/es\/zion\/","og_site_name":"James Kaiser","article_publisher":"https:\/\/www.facebook.com\/JamesKaiserTraveler","article_modified_time":"2022-04-20T17:53:11+00:00","og_image":[{"url":"https:\/\/jameskaiser.com\/wp-content\/uploads\/2019\/04\/zion-best-times-to-visit-350.jpg","type":"","width":"","height":""}],"twitter_card":"summary_large_image","twitter_site":"@JamesKaiser_","twitter_misc":{"Tiempo de lectura":"6 minutos"},"schema":{"@context":"https:\/\/schema.org","@graph":[{"@type":"WebPage","@id":"https:\/\/jameskaiser.com\/es\/zion\/","url":"https:\/\/jameskaiser.com\/es\/zion\/","name":"Gu\u00eda de Viaje Parque Nacional Zion 2022 &#8226; James Kaiser","isPartOf":{"@id":"https:\/\/jameskaiser.com\/es\/#website"},"primaryImageOfPage":{"@id":"https:\/\/jameskaiser.com\/es\/zion\/#primaryimage"},"image":{"@id":"https:\/\/jameskaiser.com\/es\/zion\/#primaryimage"},"thumbnailUrl":"https:\/\/jameskaiser.com\/wp-content\/uploads\/2019\/04\/zion-best-times-to-visit-350.jpg","datePublished":"2020-04-16T14:18:59+00:00","dateModified":"2022-04-20T17:53:11+00:00","description":"Gu\u00eda completa con lo MEJOR del Parque Nacional Zion en Utah. Senderismo, ciclismo, camping, rutas esc\u00e9nicas, miradores incre\u00edbles, hoteles fabulosos, y mucho m\u00e1s!","breadcrumb":{"@id":"https:\/\/jameskaiser.com\/es\/zion\/#breadcrumb"},"inLanguage":"es","potentialAction":[{"@type":"ReadAction","target":["https:\/\/jameskaiser.com\/es\/zion\/"]}]},{"@type":"ImageObject","inLanguage":"es","@id":"https:\/\/jameskaiser.com\/es\/zion\/#primaryimage","url":"https:\/\/jameskaiser.com\/wp-content\/uploads\/2019\/04\/zion-best-times-to-visit-350.jpg","contentUrl":"https:\/\/jameskaiser.com\/wp-content\/uploads\/2019\/04\/zion-best-times-to-visit-350.jpg"},{"@type":"BreadcrumbList","@id":"https:\/\/jameskaiser.com\/es\/zion\/#breadcrumb","itemListElement":[{"@type":"ListItem","position":1,"name":"Home","item":"https:\/\/jameskaiser.com\/es\/"},{"@type":"ListItem","position":2,"name":"Zion"}]},{"@type":"WebSite","@id":"https:\/\/jameskaiser.com\/es\/#website","url":"https:\/\/jameskaiser.com\/es\/","name":"James Kaiser","description":"National Park Guides","publisher":{"@id":"https:\/\/jameskaiser.com\/es\/#\/schema\/person\/5981104745a0770ef7007991f80d4ca0"},"potentialAction":[{"@type":"SearchAction","target":{"@type":"EntryPoint","urlTemplate":"https:\/\/jameskaiser.com\/es\/?s={search_term_string}"},"query-input":{"@type":"PropertyValueSpecification","valueRequired":true,"valueName":"search_term_string"}}],"inLanguage":"es"},{"@type":["Person","Organization"],"@id":"https:\/\/jameskaiser.com\/es\/#\/schema\/person\/5981104745a0770ef7007991f80d4ca0","name":"James Kaiser","image":{"@type":"ImageObject","inLanguage":"es","@id":"https:\/\/secure.gravatar.com\/avatar\/9acc818dc334ece1637aed9a07c32b99dacc4c73e4cf79079b19ba425f2c2d0c?s=96&d=mm&r=g","url":"https:\/\/secure.gravatar.com\/avatar\/9acc818dc334ece1637aed9a07c32b99dacc4c73e4cf79079b19ba425f2c2d0c?s=96&d=mm&r=g","contentUrl":"https:\/\/secure.gravatar.com\/avatar\/9acc818dc334ece1637aed9a07c32b99dacc4c73e4cf79079b19ba425f2c2d0c?s=96&d=mm&r=g","caption":"James Kaiser"},"logo":{"@id":"https:\/\/secure.gravatar.com\/avatar\/9acc818dc334ece1637aed9a07c32b99dacc4c73e4cf79079b19ba425f2c2d0c?s=96&d=mm&r=g"},"description":"James Kaiser is an award-winning travel writer and photographer whose work has appeared on the cover of \"National Geographic.\" He has written bestselling guidebooks to Costa Rica, Grand Canyon, Yosemite, Acadia, Joshua Tree, and Zion National Park.","sameAs":["http:\/\/www.jameskaiser.com","https:\/\/www.facebook.com\/JamesKaiserTraveler","https:\/\/x.com\/JamesKaiser_"]}]}},"_links":{"self":[{"href":"https:\/\/jameskaiser.com\/es\/wp-json\/wp\/v2\/pages\/10706","targetHints":{"allow":["GET"]}}],"collection":[{"href":"https:\/\/jameskaiser.com\/es\/wp-json\/wp\/v2\/pages"}],"about":[{"href":"https:\/\/jameskaiser.com\/es\/wp-json\/wp\/v2\/types\/page"}],"author":[{"embeddable":true,"href":"https:\/\/jameskaiser.com\/es\/wp-json\/wp\/v2\/users\/3"}],"replies":[{"embeddable":true,"href":"https:\/\/jameskaiser.com\/es\/wp-json\/wp\/v2\/comments?post=10706"}],"version-history":[{"count":0,"href":"https:\/\/jameskaiser.com\/es\/wp-json\/wp\/v2\/pages\/10706\/revisions"}],"wp:attachment":[{"href":"https:\/\/jameskaiser.com\/es\/wp-json\/wp\/v2\/media?parent=10706"}],"curies":[{"name":"wp","href":"https:\/\/api.w.org\/{rel}","templated":true}]}}