{"id":10695,"date":"2020-04-14T15:19:57","date_gmt":"2020-04-14T15:19:57","guid":{"rendered":"https:\/\/jameskaiser.com\/?page_id=10695"},"modified":"2020-04-14T15:21:10","modified_gmt":"2020-04-14T15:21:10","slug":"geologia","status":"publish","type":"page","link":"https:\/\/jameskaiser.com\/es\/yosemite\/geologia\/","title":{"rendered":"C\u00f3mo la Geolog\u00eda Form\u00f3 el Parque Nacional Yosemite"},"content":{"rendered":"\n<figure class=\"wp-block-image size-large\"><img loading=\"lazy\" decoding=\"async\" width=\"700\" height=\"840\" src=\"https:\/\/jameskaiser.com\/wp-content\/uploads\/2020\/04\/yosemite-geologia.jpg\" alt=\"Geolog\u00eda en el Parque Nacional Yosemite\" class=\"wp-image-10696\"\/><\/figure>\n\n\n\n<p>Yosemite es un lugar deslumbrante que cautiva a todos los que visitan el parque. Extendi\u00e9ndose desde las laderas occidentales hasta los picos escarpados de la cresta de la Sierra, Yosemite alberga algunos de los paisajes alpinos m\u00e1s dram\u00e1ticos de Norte Am\u00e9rica.<\/p>\n\n\n\n<p>El panorama de Yosemite es impresionante, incluso si no sabes de geolog\u00eda.  Pero en este art\u00edculo quiero que aprendas un poco sobre las fuerzas que lo crearon, y despu\u00e9s de esto ver\u00e1s el parque con otros ojos. Lo que alguna vez fue hermoso para ti, ahora se tornar\u00e1 impresionante y fabuloso. Lo que alguna vez te quit\u00f3 el aliento ahora har\u00e1 que tu cabeza de vueltas. <\/p>\n\n\n\n<p>En la escala de tiempo humana, Yosemite parece pac\u00edfico y sereno. En la escala geol\u00f3gica, sin embargo, es violento y excitante. <\/p>\n\n\n\n<figure class=\"wp-block-image size-large\"><img loading=\"lazy\" decoding=\"async\" width=\"700\" height=\"500\" src=\"https:\/\/jameskaiser.com\/wp-content\/uploads\/2020\/04\/glaciares-yosemite.jpg\" alt=\"Glaciares en Yosemite\" class=\"wp-image-10703\"\/><\/figure>\n\n\n\n<h2 class=\"wp-block-heading\">Geolog\u00eda de Yosemite en la Era de Hielo<\/h2>\n\n\n\n<p>Los \u00faltimos glaciares que pasaron por el parque se descongelaron hace 10,000 a\u00f1os. En t\u00e9rminos geol\u00f3gicos, 10,000 a\u00f1os es nada. Si la edad de la Tierra (4.5 billones de a\u00f1os) fuera representado en un d\u00eda (24 horas), los pasados 10,000 a\u00f1os ser\u00eda solamente una fracci\u00f3n del \u00faltimo segundo antes de la media noche. <\/p>\n\n\n\n<p>Los glaciares esculpieron elegantes valles, excavaron acantilados verticalmente, y pulieron el granito hasta dejarlo reluciente. Ellos tambi\u00e9n movieron tierra y vegetaci\u00f3n fuera de las monta\u00f1as, dejando las superficies limpias y creando un paisaje congelado casi sin vida. <\/p>\n\n\n\n<p>Las m\u00e1s reciente avance glaciar inici\u00f3 hace unos 50,000 a\u00f1os, pero por lo menos tres distintos per\u00edodos de avance glaciar\u2014y posible 10 o m\u00e1s\u2014han pasado sobre la Sierra Nevada desde que la Era de Hielo empez\u00f3 hace casi  2.4 millones de a\u00f1os.<\/p>\n\n\n\n<p>Cada glaciaci\u00f3n agreg\u00f3 una capa de profundidad y complejidad al paisaje de Yosemite, dejando atr\u00e1s miles de caracter\u00edsticas deslumbrantes. Hoy en d\u00eda pocos lugares en el mundo ofrecen tantos ejemplos  (tal cual sacados de los libros) de geolog\u00eda glaciar.<\/p>\n\n\n\n<p>Antes de la Era de Hielo, fuerzas tect\u00f3nicas hab\u00edan empujado hacia arriba un bloque masivo de granito de 400 millas de largo que cre\u00f3 la Sierra Nevada. A medida que las monta\u00f1as se elevaron, antiguos r\u00edos descendieron a trav\u00e9s de sus laderas, esculpiendo profundos valles, que en algunos lugares excede la profundidad del Gran Ca\u00f1\u00f3n. <\/p>\n\n\n\n<p>Para el momento en que la Era de Hielo se estableci\u00f3, la Sierra Nevada ya era un paisaje fascinante. Los Glaciares, fueron a su vez, la cereza que termin\u00f3 de decorar el ya muy singular pastel. <\/p>\n\n\n\n<figure class=\"wp-block-image\"><img loading=\"lazy\" decoding=\"async\" width=\"700\" height=\"500\" src=\"https:\/\/jameskaiser.com\/wp-content\/uploads\/2015\/04\/yosemite-high-sierra.jpg\" alt=\"Yosemite High Sierra\" class=\"wp-image-9205\"\/><\/figure>\n\n\n\n<h2 class=\"wp-block-heading\">Ancient Rocks<\/h2>\n\n\n\n<p>La historia de Yosemite inicia hace casi 500 millones de a\u00f1os cuando NorteAm\u00e9rica yac\u00eda cerca al ecuador y California yac\u00eda bajo un tibio mar tropical. A medida que los r\u00edos empezaron a fluir al mar desde Norte Am\u00e9rica, arrastraron gran cantidad de sedimentos al oc\u00e9ano. <\/p>\n\n\n\n<p>Con el paso del tiempo, cuando las capas de sedimentos crecieron unos cuantos miles de metros en grosor, las capas m\u00e1s profundas fueron comprimidas en forma de roca sedimentaria. Entonces, a medida que las placas tect\u00f3nicas se intercambiaron y NorteAm\u00e9rica rot\u00f3 y se movi\u00f3 hacia el norte\u2014un proceso que tom\u00f3 cientos de millones de a\u00f1os\u2014las rocas sedimentarias fueron empujadas hacia arriba, lo que form\u00f3 la antigua superficie de lo que hoy es California.<\/p>\n\n\n\n<p>Hace casi 210 millones de a\u00f1os, NorteAm\u00e9rica colision\u00f3 con una enorme placa tect\u00f3nica llamada Placa Farallon, la cual yace bajo el oc\u00e9ano hacia el oeste.<\/p>\n\n\n\n<p>A medida que la Placa de NorteAm\u00e9rica se superpuso a la Placa Farallon  \u2014 un proceso que los ge\u00f3logos llaman subducci\u00f3n \u2014 la Placa Farallon fue enterrada varias millas por debajo de Norte Am\u00e9rica, donde el calor extrema y la presi\u00f3n derritieron uno de sus bordes. Grandes piscinas de magma surgieron bajo California, algunas de las cuales llegaron a la superficie y formaron volcanes. Pero la mayor\u00eda del gama simplemente se enfri\u00f3 en forma de granito millas bajo tierra. <\/p>\n\n\n\n<p>Por los siguientes 130 millones de a\u00f1os, a medida que la subducci\u00f3n de la Placa de Farallon continu\u00f3, enormes cantidades de magma surgieron debajo de California en gigantes columnas llamadas plutones. Los plutones llegaron en series de pulsos que duraron entre 10 y 15 millones a\u00f1os.  <\/p>\n\n\n\n<p>Hace cerca de 80 millones de a\u00f1os, los plutones combinados formaron una masa gigante subterr\u00e1nea de granito llamada batolito (del griego <em>bathos<\/em>, \u00abprofundo\u00bb, y <em>lithos<\/em>, \u00abroca\u00bb).  A lo largo de la formaci\u00f3n del Batolito de la Sierra Nevada, las intensas temperaturas y presiones cocinaron las rocas sedimentarias superpuestas, alterando su composici\u00f3n qu\u00edmica. Con el paso del tiempo las rocas sedimentarias fueron transformadas en &#8230; <\/p>\n\n\n\n<p>Para m\u00e1s informaci\u00f3n sobre la geolog\u00eda de Yosemite, puedes consultar mi gu\u00eda en ingl\u00e9s  <strong><em><a rel=\"nofollow noreferrer noopener\" aria-label=\" (opens in a new tab)\" href=\"https:\/\/amzn.to\/3lIkZp9\" target=\"_blank\">Yosemite: The Complete Guide<\/a><\/em><\/strong><\/p>\n\n\n\n<div style=\"height:30px\" aria-hidden=\"true\" class=\"wp-block-spacer\"><\/div>\n","protected":false},"excerpt":{"rendered":"<p>Yosemite es un lugar deslumbrante que cautiva a todos los que visitan el parque. Extendi\u00e9ndose desde las laderas occidentales hasta los picos escarpados de la cresta de la Sierra, Yosemite alberga algunos de los paisajes alpinos m\u00e1s dram\u00e1ticos de Norte Am\u00e9rica. El panorama de Yosemite es impresionante, incluso si no sabes de geolog\u00eda. Pero en [&hellip;]<\/p>\n","protected":false},"author":3,"featured_media":0,"parent":10457,"menu_order":0,"comment_status":"closed","ping_status":"open","template":"","meta":{"footnotes":""},"class_list":["post-10695","page","type-page","status-publish","hentry"],"yoast_head":"<!-- This site is optimized with the Yoast SEO Premium plugin v27.4 (Yoast SEO v27.5) - https:\/\/yoast.com\/product\/yoast-seo-premium-wordpress\/ -->\n<title>C\u00f3mo la Geolog\u00eda Form\u00f3 el Parque Nacional Yosemite &#8226; James Kaiser<\/title>\n<meta name=\"description\" content=\"Aprende c\u00f3mo la geolog\u00eda form\u00f3 el Parque Nacional Yosemite. Desde antiguos volcanes a glaciares en la Era de Hielo, descubre la fascinante historia detr\u00e1s de sus paisajes.\" \/>\n<meta name=\"robots\" content=\"index, follow, max-snippet:-1, max-image-preview:large, max-video-preview:-1\" \/>\n<link rel=\"canonical\" href=\"https:\/\/jameskaiser.com\/es\/yosemite\/geologia\/\" \/>\n<meta property=\"og:locale\" content=\"es_ES\" \/>\n<meta property=\"og:type\" content=\"article\" \/>\n<meta property=\"og:title\" content=\"C\u00f3mo la Geolog\u00eda Form\u00f3 el Parque Nacional Yosemite\" \/>\n<meta property=\"og:description\" content=\"Aprende c\u00f3mo la geolog\u00eda form\u00f3 el Parque Nacional Yosemite. Desde antiguos volcanes a glaciares en la Era de Hielo, descubre la fascinante historia detr\u00e1s de sus paisajes.\" \/>\n<meta property=\"og:url\" content=\"https:\/\/jameskaiser.com\/es\/yosemite\/geologia\/\" \/>\n<meta property=\"og:site_name\" content=\"James Kaiser\" \/>\n<meta property=\"article:publisher\" content=\"https:\/\/www.facebook.com\/JamesKaiserTraveler\" \/>\n<meta property=\"article:modified_time\" content=\"2020-04-14T15:21:10+00:00\" \/>\n<meta property=\"og:image\" content=\"https:\/\/jameskaiser.com\/wp-content\/uploads\/2020\/04\/yosemite-geologia.jpg\" \/>\n<meta name=\"twitter:card\" content=\"summary_large_image\" \/>\n<meta name=\"twitter:site\" content=\"@JamesKaiser_\" \/>\n<meta name=\"twitter:label1\" content=\"Tiempo de lectura\" \/>\n\t<meta name=\"twitter:data1\" content=\"4 minutos\" \/>\n<script type=\"application\/ld+json\" class=\"yoast-schema-graph\">{\"@context\":\"https:\\\/\\\/schema.org\",\"@graph\":[{\"@type\":\"WebPage\",\"@id\":\"https:\\\/\\\/jameskaiser.com\\\/es\\\/yosemite\\\/geologia\\\/\",\"url\":\"https:\\\/\\\/jameskaiser.com\\\/es\\\/yosemite\\\/geologia\\\/\",\"name\":\"C\u00f3mo la Geolog\u00eda Form\u00f3 el Parque Nacional Yosemite &#8226; James Kaiser\",\"isPartOf\":{\"@id\":\"https:\\\/\\\/jameskaiser.com\\\/es\\\/#website\"},\"primaryImageOfPage\":{\"@id\":\"https:\\\/\\\/jameskaiser.com\\\/es\\\/yosemite\\\/geologia\\\/#primaryimage\"},\"image\":{\"@id\":\"https:\\\/\\\/jameskaiser.com\\\/es\\\/yosemite\\\/geologia\\\/#primaryimage\"},\"thumbnailUrl\":\"https:\\\/\\\/jameskaiser.com\\\/wp-content\\\/uploads\\\/2020\\\/04\\\/yosemite-geologia.jpg\",\"datePublished\":\"2020-04-14T15:19:57+00:00\",\"dateModified\":\"2020-04-14T15:21:10+00:00\",\"description\":\"Aprende c\u00f3mo la geolog\u00eda form\u00f3 el Parque Nacional Yosemite. Desde antiguos volcanes a glaciares en la Era de Hielo, descubre la fascinante historia detr\u00e1s de sus paisajes.\",\"breadcrumb\":{\"@id\":\"https:\\\/\\\/jameskaiser.com\\\/es\\\/yosemite\\\/geologia\\\/#breadcrumb\"},\"inLanguage\":\"es\",\"potentialAction\":[{\"@type\":\"ReadAction\",\"target\":[\"https:\\\/\\\/jameskaiser.com\\\/es\\\/yosemite\\\/geologia\\\/\"]}]},{\"@type\":\"ImageObject\",\"inLanguage\":\"es\",\"@id\":\"https:\\\/\\\/jameskaiser.com\\\/es\\\/yosemite\\\/geologia\\\/#primaryimage\",\"url\":\"https:\\\/\\\/jameskaiser.com\\\/wp-content\\\/uploads\\\/2020\\\/04\\\/yosemite-geologia.jpg\",\"contentUrl\":\"https:\\\/\\\/jameskaiser.com\\\/wp-content\\\/uploads\\\/2020\\\/04\\\/yosemite-geologia.jpg\"},{\"@type\":\"BreadcrumbList\",\"@id\":\"https:\\\/\\\/jameskaiser.com\\\/es\\\/yosemite\\\/geologia\\\/#breadcrumb\",\"itemListElement\":[{\"@type\":\"ListItem\",\"position\":1,\"name\":\"Home\",\"item\":\"https:\\\/\\\/jameskaiser.com\\\/es\\\/\"},{\"@type\":\"ListItem\",\"position\":2,\"name\":\"Yosemite\",\"item\":\"https:\\\/\\\/jameskaiser.com\\\/es\\\/yosemite\\\/\"},{\"@type\":\"ListItem\",\"position\":3,\"name\":\"Geolog\u00eda\"}]},{\"@type\":\"WebSite\",\"@id\":\"https:\\\/\\\/jameskaiser.com\\\/es\\\/#website\",\"url\":\"https:\\\/\\\/jameskaiser.com\\\/es\\\/\",\"name\":\"James Kaiser\",\"description\":\"National Park Guides\",\"publisher\":{\"@id\":\"https:\\\/\\\/jameskaiser.com\\\/es\\\/#\\\/schema\\\/person\\\/5981104745a0770ef7007991f80d4ca0\"},\"potentialAction\":[{\"@type\":\"SearchAction\",\"target\":{\"@type\":\"EntryPoint\",\"urlTemplate\":\"https:\\\/\\\/jameskaiser.com\\\/es\\\/?s={search_term_string}\"},\"query-input\":{\"@type\":\"PropertyValueSpecification\",\"valueRequired\":true,\"valueName\":\"search_term_string\"}}],\"inLanguage\":\"es\"},{\"@type\":[\"Person\",\"Organization\"],\"@id\":\"https:\\\/\\\/jameskaiser.com\\\/es\\\/#\\\/schema\\\/person\\\/5981104745a0770ef7007991f80d4ca0\",\"name\":\"James Kaiser\",\"image\":{\"@type\":\"ImageObject\",\"inLanguage\":\"es\",\"@id\":\"https:\\\/\\\/secure.gravatar.com\\\/avatar\\\/9acc818dc334ece1637aed9a07c32b99dacc4c73e4cf79079b19ba425f2c2d0c?s=96&d=mm&r=g\",\"url\":\"https:\\\/\\\/secure.gravatar.com\\\/avatar\\\/9acc818dc334ece1637aed9a07c32b99dacc4c73e4cf79079b19ba425f2c2d0c?s=96&d=mm&r=g\",\"contentUrl\":\"https:\\\/\\\/secure.gravatar.com\\\/avatar\\\/9acc818dc334ece1637aed9a07c32b99dacc4c73e4cf79079b19ba425f2c2d0c?s=96&d=mm&r=g\",\"caption\":\"James Kaiser\"},\"logo\":{\"@id\":\"https:\\\/\\\/secure.gravatar.com\\\/avatar\\\/9acc818dc334ece1637aed9a07c32b99dacc4c73e4cf79079b19ba425f2c2d0c?s=96&d=mm&r=g\"},\"description\":\"James Kaiser is an award-winning travel writer and photographer whose work has appeared on the cover of \\\"National Geographic.\\\" He has written bestselling guidebooks to Costa Rica, Grand Canyon, Yosemite, Acadia, Joshua Tree, and Zion National Park.\",\"sameAs\":[\"http:\\\/\\\/www.jameskaiser.com\",\"https:\\\/\\\/www.facebook.com\\\/JamesKaiserTraveler\",\"https:\\\/\\\/x.com\\\/JamesKaiser_\"]}]}<\/script>\n<!-- \/ Yoast SEO Premium plugin. -->","yoast_head_json":{"title":"C\u00f3mo la Geolog\u00eda Form\u00f3 el Parque Nacional Yosemite &#8226; James Kaiser","description":"Aprende c\u00f3mo la geolog\u00eda form\u00f3 el Parque Nacional Yosemite. Desde antiguos volcanes a glaciares en la Era de Hielo, descubre la fascinante historia detr\u00e1s de sus paisajes.","robots":{"index":"index","follow":"follow","max-snippet":"max-snippet:-1","max-image-preview":"max-image-preview:large","max-video-preview":"max-video-preview:-1"},"canonical":"https:\/\/jameskaiser.com\/es\/yosemite\/geologia\/","og_locale":"es_ES","og_type":"article","og_title":"C\u00f3mo la Geolog\u00eda Form\u00f3 el Parque Nacional Yosemite","og_description":"Aprende c\u00f3mo la geolog\u00eda form\u00f3 el Parque Nacional Yosemite. Desde antiguos volcanes a glaciares en la Era de Hielo, descubre la fascinante historia detr\u00e1s de sus paisajes.","og_url":"https:\/\/jameskaiser.com\/es\/yosemite\/geologia\/","og_site_name":"James Kaiser","article_publisher":"https:\/\/www.facebook.com\/JamesKaiserTraveler","article_modified_time":"2020-04-14T15:21:10+00:00","og_image":[{"url":"https:\/\/jameskaiser.com\/wp-content\/uploads\/2020\/04\/yosemite-geologia.jpg","type":"","width":"","height":""}],"twitter_card":"summary_large_image","twitter_site":"@JamesKaiser_","twitter_misc":{"Tiempo de lectura":"4 minutos"},"schema":{"@context":"https:\/\/schema.org","@graph":[{"@type":"WebPage","@id":"https:\/\/jameskaiser.com\/es\/yosemite\/geologia\/","url":"https:\/\/jameskaiser.com\/es\/yosemite\/geologia\/","name":"C\u00f3mo la Geolog\u00eda Form\u00f3 el Parque Nacional Yosemite &#8226; James Kaiser","isPartOf":{"@id":"https:\/\/jameskaiser.com\/es\/#website"},"primaryImageOfPage":{"@id":"https:\/\/jameskaiser.com\/es\/yosemite\/geologia\/#primaryimage"},"image":{"@id":"https:\/\/jameskaiser.com\/es\/yosemite\/geologia\/#primaryimage"},"thumbnailUrl":"https:\/\/jameskaiser.com\/wp-content\/uploads\/2020\/04\/yosemite-geologia.jpg","datePublished":"2020-04-14T15:19:57+00:00","dateModified":"2020-04-14T15:21:10+00:00","description":"Aprende c\u00f3mo la geolog\u00eda form\u00f3 el Parque Nacional Yosemite. Desde antiguos volcanes a glaciares en la Era de Hielo, descubre la fascinante historia detr\u00e1s de sus paisajes.","breadcrumb":{"@id":"https:\/\/jameskaiser.com\/es\/yosemite\/geologia\/#breadcrumb"},"inLanguage":"es","potentialAction":[{"@type":"ReadAction","target":["https:\/\/jameskaiser.com\/es\/yosemite\/geologia\/"]}]},{"@type":"ImageObject","inLanguage":"es","@id":"https:\/\/jameskaiser.com\/es\/yosemite\/geologia\/#primaryimage","url":"https:\/\/jameskaiser.com\/wp-content\/uploads\/2020\/04\/yosemite-geologia.jpg","contentUrl":"https:\/\/jameskaiser.com\/wp-content\/uploads\/2020\/04\/yosemite-geologia.jpg"},{"@type":"BreadcrumbList","@id":"https:\/\/jameskaiser.com\/es\/yosemite\/geologia\/#breadcrumb","itemListElement":[{"@type":"ListItem","position":1,"name":"Home","item":"https:\/\/jameskaiser.com\/es\/"},{"@type":"ListItem","position":2,"name":"Yosemite","item":"https:\/\/jameskaiser.com\/es\/yosemite\/"},{"@type":"ListItem","position":3,"name":"Geolog\u00eda"}]},{"@type":"WebSite","@id":"https:\/\/jameskaiser.com\/es\/#website","url":"https:\/\/jameskaiser.com\/es\/","name":"James Kaiser","description":"National Park Guides","publisher":{"@id":"https:\/\/jameskaiser.com\/es\/#\/schema\/person\/5981104745a0770ef7007991f80d4ca0"},"potentialAction":[{"@type":"SearchAction","target":{"@type":"EntryPoint","urlTemplate":"https:\/\/jameskaiser.com\/es\/?s={search_term_string}"},"query-input":{"@type":"PropertyValueSpecification","valueRequired":true,"valueName":"search_term_string"}}],"inLanguage":"es"},{"@type":["Person","Organization"],"@id":"https:\/\/jameskaiser.com\/es\/#\/schema\/person\/5981104745a0770ef7007991f80d4ca0","name":"James Kaiser","image":{"@type":"ImageObject","inLanguage":"es","@id":"https:\/\/secure.gravatar.com\/avatar\/9acc818dc334ece1637aed9a07c32b99dacc4c73e4cf79079b19ba425f2c2d0c?s=96&d=mm&r=g","url":"https:\/\/secure.gravatar.com\/avatar\/9acc818dc334ece1637aed9a07c32b99dacc4c73e4cf79079b19ba425f2c2d0c?s=96&d=mm&r=g","contentUrl":"https:\/\/secure.gravatar.com\/avatar\/9acc818dc334ece1637aed9a07c32b99dacc4c73e4cf79079b19ba425f2c2d0c?s=96&d=mm&r=g","caption":"James Kaiser"},"logo":{"@id":"https:\/\/secure.gravatar.com\/avatar\/9acc818dc334ece1637aed9a07c32b99dacc4c73e4cf79079b19ba425f2c2d0c?s=96&d=mm&r=g"},"description":"James Kaiser is an award-winning travel writer and photographer whose work has appeared on the cover of \"National Geographic.\" He has written bestselling guidebooks to Costa Rica, Grand Canyon, Yosemite, Acadia, Joshua Tree, and Zion National Park.","sameAs":["http:\/\/www.jameskaiser.com","https:\/\/www.facebook.com\/JamesKaiserTraveler","https:\/\/x.com\/JamesKaiser_"]}]}},"_links":{"self":[{"href":"https:\/\/jameskaiser.com\/es\/wp-json\/wp\/v2\/pages\/10695","targetHints":{"allow":["GET"]}}],"collection":[{"href":"https:\/\/jameskaiser.com\/es\/wp-json\/wp\/v2\/pages"}],"about":[{"href":"https:\/\/jameskaiser.com\/es\/wp-json\/wp\/v2\/types\/page"}],"author":[{"embeddable":true,"href":"https:\/\/jameskaiser.com\/es\/wp-json\/wp\/v2\/users\/3"}],"replies":[{"embeddable":true,"href":"https:\/\/jameskaiser.com\/es\/wp-json\/wp\/v2\/comments?post=10695"}],"version-history":[{"count":0,"href":"https:\/\/jameskaiser.com\/es\/wp-json\/wp\/v2\/pages\/10695\/revisions"}],"up":[{"embeddable":true,"href":"https:\/\/jameskaiser.com\/es\/wp-json\/wp\/v2\/pages\/10457"}],"wp:attachment":[{"href":"https:\/\/jameskaiser.com\/es\/wp-json\/wp\/v2\/media?parent=10695"}],"curies":[{"name":"wp","href":"https:\/\/api.w.org\/{rel}","templated":true}]}}