{"id":10608,"date":"2020-03-28T19:12:40","date_gmt":"2020-03-28T19:12:40","guid":{"rendered":"https:\/\/jameskaiser.com\/?page_id=10608"},"modified":"2020-03-28T19:13:16","modified_gmt":"2020-03-28T19:13:16","slug":"tioga-pass","status":"publish","type":"page","link":"https:\/\/jameskaiser.com\/es\/yosemite\/acampar-cerca\/tioga-pass\/","title":{"rendered":"Acampar Cerca a la Entrada  Tioga Pass en Yosemite"},"content":{"rendered":"\n<p>El \u00abInyo National Forest\u00bb en California tiene 10 campamentos p\u00fablicos cerca a la Entrada Tioga Pass de Yosemite. Los mejores campamentos est\u00e1n localizados a unas cinco millas de Tioga Pass, incluyendo tres campamentos situados al lado de hermosos lagos. <\/p>\n\n\n\n<p>Situado a una altura de 9,941 pies (3,030 metros), Tioga Pass  es la \u00fanica entrada al oriente del Parque Nacional Yosemite. Debido a su elevaci\u00f3n, los mejores meses para acampar cerca a Tioga Pass son de Junio a Septiembre.  Durante la temporada pico en Julio y Agosto encontrar un espacio de acampar cerca a Tioga Pass puede ser dif\u00edcil, especialmente durante los fines de semana. Tioga Pass esta localizado a 12.5 millas al oeste del pueblito <a href=\"https:\/\/jameskaiser.com\/es\/yosemite\/hoteles\/lee-vining\/\">Lee Vining <\/a> sobre la costa occidental del Lago \u00abMono Lake\u00bb.<\/p>\n\n\n\n<p>Nota: Tioga Pass y Tioga Road est\u00e1n cerrados durante el invierno debido a las nevadas. Las fechas de apertura y cierre var\u00edan dependiendo de las condiciones clim\u00e1ticas, pero Tioga Road est\u00e1 abierto generalmente entre Junio y Octubre.   Ver <a rel=\"noopener noreferrer\" href=\"http:\/\/www.nps.gov\/yose\/planyourvisit\/conditions.htm\" target=\"_blank\">condiciones actuales de Tioga Road<\/a><\/p>\n\n\n\n<figure><iframe loading=\"lazy\" src=\"https:\/\/a.tiles.mapbox.com\/v4\/jkaiser.lj6olfij\/attribution,zoompan,geocoder,share.html?access_token=pk.eyJ1IjoiamthaXNlciIsImEiOiJ1VEViOVR3In0.OCfmk_gSUH-5bMoj0n96yg\" width=\"100%\" height=\"400px\" frameborder=\"0\"><\/iframe><\/figure>\n\n\n\n<div style=\"height:30px\" aria-hidden=\"true\" class=\"wp-block-spacer\"><\/div>\n\n\n\n<hr class=\"wp-block-separator\"\/>\n\n\n\n<h2 class=\"wp-block-heading\">Acampar Cerca a la Entrada Tioga Pass en Yosemite Near Yosemite&#8217;s Tioga Pass Entrance<\/h2>\n\n\n\n<figure class=\"wp-block-image size-large\"><img loading=\"lazy\" decoding=\"async\" width=\"700\" height=\"500\" src=\"https:\/\/jameskaiser.com\/wp-content\/uploads\/2020\/03\/Campamento-Tioga-cerca-a-Yosemite.jpg\" alt=\"Campamento Tioga cerca al Parque Nacional Yosemite\" class=\"wp-image-10609\"\/><\/figure>\n\n\n\n<h2 class=\"wp-block-heading\">Campamento Tioga<\/h2>\n\n\n\n<p>Este campamento tipo \u00abfirst-come, first-served\u00bb, es decir, el que llega primero tiene derecho a usar el espacio, est\u00e1 localizado a 1.3 millas de la Entrada Tioga Pass de Yosemite (2 minutos en auto). El Campamento Tioga Lake tiene 13 espacios para acampar. <br><strong>C\u00f3mo llegar:<\/strong> Desde el pueblo Lee Vining (cruce de las autopistas \u00abHighway 365\u00bb y \u00abHighway 120\u00bb) conducir 10.8 miles al oeste sobre la autopista \u00abHighway 120\u00bb.<br><strong>Elevaci\u00f3n:<\/strong> 9,700 pies (2,960 metros)<br><strong>Abierto:<\/strong> Junio &#8211; Octubre (seg\u00fan condiciones clim\u00e1ticas)<br><strong>Costo:<\/strong> $21 d\u00f3lares<br><\/p>\n\n\n\n<figure class=\"wp-block-image size-large\"><img loading=\"lazy\" decoding=\"async\" width=\"700\" height=\"467\" src=\"https:\/\/jameskaiser.com\/wp-content\/uploads\/2020\/03\/Campamento-ellery-cerca-a-Yosemite.jpg\" alt=\"Campamento Ellery cerca a Parque Nacional Yosemite\" class=\"wp-image-10619\"\/><\/figure>\n\n\n\n<h2 class=\"wp-block-heading\">Campamento Ellery Camp<\/h2>\n\n\n\n<p>Este campamento tipo \u00abfirst-come, first-served\u00bb, es decir, el que llega primero tiene derecho a usar el espacio, est\u00e1 localizado a 2.5 millas de la Entrada Tioga Pass de Yosemite (5-minutos en auto). El Campamento Ellery Camp tiene 21 sitios para acampar. <br><strong>C\u00f3mo llegar:<\/strong> Desde el pueblo Lee Vining (cruce de las autopistas \u00abHighway 365\u00bb y \u00abHighway 120\u00bb) conducir 9.8 millas al oeste sobre la autopista \u00abHighway 120\u00bb.<br><strong>Elevaci\u00f3n:<\/strong> 9,500 pies (2,900 metros)<br><strong>Abierto:<\/strong> Junio &#8211; Octubre (seg\u00fan condiciones clim\u00e1ticas)<br><strong>Costo:<\/strong> $21 d\u00f3lares<br><\/p>\n\n\n\n<figure class=\"wp-block-image size-large\"><img loading=\"lazy\" decoding=\"async\" width=\"700\" height=\"467\" src=\"https:\/\/jameskaiser.com\/wp-content\/uploads\/2020\/03\/Campamento-junction-cerca-a-Yosemite.jpg\" alt=\"Campamento Junction cerca a Parque Nacional Yosemite\" class=\"wp-image-10621\"\/><\/figure>\n\n\n\n<h2 class=\"wp-block-heading\">Campamento Junction<\/h2>\n\n\n\n<p>Este campamento tipo \u00abfirst-come, first-served\u00bb, es decir, el que llega primero tiene derecho a usar el espacio, est\u00e1 localizado a 2.5 millas de la Entrada Tioga Pass de Yosemite (5-minutos en auto). El Campamento Junction tienen 13 espacios para acampar. No hay agua disponible. <br><strong>C\u00f3mo llegar:<\/strong> Desde el pueblo Lee Vining (cruce de las autopistas \u00abHighway 365\u00bb y \u00abHighway 120\u00bb) conducir 10 millas al oeste sobre la autopista \u00abHighway 120\u00bb. Gira a la derecha en el camino \u00abSaddlebag Lake Road\u00bb y luego conduce 0.1 millas. Gira a la izquierda en el cruce sobre \u00abJunction Campground Road\u00bby conduce 0.2 millas.<br><strong>Elevaci\u00f3n:<\/strong> 9,600 pies (2,930 metros)<br><strong>Abierto:<\/strong> Junio- Octubre (seg\u00fan condiciones clim\u00e1ticas)<br><strong>Costo:<\/strong> $16 d\u00f3lares<br><\/p>\n\n\n\n<figure class=\"wp-block-image size-large\"><img loading=\"lazy\" decoding=\"async\" width=\"700\" height=\"467\" src=\"https:\/\/jameskaiser.com\/wp-content\/uploads\/2020\/03\/campamento-sawmill-cerca-a-yosemite.jpg\" alt=\"Campamento Sawmill cerca a Parque Nacional  Yosemite\" class=\"wp-image-10623\"\/><\/figure>\n\n\n\n<h2 class=\"wp-block-heading\">Campamento Sawmill <\/h2>\n\n\n\n<p>Este campamento tipo \u00abfirst-come, first-served\u00bb, es decir, el que llega primero tiene derecho a usar el espacio, est\u00e1 localizado a 4 millas de la Entrada Tioga Pass de Yosemite (8-minutos en auto). El Campamento Sawmill tiene 12 espacios para acampar. No hay agua potable. <br><strong>C\u00f3mo llegar:<\/strong>  Desde el pueblo Lee Vining (cruce de las autopistas \u00abHighway 365\u00bb y \u00abHighway 120\u00bb) conducir 10 millas al oeste sobre la autopista \u00abHighway 120\u00bb. Gira a la derecha sobre \u00abSaddlebag Lake Road\u00bb y conduce por 1.6 millas.<br><strong>Elevaci\u00f3n:<\/strong> 9,800 pies (2,990 metros)<br><strong>Abierto:<\/strong> Junio &#8211; Octubre (seg\u00fan condiciones clim\u00e1ticas)<br><strong>Costo:<\/strong> $16 d\u00f3lares<br><\/p>\n\n\n\n<figure class=\"wp-block-image size-large\"><img loading=\"lazy\" decoding=\"async\" width=\"700\" height=\"467\" src=\"https:\/\/jameskaiser.com\/wp-content\/uploads\/2020\/03\/campamento-saddlebag-cerca-a-Yosemite.jpg\" alt=\"Campamento Saddlebag Lake cerca a Parque Nacional Yosemite\" class=\"wp-image-10625\"\/><\/figure>\n\n\n\n<h2 class=\"wp-block-heading\">Campamento Saddlebag Lake <\/h2>\n\n\n\n<p>Este campamento tipo \u00abfirst-come, first-served\u00bb, es decir, el que llega primero tiene derecho a usar el espacio, est\u00e1 localizado a cinco millas de la Entrada Tioga Pass de Yosemite (10-minutos en auto). El Campamento Saddlebag Lake tiene 19 espacios para acampar y uno especial para grupos grandes. <br><strong>C\u00f3mo llegar:<\/strong> Desde el pueblo Lee Vining (cruce de las autopistas \u00abHighway 365\u00bb y \u00abHighway 120\u00bb) conducir 10 millas al oeste de la autopista \u00abHighway 120\u00bb. Gira a la derecha sobre drive \u00abSaddlebag Lake Road\u00bb y conduce por 2.5 millas. <br><strong>Elevaci\u00f3n:<\/strong> 10,000 pies (3,050 metros)<br><strong>Abierto:<\/strong> Junio &#8211; Octubre (seg\u00fan condiciones clim\u00e1ticas)<br><strong>Costo:<\/strong> $21 d\u00f3lares<br><\/p>\n\n\n\n<figure class=\"wp-block-image size-large\"><img loading=\"lazy\" decoding=\"async\" width=\"700\" height=\"467\" src=\"https:\/\/jameskaiser.com\/wp-content\/uploads\/2020\/03\/campamento-aspen-grove-cerca-a-Yosemite.jpg\" alt=\"Campamento Aspen Grove cerca a Parque Nacional Yosemite\" class=\"wp-image-10627\"\/><\/figure>\n\n\n\n<h2 class=\"wp-block-heading\">Aspen Grove Campground<\/h2>\n\n\n\n<p>Este campamento tipo \u00abfirst-come, first-served\u00bb, es decir, el que llega primero tiene derecho a usar el espacio, est\u00e1 localizado a 10 millas de la Entrada Tioga Pass de Yosemite (20-minutos en auto). El campamento tiene 56 espacios de camping. Longitud m\u00e1ximo de veh\u00edculos y RVs: 40 pies (12,1 metros).  <br><strong>C\u00f3mo llegar:<\/strong> Desde el pueblo Lee Vining (cruce de las autopistas \u00abHighway 365\u00bb y \u00abHighway 120\u00bb) conducir 3.4 millas sobre la autopista \u00abHighway 120\u00bb. Gira a la izquierda sobre ln21 y conduce 1.5 millas.<br><strong>Elevaci\u00f3n:<\/strong> 7,800 pies (2,380 metros)<br><strong>Abierto:<\/strong> Mayo &#8211; Octubre (seg\u00fan condiciones clim\u00e1ticas)<br><strong>Costo:<\/strong> $14 d\u00f3lares<br><\/p>\n\n\n\n<figure class=\"wp-block-image size-large\"><img loading=\"lazy\" decoding=\"async\" width=\"700\" height=\"467\" src=\"https:\/\/jameskaiser.com\/wp-content\/uploads\/2020\/03\/campamento-big-bend-cerca-a-Yosemite.jpg\" alt=\"Campamento Big Bend cerca a Parque Nacional Yosemite\" class=\"wp-image-10629\"\/><\/figure>\n\n\n\n<h2 class=\"wp-block-heading\">Big Bend Campground<\/h2>\n\n\n\n<p>Este campamento tipo \u00abfirst-come, first-served\u00bb, es decir, el que llega primero tiene derecho a usar el espacio, est\u00e1 localizado a 11 millas de la Entrada Tioga Pass de Yosemite (25-minutos en auto). El campamento Big Bend tiene 17 espacios para acampar.  <br><strong>C\u00f3mo llegar:<\/strong> Desde el pueblo Lee Vining (cruce de las autopistas \u00abHighway 365\u00bb y \u00abHighway 120\u00bb) conducir 3.4 millas al oeste sobre la autopista \u00abHighway 120\u00bb.<br><strong>Elevaci\u00f3n:<\/strong> 7,800 pies (2,380 metros)<br><strong>Abierto:<\/strong> Mayo- Octubre (seg\u00fan condiciones clim\u00e1ticas)<br><strong>Costo:<\/strong> $14 d\u00f3lares<br><\/p>\n\n\n\n<h2 class=\"wp-block-heading\">Campamento Lower Lee Vining <\/h2>\n\n\n\n<p>Este campamento tipo \u00abfirst-come, first-served\u00bb, es decir, el que llega primero tiene derecho a usar el espacio,  est\u00e1 localizado a 10 millas de la Entrada Tioga Pass de Yosemite (20-minutos en auto). El Campamento Lower Lee Vining tiene 52 espacios de acampar. <br><strong>Directions:<\/strong> Desde el pueblo Lee Vining (cruce de las autopistas \u00abHighway 365\u00bb y \u00abHighway 120\u00bb) conducir 2.2 millas al oeste sobre la autopista \u00abHighway 120\u00bb.<br><strong>Elevation:<\/strong> 7,300 pies (2,230 metros)<br><strong>Open:<\/strong> Mayo &#8211; Octubre (seg\u00fan condiciones clim\u00e1ticas)<br><strong>Cost:<\/strong> $14 d\u00f3lares<br><\/p>\n\n\n\n<h2 class=\"wp-block-heading\">Campamento Moraine <\/h2>\n\n\n\n<p>Este campamento tipo \u00abfirst-come, first-served\u00bb, es decir, el que llega primero tiene derecho a usar el espacio, est\u00e1 localizado a 10 millas de la Entrada Tioga Pass de Yosemite (20-minutos en auto). El Campamento Moraine Campground tiene 20 espacios para acampar. <br><strong>C\u00f3mo llegar:<\/strong> Desde el pueblo Lee Vining (cruce de las autopistas \u00abHighway 365\u00bb y \u00abHighway 120\u00bb) conducir  2.2 millas al oeste sobre la autopista \u00abHighway 120\u00bb <br><strong>Elevaci\u00f3n:<\/strong> 7,300 pies (2,230 metros)<br><strong>Abierto:<\/strong> Mayo &#8211; Octubre (seg\u00fan condiciones clim\u00e1ticas)<br><strong>Costo:<\/strong> $14 d\u00f3lares<br><\/p>\n\n\n\n<h2 class=\"wp-block-heading\">Campamento Cattlegaurd <\/h2>\n\n\n\n<p>Este campamento tipo \u00abfirst-come, first-served\u00bb, es decir, el que llega primero tiene derecho a usar el espacio, est\u00e1 localizado a 10 millas de la Entrada Tioga Pass de Yosemite (20-minutos en auto). El Campamento Cattlegaurd tiene 16 espacios para acampar. <br><strong>C\u00f3mo  llegar:<\/strong> Desde el pueblo Lee Vining (cruce de las autopistas \u00abHighway 365\u00bb y \u00abHighway 120&#8243;) conducir 2.2 millas al oeste sobre la autopista\u00bbHighway 120\u00bb. <br><strong>Elevaci\u00f3n:<\/strong> 7,300 pies (2,230 metros)<br><strong>Abierto:<\/strong> Mayo &#8211; Octubre (seg\u00fan condiciones clim\u00e1ticas)<br><strong>Costo:<\/strong> $14 d\u00f3lares<br><\/p>\n\n\n\n<p>Para informaci\u00f3n adicional sobre camping cerca a la Entrada Tioga Pass de Yosemite, puedes visitar el <a rel=\"noreferrer noopener\" aria-label=\"sitio web del Inyo National Forest (opens in a new tab)\" href=\"http:\/\/www.fs.usda.gov\/inyo\/http:\/\/www.fs.usda.gov\/inyo\/\" target=\"_blank\">sitio web del Inyo National Forest<\/a> o llamar al 760-873-2400.  <\/p>\n\n\n\n<div style=\"height:30px\" aria-hidden=\"true\" class=\"wp-block-spacer\"><\/div>\n","protected":false},"excerpt":{"rendered":"<p>El \u00abInyo National Forest\u00bb en California tiene 10 campamentos p\u00fablicos cerca a la Entrada Tioga Pass de Yosemite. Los mejores campamentos est\u00e1n localizados a unas cinco millas de Tioga Pass, incluyendo tres campamentos situados al lado de hermosos lagos. Situado a una altura de 9,941 pies (3,030 metros), Tioga Pass es la \u00fanica entrada al [&hellip;]<\/p>\n","protected":false},"author":3,"featured_media":0,"parent":10604,"menu_order":0,"comment_status":"open","ping_status":"open","template":"","meta":{"footnotes":""},"class_list":["post-10608","page","type-page","status-publish","hentry"],"yoast_head":"<!-- This site is optimized with the Yoast SEO Premium plugin v27.4 (Yoast SEO v27.5) - https:\/\/yoast.com\/product\/yoast-seo-premium-wordpress\/ -->\n<title>Los Mejores Sitios para Acampar Cerca a la Entrada Tioga Pass en Yosemite &#8226; James Kaiser<\/title>\n<meta name=\"description\" content=\"Gu\u00eda con los mejores lugares para acampar cerca a la Entrada Tioga Pass de Yosemite. Descubre los mejores campamentos cerca al Parque Nacional Yosemite.\" \/>\n<meta name=\"robots\" content=\"index, follow, max-snippet:-1, max-image-preview:large, max-video-preview:-1\" \/>\n<link rel=\"canonical\" href=\"https:\/\/jameskaiser.com\/es\/yosemite\/acampar-cerca\/tioga-pass\/\" \/>\n<meta property=\"og:locale\" content=\"es_ES\" \/>\n<meta property=\"og:type\" content=\"article\" \/>\n<meta property=\"og:title\" content=\"Acampar Cerca a la Entrada Tioga Pass en Yosemite\" \/>\n<meta property=\"og:description\" content=\"Gu\u00eda con los mejores lugares para acampar cerca a la Entrada Tioga Pass de Yosemite. Descubre los mejores campamentos cerca al Parque Nacional Yosemite.\" \/>\n<meta property=\"og:url\" content=\"https:\/\/jameskaiser.com\/es\/yosemite\/acampar-cerca\/tioga-pass\/\" \/>\n<meta property=\"og:site_name\" content=\"James Kaiser\" \/>\n<meta property=\"article:publisher\" content=\"https:\/\/www.facebook.com\/JamesKaiserTraveler\" \/>\n<meta property=\"article:modified_time\" content=\"2020-03-28T19:13:16+00:00\" \/>\n<meta property=\"og:image\" content=\"https:\/\/jameskaiser.com\/wp-content\/uploads\/2020\/03\/Campamento-Tioga-cerca-a-Yosemite.jpg\" \/>\n<meta name=\"twitter:card\" content=\"summary_large_image\" \/>\n<meta name=\"twitter:site\" content=\"@JamesKaiser_\" \/>\n<meta name=\"twitter:label1\" content=\"Tiempo de lectura\" \/>\n\t<meta name=\"twitter:data1\" content=\"5 minutos\" \/>\n<script type=\"application\/ld+json\" class=\"yoast-schema-graph\">{\"@context\":\"https:\\\/\\\/schema.org\",\"@graph\":[{\"@type\":\"WebPage\",\"@id\":\"https:\\\/\\\/jameskaiser.com\\\/es\\\/yosemite\\\/acampar-cerca\\\/tioga-pass\\\/\",\"url\":\"https:\\\/\\\/jameskaiser.com\\\/es\\\/yosemite\\\/acampar-cerca\\\/tioga-pass\\\/\",\"name\":\"Los Mejores Sitios para Acampar Cerca a la Entrada Tioga Pass en Yosemite &#8226; James Kaiser\",\"isPartOf\":{\"@id\":\"https:\\\/\\\/jameskaiser.com\\\/es\\\/#website\"},\"primaryImageOfPage\":{\"@id\":\"https:\\\/\\\/jameskaiser.com\\\/es\\\/yosemite\\\/acampar-cerca\\\/tioga-pass\\\/#primaryimage\"},\"image\":{\"@id\":\"https:\\\/\\\/jameskaiser.com\\\/es\\\/yosemite\\\/acampar-cerca\\\/tioga-pass\\\/#primaryimage\"},\"thumbnailUrl\":\"https:\\\/\\\/jameskaiser.com\\\/wp-content\\\/uploads\\\/2020\\\/03\\\/Campamento-Tioga-cerca-a-Yosemite.jpg\",\"datePublished\":\"2020-03-28T19:12:40+00:00\",\"dateModified\":\"2020-03-28T19:13:16+00:00\",\"description\":\"Gu\u00eda con los mejores lugares para acampar cerca a la Entrada Tioga Pass de Yosemite. Descubre los mejores campamentos cerca al Parque Nacional Yosemite.\",\"breadcrumb\":{\"@id\":\"https:\\\/\\\/jameskaiser.com\\\/es\\\/yosemite\\\/acampar-cerca\\\/tioga-pass\\\/#breadcrumb\"},\"inLanguage\":\"es\",\"potentialAction\":[{\"@type\":\"ReadAction\",\"target\":[\"https:\\\/\\\/jameskaiser.com\\\/es\\\/yosemite\\\/acampar-cerca\\\/tioga-pass\\\/\"]}]},{\"@type\":\"ImageObject\",\"inLanguage\":\"es\",\"@id\":\"https:\\\/\\\/jameskaiser.com\\\/es\\\/yosemite\\\/acampar-cerca\\\/tioga-pass\\\/#primaryimage\",\"url\":\"https:\\\/\\\/jameskaiser.com\\\/wp-content\\\/uploads\\\/2020\\\/03\\\/Campamento-Tioga-cerca-a-Yosemite.jpg\",\"contentUrl\":\"https:\\\/\\\/jameskaiser.com\\\/wp-content\\\/uploads\\\/2020\\\/03\\\/Campamento-Tioga-cerca-a-Yosemite.jpg\"},{\"@type\":\"BreadcrumbList\",\"@id\":\"https:\\\/\\\/jameskaiser.com\\\/es\\\/yosemite\\\/acampar-cerca\\\/tioga-pass\\\/#breadcrumb\",\"itemListElement\":[{\"@type\":\"ListItem\",\"position\":1,\"name\":\"Home\",\"item\":\"https:\\\/\\\/jameskaiser.com\\\/es\\\/\"},{\"@type\":\"ListItem\",\"position\":2,\"name\":\"Yosemite\",\"item\":\"https:\\\/\\\/jameskaiser.com\\\/es\\\/yosemite\\\/\"},{\"@type\":\"ListItem\",\"position\":3,\"name\":\"Camping cerca a Yosemite\",\"item\":\"https:\\\/\\\/jameskaiser.com\\\/es\\\/yosemite\\\/acampar-cerca\\\/\"},{\"@type\":\"ListItem\",\"position\":4,\"name\":\"Tioga Pass\"}]},{\"@type\":\"WebSite\",\"@id\":\"https:\\\/\\\/jameskaiser.com\\\/es\\\/#website\",\"url\":\"https:\\\/\\\/jameskaiser.com\\\/es\\\/\",\"name\":\"James Kaiser\",\"description\":\"National Park Guides\",\"publisher\":{\"@id\":\"https:\\\/\\\/jameskaiser.com\\\/es\\\/#\\\/schema\\\/person\\\/5981104745a0770ef7007991f80d4ca0\"},\"potentialAction\":[{\"@type\":\"SearchAction\",\"target\":{\"@type\":\"EntryPoint\",\"urlTemplate\":\"https:\\\/\\\/jameskaiser.com\\\/es\\\/?s={search_term_string}\"},\"query-input\":{\"@type\":\"PropertyValueSpecification\",\"valueRequired\":true,\"valueName\":\"search_term_string\"}}],\"inLanguage\":\"es\"},{\"@type\":[\"Person\",\"Organization\"],\"@id\":\"https:\\\/\\\/jameskaiser.com\\\/es\\\/#\\\/schema\\\/person\\\/5981104745a0770ef7007991f80d4ca0\",\"name\":\"James Kaiser\",\"image\":{\"@type\":\"ImageObject\",\"inLanguage\":\"es\",\"@id\":\"https:\\\/\\\/secure.gravatar.com\\\/avatar\\\/9acc818dc334ece1637aed9a07c32b99dacc4c73e4cf79079b19ba425f2c2d0c?s=96&d=mm&r=g\",\"url\":\"https:\\\/\\\/secure.gravatar.com\\\/avatar\\\/9acc818dc334ece1637aed9a07c32b99dacc4c73e4cf79079b19ba425f2c2d0c?s=96&d=mm&r=g\",\"contentUrl\":\"https:\\\/\\\/secure.gravatar.com\\\/avatar\\\/9acc818dc334ece1637aed9a07c32b99dacc4c73e4cf79079b19ba425f2c2d0c?s=96&d=mm&r=g\",\"caption\":\"James Kaiser\"},\"logo\":{\"@id\":\"https:\\\/\\\/secure.gravatar.com\\\/avatar\\\/9acc818dc334ece1637aed9a07c32b99dacc4c73e4cf79079b19ba425f2c2d0c?s=96&d=mm&r=g\"},\"description\":\"James Kaiser is an award-winning travel writer and photographer whose work has appeared on the cover of \\\"National Geographic.\\\" He has written bestselling guidebooks to Costa Rica, Grand Canyon, Yosemite, Acadia, Joshua Tree, and Zion National Park.\",\"sameAs\":[\"http:\\\/\\\/www.jameskaiser.com\",\"https:\\\/\\\/www.facebook.com\\\/JamesKaiserTraveler\",\"https:\\\/\\\/x.com\\\/JamesKaiser_\"]}]}<\/script>\n<!-- \/ Yoast SEO Premium plugin. -->","yoast_head_json":{"title":"Los Mejores Sitios para Acampar Cerca a la Entrada Tioga Pass en Yosemite &#8226; James Kaiser","description":"Gu\u00eda con los mejores lugares para acampar cerca a la Entrada Tioga Pass de Yosemite. Descubre los mejores campamentos cerca al Parque Nacional Yosemite.","robots":{"index":"index","follow":"follow","max-snippet":"max-snippet:-1","max-image-preview":"max-image-preview:large","max-video-preview":"max-video-preview:-1"},"canonical":"https:\/\/jameskaiser.com\/es\/yosemite\/acampar-cerca\/tioga-pass\/","og_locale":"es_ES","og_type":"article","og_title":"Acampar Cerca a la Entrada Tioga Pass en Yosemite","og_description":"Gu\u00eda con los mejores lugares para acampar cerca a la Entrada Tioga Pass de Yosemite. Descubre los mejores campamentos cerca al Parque Nacional Yosemite.","og_url":"https:\/\/jameskaiser.com\/es\/yosemite\/acampar-cerca\/tioga-pass\/","og_site_name":"James Kaiser","article_publisher":"https:\/\/www.facebook.com\/JamesKaiserTraveler","article_modified_time":"2020-03-28T19:13:16+00:00","og_image":[{"url":"https:\/\/jameskaiser.com\/wp-content\/uploads\/2020\/03\/Campamento-Tioga-cerca-a-Yosemite.jpg","type":"","width":"","height":""}],"twitter_card":"summary_large_image","twitter_site":"@JamesKaiser_","twitter_misc":{"Tiempo de lectura":"5 minutos"},"schema":{"@context":"https:\/\/schema.org","@graph":[{"@type":"WebPage","@id":"https:\/\/jameskaiser.com\/es\/yosemite\/acampar-cerca\/tioga-pass\/","url":"https:\/\/jameskaiser.com\/es\/yosemite\/acampar-cerca\/tioga-pass\/","name":"Los Mejores Sitios para Acampar Cerca a la Entrada Tioga Pass en Yosemite &#8226; James Kaiser","isPartOf":{"@id":"https:\/\/jameskaiser.com\/es\/#website"},"primaryImageOfPage":{"@id":"https:\/\/jameskaiser.com\/es\/yosemite\/acampar-cerca\/tioga-pass\/#primaryimage"},"image":{"@id":"https:\/\/jameskaiser.com\/es\/yosemite\/acampar-cerca\/tioga-pass\/#primaryimage"},"thumbnailUrl":"https:\/\/jameskaiser.com\/wp-content\/uploads\/2020\/03\/Campamento-Tioga-cerca-a-Yosemite.jpg","datePublished":"2020-03-28T19:12:40+00:00","dateModified":"2020-03-28T19:13:16+00:00","description":"Gu\u00eda con los mejores lugares para acampar cerca a la Entrada Tioga Pass de Yosemite. Descubre los mejores campamentos cerca al Parque Nacional Yosemite.","breadcrumb":{"@id":"https:\/\/jameskaiser.com\/es\/yosemite\/acampar-cerca\/tioga-pass\/#breadcrumb"},"inLanguage":"es","potentialAction":[{"@type":"ReadAction","target":["https:\/\/jameskaiser.com\/es\/yosemite\/acampar-cerca\/tioga-pass\/"]}]},{"@type":"ImageObject","inLanguage":"es","@id":"https:\/\/jameskaiser.com\/es\/yosemite\/acampar-cerca\/tioga-pass\/#primaryimage","url":"https:\/\/jameskaiser.com\/wp-content\/uploads\/2020\/03\/Campamento-Tioga-cerca-a-Yosemite.jpg","contentUrl":"https:\/\/jameskaiser.com\/wp-content\/uploads\/2020\/03\/Campamento-Tioga-cerca-a-Yosemite.jpg"},{"@type":"BreadcrumbList","@id":"https:\/\/jameskaiser.com\/es\/yosemite\/acampar-cerca\/tioga-pass\/#breadcrumb","itemListElement":[{"@type":"ListItem","position":1,"name":"Home","item":"https:\/\/jameskaiser.com\/es\/"},{"@type":"ListItem","position":2,"name":"Yosemite","item":"https:\/\/jameskaiser.com\/es\/yosemite\/"},{"@type":"ListItem","position":3,"name":"Camping cerca a Yosemite","item":"https:\/\/jameskaiser.com\/es\/yosemite\/acampar-cerca\/"},{"@type":"ListItem","position":4,"name":"Tioga Pass"}]},{"@type":"WebSite","@id":"https:\/\/jameskaiser.com\/es\/#website","url":"https:\/\/jameskaiser.com\/es\/","name":"James Kaiser","description":"National Park Guides","publisher":{"@id":"https:\/\/jameskaiser.com\/es\/#\/schema\/person\/5981104745a0770ef7007991f80d4ca0"},"potentialAction":[{"@type":"SearchAction","target":{"@type":"EntryPoint","urlTemplate":"https:\/\/jameskaiser.com\/es\/?s={search_term_string}"},"query-input":{"@type":"PropertyValueSpecification","valueRequired":true,"valueName":"search_term_string"}}],"inLanguage":"es"},{"@type":["Person","Organization"],"@id":"https:\/\/jameskaiser.com\/es\/#\/schema\/person\/5981104745a0770ef7007991f80d4ca0","name":"James Kaiser","image":{"@type":"ImageObject","inLanguage":"es","@id":"https:\/\/secure.gravatar.com\/avatar\/9acc818dc334ece1637aed9a07c32b99dacc4c73e4cf79079b19ba425f2c2d0c?s=96&d=mm&r=g","url":"https:\/\/secure.gravatar.com\/avatar\/9acc818dc334ece1637aed9a07c32b99dacc4c73e4cf79079b19ba425f2c2d0c?s=96&d=mm&r=g","contentUrl":"https:\/\/secure.gravatar.com\/avatar\/9acc818dc334ece1637aed9a07c32b99dacc4c73e4cf79079b19ba425f2c2d0c?s=96&d=mm&r=g","caption":"James Kaiser"},"logo":{"@id":"https:\/\/secure.gravatar.com\/avatar\/9acc818dc334ece1637aed9a07c32b99dacc4c73e4cf79079b19ba425f2c2d0c?s=96&d=mm&r=g"},"description":"James Kaiser is an award-winning travel writer and photographer whose work has appeared on the cover of \"National Geographic.\" He has written bestselling guidebooks to Costa Rica, Grand Canyon, Yosemite, Acadia, Joshua Tree, and Zion National Park.","sameAs":["http:\/\/www.jameskaiser.com","https:\/\/www.facebook.com\/JamesKaiserTraveler","https:\/\/x.com\/JamesKaiser_"]}]}},"_links":{"self":[{"href":"https:\/\/jameskaiser.com\/es\/wp-json\/wp\/v2\/pages\/10608","targetHints":{"allow":["GET"]}}],"collection":[{"href":"https:\/\/jameskaiser.com\/es\/wp-json\/wp\/v2\/pages"}],"about":[{"href":"https:\/\/jameskaiser.com\/es\/wp-json\/wp\/v2\/types\/page"}],"author":[{"embeddable":true,"href":"https:\/\/jameskaiser.com\/es\/wp-json\/wp\/v2\/users\/3"}],"replies":[{"embeddable":true,"href":"https:\/\/jameskaiser.com\/es\/wp-json\/wp\/v2\/comments?post=10608"}],"version-history":[{"count":0,"href":"https:\/\/jameskaiser.com\/es\/wp-json\/wp\/v2\/pages\/10608\/revisions"}],"up":[{"embeddable":true,"href":"https:\/\/jameskaiser.com\/es\/wp-json\/wp\/v2\/pages\/10604"}],"wp:attachment":[{"href":"https:\/\/jameskaiser.com\/es\/wp-json\/wp\/v2\/media?parent=10608"}],"curies":[{"name":"wp","href":"https:\/\/api.w.org\/{rel}","templated":true}]}}