{"id":10604,"date":"2020-03-28T14:58:30","date_gmt":"2020-03-28T14:58:30","guid":{"rendered":"https:\/\/jameskaiser.com\/?page_id=10604"},"modified":"2020-04-06T19:53:32","modified_gmt":"2020-04-06T19:53:32","slug":"acampar-cerca","status":"publish","type":"page","link":"https:\/\/jameskaiser.com\/es\/yosemite\/acampar-cerca\/","title":{"rendered":"Acampar Cerca al Parque Nacional Yosemite"},"content":{"rendered":"\n<figure class=\"wp-block-image size-large\"><img loading=\"lazy\" decoding=\"async\" width=\"700\" height=\"840\" src=\"https:\/\/jameskaiser.com\/wp-content\/uploads\/2020\/03\/Acampar-cerca-a-Yosemite.jpg\" alt=\"Acampar cerca a Parque Nacional Yosemite\" class=\"wp-image-10605\"\/><\/figure>\n\n\n\n<p>Acampar cerca a <a href=\"https:\/\/jameskaiser.com\/es\/yosemite\/\">Yosemite<\/a> es tu mejor opci\u00f3n si todos los campamentos en el Parque Nacional Yosemite est\u00e1n llenos. Esto normalmente ocurre en la temporada pico en Junio,  Julio y Agosto, y en los fines de semana entre Mayo y Septiembre. <\/p>\n\n\n\n<p>Afortunadamente, hay campamentos p\u00fablicos incre\u00edbles en los bosques nacionales justo a las afueras del parque. Tambi\u00e9n hay varios campamentos privados cerca al parque que ofrecen ba\u00f1os y duchas calientes. <\/p>\n\n\n\n<p>En mi opini\u00f3n, los mejores campamentos cerca a Yosemite est\u00e1n cerca a Tioga Pass. Tambi\u00e9n algunos buenos cerca a la entrada Arch Rock de Yosemite.  <\/p>\n\n\n\n<p>See also: <a href=\"https:\/\/jameskaiser.com\/es\/yosemite\/camping\/\">Acampar en el Parque Nacional Yosemite<\/a><\/p>\n\n\n\n<figure class=\"wp-block-image\"><img loading=\"lazy\" decoding=\"async\" width=\"494\" height=\"389\" src=\"https:\/\/jameskaiser.com\/wp-content\/uploads\/2015\/03\/yosemite-map-3.png\" alt=\"Yosemite Map\" class=\"wp-image-3541\"\/><\/figure>\n\n\n\n<h2 class=\"wp-block-heading\">&nbsp;<\/h2>\n\n\n\n<hr class=\"wp-block-separator\"\/>\n\n\n\n<div class=\"one-half first\">\n<a href=\"https:\/\/jameskaiser.com\/es\/yosemite\/acampar-cerca\/tioga-pass\/\"><img decoding=\"async\" src=\"https:\/\/jameskaiser.com\/wp-content\/uploads\/2014\/12\/camping-near-yosemite-national-park-guide-2.jpg\" alt=\"Camping Near Tioga Pass\" class=\"alignleft size-full\"><\/a>\n<\/div>\n<div class=\"one-half\">\n<h2 class=\"nav\"><a href=\"https:\/\/jameskaiser.com\/es\/yosemite\/acampar-cerca\/tioga-pass\/\">Acampar cerca a Tioga Pass<\/a><\/h2>\n<p>Localizado en el extremo oriental de Yosemite, Tioga Pass es la puerta de entrada a las Praderas de Tuolumne y la Sierra Alta.<\/p>\n<\/div>\n<hr>\n\n\n\n<div class=\"one-half first\">\n<a href=\"https:\/\/jameskaiser.com\/es\/yosemite\/acampar-cerca\/arch-rock\/\"><img decoding=\"async\" src=\"https:\/\/jameskaiser.com\/wp-content\/uploads\/2016\/01\/camping-near-yosemite-national-park-arch-rock-entrance-guide.jpg\" alt=\"Camping near Yosemite National Park's Arch Rock Entrance\" class=\"alignleft size-full\"><\/a>\n<\/div>\n<div class=\"one-half\">\n<h2 class=\"nav\"><a href=\"https:\/\/jameskaiser.com\/es\/yosemite\/acampar-cerca\/arch-rock\/\">Acampar cerca a la Entrada Arch Rock<\/a><\/h2>\n<p>Localizado en las riberas del R\u00edo Merced, la entrada Arch Rock es la entrada del parque m\u00e1s cercana al Valle de Yosemite.<\/p>\n<\/div>\n<hr>\n\n\n\n<div class=\"one-half first\">\n<a href=\"https:\/\/jameskaiser.com\/es\/yosemite\/acampar-cerca\/big-oak-flat\/\"><img decoding=\"async\" src=\"https:\/\/jameskaiser.com\/wp-content\/uploads\/2016\/01\/camping-near-yosemite-national-park-big-oak-flat-entrance-guide.jpg\" alt=\"Camping Near Big Oak Flat Entrance\" class=\"alignleft size-full\"><\/a>\n<\/div>\n<div class=\"one-half\">\n<h2 class=\"nav\"><a href=\"https:\/\/jameskaiser.com\/es\/yosemite\/acampar-cerca\/big-oak-flat\/\">Acampar cerca a la Entrada Big Oak Flat<\/a><\/h2>\n<p>La mayor\u00eda de visitantes de San Francisco entran a Yosemite a trav\u00e9s de la Entrada Big Oak Flat.<\/p>\n<\/div>\n<hr>\n\n\n\n<div class=\"one-half first\">\n<a href=\"https:\/\/jameskaiser.com\/es\/yosemite\/acampar-cerca\/entrada-sur\/\"><img decoding=\"async\" src=\"https:\/\/jameskaiser.com\/wp-content\/uploads\/2016\/01\/camping-near-yosemite-national-park-southern-entrance.jpg\" alt=\"Camping Near South Entrance\" class=\"alignleft size-full\"><\/a>\n<\/div>\n<div class=\"one-half\">\n<h2 class=\"nav\"><a href=\"https:\/\/jameskaiser.com\/es\/yosemite\/acampar-cerca\/entrada-sur\/\">Acampar cerca a la Entrada Sur<\/a><\/h2>\n<p>La Entrada Sur, localizada cerca a Wawona y al bosque \u00abMariposa Grove\u00bb de secuoyas gigantes, es la entrada m\u00e1s popular para los visitantes que llegan desde el Sur de California.<\/p>\n<\/div>\n<hr>\n\n\n\n<div style=\"height:30px\" aria-hidden=\"true\" class=\"wp-block-spacer\"><\/div>\n","protected":false},"excerpt":{"rendered":"<p>Acampar cerca a Yosemite es tu mejor opci\u00f3n si todos los campamentos en el Parque Nacional Yosemite est\u00e1n llenos. Esto normalmente ocurre en la temporada pico en Junio, Julio y Agosto, y en los fines de semana entre Mayo y Septiembre. Afortunadamente, hay campamentos p\u00fablicos incre\u00edbles en los bosques nacionales justo a las afueras del [&hellip;]<\/p>\n","protected":false},"author":3,"featured_media":0,"parent":10457,"menu_order":0,"comment_status":"open","ping_status":"open","template":"","meta":{"footnotes":""},"class_list":["post-10604","page","type-page","status-publish","hentry"],"yoast_head":"<!-- This site is optimized with the Yoast SEO Premium plugin v27.4 (Yoast SEO v27.5) - https:\/\/yoast.com\/product\/yoast-seo-premium-wordpress\/ -->\n<title>Acampar Cerca al Parque Nacional Yosemite &#8226; James Kaiser<\/title>\n<meta name=\"description\" content=\"Mi gu\u00eda con el mejor camping cerca a Yosemite. Descubre los mejores lugares para acampar - incluyendo campamentos cerca al lago - cuando los campamentos en el Parque Nacional Yosemite estan llenos.\" \/>\n<meta name=\"robots\" content=\"index, follow, max-snippet:-1, max-image-preview:large, max-video-preview:-1\" \/>\n<link rel=\"canonical\" href=\"https:\/\/jameskaiser.com\/es\/yosemite\/acampar-cerca\/\" \/>\n<meta property=\"og:locale\" content=\"es_ES\" \/>\n<meta property=\"og:type\" content=\"article\" \/>\n<meta property=\"og:title\" content=\"Acampar Cerca al Parque Nacional Yosemite\" \/>\n<meta property=\"og:description\" content=\"Mi gu\u00eda con el mejor camping cerca a Yosemite. Descubre los mejores lugares para acampar - incluyendo campamentos cerca al lago - cuando los campamentos en el Parque Nacional Yosemite estan llenos.\" \/>\n<meta property=\"og:url\" content=\"https:\/\/jameskaiser.com\/es\/yosemite\/acampar-cerca\/\" \/>\n<meta property=\"og:site_name\" content=\"James Kaiser\" \/>\n<meta property=\"article:publisher\" content=\"https:\/\/www.facebook.com\/JamesKaiserTraveler\" \/>\n<meta property=\"article:modified_time\" content=\"2020-04-06T19:53:32+00:00\" \/>\n<meta property=\"og:image\" content=\"https:\/\/jameskaiser.com\/wp-content\/uploads\/2020\/03\/Acampar-cerca-a-Yosemite.jpg\" \/>\n<meta name=\"twitter:card\" content=\"summary_large_image\" \/>\n<meta name=\"twitter:site\" content=\"@JamesKaiser_\" \/>\n<meta name=\"twitter:label1\" content=\"Tiempo de lectura\" \/>\n\t<meta name=\"twitter:data1\" content=\"1 minuto\" \/>\n<script type=\"application\/ld+json\" class=\"yoast-schema-graph\">{\"@context\":\"https:\\\/\\\/schema.org\",\"@graph\":[{\"@type\":\"WebPage\",\"@id\":\"https:\\\/\\\/jameskaiser.com\\\/es\\\/yosemite\\\/acampar-cerca\\\/\",\"url\":\"https:\\\/\\\/jameskaiser.com\\\/es\\\/yosemite\\\/acampar-cerca\\\/\",\"name\":\"Acampar Cerca al Parque Nacional Yosemite &#8226; James Kaiser\",\"isPartOf\":{\"@id\":\"https:\\\/\\\/jameskaiser.com\\\/es\\\/#website\"},\"primaryImageOfPage\":{\"@id\":\"https:\\\/\\\/jameskaiser.com\\\/es\\\/yosemite\\\/acampar-cerca\\\/#primaryimage\"},\"image\":{\"@id\":\"https:\\\/\\\/jameskaiser.com\\\/es\\\/yosemite\\\/acampar-cerca\\\/#primaryimage\"},\"thumbnailUrl\":\"https:\\\/\\\/jameskaiser.com\\\/wp-content\\\/uploads\\\/2020\\\/03\\\/Acampar-cerca-a-Yosemite.jpg\",\"datePublished\":\"2020-03-28T14:58:30+00:00\",\"dateModified\":\"2020-04-06T19:53:32+00:00\",\"description\":\"Mi gu\u00eda con el mejor camping cerca a Yosemite. Descubre los mejores lugares para acampar - incluyendo campamentos cerca al lago - cuando los campamentos en el Parque Nacional Yosemite estan llenos.\",\"breadcrumb\":{\"@id\":\"https:\\\/\\\/jameskaiser.com\\\/es\\\/yosemite\\\/acampar-cerca\\\/#breadcrumb\"},\"inLanguage\":\"es\",\"potentialAction\":[{\"@type\":\"ReadAction\",\"target\":[\"https:\\\/\\\/jameskaiser.com\\\/es\\\/yosemite\\\/acampar-cerca\\\/\"]}]},{\"@type\":\"ImageObject\",\"inLanguage\":\"es\",\"@id\":\"https:\\\/\\\/jameskaiser.com\\\/es\\\/yosemite\\\/acampar-cerca\\\/#primaryimage\",\"url\":\"https:\\\/\\\/jameskaiser.com\\\/wp-content\\\/uploads\\\/2020\\\/03\\\/Acampar-cerca-a-Yosemite.jpg\",\"contentUrl\":\"https:\\\/\\\/jameskaiser.com\\\/wp-content\\\/uploads\\\/2020\\\/03\\\/Acampar-cerca-a-Yosemite.jpg\"},{\"@type\":\"BreadcrumbList\",\"@id\":\"https:\\\/\\\/jameskaiser.com\\\/es\\\/yosemite\\\/acampar-cerca\\\/#breadcrumb\",\"itemListElement\":[{\"@type\":\"ListItem\",\"position\":1,\"name\":\"Home\",\"item\":\"https:\\\/\\\/jameskaiser.com\\\/es\\\/\"},{\"@type\":\"ListItem\",\"position\":2,\"name\":\"Yosemite\",\"item\":\"https:\\\/\\\/jameskaiser.com\\\/es\\\/yosemite\\\/\"},{\"@type\":\"ListItem\",\"position\":3,\"name\":\"Camping cerca a Yosemite\"}]},{\"@type\":\"WebSite\",\"@id\":\"https:\\\/\\\/jameskaiser.com\\\/es\\\/#website\",\"url\":\"https:\\\/\\\/jameskaiser.com\\\/es\\\/\",\"name\":\"James Kaiser\",\"description\":\"National Park Guides\",\"publisher\":{\"@id\":\"https:\\\/\\\/jameskaiser.com\\\/es\\\/#\\\/schema\\\/person\\\/5981104745a0770ef7007991f80d4ca0\"},\"potentialAction\":[{\"@type\":\"SearchAction\",\"target\":{\"@type\":\"EntryPoint\",\"urlTemplate\":\"https:\\\/\\\/jameskaiser.com\\\/es\\\/?s={search_term_string}\"},\"query-input\":{\"@type\":\"PropertyValueSpecification\",\"valueRequired\":true,\"valueName\":\"search_term_string\"}}],\"inLanguage\":\"es\"},{\"@type\":[\"Person\",\"Organization\"],\"@id\":\"https:\\\/\\\/jameskaiser.com\\\/es\\\/#\\\/schema\\\/person\\\/5981104745a0770ef7007991f80d4ca0\",\"name\":\"James Kaiser\",\"image\":{\"@type\":\"ImageObject\",\"inLanguage\":\"es\",\"@id\":\"https:\\\/\\\/secure.gravatar.com\\\/avatar\\\/9acc818dc334ece1637aed9a07c32b99dacc4c73e4cf79079b19ba425f2c2d0c?s=96&d=mm&r=g\",\"url\":\"https:\\\/\\\/secure.gravatar.com\\\/avatar\\\/9acc818dc334ece1637aed9a07c32b99dacc4c73e4cf79079b19ba425f2c2d0c?s=96&d=mm&r=g\",\"contentUrl\":\"https:\\\/\\\/secure.gravatar.com\\\/avatar\\\/9acc818dc334ece1637aed9a07c32b99dacc4c73e4cf79079b19ba425f2c2d0c?s=96&d=mm&r=g\",\"caption\":\"James Kaiser\"},\"logo\":{\"@id\":\"https:\\\/\\\/secure.gravatar.com\\\/avatar\\\/9acc818dc334ece1637aed9a07c32b99dacc4c73e4cf79079b19ba425f2c2d0c?s=96&d=mm&r=g\"},\"description\":\"James Kaiser is an award-winning travel writer and photographer whose work has appeared on the cover of \\\"National Geographic.\\\" He has written bestselling guidebooks to Costa Rica, Grand Canyon, Yosemite, Acadia, Joshua Tree, and Zion National Park.\",\"sameAs\":[\"http:\\\/\\\/www.jameskaiser.com\",\"https:\\\/\\\/www.facebook.com\\\/JamesKaiserTraveler\",\"https:\\\/\\\/x.com\\\/JamesKaiser_\"]}]}<\/script>\n<!-- \/ Yoast SEO Premium plugin. -->","yoast_head_json":{"title":"Acampar Cerca al Parque Nacional Yosemite &#8226; James Kaiser","description":"Mi gu\u00eda con el mejor camping cerca a Yosemite. Descubre los mejores lugares para acampar - incluyendo campamentos cerca al lago - cuando los campamentos en el Parque Nacional Yosemite estan llenos.","robots":{"index":"index","follow":"follow","max-snippet":"max-snippet:-1","max-image-preview":"max-image-preview:large","max-video-preview":"max-video-preview:-1"},"canonical":"https:\/\/jameskaiser.com\/es\/yosemite\/acampar-cerca\/","og_locale":"es_ES","og_type":"article","og_title":"Acampar Cerca al Parque Nacional Yosemite","og_description":"Mi gu\u00eda con el mejor camping cerca a Yosemite. Descubre los mejores lugares para acampar - incluyendo campamentos cerca al lago - cuando los campamentos en el Parque Nacional Yosemite estan llenos.","og_url":"https:\/\/jameskaiser.com\/es\/yosemite\/acampar-cerca\/","og_site_name":"James Kaiser","article_publisher":"https:\/\/www.facebook.com\/JamesKaiserTraveler","article_modified_time":"2020-04-06T19:53:32+00:00","og_image":[{"url":"https:\/\/jameskaiser.com\/wp-content\/uploads\/2020\/03\/Acampar-cerca-a-Yosemite.jpg","type":"","width":"","height":""}],"twitter_card":"summary_large_image","twitter_site":"@JamesKaiser_","twitter_misc":{"Tiempo de lectura":"1 minuto"},"schema":{"@context":"https:\/\/schema.org","@graph":[{"@type":"WebPage","@id":"https:\/\/jameskaiser.com\/es\/yosemite\/acampar-cerca\/","url":"https:\/\/jameskaiser.com\/es\/yosemite\/acampar-cerca\/","name":"Acampar Cerca al Parque Nacional Yosemite &#8226; James Kaiser","isPartOf":{"@id":"https:\/\/jameskaiser.com\/es\/#website"},"primaryImageOfPage":{"@id":"https:\/\/jameskaiser.com\/es\/yosemite\/acampar-cerca\/#primaryimage"},"image":{"@id":"https:\/\/jameskaiser.com\/es\/yosemite\/acampar-cerca\/#primaryimage"},"thumbnailUrl":"https:\/\/jameskaiser.com\/wp-content\/uploads\/2020\/03\/Acampar-cerca-a-Yosemite.jpg","datePublished":"2020-03-28T14:58:30+00:00","dateModified":"2020-04-06T19:53:32+00:00","description":"Mi gu\u00eda con el mejor camping cerca a Yosemite. Descubre los mejores lugares para acampar - incluyendo campamentos cerca al lago - cuando los campamentos en el Parque Nacional Yosemite estan llenos.","breadcrumb":{"@id":"https:\/\/jameskaiser.com\/es\/yosemite\/acampar-cerca\/#breadcrumb"},"inLanguage":"es","potentialAction":[{"@type":"ReadAction","target":["https:\/\/jameskaiser.com\/es\/yosemite\/acampar-cerca\/"]}]},{"@type":"ImageObject","inLanguage":"es","@id":"https:\/\/jameskaiser.com\/es\/yosemite\/acampar-cerca\/#primaryimage","url":"https:\/\/jameskaiser.com\/wp-content\/uploads\/2020\/03\/Acampar-cerca-a-Yosemite.jpg","contentUrl":"https:\/\/jameskaiser.com\/wp-content\/uploads\/2020\/03\/Acampar-cerca-a-Yosemite.jpg"},{"@type":"BreadcrumbList","@id":"https:\/\/jameskaiser.com\/es\/yosemite\/acampar-cerca\/#breadcrumb","itemListElement":[{"@type":"ListItem","position":1,"name":"Home","item":"https:\/\/jameskaiser.com\/es\/"},{"@type":"ListItem","position":2,"name":"Yosemite","item":"https:\/\/jameskaiser.com\/es\/yosemite\/"},{"@type":"ListItem","position":3,"name":"Camping cerca a Yosemite"}]},{"@type":"WebSite","@id":"https:\/\/jameskaiser.com\/es\/#website","url":"https:\/\/jameskaiser.com\/es\/","name":"James Kaiser","description":"National Park Guides","publisher":{"@id":"https:\/\/jameskaiser.com\/es\/#\/schema\/person\/5981104745a0770ef7007991f80d4ca0"},"potentialAction":[{"@type":"SearchAction","target":{"@type":"EntryPoint","urlTemplate":"https:\/\/jameskaiser.com\/es\/?s={search_term_string}"},"query-input":{"@type":"PropertyValueSpecification","valueRequired":true,"valueName":"search_term_string"}}],"inLanguage":"es"},{"@type":["Person","Organization"],"@id":"https:\/\/jameskaiser.com\/es\/#\/schema\/person\/5981104745a0770ef7007991f80d4ca0","name":"James Kaiser","image":{"@type":"ImageObject","inLanguage":"es","@id":"https:\/\/secure.gravatar.com\/avatar\/9acc818dc334ece1637aed9a07c32b99dacc4c73e4cf79079b19ba425f2c2d0c?s=96&d=mm&r=g","url":"https:\/\/secure.gravatar.com\/avatar\/9acc818dc334ece1637aed9a07c32b99dacc4c73e4cf79079b19ba425f2c2d0c?s=96&d=mm&r=g","contentUrl":"https:\/\/secure.gravatar.com\/avatar\/9acc818dc334ece1637aed9a07c32b99dacc4c73e4cf79079b19ba425f2c2d0c?s=96&d=mm&r=g","caption":"James Kaiser"},"logo":{"@id":"https:\/\/secure.gravatar.com\/avatar\/9acc818dc334ece1637aed9a07c32b99dacc4c73e4cf79079b19ba425f2c2d0c?s=96&d=mm&r=g"},"description":"James Kaiser is an award-winning travel writer and photographer whose work has appeared on the cover of \"National Geographic.\" He has written bestselling guidebooks to Costa Rica, Grand Canyon, Yosemite, Acadia, Joshua Tree, and Zion National Park.","sameAs":["http:\/\/www.jameskaiser.com","https:\/\/www.facebook.com\/JamesKaiserTraveler","https:\/\/x.com\/JamesKaiser_"]}]}},"_links":{"self":[{"href":"https:\/\/jameskaiser.com\/es\/wp-json\/wp\/v2\/pages\/10604","targetHints":{"allow":["GET"]}}],"collection":[{"href":"https:\/\/jameskaiser.com\/es\/wp-json\/wp\/v2\/pages"}],"about":[{"href":"https:\/\/jameskaiser.com\/es\/wp-json\/wp\/v2\/types\/page"}],"author":[{"embeddable":true,"href":"https:\/\/jameskaiser.com\/es\/wp-json\/wp\/v2\/users\/3"}],"replies":[{"embeddable":true,"href":"https:\/\/jameskaiser.com\/es\/wp-json\/wp\/v2\/comments?post=10604"}],"version-history":[{"count":0,"href":"https:\/\/jameskaiser.com\/es\/wp-json\/wp\/v2\/pages\/10604\/revisions"}],"up":[{"embeddable":true,"href":"https:\/\/jameskaiser.com\/es\/wp-json\/wp\/v2\/pages\/10457"}],"wp:attachment":[{"href":"https:\/\/jameskaiser.com\/es\/wp-json\/wp\/v2\/media?parent=10604"}],"curies":[{"name":"wp","href":"https:\/\/api.w.org\/{rel}","templated":true}]}}