{"id":10476,"date":"2020-03-17T22:24:45","date_gmt":"2020-03-17T22:24:45","guid":{"rendered":"https:\/\/jameskaiser.com\/?page_id=10476"},"modified":"2020-03-19T18:57:24","modified_gmt":"2020-03-19T18:57:24","slug":"evitar-multitudes","status":"publish","type":"page","link":"https:\/\/jameskaiser.com\/es\/yosemite\/evitar-multitudes\/","title":{"rendered":"C\u00f3mo Evitar las Multitudes en el Parque Nacional Yosemite"},"content":{"rendered":"\n<figure class=\"wp-block-image size-large\"><img loading=\"lazy\" decoding=\"async\" width=\"700\" height=\"889\" src=\"https:\/\/jameskaiser.com\/wp-content\/uploads\/2020\/03\/evitar-multitudes-yosemite.jpg\" alt=\"C\u00f3mo evitar las multitudes, Parque Nacional Yosemite\" class=\"wp-image-10477\"\/><\/figure>\n\n\n\n<p>Evitar las multitudes en el Parque Nacional Yosemite es f\u00e1cil, incluso en temporada pico en Junio, Julio y Agosto. Yosemite es grande  &#8211; con m\u00e1s de 1,000 millas cuadradas (2590 Km cuadrados) &#8211; pero a\u00fan as\u00ed los turistas se dirigen solamente a las atracciones famosas del Valle de Yosemite. Visita esos lugares populares a la hora errada y encontrar\u00e1s hordas de gente. Visita esos lugares a la hora indicada y tendr\u00e1s una grata experiencia. Es f\u00e1cil encontrar paz y tranquilidad en Yosemite. Solo necesitas saber los mejores tiempos para ir, las mejores actividades para hacer, y los mejores lugares para escapar de las multitudes.  <\/p>\n\n\n\n<h2 class=\"wp-block-heading\">C\u00f3mo Evitar las Multitudes en Yosemite<\/h2>\n\n\n\n<figure class=\"wp-block-image size-large\"><img loading=\"lazy\" decoding=\"async\" width=\"700\" height=\"500\" src=\"https:\/\/jameskaiser.com\/wp-content\/uploads\/2020\/03\/evitar-las-multitudes-mist-trail-yosemite.jpg\" alt=\"C\u00f3mo evitar las multitudes, Mistra Trail, Parque Nacional Yosemite\" class=\"wp-image-10485\"\/><\/figure>\n\n\n\n<h3 class=\"wp-block-heading\">Planea tu viaje en Primavera, Oto\u00f1o o Invierno<\/h3>\n\n\n\n<p>La temporada pico en Yosemite va desde Memorial Day hasta Labor Day. Si visitas fuera de los populares meses de verano, de seguro evitar\u00e1s las multitudes, incluso en las atracciones famosas. Oto\u00f1o, Invierno y Primavera son <a href=\"https:\/\/jameskaiser.com\/es\/yosemite\/visitar\/\">fechas geniales para visitar Yosemite<\/a>. En Primavera (Abril, Mayo y Junio) es una de las mejores \u00e9pocas para visitar el Valle de Yosemite porque hay poca gente y las cataratas est\u00e1n en su pico. Oto\u00f1o (Septiembre, Octubre, y Noviembre) tiene temperaturas agradables y los colores de las hojas en el Valle de Yosemite son hermosos. Invierno (Diciembre, Enero, Febrero, Marzo) son hermosos y tranquilos en Yosemite, y existe la posibilidad de esquiar en Badger Pass y espect\u00e1culos naturales como la catarata de Fuego en Horsetail Fall.  <\/p>\n\n\n\n<p>Por supuesto, algunas personas s\u00f3lo pueden visitar el Parque Nacional de Yosemite en Junio, Julio, y Agosto. Las buenas noticias: A\u00fan existen varias opciones para evitar las multitudes en el verano! <\/p>\n\n\n\n<figure class=\"wp-block-image size-large\"><img loading=\"lazy\" decoding=\"async\" width=\"700\" height=\"500\" src=\"https:\/\/jameskaiser.com\/wp-content\/uploads\/2020\/03\/lago-tenaya-yosemite-high-sierra-sierra-alta.jpg\" alt=\"Lago Tenaya, High Sierra, Parque Nacional Yosemite\" class=\"wp-image-10487\"\/><\/figure>\n\n\n\n<h3 class=\"wp-block-heading\">Ve a la Sierra Alta (High Sierra)<\/h3>\n\n\n\n<p>El Valle de Yosemite (elevaci\u00f3n 4,000 pies &#8211; 1,219 mts) es el lugar m\u00e1s famoso y popular en Yosemite. Pero algunos de los paisajes m\u00e1s exhuberantes est\u00e1n en la Sierra Alta (High Sierra), el cual se ubica sobre los 8,000 pies (2,498 mts) de altura. Durante la temporada pico en Junio, Julio y Agosto, el Valle de Yosemite es caliente y lleno de gente. Ve a la Sierra Alta, donde podr\u00e1s escapar de la gente y refrescarte. La Sierra Alta es accesible via las rutas Glacier Point Road y Tioga Road. All\u00ed hay unos miradores increibles, caminatas geniales y <a href=\"https:\/\/jameskaiser.com\/es\/yosemite\/\">hermosos campamentos<\/a>. Para una lista completa de atracciones y actividades en la Sierra Alta, puedes chequear mi gu\u00eda en ingl\u00e9s <a href=\"https:\/\/jameskaiser.com\/yosemite-guide\/yosemite-complete-guide-2\/\"><em>Yosemite: The Complete Guide<\/em><\/a><\/p>\n\n\n\n<figure class=\"wp-block-image size-large\"><img loading=\"lazy\" decoding=\"async\" width=\"700\" height=\"500\" src=\"https:\/\/jameskaiser.com\/wp-content\/uploads\/2020\/03\/senderismo-Parque-Nacional-Yosemite.jpg\" alt=\"Senderismo en el Parque Nacional Yosemite\" class=\"wp-image-10489\"\/><\/figure>\n\n\n\n<h3 class=\"wp-block-heading\">Sal a Caminar<\/h3>\n\n\n\n<p>Ir de caminata es una de las mejores formas de evitar las multitudes en Yosemite. Muchos de los visitantes disfrutan Yosemite desde el confort de su auto.Si est\u00e1s buscando deshacerte de las multitudes, esto te interesa.<\/p>\n\n\n\n<p>Ve a caminar y la gente desaparecer\u00e1 inmediatamente. Escoge un sendero dif\u00edcil y te preguntar\u00e1s de inmediato d\u00f3nde se fueron todos. Y esto se pone mejor, muchos de los senderos te llevan a algunos de los miradores m\u00e1s espectaculares de Yosemite. Por supuesto, hay algunas excepciones importantes a este tip. Algunos de los senderos m\u00e1s populares, como el Mist Trail, casi siempre est\u00e1 lleno de turistas. Dicho esto, a\u00fan podr\u00e1s vencer las multitudes si caminas temprano en la ma\u00f1ana. Lo cual me lleva a mi siguiente tip. <\/p>\n\n\n\n<figure class=\"wp-block-image\"><img loading=\"lazy\" decoding=\"async\" width=\"700\" height=\"500\" src=\"https:\/\/jameskaiser.com\/wp-content\/uploads\/2016\/02\/half-dome-clouds-yosemite.jpg\" alt=\"Clouds around Half Dome, Yosemite\" class=\"wp-image-6906\"\/><\/figure>\n\n\n\n<h3 class=\"wp-block-heading\">Lev\u00e1ntate Temprano<\/h3>\n\n\n\n<p>El amanecer es una experiencia incre\u00edble en Yosemite.  Pero la mayor\u00eda de los visitantes se quedan c\u00f3modos en sus hoteles o tiendas de campa\u00f1a, y duermen hasta tarde. Lev\u00e1ntate temprano y evitar\u00e1s las multitudes, incluso en los sitios m\u00e1s populares. Y no olvides la c\u00e1mara. Temprano en la ma\u00f1ana la luz es genial para fotos. Puedes incluso capturar algunos efectos naturales deslumbrantes. Una ma\u00f1ana en Glacier Point, yo tome fotos hermosas de las nubes alrededor de Half Dome (ve imagen arriba).<\/p>\n\n\n\n<h3 class=\"wp-block-heading\">Sal de Picnic<\/h3>\n\n\n\n<p>Casi siempre los restaurantes de Yosemite est\u00e1n llenos a la hora de las comidas, lo que se traduce en largas filas en lugares que normalmente ofrecen comida mediocre de cafeter\u00eda. Mi consejo es que empaques una canasta de picnic. Esto te salvar\u00e1 tiempo y frustraci\u00f3n, y ser\u00e1 incluso m\u00e1s saludable, sabroso y econ\u00f3mico. Lo mejor de todo, puedes disfrutar de un picnic al aire libre en un mirador \u2014 mientras los dem\u00e1s esperan en la fila.<\/p>\n\n\n\n<figure class=\"wp-block-image\"><img loading=\"lazy\" decoding=\"async\" width=\"700\" height=\"500\" src=\"https:\/\/jameskaiser.com\/wp-content\/uploads\/2016\/02\/stars-astronomy-cathedral-peak-yosemite.jpg\" alt=\"Stars over Cathedral Peak, Yosemite National Park\" class=\"wp-image-6910\"\/><\/figure>\n\n\n\n<h3 class=\"wp-block-heading\">Disfruta de las Estrellas en la Noche<\/h3>\n\n\n\n<p>Despu\u00e9s de un largo d\u00eda explorando, la mayor\u00eda de los visitantes en Yosemite se van a dormir. Pero la noche es cuando la Madre Naturaleza realmente brilla. Yosemite tiene uno de cielos m\u00e1s oscuros en California. Si no disfrutas de las estrellas, te estar\u00e1s perdiendo literalmente la mitad del show. <\/p>\n\n\n\n<p>No sabes mucho sobre astronom\u00eda? No te preocupes! Yosemite ofrece programas gratuitos de astronom\u00eda liderados por los guardaparques. Y si visitas Yosemite durante un fin de semana en el verano, ve directamente a Glacier Point. Todos los s\u00e1bados en la noche, clubs locales de astronom\u00eda instalan telescopios en Glacier Point y comparten sus vistas con el p\u00fablico. <\/p>\n\n\n\n<div style=\"height:30px\" aria-hidden=\"true\" class=\"wp-block-spacer\"><\/div>\n","protected":false},"excerpt":{"rendered":"<p>Evitar las multitudes en el Parque Nacional Yosemite es f\u00e1cil, incluso en temporada pico en Junio, Julio y Agosto. Yosemite es grande &#8211; con m\u00e1s de 1,000 millas cuadradas (2590 Km cuadrados) &#8211; pero a\u00fan as\u00ed los turistas se dirigen solamente a las atracciones famosas del Valle de Yosemite. Visita esos lugares populares a la [&hellip;]<\/p>\n","protected":false},"author":3,"featured_media":0,"parent":10457,"menu_order":0,"comment_status":"closed","ping_status":"closed","template":"","meta":{"footnotes":""},"class_list":["post-10476","page","type-page","status-publish","hentry"],"yoast_head":"<!-- This site is optimized with the Yoast SEO Premium plugin v27.4 (Yoast SEO v27.6) - https:\/\/yoast.com\/product\/yoast-seo-premium-wordpress\/ -->\n<title>C\u00f3mo Evitar las Multitudes en el Parque Nacional Yosemite &#8226; James Kaiser<\/title>\n<meta name=\"description\" content=\"Descubre c\u00f3mo evitar las multitudes en el Parque Nacional Yosemite, incluso en la temperada pico en Junio, Julio y Agosto. Planea el viaje perfecto con estos f\u00e1ciles tips!\" \/>\n<meta name=\"robots\" content=\"index, follow, max-snippet:-1, max-image-preview:large, max-video-preview:-1\" \/>\n<link rel=\"canonical\" href=\"https:\/\/jameskaiser.com\/es\/yosemite\/evitar-multitudes\/\" \/>\n<meta property=\"og:locale\" content=\"es_ES\" \/>\n<meta property=\"og:type\" content=\"article\" \/>\n<meta property=\"og:title\" content=\"C\u00f3mo Evitar las Multitudes en el Parque Nacional Yosemite\" \/>\n<meta property=\"og:description\" content=\"Descubre c\u00f3mo evitar las multitudes en el Parque Nacional Yosemite, incluso en la temperada pico en Junio, Julio y Agosto. Planea el viaje perfecto con estos f\u00e1ciles tips!\" \/>\n<meta property=\"og:url\" content=\"https:\/\/jameskaiser.com\/es\/yosemite\/evitar-multitudes\/\" \/>\n<meta property=\"og:site_name\" content=\"James Kaiser\" \/>\n<meta property=\"article:publisher\" content=\"https:\/\/www.facebook.com\/JamesKaiserTraveler\" \/>\n<meta property=\"article:modified_time\" content=\"2020-03-19T18:57:24+00:00\" \/>\n<meta property=\"og:image\" content=\"https:\/\/jameskaiser.com\/wp-content\/uploads\/2020\/03\/evitar-multitudes-yosemite.jpg\" \/>\n<meta name=\"twitter:card\" content=\"summary_large_image\" \/>\n<meta name=\"twitter:site\" content=\"@JamesKaiser_\" \/>\n<meta name=\"twitter:label1\" content=\"Tiempo de lectura\" \/>\n\t<meta name=\"twitter:data1\" content=\"4 minutos\" \/>\n<script type=\"application\/ld+json\" class=\"yoast-schema-graph\">{\"@context\":\"https:\\\/\\\/schema.org\",\"@graph\":[{\"@type\":\"WebPage\",\"@id\":\"https:\\\/\\\/jameskaiser.com\\\/es\\\/yosemite\\\/evitar-multitudes\\\/\",\"url\":\"https:\\\/\\\/jameskaiser.com\\\/es\\\/yosemite\\\/evitar-multitudes\\\/\",\"name\":\"C\u00f3mo Evitar las Multitudes en el Parque Nacional Yosemite &#8226; James Kaiser\",\"isPartOf\":{\"@id\":\"https:\\\/\\\/jameskaiser.com\\\/es\\\/#website\"},\"primaryImageOfPage\":{\"@id\":\"https:\\\/\\\/jameskaiser.com\\\/es\\\/yosemite\\\/evitar-multitudes\\\/#primaryimage\"},\"image\":{\"@id\":\"https:\\\/\\\/jameskaiser.com\\\/es\\\/yosemite\\\/evitar-multitudes\\\/#primaryimage\"},\"thumbnailUrl\":\"https:\\\/\\\/jameskaiser.com\\\/wp-content\\\/uploads\\\/2020\\\/03\\\/evitar-multitudes-yosemite.jpg\",\"datePublished\":\"2020-03-17T22:24:45+00:00\",\"dateModified\":\"2020-03-19T18:57:24+00:00\",\"description\":\"Descubre c\u00f3mo evitar las multitudes en el Parque Nacional Yosemite, incluso en la temperada pico en Junio, Julio y Agosto. Planea el viaje perfecto con estos f\u00e1ciles tips!\",\"breadcrumb\":{\"@id\":\"https:\\\/\\\/jameskaiser.com\\\/es\\\/yosemite\\\/evitar-multitudes\\\/#breadcrumb\"},\"inLanguage\":\"es\",\"potentialAction\":[{\"@type\":\"ReadAction\",\"target\":[\"https:\\\/\\\/jameskaiser.com\\\/es\\\/yosemite\\\/evitar-multitudes\\\/\"]}]},{\"@type\":\"ImageObject\",\"inLanguage\":\"es\",\"@id\":\"https:\\\/\\\/jameskaiser.com\\\/es\\\/yosemite\\\/evitar-multitudes\\\/#primaryimage\",\"url\":\"https:\\\/\\\/jameskaiser.com\\\/wp-content\\\/uploads\\\/2020\\\/03\\\/evitar-multitudes-yosemite.jpg\",\"contentUrl\":\"https:\\\/\\\/jameskaiser.com\\\/wp-content\\\/uploads\\\/2020\\\/03\\\/evitar-multitudes-yosemite.jpg\"},{\"@type\":\"BreadcrumbList\",\"@id\":\"https:\\\/\\\/jameskaiser.com\\\/es\\\/yosemite\\\/evitar-multitudes\\\/#breadcrumb\",\"itemListElement\":[{\"@type\":\"ListItem\",\"position\":1,\"name\":\"Home\",\"item\":\"https:\\\/\\\/jameskaiser.com\\\/es\\\/\"},{\"@type\":\"ListItem\",\"position\":2,\"name\":\"Yosemite\",\"item\":\"https:\\\/\\\/jameskaiser.com\\\/es\\\/yosemite\\\/\"},{\"@type\":\"ListItem\",\"position\":3,\"name\":\"Evitar multitudes\"}]},{\"@type\":\"WebSite\",\"@id\":\"https:\\\/\\\/jameskaiser.com\\\/es\\\/#website\",\"url\":\"https:\\\/\\\/jameskaiser.com\\\/es\\\/\",\"name\":\"James Kaiser\",\"description\":\"National Park Guides\",\"publisher\":{\"@id\":\"https:\\\/\\\/jameskaiser.com\\\/es\\\/#\\\/schema\\\/person\\\/5981104745a0770ef7007991f80d4ca0\"},\"potentialAction\":[{\"@type\":\"SearchAction\",\"target\":{\"@type\":\"EntryPoint\",\"urlTemplate\":\"https:\\\/\\\/jameskaiser.com\\\/es\\\/?s={search_term_string}\"},\"query-input\":{\"@type\":\"PropertyValueSpecification\",\"valueRequired\":true,\"valueName\":\"search_term_string\"}}],\"inLanguage\":\"es\"},{\"@type\":[\"Person\",\"Organization\"],\"@id\":\"https:\\\/\\\/jameskaiser.com\\\/es\\\/#\\\/schema\\\/person\\\/5981104745a0770ef7007991f80d4ca0\",\"name\":\"James Kaiser\",\"image\":{\"@type\":\"ImageObject\",\"inLanguage\":\"es\",\"@id\":\"https:\\\/\\\/secure.gravatar.com\\\/avatar\\\/9acc818dc334ece1637aed9a07c32b99dacc4c73e4cf79079b19ba425f2c2d0c?s=96&d=mm&r=g\",\"url\":\"https:\\\/\\\/secure.gravatar.com\\\/avatar\\\/9acc818dc334ece1637aed9a07c32b99dacc4c73e4cf79079b19ba425f2c2d0c?s=96&d=mm&r=g\",\"contentUrl\":\"https:\\\/\\\/secure.gravatar.com\\\/avatar\\\/9acc818dc334ece1637aed9a07c32b99dacc4c73e4cf79079b19ba425f2c2d0c?s=96&d=mm&r=g\",\"caption\":\"James Kaiser\"},\"logo\":{\"@id\":\"https:\\\/\\\/secure.gravatar.com\\\/avatar\\\/9acc818dc334ece1637aed9a07c32b99dacc4c73e4cf79079b19ba425f2c2d0c?s=96&d=mm&r=g\"},\"description\":\"James Kaiser is an award-winning travel writer and photographer whose work has appeared on the cover of \\\"National Geographic.\\\" He has written bestselling guidebooks to Costa Rica, Grand Canyon, Yosemite, Acadia, Joshua Tree, and Zion National Park.\",\"sameAs\":[\"http:\\\/\\\/www.jameskaiser.com\",\"https:\\\/\\\/www.facebook.com\\\/JamesKaiserTraveler\",\"https:\\\/\\\/x.com\\\/JamesKaiser_\"]}]}<\/script>\n<!-- \/ Yoast SEO Premium plugin. -->","yoast_head_json":{"title":"C\u00f3mo Evitar las Multitudes en el Parque Nacional Yosemite &#8226; James Kaiser","description":"Descubre c\u00f3mo evitar las multitudes en el Parque Nacional Yosemite, incluso en la temperada pico en Junio, Julio y Agosto. Planea el viaje perfecto con estos f\u00e1ciles tips!","robots":{"index":"index","follow":"follow","max-snippet":"max-snippet:-1","max-image-preview":"max-image-preview:large","max-video-preview":"max-video-preview:-1"},"canonical":"https:\/\/jameskaiser.com\/es\/yosemite\/evitar-multitudes\/","og_locale":"es_ES","og_type":"article","og_title":"C\u00f3mo Evitar las Multitudes en el Parque Nacional Yosemite","og_description":"Descubre c\u00f3mo evitar las multitudes en el Parque Nacional Yosemite, incluso en la temperada pico en Junio, Julio y Agosto. Planea el viaje perfecto con estos f\u00e1ciles tips!","og_url":"https:\/\/jameskaiser.com\/es\/yosemite\/evitar-multitudes\/","og_site_name":"James Kaiser","article_publisher":"https:\/\/www.facebook.com\/JamesKaiserTraveler","article_modified_time":"2020-03-19T18:57:24+00:00","og_image":[{"url":"https:\/\/jameskaiser.com\/wp-content\/uploads\/2020\/03\/evitar-multitudes-yosemite.jpg","type":"","width":"","height":""}],"twitter_card":"summary_large_image","twitter_site":"@JamesKaiser_","twitter_misc":{"Tiempo de lectura":"4 minutos"},"schema":{"@context":"https:\/\/schema.org","@graph":[{"@type":"WebPage","@id":"https:\/\/jameskaiser.com\/es\/yosemite\/evitar-multitudes\/","url":"https:\/\/jameskaiser.com\/es\/yosemite\/evitar-multitudes\/","name":"C\u00f3mo Evitar las Multitudes en el Parque Nacional Yosemite &#8226; James Kaiser","isPartOf":{"@id":"https:\/\/jameskaiser.com\/es\/#website"},"primaryImageOfPage":{"@id":"https:\/\/jameskaiser.com\/es\/yosemite\/evitar-multitudes\/#primaryimage"},"image":{"@id":"https:\/\/jameskaiser.com\/es\/yosemite\/evitar-multitudes\/#primaryimage"},"thumbnailUrl":"https:\/\/jameskaiser.com\/wp-content\/uploads\/2020\/03\/evitar-multitudes-yosemite.jpg","datePublished":"2020-03-17T22:24:45+00:00","dateModified":"2020-03-19T18:57:24+00:00","description":"Descubre c\u00f3mo evitar las multitudes en el Parque Nacional Yosemite, incluso en la temperada pico en Junio, Julio y Agosto. Planea el viaje perfecto con estos f\u00e1ciles tips!","breadcrumb":{"@id":"https:\/\/jameskaiser.com\/es\/yosemite\/evitar-multitudes\/#breadcrumb"},"inLanguage":"es","potentialAction":[{"@type":"ReadAction","target":["https:\/\/jameskaiser.com\/es\/yosemite\/evitar-multitudes\/"]}]},{"@type":"ImageObject","inLanguage":"es","@id":"https:\/\/jameskaiser.com\/es\/yosemite\/evitar-multitudes\/#primaryimage","url":"https:\/\/jameskaiser.com\/wp-content\/uploads\/2020\/03\/evitar-multitudes-yosemite.jpg","contentUrl":"https:\/\/jameskaiser.com\/wp-content\/uploads\/2020\/03\/evitar-multitudes-yosemite.jpg"},{"@type":"BreadcrumbList","@id":"https:\/\/jameskaiser.com\/es\/yosemite\/evitar-multitudes\/#breadcrumb","itemListElement":[{"@type":"ListItem","position":1,"name":"Home","item":"https:\/\/jameskaiser.com\/es\/"},{"@type":"ListItem","position":2,"name":"Yosemite","item":"https:\/\/jameskaiser.com\/es\/yosemite\/"},{"@type":"ListItem","position":3,"name":"Evitar multitudes"}]},{"@type":"WebSite","@id":"https:\/\/jameskaiser.com\/es\/#website","url":"https:\/\/jameskaiser.com\/es\/","name":"James Kaiser","description":"National Park Guides","publisher":{"@id":"https:\/\/jameskaiser.com\/es\/#\/schema\/person\/5981104745a0770ef7007991f80d4ca0"},"potentialAction":[{"@type":"SearchAction","target":{"@type":"EntryPoint","urlTemplate":"https:\/\/jameskaiser.com\/es\/?s={search_term_string}"},"query-input":{"@type":"PropertyValueSpecification","valueRequired":true,"valueName":"search_term_string"}}],"inLanguage":"es"},{"@type":["Person","Organization"],"@id":"https:\/\/jameskaiser.com\/es\/#\/schema\/person\/5981104745a0770ef7007991f80d4ca0","name":"James Kaiser","image":{"@type":"ImageObject","inLanguage":"es","@id":"https:\/\/secure.gravatar.com\/avatar\/9acc818dc334ece1637aed9a07c32b99dacc4c73e4cf79079b19ba425f2c2d0c?s=96&d=mm&r=g","url":"https:\/\/secure.gravatar.com\/avatar\/9acc818dc334ece1637aed9a07c32b99dacc4c73e4cf79079b19ba425f2c2d0c?s=96&d=mm&r=g","contentUrl":"https:\/\/secure.gravatar.com\/avatar\/9acc818dc334ece1637aed9a07c32b99dacc4c73e4cf79079b19ba425f2c2d0c?s=96&d=mm&r=g","caption":"James Kaiser"},"logo":{"@id":"https:\/\/secure.gravatar.com\/avatar\/9acc818dc334ece1637aed9a07c32b99dacc4c73e4cf79079b19ba425f2c2d0c?s=96&d=mm&r=g"},"description":"James Kaiser is an award-winning travel writer and photographer whose work has appeared on the cover of \"National Geographic.\" He has written bestselling guidebooks to Costa Rica, Grand Canyon, Yosemite, Acadia, Joshua Tree, and Zion National Park.","sameAs":["http:\/\/www.jameskaiser.com","https:\/\/www.facebook.com\/JamesKaiserTraveler","https:\/\/x.com\/JamesKaiser_"]}]}},"_links":{"self":[{"href":"https:\/\/jameskaiser.com\/es\/wp-json\/wp\/v2\/pages\/10476","targetHints":{"allow":["GET"]}}],"collection":[{"href":"https:\/\/jameskaiser.com\/es\/wp-json\/wp\/v2\/pages"}],"about":[{"href":"https:\/\/jameskaiser.com\/es\/wp-json\/wp\/v2\/types\/page"}],"author":[{"embeddable":true,"href":"https:\/\/jameskaiser.com\/es\/wp-json\/wp\/v2\/users\/3"}],"replies":[{"embeddable":true,"href":"https:\/\/jameskaiser.com\/es\/wp-json\/wp\/v2\/comments?post=10476"}],"version-history":[{"count":0,"href":"https:\/\/jameskaiser.com\/es\/wp-json\/wp\/v2\/pages\/10476\/revisions"}],"up":[{"embeddable":true,"href":"https:\/\/jameskaiser.com\/es\/wp-json\/wp\/v2\/pages\/10457"}],"wp:attachment":[{"href":"https:\/\/jameskaiser.com\/es\/wp-json\/wp\/v2\/media?parent=10476"}],"curies":[{"name":"wp","href":"https:\/\/api.w.org\/{rel}","templated":true}]}}