{"id":10457,"date":"2020-03-15T15:26:50","date_gmt":"2020-03-15T15:26:50","guid":{"rendered":"https:\/\/jameskaiser.com\/?page_id=10457"},"modified":"2022-04-20T17:52:29","modified_gmt":"2022-04-20T17:52:29","slug":"yosemite","status":"publish","type":"page","link":"https:\/\/jameskaiser.com\/es\/yosemite\/","title":{"rendered":"Gu\u00eda de Viaje Parque Nacional Yosemite 2022"},"content":{"rendered":"\n<figure class=\"wp-block-image\"><img loading=\"lazy\" decoding=\"async\" width=\"700\" height=\"840\" src=\"https:\/\/jameskaiser.com\/wp-content\/uploads\/2016\/01\/yosemite-national-park-guide-best.jpg\" alt=\"Yosemite National Park Guide\" class=\"wp-image-6487\" srcset=\"https:\/\/jameskaiser.com\/wp-content\/uploads\/2016\/01\/yosemite-national-park-guide-best.jpg 700w, https:\/\/jameskaiser.com\/wp-content\/uploads\/2016\/01\/yosemite-national-park-guide-best-250x300.jpg 250w, https:\/\/jameskaiser.com\/wp-content\/uploads\/2016\/01\/yosemite-national-park-guide-best-533x640.jpg 533w\" sizes=\"auto, (max-width: 700px) 100vw, 700px\" \/><\/figure>\n\n\n\n<p>El Parque Nacional Yosemite est\u00e1 lleno de aventuras al aire libre. Senderismo, excursionismo, escalada en roca, y rafting en el r\u00edo est\u00e1n a la orden del d\u00eda.<\/p>\n\n\n\n<p>Pero sin la apropiada planificaci\u00f3n, puedes perderte lo mejor que el parque tiene para ofrecer. <\/p>\n\n\n\n<p>No pases por alto lo mejor de Yosemite!<\/p>\n\n\n\n<p>En mi gu\u00eda de viaje en Ingl\u00e9s, <em><a rel=\"nofollow noreferrer noopener\" aria-label=\" (opens in a new tab)\" href=\"https:\/\/amzn.to\/3lIkZp9\" target=\"_blank\">Yosemite: The Complete Guide<\/a><\/em>, te muestro todo sobre c\u00f3mo planificar unas incre\u00edbles vacaciones llenas de experiencias inolvidables. <\/p>\n\n\n\n<p>Usa la informaci\u00f3n que comparto aqu\u00ed para tu planificaci\u00f3n inicial. Si necesitas informaci\u00f3n m\u00e1s detallada, te sugiero revisar mi gu\u00eda <em><strong>Yosemite: The Complete Guide<\/strong><\/em>.<\/p>\n\n\n\n<h2 class=\"wp-block-heading\" id=\"h-gu-a-de-viaje-parque-nacional-yosemite\">Gu\u00eda de Viaje Parque Nacional Yosemite<\/h2>\n\n\n\n<hr class=\"wp-block-separator\"\/>\n\n\n\n<div class=\"one-half first\">\n<figure><a href=\"https:\/\/jameskaiser.com\/es\/yosemite\/visitar\/\"><img loading=\"lazy\" decoding=\"async\" width=\"350\" height=\"219\" class=\"alignleft size-full wp-image-6934\" src=\"https:\/\/jameskaiser.com\/wp-content\/uploads\/2014\/12\/best-times-to-visit-yosemite-national-park.jpg\" alt=\"yosemite-valley-summer\" srcset=\"https:\/\/jameskaiser.com\/wp-content\/uploads\/2014\/12\/best-times-to-visit-yosemite-national-park.jpg 350w, https:\/\/jameskaiser.com\/wp-content\/uploads\/2014\/12\/best-times-to-visit-yosemite-national-park-300x188.jpg 300w\" sizes=\"auto, (max-width: 350px) 100vw, 350px\" \/><\/a><\/figure><p><\/p>\n<\/div>\n\n\n\n<div class=\"one-half\">\n<h2 class=\"nav\"><a href=\"https:\/\/jameskaiser.com\/es\/yosemite\/visitar\/\">Mejor \u00e9poca para visitar<\/a><\/h2>\n<p>Saber cuando ir te ayudar\u00e1 a planear el viaje perfecto. Descubre los mejores meses para visitar cascadas rugientes y disfrutar de un gran clima.<\/p>\n<\/div>\n\n\n\n<hr class=\"wp-block-separator\"\/>\n\n\n\n<div class=\"one-half first\">\n<figure><a href=\"https:\/\/jameskaiser.com\/es\/yosemite\/evitar-multitudes\/\"><img loading=\"lazy\" decoding=\"async\" width=\"350\" height=\"219\" class=\"alignleft size-full wp-image-6933\" src=\"https:\/\/jameskaiser.com\/wp-content\/uploads\/2014\/12\/avoid-the-crowds-yosemite-national-park.jpg\" alt=\"How to avoid the crowds in Yosemite\" srcset=\"https:\/\/jameskaiser.com\/wp-content\/uploads\/2014\/12\/avoid-the-crowds-yosemite-national-park.jpg 350w, https:\/\/jameskaiser.com\/wp-content\/uploads\/2014\/12\/avoid-the-crowds-yosemite-national-park-300x188.jpg 300w\" sizes=\"auto, (max-width: 350px) 100vw, 350px\" \/><\/a><\/figure><p><\/p>\n<\/div>\n\n\n\n<div class=\"one-half\">\n<h2 class=\"nav\"><a href=\"https:\/\/jameskaiser.com\/es\/yosemite\/evitar-multitudes\/\">C\u00f3mo evitar las multitudes<\/a><\/h2>\n<p>Es f\u00e1cil encontrar paz y traquilidad en el parque con estos simples tips.<\/p>\n<\/div>\n\n\n\n<hr class=\"wp-block-separator\"\/>\n\n\n\n<div class=\"one-half first\">\n<figure><a href=\"https:\/\/jameskaiser.com\/product-category\/yosemite\/\"><img loading=\"lazy\" decoding=\"async\" width=\"350\" height=\"219\" class=\"alignleft size-full wp-image-6489\" src=\"https:\/\/jameskaiser.com\/wp-content\/uploads\/2016\/01\/yosemite-photo-gallery-tenaya-lake.jpg\" alt=\"Yosemite Photo Gallery\" srcset=\"https:\/\/jameskaiser.com\/wp-content\/uploads\/2016\/01\/yosemite-photo-gallery-tenaya-lake.jpg 350w, https:\/\/jameskaiser.com\/wp-content\/uploads\/2016\/01\/yosemite-photo-gallery-tenaya-lake-300x188.jpg 300w\" sizes=\"auto, (max-width: 350px) 100vw, 350px\" \/><\/a><\/figure><p><\/p>\n<\/div>\n\n\n\n<div class=\"one-half\">\n<h2 class=\"nav\"><a href=\"https:\/\/jameskaiser.com\/product-category\/yosemite\/\">Galer\u00eda de Fotos<\/a><\/h2>\n<p>Espectaculares fotos de uno de los lugares m\u00e1s incre\u00edbles del planeta. Explora paisajes hermosos desde el Valle de Yosemite hasta la cresta de la Sierra Nevada.<\/p>\n<\/div>\n\n\n\n<hr class=\"wp-block-separator\"\/>\n\n\n\n<div class=\"one-half first\">\n<figure><a href=\"https:\/\/jameskaiser.com\/es\/yosemite\/hoteles\/\"><img loading=\"lazy\" decoding=\"async\" width=\"350\" height=\"219\" class=\"alignleft size-full wp-image-6494\" src=\"https:\/\/jameskaiser.com\/wp-content\/uploads\/2016\/01\/yosemite-national-park-lodging-guide.jpg\" alt=\"Yosemite National Park Lodging Guide\" srcset=\"https:\/\/jameskaiser.com\/wp-content\/uploads\/2016\/01\/yosemite-national-park-lodging-guide.jpg 350w, https:\/\/jameskaiser.com\/wp-content\/uploads\/2016\/01\/yosemite-national-park-lodging-guide-300x188.jpg 300w\" sizes=\"auto, (max-width: 350px) 100vw, 350px\" \/><\/a><\/figure><p><\/p>\n<\/div>\n\n\n\n<div class=\"one-half\">\n<h2 class=\"nav\"><a href=\"https:\/\/jameskaiser.com\/es\/yosemite\/hoteles\">Hoteles en Yosemite<\/a><\/h2>\n<p>Descubre los mejores hoteles y los alojamientos hist\u00f3ricos, en el parque y en los pueblos cercanos.<\/p>\n<\/div>\n\n\n\n<hr class=\"wp-block-separator\"\/>\n\n\n\n<div class=\"one-half first\">\n<figure><a href=\"https:\/\/jameskaiser.com\/es\/yosemite\/camping\/\"><img loading=\"lazy\" decoding=\"async\" width=\"350\" height=\"219\" class=\"alignleft size-full wp-image-6493\" src=\"https:\/\/jameskaiser.com\/wp-content\/uploads\/2016\/01\/yosemite-national-park-camping-guide.jpg\" alt=\"Yosemite National Park Camping Guide\" srcset=\"https:\/\/jameskaiser.com\/wp-content\/uploads\/2016\/01\/yosemite-national-park-camping-guide.jpg 350w, https:\/\/jameskaiser.com\/wp-content\/uploads\/2016\/01\/yosemite-national-park-camping-guide-300x188.jpg 300w\" sizes=\"auto, (max-width: 350px) 100vw, 350px\" \/><\/a><\/figure><p><\/p>\n<\/div>\n\n\n\n<div class=\"one-half\">\n<h2 class=\"nav\"><a href=\"https:\/\/jameskaiser.com\/es\/yosemite\/camping\/\">Camping en Yosemite<\/a><\/h2>\n<p>Una gu\u00eda completa con todos los campamentos en Yosemite. Aprende c\u00f3mo obtener los permisos, hacer reservas y todo sobre los campamentos tipo first-come, first-served.<\/p>\n<\/div>\n\n\n\n<hr class=\"wp-block-separator\"\/>\n\n\n\n<div class=\"one-half first\">\n<figure><a href=\"https:\/\/jameskaiser.com\/es\/yosemite\/acampar-cerca\/\"><img loading=\"lazy\" decoding=\"async\" width=\"350\" height=\"219\" class=\"alignleft size-full wp-image-6730\" src=\"https:\/\/jameskaiser.com\/wp-content\/uploads\/2014\/12\/camping-near-yosemite-national-park-guide-2.jpg\" alt=\"Camping Near Yosemite National Park\" srcset=\"https:\/\/jameskaiser.com\/wp-content\/uploads\/2014\/12\/camping-near-yosemite-national-park-guide-2.jpg 350w, https:\/\/jameskaiser.com\/wp-content\/uploads\/2014\/12\/camping-near-yosemite-national-park-guide-2-300x188.jpg 300w\" sizes=\"auto, (max-width: 350px) 100vw, 350px\" \/><\/a><\/figure><p><\/p>\n<\/div>\n\n\n\n<div class=\"one-half\">\n<h2 class=\"nav\"><a href=\"https:\/\/jameskaiser.com\/es\/yosemite\/acampar-cerca\/\">Camping cerca a Yosemite<\/a><\/h2>\n<p>Gu\u00eda completa con campamentos incre\u00edbles justo afuera de Yosemite, incluyendo campamentos cerca a lago y al r\u00edo.<\/p>\n<\/div>\n\n\n\n<hr class=\"wp-block-separator\"\/>\n\n\n\n<div class=\"one-half first\">\n<figure><a href=\"https:\/\/jameskaiser.com\/es\/yosemite\/senderismo\/\"><img loading=\"lazy\" decoding=\"async\" width=\"350\" height=\"222\" class=\"alignleft size-full wp-image-6496\" src=\"https:\/\/jameskaiser.com\/wp-content\/uploads\/2016\/01\/yosemite-valley-best-hikes.jpg\" alt=\"Yosemite Valley's Best Hikes\" srcset=\"https:\/\/jameskaiser.com\/wp-content\/uploads\/2016\/01\/yosemite-valley-best-hikes.jpg 350w, https:\/\/jameskaiser.com\/wp-content\/uploads\/2016\/01\/yosemite-valley-best-hikes-300x190.jpg 300w\" sizes=\"auto, (max-width: 350px) 100vw, 350px\" \/><\/a><\/figure><p><\/p>\n<\/div>\n\n\n\n<div class=\"one-half\">\n<h2 class=\"nav\"><a href=\"https:\/\/jameskaiser.com\/es\/yosemite\/senderismo\/\">Las Mejores Caminatas en Yosemite<\/a><\/h2>\n<p>Yosemite tiene unas de las mejores caminatas en todo California \u2014 y estas son las mejores en Yosemite.<\/p>\n<\/div>\n\n\n\n<hr class=\"wp-block-separator\"\/>\n\n\n\n<div class=\"one-half first\">\n<figure><a href=\"https:\/\/jameskaiser.com\/es\/yosemite\/geologia\/\"><img loading=\"lazy\" decoding=\"async\" width=\"350\" height=\"219\" class=\"alignleft size-full wp-image-6495\" src=\"https:\/\/jameskaiser.com\/wp-content\/uploads\/2016\/01\/yosemite-national-park-geology.jpg\" alt=\"Yosemite National Park Geology\" srcset=\"https:\/\/jameskaiser.com\/wp-content\/uploads\/2016\/01\/yosemite-national-park-geology.jpg 350w, https:\/\/jameskaiser.com\/wp-content\/uploads\/2016\/01\/yosemite-national-park-geology-300x188.jpg 300w\" sizes=\"auto, (max-width: 350px) 100vw, 350px\" \/><\/a><\/figure><p><\/p>\n<\/div>\n\n\n\n<div class=\"one-half\">\n<h2 class=\"nav\"><a href=\"https:\/\/jameskaiser.com\/es\/yosemite\/geologia\/\">Geolog\u00eda<\/a><\/h2>\n<p>Aprende sobre las potentes fuerzas geol\u00f3gicas que crearon uno de los paisajes m\u00e1s incre\u00edbles de la tierra.<\/p>\n<\/div>\n\n\n\n<hr class=\"wp-block-separator\"\/>\n\n\n\n<h2 class=\"wp-block-heading\" id=\"h-informaci-n-general-del-parque-nacional-yosemite\">Informaci\u00f3n General del Parque Nacional Yosemite<\/h2>\n\n\n\n<p>Ubicado en el coraz\u00f3n de las <a href=\"https:\/\/es.wikipedia.org\/wiki\/Sierra_Nevada_(Estados_Unidos)\">Monta\u00f1as de Sierra Nevada<\/a> en California, Yosemite es uno de los parques nacionales m\u00e1s espectaculares de Norte Am\u00e9rica. Sus paisajes est\u00e1n llenos de superlativos: la cascada m\u00e1s alta en Norte Am\u00e9rica (Cascadas de Yosemite), la pared vertical m\u00e1s famosa en el mundo (El Capit\u00e1n), y los organismos vivos m\u00e1s grandes en el mundo (secuoyas gigantes).<\/p>\n\n\n\n<p>Pero ninguna estad\u00edstica puede capturar la belleza de Yosemite. Los escarpados acantilados y las enormes cataratas han inspirado a algunos de los artistas m\u00e1s destacados de Estados Unidos, y atraen a millones de visitantes de todo el mundo.<\/p>\n\n\n\n<h3 class=\"wp-block-heading\" id=\"h-el-valle-de-yosemite\">El Valle de Yosemite<\/h3>\n\n\n\n<p>El Valle de Yosemite es la joya de la corona. Justo con siete millas de largo por una milla de ancho, representa menos del 1% de las 1,200 millas cuadradas del parque. Pero dentro de los bosques del Valle se encuentran concentradas praderas y acantilados  que forman parte de algunos de los lugares naturales m\u00e1s notables del mundo  \u2014 Half Dome, El Capitan, Catarata de Yosemite. No es sorpresa, que el Valle de Yosemite es uno de los lugares m\u00e1s populares del parque, y es hogar de la mayor\u00eda de alojamientos y campamentos en el parque.<\/p>\n\n\n\n<h3 class=\"wp-block-heading\" id=\"h-high-sierra\">High Sierra<\/h3>\n\n\n\n<p>Arriba del Valle de Yosemite est\u00e1 la Sierra Alta o High Sierra, un \u00e1rea alpina remota llena de brillantes lagos, picos nevados y oc\u00e9anos de brillante granito.  Accesible v\u00eda el camino Tioga Road \u2014  el \u00fanico camino que va de este a oeste que cruza el parque \u2014 la High Sierra es un paraiso al aire libre para caminantes, excursionistas y escaladores. Las praderas deTuolumne Meadows,  que yacen a una altura de 8,600 pies, es el centro de mando no oficial de la High Sierra y el punto de partida para media docena de caminatas espectaculares.<\/p>\n\n\n\n<p>La punta m\u00e1s al sur del parque es hogar del pueblo Wawona, famoso por su proximidad al bosque de secuoyas gigantes Mariposa Grove (de los tres bosques que tiene el parque, \u00e9ste es el m\u00e1s grande). Veinte millas al norte del Valle de Yosemite est\u00e1 Hetch Hetchy \u2014 que una vez fue un hermoso valle, y ahora es un enorme embalse.  A pesar que sus cataratas son impresionantes en la primavera, Hetch Hetchy es conocido principalmente por la famosa batalla ambiental que se desat\u00f3 hace casi un siglo. <\/p>\n\n\n\n<h3 class=\"wp-block-heading\" id=\"h-historia\">Historia<\/h3>\n\n\n\n<p>El Valle de Yosemite fue poblado con primera vez por la tribu Ahwahneechee. Luego, siguiendo la fiebre del oro, artistas aventureros vieron el valle remoto y sus pinturas dram\u00e1ticas y fotograf\u00edas hicieron Yosemite famoso en todo el mundo. John Muir lleg\u00f3 en 1868, y sus escritos ayudaron a acelerar la creaci\u00f3n del Parque Nacional Yosemite en 1980. En 1916 <a href=\"http:\/\/anseladams.com\/\">Ansel Adams<\/a> hizo su primer viaje al parque, e iniciando la d\u00e9cada de 1930, escaladores de roca desarrollaron t\u00e9cnicas avanzadas en Yosemite que ahora son usadas alrededor del mundo.<\/p>\n\n\n\n<p>Actualmente las acantilados, picos y cataratas de Yosemite atrae un poco m\u00e1s de cuatro millones de visitantes cada a\u00f1o.  <\/p>\n\n\n\n<div style=\"height:30px\" aria-hidden=\"true\" class=\"wp-block-spacer\"><\/div>\n\n\n\n<p><\/p>\n","protected":false},"excerpt":{"rendered":"<p>El Parque Nacional Yosemite est\u00e1 lleno de aventuras al aire libre. Senderismo, excursionismo, escalada en roca, y rafting en el r\u00edo est\u00e1n a la orden del d\u00eda. Pero sin la apropiada planificaci\u00f3n, puedes perderte lo mejor que el parque tiene para ofrecer. No pases por alto lo mejor de Yosemite! En mi gu\u00eda de viaje [&hellip;]<\/p>\n","protected":false},"author":3,"featured_media":0,"parent":0,"menu_order":0,"comment_status":"open","ping_status":"open","template":"page-no-title","meta":{"footnotes":""},"class_list":["post-10457","page","type-page","status-publish","hentry"],"yoast_head":"<!-- This site is optimized with the Yoast SEO Premium plugin v27.4 (Yoast SEO v27.6) - https:\/\/yoast.com\/product\/yoast-seo-premium-wordpress\/ -->\n<title>Gu\u00eda de Viaje Parque Nacional Yosemite 2022 &#8226; James Kaiser<\/title>\n<meta name=\"description\" content=\"Descubre lo mejor del Parque Nacional Yosemite - hospedaje, camping, caminatas, cataratas! Tips expertos de viaje sobre clima, cuando visitar, y c\u00f3mo evitar las multitudes.\" \/>\n<meta name=\"robots\" content=\"index, follow, max-snippet:-1, max-image-preview:large, max-video-preview:-1\" \/>\n<link rel=\"canonical\" href=\"https:\/\/jameskaiser.com\/es\/yosemite\/\" \/>\n<meta property=\"og:locale\" content=\"es_ES\" \/>\n<meta property=\"og:type\" content=\"article\" \/>\n<meta property=\"og:title\" content=\"Gu\u00eda de Viaje Parque Nacional Yosemite 2022\" \/>\n<meta property=\"og:description\" content=\"Descubre lo mejor del Parque Nacional Yosemite - hospedaje, camping, caminatas, cataratas! Tips expertos de viaje sobre clima, cuando visitar, y c\u00f3mo evitar las multitudes.\" \/>\n<meta property=\"og:url\" content=\"https:\/\/jameskaiser.com\/es\/yosemite\/\" \/>\n<meta property=\"og:site_name\" content=\"James Kaiser\" \/>\n<meta property=\"article:publisher\" content=\"https:\/\/www.facebook.com\/JamesKaiserTraveler\" \/>\n<meta property=\"article:modified_time\" content=\"2022-04-20T17:52:29+00:00\" \/>\n<meta property=\"og:image\" content=\"https:\/\/jameskaiser.com\/wp-content\/uploads\/2016\/01\/yosemite-national-park-guide-best.jpg\" \/>\n<meta name=\"twitter:card\" content=\"summary_large_image\" \/>\n<meta name=\"twitter:site\" content=\"@JamesKaiser_\" \/>\n<meta name=\"twitter:label1\" content=\"Tiempo de lectura\" \/>\n\t<meta name=\"twitter:data1\" content=\"6 minutos\" \/>\n<script type=\"application\/ld+json\" class=\"yoast-schema-graph\">{\"@context\":\"https:\\\/\\\/schema.org\",\"@graph\":[{\"@type\":\"WebPage\",\"@id\":\"https:\\\/\\\/jameskaiser.com\\\/es\\\/yosemite\\\/\",\"url\":\"https:\\\/\\\/jameskaiser.com\\\/es\\\/yosemite\\\/\",\"name\":\"Gu\u00eda de Viaje Parque Nacional Yosemite 2022 &#8226; James Kaiser\",\"isPartOf\":{\"@id\":\"https:\\\/\\\/jameskaiser.com\\\/es\\\/#website\"},\"primaryImageOfPage\":{\"@id\":\"https:\\\/\\\/jameskaiser.com\\\/es\\\/yosemite\\\/#primaryimage\"},\"image\":{\"@id\":\"https:\\\/\\\/jameskaiser.com\\\/es\\\/yosemite\\\/#primaryimage\"},\"thumbnailUrl\":\"https:\\\/\\\/jameskaiser.com\\\/wp-content\\\/uploads\\\/2016\\\/01\\\/yosemite-national-park-guide-best.jpg\",\"datePublished\":\"2020-03-15T15:26:50+00:00\",\"dateModified\":\"2022-04-20T17:52:29+00:00\",\"description\":\"Descubre lo mejor del Parque Nacional Yosemite - hospedaje, camping, caminatas, cataratas! Tips expertos de viaje sobre clima, cuando visitar, y c\u00f3mo evitar las multitudes.\",\"breadcrumb\":{\"@id\":\"https:\\\/\\\/jameskaiser.com\\\/es\\\/yosemite\\\/#breadcrumb\"},\"inLanguage\":\"es\",\"potentialAction\":[{\"@type\":\"ReadAction\",\"target\":[\"https:\\\/\\\/jameskaiser.com\\\/es\\\/yosemite\\\/\"]}]},{\"@type\":\"ImageObject\",\"inLanguage\":\"es\",\"@id\":\"https:\\\/\\\/jameskaiser.com\\\/es\\\/yosemite\\\/#primaryimage\",\"url\":\"https:\\\/\\\/jameskaiser.com\\\/wp-content\\\/uploads\\\/2016\\\/01\\\/yosemite-national-park-guide-best.jpg\",\"contentUrl\":\"https:\\\/\\\/jameskaiser.com\\\/wp-content\\\/uploads\\\/2016\\\/01\\\/yosemite-national-park-guide-best.jpg\"},{\"@type\":\"BreadcrumbList\",\"@id\":\"https:\\\/\\\/jameskaiser.com\\\/es\\\/yosemite\\\/#breadcrumb\",\"itemListElement\":[{\"@type\":\"ListItem\",\"position\":1,\"name\":\"Home\",\"item\":\"https:\\\/\\\/jameskaiser.com\\\/es\\\/\"},{\"@type\":\"ListItem\",\"position\":2,\"name\":\"Yosemite\"}]},{\"@type\":\"WebSite\",\"@id\":\"https:\\\/\\\/jameskaiser.com\\\/es\\\/#website\",\"url\":\"https:\\\/\\\/jameskaiser.com\\\/es\\\/\",\"name\":\"James Kaiser\",\"description\":\"National Park Guides\",\"publisher\":{\"@id\":\"https:\\\/\\\/jameskaiser.com\\\/es\\\/#\\\/schema\\\/person\\\/5981104745a0770ef7007991f80d4ca0\"},\"potentialAction\":[{\"@type\":\"SearchAction\",\"target\":{\"@type\":\"EntryPoint\",\"urlTemplate\":\"https:\\\/\\\/jameskaiser.com\\\/es\\\/?s={search_term_string}\"},\"query-input\":{\"@type\":\"PropertyValueSpecification\",\"valueRequired\":true,\"valueName\":\"search_term_string\"}}],\"inLanguage\":\"es\"},{\"@type\":[\"Person\",\"Organization\"],\"@id\":\"https:\\\/\\\/jameskaiser.com\\\/es\\\/#\\\/schema\\\/person\\\/5981104745a0770ef7007991f80d4ca0\",\"name\":\"James Kaiser\",\"image\":{\"@type\":\"ImageObject\",\"inLanguage\":\"es\",\"@id\":\"https:\\\/\\\/secure.gravatar.com\\\/avatar\\\/9acc818dc334ece1637aed9a07c32b99dacc4c73e4cf79079b19ba425f2c2d0c?s=96&d=mm&r=g\",\"url\":\"https:\\\/\\\/secure.gravatar.com\\\/avatar\\\/9acc818dc334ece1637aed9a07c32b99dacc4c73e4cf79079b19ba425f2c2d0c?s=96&d=mm&r=g\",\"contentUrl\":\"https:\\\/\\\/secure.gravatar.com\\\/avatar\\\/9acc818dc334ece1637aed9a07c32b99dacc4c73e4cf79079b19ba425f2c2d0c?s=96&d=mm&r=g\",\"caption\":\"James Kaiser\"},\"logo\":{\"@id\":\"https:\\\/\\\/secure.gravatar.com\\\/avatar\\\/9acc818dc334ece1637aed9a07c32b99dacc4c73e4cf79079b19ba425f2c2d0c?s=96&d=mm&r=g\"},\"description\":\"James Kaiser is an award-winning travel writer and photographer whose work has appeared on the cover of \\\"National Geographic.\\\" He has written bestselling guidebooks to Costa Rica, Grand Canyon, Yosemite, Acadia, Joshua Tree, and Zion National Park.\",\"sameAs\":[\"http:\\\/\\\/www.jameskaiser.com\",\"https:\\\/\\\/www.facebook.com\\\/JamesKaiserTraveler\",\"https:\\\/\\\/x.com\\\/JamesKaiser_\"]}]}<\/script>\n<!-- \/ Yoast SEO Premium plugin. -->","yoast_head_json":{"title":"Gu\u00eda de Viaje Parque Nacional Yosemite 2022 &#8226; James Kaiser","description":"Descubre lo mejor del Parque Nacional Yosemite - hospedaje, camping, caminatas, cataratas! Tips expertos de viaje sobre clima, cuando visitar, y c\u00f3mo evitar las multitudes.","robots":{"index":"index","follow":"follow","max-snippet":"max-snippet:-1","max-image-preview":"max-image-preview:large","max-video-preview":"max-video-preview:-1"},"canonical":"https:\/\/jameskaiser.com\/es\/yosemite\/","og_locale":"es_ES","og_type":"article","og_title":"Gu\u00eda de Viaje Parque Nacional Yosemite 2022","og_description":"Descubre lo mejor del Parque Nacional Yosemite - hospedaje, camping, caminatas, cataratas! Tips expertos de viaje sobre clima, cuando visitar, y c\u00f3mo evitar las multitudes.","og_url":"https:\/\/jameskaiser.com\/es\/yosemite\/","og_site_name":"James Kaiser","article_publisher":"https:\/\/www.facebook.com\/JamesKaiserTraveler","article_modified_time":"2022-04-20T17:52:29+00:00","og_image":[{"url":"https:\/\/jameskaiser.com\/wp-content\/uploads\/2016\/01\/yosemite-national-park-guide-best.jpg","type":"","width":"","height":""}],"twitter_card":"summary_large_image","twitter_site":"@JamesKaiser_","twitter_misc":{"Tiempo de lectura":"6 minutos"},"schema":{"@context":"https:\/\/schema.org","@graph":[{"@type":"WebPage","@id":"https:\/\/jameskaiser.com\/es\/yosemite\/","url":"https:\/\/jameskaiser.com\/es\/yosemite\/","name":"Gu\u00eda de Viaje Parque Nacional Yosemite 2022 &#8226; James Kaiser","isPartOf":{"@id":"https:\/\/jameskaiser.com\/es\/#website"},"primaryImageOfPage":{"@id":"https:\/\/jameskaiser.com\/es\/yosemite\/#primaryimage"},"image":{"@id":"https:\/\/jameskaiser.com\/es\/yosemite\/#primaryimage"},"thumbnailUrl":"https:\/\/jameskaiser.com\/wp-content\/uploads\/2016\/01\/yosemite-national-park-guide-best.jpg","datePublished":"2020-03-15T15:26:50+00:00","dateModified":"2022-04-20T17:52:29+00:00","description":"Descubre lo mejor del Parque Nacional Yosemite - hospedaje, camping, caminatas, cataratas! Tips expertos de viaje sobre clima, cuando visitar, y c\u00f3mo evitar las multitudes.","breadcrumb":{"@id":"https:\/\/jameskaiser.com\/es\/yosemite\/#breadcrumb"},"inLanguage":"es","potentialAction":[{"@type":"ReadAction","target":["https:\/\/jameskaiser.com\/es\/yosemite\/"]}]},{"@type":"ImageObject","inLanguage":"es","@id":"https:\/\/jameskaiser.com\/es\/yosemite\/#primaryimage","url":"https:\/\/jameskaiser.com\/wp-content\/uploads\/2016\/01\/yosemite-national-park-guide-best.jpg","contentUrl":"https:\/\/jameskaiser.com\/wp-content\/uploads\/2016\/01\/yosemite-national-park-guide-best.jpg"},{"@type":"BreadcrumbList","@id":"https:\/\/jameskaiser.com\/es\/yosemite\/#breadcrumb","itemListElement":[{"@type":"ListItem","position":1,"name":"Home","item":"https:\/\/jameskaiser.com\/es\/"},{"@type":"ListItem","position":2,"name":"Yosemite"}]},{"@type":"WebSite","@id":"https:\/\/jameskaiser.com\/es\/#website","url":"https:\/\/jameskaiser.com\/es\/","name":"James Kaiser","description":"National Park Guides","publisher":{"@id":"https:\/\/jameskaiser.com\/es\/#\/schema\/person\/5981104745a0770ef7007991f80d4ca0"},"potentialAction":[{"@type":"SearchAction","target":{"@type":"EntryPoint","urlTemplate":"https:\/\/jameskaiser.com\/es\/?s={search_term_string}"},"query-input":{"@type":"PropertyValueSpecification","valueRequired":true,"valueName":"search_term_string"}}],"inLanguage":"es"},{"@type":["Person","Organization"],"@id":"https:\/\/jameskaiser.com\/es\/#\/schema\/person\/5981104745a0770ef7007991f80d4ca0","name":"James Kaiser","image":{"@type":"ImageObject","inLanguage":"es","@id":"https:\/\/secure.gravatar.com\/avatar\/9acc818dc334ece1637aed9a07c32b99dacc4c73e4cf79079b19ba425f2c2d0c?s=96&d=mm&r=g","url":"https:\/\/secure.gravatar.com\/avatar\/9acc818dc334ece1637aed9a07c32b99dacc4c73e4cf79079b19ba425f2c2d0c?s=96&d=mm&r=g","contentUrl":"https:\/\/secure.gravatar.com\/avatar\/9acc818dc334ece1637aed9a07c32b99dacc4c73e4cf79079b19ba425f2c2d0c?s=96&d=mm&r=g","caption":"James Kaiser"},"logo":{"@id":"https:\/\/secure.gravatar.com\/avatar\/9acc818dc334ece1637aed9a07c32b99dacc4c73e4cf79079b19ba425f2c2d0c?s=96&d=mm&r=g"},"description":"James Kaiser is an award-winning travel writer and photographer whose work has appeared on the cover of \"National Geographic.\" He has written bestselling guidebooks to Costa Rica, Grand Canyon, Yosemite, Acadia, Joshua Tree, and Zion National Park.","sameAs":["http:\/\/www.jameskaiser.com","https:\/\/www.facebook.com\/JamesKaiserTraveler","https:\/\/x.com\/JamesKaiser_"]}]}},"_links":{"self":[{"href":"https:\/\/jameskaiser.com\/es\/wp-json\/wp\/v2\/pages\/10457","targetHints":{"allow":["GET"]}}],"collection":[{"href":"https:\/\/jameskaiser.com\/es\/wp-json\/wp\/v2\/pages"}],"about":[{"href":"https:\/\/jameskaiser.com\/es\/wp-json\/wp\/v2\/types\/page"}],"author":[{"embeddable":true,"href":"https:\/\/jameskaiser.com\/es\/wp-json\/wp\/v2\/users\/3"}],"replies":[{"embeddable":true,"href":"https:\/\/jameskaiser.com\/es\/wp-json\/wp\/v2\/comments?post=10457"}],"version-history":[{"count":0,"href":"https:\/\/jameskaiser.com\/es\/wp-json\/wp\/v2\/pages\/10457\/revisions"}],"wp:attachment":[{"href":"https:\/\/jameskaiser.com\/es\/wp-json\/wp\/v2\/media?parent=10457"}],"curies":[{"name":"wp","href":"https:\/\/api.w.org\/{rel}","templated":true}]}}