{"id":10433,"date":"2020-03-07T21:30:27","date_gmt":"2020-03-07T21:30:27","guid":{"rendered":"https:\/\/jameskaiser.com\/?page_id=10433"},"modified":"2020-03-07T21:37:13","modified_gmt":"2020-03-07T21:37:13","slug":"havasu","status":"publish","type":"page","link":"https:\/\/jameskaiser.com\/es\/gran-canon\/hoteles\/havasu\/","title":{"rendered":"Los Mejores Hoteles en Ca\u00f1\u00f3n Havasu"},"content":{"rendered":"\n<p>Para los visitantes del Gran Ca\u00f1\u00f3n que lo conocen, la palabra Havasu trae a la cabeza im\u00e1genes de un para\u00edso remoto des\u00e9rtico. <\/p>\n\n\n\n<p>Localizado a unas 35 millas al oeste de Grand Canyon Village, el Ca\u00f1\u00f3n de Havasu es uno de los lugares m\u00e1s hermosos en el Suroeste. Por m\u00e1s de 700 a\u00f1os, ha sido hogar de los Havasupai, la \u00abGente del agua azul verdosa\u00bb, que derivan su nombre del flujo azul turquesa que fluye por el centro del Ca\u00f1\u00f3n. Hoy en d\u00eda casi 450 Havasupai contin\u00faan viviendo en la peque\u00f1a Villa de Supai, localizada 2,000 pies debajo del borde del Gran Ca\u00f1\u00f3n. Supai est\u00e1 cerca de las Cascadas de Havasu y Cascadas Mooney\u2014dos de las cascadas m\u00e1s espectaculares en Norte Am\u00e9rica.  <\/p>\n\n\n\n<p>See also: <a href=\"https:\/\/jameskaiser.com\/es\/gran-canon\/canon-havasu\/\">Gu\u00eda del Ca\u00f1\u00f3n Havasu<\/a><\/p>\n\n\n\n<p>*Nota: Algunos de los links de esta p\u00e1gina pueden ser links afiliados, lo que significa &#8211; a cero costo para ti &#8211; que yo ganar\u00e9 una peque\u00f1a comisi\u00f3n si reservas una habitaci\u00f3n o compras un producto a trav\u00e9s de ese link. Esto de ninguna forma influencia mis recomendaciones, las cuales reflejan la honestidad e integridad de mi gu\u00eda del <a rel=\"nofollow noreferrer noopener\" aria-label=\" (opens in a new tab)\" href=\"https:\/\/amzn.to\/3SJSA5M\" target=\"_blank\">Grand Ca\u00f1on <\/a>. Las comisiones ayudar a pagar parte del mantenimiento de este sitio web, el cual ofrece informaci\u00f3n \u00fatil sobre el Gran Ca\u00f1\u00f3n de forma gratuita. <\/p>\n\n\n\n<h2 class=\"wp-block-heading\">Hoteles Ca\u00f1\u00f3n Havasu <\/h2>\n\n\n\n<figure class=\"wp-block-image\"><img loading=\"lazy\" decoding=\"async\" width=\"700\" height=\"500\" src=\"http:\/\/jameskaiser.com\/wp-content\/uploads\/2014\/12\/havasu-canyon-lodge.jpg\" alt=\"Havasu Canyon Lodge\" class=\"wp-image-7490\" srcset=\"https:\/\/jameskaiser.com\/wp-content\/uploads\/2014\/12\/havasu-canyon-lodge.jpg 700w, https:\/\/jameskaiser.com\/wp-content\/uploads\/2014\/12\/havasu-canyon-lodge-300x214.jpg 300w, https:\/\/jameskaiser.com\/wp-content\/uploads\/2014\/12\/havasu-canyon-lodge-640x457.jpg 640w\" sizes=\"auto, (max-width: 700px) 100vw, 700px\" \/><\/figure>\n\n\n\n<h2 class=\"wp-block-heading\">Havasu Lodge<\/h2>\n\n\n\n<p>Este hotel b\u00e1sico es propiedad y es operado por la tribu Havasupai. Ofrece la \u00fanica opci\u00f3n de alojamiento en el Ca\u00f1\u00f3n Havasu. Es el hotel m\u00e1s cercano a las cascadas Havasu, las cuales est\u00e1n ubicadas a unas dos millas al norte del hotel. Las habitaciones b\u00e1sicas ofrecen electricidad, duchas, y agua caliente. No hay televisi\u00f3n, pero si hay se\u00f1al de celular aunque es bastante limitada. El Havasu Lodge no tiene sitio web (aqu\u00ed est\u00e1 el <a href=\"http:\/\/www.havasupai-nsn.gov\/tourism.html\">sitio oficial de la tribu<\/a>). Para averiguar tarifas y hacer reservas debes llamar a los n\u00fameros  928-448-2111 or 928-448-2201.<\/p>\n\n\n\n<figure class=\"wp-block-image\"><img loading=\"lazy\" decoding=\"async\" width=\"700\" height=\"500\" src=\"http:\/\/jameskaiser.com\/wp-content\/uploads\/2014\/12\/havasu-canyon-campground.jpg\" alt=\"Havasu Canyon Campground\" class=\"wp-image-7492\" srcset=\"https:\/\/jameskaiser.com\/wp-content\/uploads\/2014\/12\/havasu-canyon-campground.jpg 700w, https:\/\/jameskaiser.com\/wp-content\/uploads\/2014\/12\/havasu-canyon-campground-300x214.jpg 300w, https:\/\/jameskaiser.com\/wp-content\/uploads\/2014\/12\/havasu-canyon-campground-640x457.jpg 640w\" sizes=\"auto, (max-width: 700px) 100vw, 700px\" \/><\/figure>\n\n\n\n<h2 class=\"wp-block-heading\">Campamento Ca\u00f1\u00f3n Havasu <\/h2>\n\n\n\n<p>A unas tres millas al norte de Supai cerca a las cascadas Havasu, hay un campamento con capacidad para 200 personas. Los lugares de camping estan localizados a ambos lados de la corriente Havasu y  est\u00e1 abierto durante todo el a\u00f1o. Gracias a una bomba cerca a la cabecera del campamento hay agua potable en el lugar, y los ba\u00f1os son compostables. Generalmente es f\u00e1cil reservar a excepci\u00f3n de la temporada pico en el verano o en d\u00edas feriados.  (928-448-2141, 928-448-2121)<\/p>\n\n\n\n<h2 class=\"wp-block-heading\">Hoteles cerca al Ca\u00f1\u00f3n Havasu <\/h2>\n\n\n\n<figure class=\"wp-block-image\"><img loading=\"lazy\" decoding=\"async\" width=\"700\" height=\"450\" src=\"http:\/\/jameskaiser.com\/wp-content\/uploads\/2014\/12\/hualapai-lodge.jpg\" alt=\"Hualapai Lodge\" class=\"wp-image-7495\" srcset=\"https:\/\/jameskaiser.com\/wp-content\/uploads\/2014\/12\/hualapai-lodge.jpg 700w, https:\/\/jameskaiser.com\/wp-content\/uploads\/2014\/12\/hualapai-lodge-300x193.jpg 300w, https:\/\/jameskaiser.com\/wp-content\/uploads\/2014\/12\/hualapai-lodge-640x411.jpg 640w\" sizes=\"auto, (max-width: 700px) 100vw, 700px\" \/><\/figure>\n\n\n\n<h2 class=\"wp-block-heading\">Hualapai Lodge<\/h2>\n\n\n\n<p><a rel=\"nofollow noopener noreferrer\" href=\"http:\/\/www.booking.com\/hotel\/us\/hualapai-lodge.html?aid=809279\" target=\"_blank\">Hualapai Lodge<\/a> ofrece hospedaje cerca al Ca\u00f1\u00f3n Havasu. Est\u00e1 localizado  unas 70 millas de Hualapai Hilltop ( el inicio de la caminata hacia el Ca\u00f1\u00f3n Havasu), cerca de una hora y cuarenta y cinco minutos en auto. Hualapai Lodge es un hotel moderno con 60 habitaciones. <\/p>\n\n\n\n<figure class=\"wp-block-image\"><img loading=\"lazy\" decoding=\"async\" width=\"700\" height=\"500\" src=\"http:\/\/jameskaiser.com\/wp-content\/uploads\/2014\/12\/grand-canyon-caverns.jpg\" alt=\"Grand Canyon Caverns Inn\" class=\"wp-image-7494\" srcset=\"https:\/\/jameskaiser.com\/wp-content\/uploads\/2014\/12\/grand-canyon-caverns.jpg 700w, https:\/\/jameskaiser.com\/wp-content\/uploads\/2014\/12\/grand-canyon-caverns-300x214.jpg 300w, https:\/\/jameskaiser.com\/wp-content\/uploads\/2014\/12\/grand-canyon-caverns-640x457.jpg 640w\" sizes=\"auto, (max-width: 700px) 100vw, 700px\" \/><\/figure>\n\n\n\n<h2 class=\"wp-block-heading\">Grand Canyon Caverns Inn<\/h2>\n\n\n\n<p><a rel=\"nofollow noopener noreferrer\" href=\"http:\/\/www.booking.com\/hotel\/us\/grand-canyon-caverns-inn-peach-springs.html?aid=809279\" target=\"_blank\">Grand Canyon Caverns Inn<\/a> est\u00e1 localizado a unas 90 millas de Hualapai Hilltop (el inicio de la caminata al Ca\u00f1\u00f3n Havasupai), cerca de 2 horas en auto. Tiene habitaciones tipo motel estandar, mas suites tipo caverna. Tambi\u00e9n hay zona de camping. <\/p>\n\n\n\n<div style=\"height:40px\" aria-hidden=\"true\" class=\"wp-block-spacer\"><\/div>\n","protected":false},"excerpt":{"rendered":"<p>Para los visitantes del Gran Ca\u00f1\u00f3n que lo conocen, la palabra Havasu trae a la cabeza im\u00e1genes de un para\u00edso remoto des\u00e9rtico. Localizado a unas 35 millas al oeste de Grand Canyon Village, el Ca\u00f1\u00f3n de Havasu es uno de los lugares m\u00e1s hermosos en el Suroeste. Por m\u00e1s de 700 a\u00f1os, ha sido hogar [&hellip;]<\/p>\n","protected":false},"author":3,"featured_media":0,"parent":9733,"menu_order":0,"comment_status":"open","ping_status":"open","template":"","meta":{"footnotes":""},"class_list":["post-10433","page","type-page","status-publish","hentry"],"yoast_head":"<!-- This site is optimized with the Yoast SEO Premium plugin v27.4 (Yoast SEO v27.4) - https:\/\/yoast.com\/product\/yoast-seo-premium-wordpress\/ -->\n<title>Los Mejores Hoteles en Ca\u00f1\u00f3n Havasu &#8226; James Kaiser<\/title>\n<meta name=\"description\" content=\"Aqu\u00ed encontraras una lista detallada con las opciones de alojamiento cerca al Ca\u00f1\u00f3n Havasu y las Cascadas Havasu. Opciones para todos los presupuestos.\" \/>\n<meta name=\"robots\" content=\"index, follow, max-snippet:-1, max-image-preview:large, max-video-preview:-1\" \/>\n<link rel=\"canonical\" href=\"https:\/\/jameskaiser.com\/es\/gran-canon\/hoteles\/havasu\/\" \/>\n<meta property=\"og:locale\" content=\"es_ES\" \/>\n<meta property=\"og:type\" content=\"article\" \/>\n<meta property=\"og:title\" content=\"Los Mejores Hoteles en Ca\u00f1\u00f3n Havasu\" \/>\n<meta property=\"og:description\" content=\"Aqu\u00ed encontraras una lista detallada con las opciones de alojamiento cerca al Ca\u00f1\u00f3n Havasu y las Cascadas Havasu. Opciones para todos los presupuestos.\" \/>\n<meta property=\"og:url\" content=\"https:\/\/jameskaiser.com\/es\/gran-canon\/hoteles\/havasu\/\" \/>\n<meta property=\"og:site_name\" content=\"James Kaiser\" \/>\n<meta property=\"article:publisher\" content=\"https:\/\/www.facebook.com\/JamesKaiserTraveler\" \/>\n<meta property=\"article:modified_time\" content=\"2020-03-07T21:37:13+00:00\" \/>\n<meta property=\"og:image\" content=\"http:\/\/jameskaiser.com\/wp-content\/uploads\/2014\/12\/havasu-canyon-lodge.jpg\" \/>\n<meta name=\"twitter:card\" content=\"summary_large_image\" \/>\n<meta name=\"twitter:site\" content=\"@JamesKaiser_\" \/>\n<meta name=\"twitter:label1\" content=\"Tiempo de lectura\" \/>\n\t<meta name=\"twitter:data1\" content=\"3 minutos\" \/>\n<script type=\"application\/ld+json\" class=\"yoast-schema-graph\">{\"@context\":\"https:\\\/\\\/schema.org\",\"@graph\":[{\"@type\":\"WebPage\",\"@id\":\"https:\\\/\\\/jameskaiser.com\\\/es\\\/gran-canon\\\/hoteles\\\/havasu\\\/\",\"url\":\"https:\\\/\\\/jameskaiser.com\\\/es\\\/gran-canon\\\/hoteles\\\/havasu\\\/\",\"name\":\"Los Mejores Hoteles en Ca\u00f1\u00f3n Havasu &#8226; James Kaiser\",\"isPartOf\":{\"@id\":\"https:\\\/\\\/jameskaiser.com\\\/es\\\/#website\"},\"primaryImageOfPage\":{\"@id\":\"https:\\\/\\\/jameskaiser.com\\\/es\\\/gran-canon\\\/hoteles\\\/havasu\\\/#primaryimage\"},\"image\":{\"@id\":\"https:\\\/\\\/jameskaiser.com\\\/es\\\/gran-canon\\\/hoteles\\\/havasu\\\/#primaryimage\"},\"thumbnailUrl\":\"http:\\\/\\\/jameskaiser.com\\\/wp-content\\\/uploads\\\/2014\\\/12\\\/havasu-canyon-lodge.jpg\",\"datePublished\":\"2020-03-07T21:30:27+00:00\",\"dateModified\":\"2020-03-07T21:37:13+00:00\",\"description\":\"Aqu\u00ed encontraras una lista detallada con las opciones de alojamiento cerca al Ca\u00f1\u00f3n Havasu y las Cascadas Havasu. Opciones para todos los presupuestos.\",\"breadcrumb\":{\"@id\":\"https:\\\/\\\/jameskaiser.com\\\/es\\\/gran-canon\\\/hoteles\\\/havasu\\\/#breadcrumb\"},\"inLanguage\":\"es\",\"potentialAction\":[{\"@type\":\"ReadAction\",\"target\":[\"https:\\\/\\\/jameskaiser.com\\\/es\\\/gran-canon\\\/hoteles\\\/havasu\\\/\"]}]},{\"@type\":\"ImageObject\",\"inLanguage\":\"es\",\"@id\":\"https:\\\/\\\/jameskaiser.com\\\/es\\\/gran-canon\\\/hoteles\\\/havasu\\\/#primaryimage\",\"url\":\"http:\\\/\\\/jameskaiser.com\\\/wp-content\\\/uploads\\\/2014\\\/12\\\/havasu-canyon-lodge.jpg\",\"contentUrl\":\"http:\\\/\\\/jameskaiser.com\\\/wp-content\\\/uploads\\\/2014\\\/12\\\/havasu-canyon-lodge.jpg\"},{\"@type\":\"BreadcrumbList\",\"@id\":\"https:\\\/\\\/jameskaiser.com\\\/es\\\/gran-canon\\\/hoteles\\\/havasu\\\/#breadcrumb\",\"itemListElement\":[{\"@type\":\"ListItem\",\"position\":1,\"name\":\"Home\",\"item\":\"https:\\\/\\\/jameskaiser.com\\\/es\\\/\"},{\"@type\":\"ListItem\",\"position\":2,\"name\":\"Gran Ca\u00f1\u00f3n\",\"item\":\"https:\\\/\\\/jameskaiser.com\\\/es\\\/gran-canon\\\/\"},{\"@type\":\"ListItem\",\"position\":3,\"name\":\"Hoteles\",\"item\":\"https:\\\/\\\/jameskaiser.com\\\/es\\\/gran-canon\\\/hoteles\\\/\"},{\"@type\":\"ListItem\",\"position\":4,\"name\":\"Havasu\"}]},{\"@type\":\"WebSite\",\"@id\":\"https:\\\/\\\/jameskaiser.com\\\/es\\\/#website\",\"url\":\"https:\\\/\\\/jameskaiser.com\\\/es\\\/\",\"name\":\"James Kaiser\",\"description\":\"National Park Guides\",\"publisher\":{\"@id\":\"https:\\\/\\\/jameskaiser.com\\\/es\\\/#\\\/schema\\\/person\\\/5981104745a0770ef7007991f80d4ca0\"},\"potentialAction\":[{\"@type\":\"SearchAction\",\"target\":{\"@type\":\"EntryPoint\",\"urlTemplate\":\"https:\\\/\\\/jameskaiser.com\\\/es\\\/?s={search_term_string}\"},\"query-input\":{\"@type\":\"PropertyValueSpecification\",\"valueRequired\":true,\"valueName\":\"search_term_string\"}}],\"inLanguage\":\"es\"},{\"@type\":[\"Person\",\"Organization\"],\"@id\":\"https:\\\/\\\/jameskaiser.com\\\/es\\\/#\\\/schema\\\/person\\\/5981104745a0770ef7007991f80d4ca0\",\"name\":\"James Kaiser\",\"image\":{\"@type\":\"ImageObject\",\"inLanguage\":\"es\",\"@id\":\"https:\\\/\\\/secure.gravatar.com\\\/avatar\\\/9acc818dc334ece1637aed9a07c32b99dacc4c73e4cf79079b19ba425f2c2d0c?s=96&d=mm&r=g\",\"url\":\"https:\\\/\\\/secure.gravatar.com\\\/avatar\\\/9acc818dc334ece1637aed9a07c32b99dacc4c73e4cf79079b19ba425f2c2d0c?s=96&d=mm&r=g\",\"contentUrl\":\"https:\\\/\\\/secure.gravatar.com\\\/avatar\\\/9acc818dc334ece1637aed9a07c32b99dacc4c73e4cf79079b19ba425f2c2d0c?s=96&d=mm&r=g\",\"caption\":\"James Kaiser\"},\"logo\":{\"@id\":\"https:\\\/\\\/secure.gravatar.com\\\/avatar\\\/9acc818dc334ece1637aed9a07c32b99dacc4c73e4cf79079b19ba425f2c2d0c?s=96&d=mm&r=g\"},\"description\":\"James Kaiser is an award-winning travel writer and photographer whose work has appeared on the cover of \\\"National Geographic.\\\" He has written bestselling guidebooks to Costa Rica, Grand Canyon, Yosemite, Acadia, Joshua Tree, and Zion National Park.\",\"sameAs\":[\"http:\\\/\\\/www.jameskaiser.com\",\"https:\\\/\\\/www.facebook.com\\\/JamesKaiserTraveler\",\"https:\\\/\\\/x.com\\\/JamesKaiser_\"]}]}<\/script>\n<!-- \/ Yoast SEO Premium plugin. -->","yoast_head_json":{"title":"Los Mejores Hoteles en Ca\u00f1\u00f3n Havasu &#8226; James Kaiser","description":"Aqu\u00ed encontraras una lista detallada con las opciones de alojamiento cerca al Ca\u00f1\u00f3n Havasu y las Cascadas Havasu. Opciones para todos los presupuestos.","robots":{"index":"index","follow":"follow","max-snippet":"max-snippet:-1","max-image-preview":"max-image-preview:large","max-video-preview":"max-video-preview:-1"},"canonical":"https:\/\/jameskaiser.com\/es\/gran-canon\/hoteles\/havasu\/","og_locale":"es_ES","og_type":"article","og_title":"Los Mejores Hoteles en Ca\u00f1\u00f3n Havasu","og_description":"Aqu\u00ed encontraras una lista detallada con las opciones de alojamiento cerca al Ca\u00f1\u00f3n Havasu y las Cascadas Havasu. Opciones para todos los presupuestos.","og_url":"https:\/\/jameskaiser.com\/es\/gran-canon\/hoteles\/havasu\/","og_site_name":"James Kaiser","article_publisher":"https:\/\/www.facebook.com\/JamesKaiserTraveler","article_modified_time":"2020-03-07T21:37:13+00:00","og_image":[{"url":"http:\/\/jameskaiser.com\/wp-content\/uploads\/2014\/12\/havasu-canyon-lodge.jpg","type":"","width":"","height":""}],"twitter_card":"summary_large_image","twitter_site":"@JamesKaiser_","twitter_misc":{"Tiempo de lectura":"3 minutos"},"schema":{"@context":"https:\/\/schema.org","@graph":[{"@type":"WebPage","@id":"https:\/\/jameskaiser.com\/es\/gran-canon\/hoteles\/havasu\/","url":"https:\/\/jameskaiser.com\/es\/gran-canon\/hoteles\/havasu\/","name":"Los Mejores Hoteles en Ca\u00f1\u00f3n Havasu &#8226; James Kaiser","isPartOf":{"@id":"https:\/\/jameskaiser.com\/es\/#website"},"primaryImageOfPage":{"@id":"https:\/\/jameskaiser.com\/es\/gran-canon\/hoteles\/havasu\/#primaryimage"},"image":{"@id":"https:\/\/jameskaiser.com\/es\/gran-canon\/hoteles\/havasu\/#primaryimage"},"thumbnailUrl":"http:\/\/jameskaiser.com\/wp-content\/uploads\/2014\/12\/havasu-canyon-lodge.jpg","datePublished":"2020-03-07T21:30:27+00:00","dateModified":"2020-03-07T21:37:13+00:00","description":"Aqu\u00ed encontraras una lista detallada con las opciones de alojamiento cerca al Ca\u00f1\u00f3n Havasu y las Cascadas Havasu. Opciones para todos los presupuestos.","breadcrumb":{"@id":"https:\/\/jameskaiser.com\/es\/gran-canon\/hoteles\/havasu\/#breadcrumb"},"inLanguage":"es","potentialAction":[{"@type":"ReadAction","target":["https:\/\/jameskaiser.com\/es\/gran-canon\/hoteles\/havasu\/"]}]},{"@type":"ImageObject","inLanguage":"es","@id":"https:\/\/jameskaiser.com\/es\/gran-canon\/hoteles\/havasu\/#primaryimage","url":"http:\/\/jameskaiser.com\/wp-content\/uploads\/2014\/12\/havasu-canyon-lodge.jpg","contentUrl":"http:\/\/jameskaiser.com\/wp-content\/uploads\/2014\/12\/havasu-canyon-lodge.jpg"},{"@type":"BreadcrumbList","@id":"https:\/\/jameskaiser.com\/es\/gran-canon\/hoteles\/havasu\/#breadcrumb","itemListElement":[{"@type":"ListItem","position":1,"name":"Home","item":"https:\/\/jameskaiser.com\/es\/"},{"@type":"ListItem","position":2,"name":"Gran Ca\u00f1\u00f3n","item":"https:\/\/jameskaiser.com\/es\/gran-canon\/"},{"@type":"ListItem","position":3,"name":"Hoteles","item":"https:\/\/jameskaiser.com\/es\/gran-canon\/hoteles\/"},{"@type":"ListItem","position":4,"name":"Havasu"}]},{"@type":"WebSite","@id":"https:\/\/jameskaiser.com\/es\/#website","url":"https:\/\/jameskaiser.com\/es\/","name":"James Kaiser","description":"National Park Guides","publisher":{"@id":"https:\/\/jameskaiser.com\/es\/#\/schema\/person\/5981104745a0770ef7007991f80d4ca0"},"potentialAction":[{"@type":"SearchAction","target":{"@type":"EntryPoint","urlTemplate":"https:\/\/jameskaiser.com\/es\/?s={search_term_string}"},"query-input":{"@type":"PropertyValueSpecification","valueRequired":true,"valueName":"search_term_string"}}],"inLanguage":"es"},{"@type":["Person","Organization"],"@id":"https:\/\/jameskaiser.com\/es\/#\/schema\/person\/5981104745a0770ef7007991f80d4ca0","name":"James Kaiser","image":{"@type":"ImageObject","inLanguage":"es","@id":"https:\/\/secure.gravatar.com\/avatar\/9acc818dc334ece1637aed9a07c32b99dacc4c73e4cf79079b19ba425f2c2d0c?s=96&d=mm&r=g","url":"https:\/\/secure.gravatar.com\/avatar\/9acc818dc334ece1637aed9a07c32b99dacc4c73e4cf79079b19ba425f2c2d0c?s=96&d=mm&r=g","contentUrl":"https:\/\/secure.gravatar.com\/avatar\/9acc818dc334ece1637aed9a07c32b99dacc4c73e4cf79079b19ba425f2c2d0c?s=96&d=mm&r=g","caption":"James Kaiser"},"logo":{"@id":"https:\/\/secure.gravatar.com\/avatar\/9acc818dc334ece1637aed9a07c32b99dacc4c73e4cf79079b19ba425f2c2d0c?s=96&d=mm&r=g"},"description":"James Kaiser is an award-winning travel writer and photographer whose work has appeared on the cover of \"National Geographic.\" He has written bestselling guidebooks to Costa Rica, Grand Canyon, Yosemite, Acadia, Joshua Tree, and Zion National Park.","sameAs":["http:\/\/www.jameskaiser.com","https:\/\/www.facebook.com\/JamesKaiserTraveler","https:\/\/x.com\/JamesKaiser_"]}]}},"_links":{"self":[{"href":"https:\/\/jameskaiser.com\/es\/wp-json\/wp\/v2\/pages\/10433","targetHints":{"allow":["GET"]}}],"collection":[{"href":"https:\/\/jameskaiser.com\/es\/wp-json\/wp\/v2\/pages"}],"about":[{"href":"https:\/\/jameskaiser.com\/es\/wp-json\/wp\/v2\/types\/page"}],"author":[{"embeddable":true,"href":"https:\/\/jameskaiser.com\/es\/wp-json\/wp\/v2\/users\/3"}],"replies":[{"embeddable":true,"href":"https:\/\/jameskaiser.com\/es\/wp-json\/wp\/v2\/comments?post=10433"}],"version-history":[{"count":0,"href":"https:\/\/jameskaiser.com\/es\/wp-json\/wp\/v2\/pages\/10433\/revisions"}],"up":[{"embeddable":true,"href":"https:\/\/jameskaiser.com\/es\/wp-json\/wp\/v2\/pages\/9733"}],"wp:attachment":[{"href":"https:\/\/jameskaiser.com\/es\/wp-json\/wp\/v2\/media?parent=10433"}],"curies":[{"name":"wp","href":"https:\/\/api.w.org\/{rel}","templated":true}]}}