{"id":10424,"date":"2020-03-07T18:01:09","date_gmt":"2020-03-07T18:01:09","guid":{"rendered":"https:\/\/jameskaiser.com\/?page_id=10424"},"modified":"2020-03-07T18:01:10","modified_gmt":"2020-03-07T18:01:10","slug":"paseos-en-mula","status":"publish","type":"page","link":"https:\/\/jameskaiser.com\/es\/gran-canon\/que-hacer\/paseos-en-mula\/","title":{"rendered":"Paseos en Mula en el Gran Ca\u00f1\u00f3n"},"content":{"rendered":"\n<p><\/p>\n\n\n\n<figure class=\"wp-block-image size-large\"><img loading=\"lazy\" decoding=\"async\" width=\"700\" height=\"840\" src=\"https:\/\/jameskaiser.com\/wp-content\/uploads\/2020\/03\/paseos-mula-gran-can\u0303on.jpg\" alt=\"Paseos en mula en el Gran Ca\u00f1\u00f3n\" class=\"wp-image-10425\"\/><\/figure>\n\n\n\n<p>*Paseos en mula en el Parque Nacional Gran Ca\u00f1\u00f3n es adaptado de mi gu\u00eda en ingl\u00e9s <a href=\"http:\/\/jameskaiser.com\/grand-canyon-guide\/grand-canyon-complete-guide\/\"><em>Grand Canyon: The Complete Guide<\/em><\/a><\/p>\n\n\n\n<h2 class=\"wp-block-heading\">Paseos en Mula en el Parque Nacional Gran Ca\u00f1\u00f3n<\/h2>\n\n\n\n<p>Por m\u00e1s de un siglo, los paseos en mula han sido una de las actividades m\u00e1s populares en el Gran Ca\u00f1\u00f3n. Todos desde Teddy Roosevelt hasta Brady Bunch han descendido al Ca\u00f1\u00f3n en mula, y mientras que algunos senderistas apasionados jam\u00e1s pasar\u00edan la oportunidad de caminar el Gran Ca\u00f1\u00f3n, para muchas otras personas las mulas son la \u00fanica opci\u00f3n para visitarlo. Estos animalitos son divertidos, convenientes, y ofrecen una experiencia genuina del viejo Oeste.  (Y no he mencionado que ellos hacen la mayor\u00eda del trabajo pasado por ti?)<\/p>\n\n\n\n<p>Apesar de ser menos demandante que caminar, los paseos en mula son tambi\u00e9n una actividad f\u00edsica. Los jinetes deben sentarse derechos sobre un animal en movimiento por per\u00edodos extendidos de tiempo, lo cual requiere de una resistencia mayor a la que te puedas imaginar.  Y tambi\u00e9n est\u00e1 el factor miedo. Las mulas son animales incre\u00edblemente seguros, pero ellos casi siempre caminan muy cerca al borde del camino. A veces parece que lo est\u00e1n haciendo intencionalmente solo para impresionarte con su agudo sentido de balance. En otras palabras, los paseos en mula no son para los nerviosos o d\u00e9biles de coraz\u00f3n. Pero a pesar de lo mencionado, muchas personas no tienen mayores problemas paseando en mula, y muchos la consideran como una experiencia divertida.  <\/p>\n\n\n\n<p>El lado sur (South Rim) ofrece <a href=\"https:\/\/www.grandcanyonlodges.com\/plan\/mule-rides\/\">paseos en mula<\/a> de uno y dos d\u00edas. Los paseos de d\u00eda van al oriente de Yaki Point a lo largo del sendero East Rim Trail. Los paseos de dos d\u00edas van a lo largo del Bright Angel Trail hacia el fondo del Ca\u00f1\u00f3n, donde los jinetes pasan la noche en Phantom Ranch, un peque\u00f1o alojamiento que ofrece camas y alimentos caseros. Los jinetes regresan la siguiente ma\u00f1ana v\u00eda el sendero South Kaibab Trail.  Tambi\u00e9n hay disponibles viajes de dos d\u00edas. Para reservar los viajes en mula, se puede hacer hasta con un a\u00f1o de anticipaci\u00f3n, y realmente se recomienda hacerlo para los meses de verano que son los m\u00e1s ocupados.  En el lado norte (North Rim) solo se ofrecen viajes de un d\u00eda, incluyendo paseos sobre el borde y paseos que descienden parte del sendero North Kaibab Trail.<\/p>\n\n\n\n<p>No es necesario contar con experiencia para el paseo en mula, pero los jinetes deben medir al menos 4 pies y 7 pulgadas  (1.38 metros), hablar ingl\u00e9s fluido de tal forma que la mula entienda las \u00f3rdenes, y tambi\u00e9n debe pesar menos de 200 libras (91 Kg) para los paseos donde se pasa la noche en Phantom Ranch. <\/p>\n\n\n\n<div style=\"height:30px\" aria-hidden=\"true\" class=\"wp-block-spacer\"><\/div>\n","protected":false},"excerpt":{"rendered":"<p>*Paseos en mula en el Parque Nacional Gran Ca\u00f1\u00f3n es adaptado de mi gu\u00eda en ingl\u00e9s Grand Canyon: The Complete Guide Paseos en Mula en el Parque Nacional Gran Ca\u00f1\u00f3n Por m\u00e1s de un siglo, los paseos en mula han sido una de las actividades m\u00e1s populares en el Gran Ca\u00f1\u00f3n. Todos desde Teddy Roosevelt [&hellip;]<\/p>\n","protected":false},"author":3,"featured_media":0,"parent":9727,"menu_order":0,"comment_status":"closed","ping_status":"closed","template":"","meta":{"footnotes":""},"class_list":["post-10424","page","type-page","status-publish","hentry"],"yoast_head":"<!-- This site is optimized with the Yoast SEO Premium plugin v27.4 (Yoast SEO v27.5) - https:\/\/yoast.com\/product\/yoast-seo-premium-wordpress\/ -->\n<title>Paseos en Mula en el Gran Ca\u00f1\u00f3n &#8226; James Kaiser<\/title>\n<meta name=\"description\" content=\"Mi gu\u00eda para pasear en mula por el Parque Naional Gran Ca\u00f1\u00f3n. Descubre porqu\u00e9 los paseos en mula en el fondo del Gran Ca\u00f1\u00f3n son una de las mejores experiencias en el parque.\" \/>\n<meta name=\"robots\" content=\"index, follow, max-snippet:-1, max-image-preview:large, max-video-preview:-1\" \/>\n<link rel=\"canonical\" href=\"https:\/\/jameskaiser.com\/es\/gran-canon\/que-hacer\/paseos-en-mula\/\" \/>\n<meta property=\"og:locale\" content=\"es_ES\" \/>\n<meta property=\"og:type\" content=\"article\" \/>\n<meta property=\"og:title\" content=\"Paseos en Mula en el Gran Ca\u00f1\u00f3n\" \/>\n<meta property=\"og:description\" content=\"Mi gu\u00eda para pasear en mula por el Parque Naional Gran Ca\u00f1\u00f3n. Descubre porqu\u00e9 los paseos en mula en el fondo del Gran Ca\u00f1\u00f3n son una de las mejores experiencias en el parque.\" \/>\n<meta property=\"og:url\" content=\"https:\/\/jameskaiser.com\/es\/gran-canon\/que-hacer\/paseos-en-mula\/\" \/>\n<meta property=\"og:site_name\" content=\"James Kaiser\" \/>\n<meta property=\"article:publisher\" content=\"https:\/\/www.facebook.com\/JamesKaiserTraveler\" \/>\n<meta property=\"article:modified_time\" content=\"2020-03-07T18:01:10+00:00\" \/>\n<meta property=\"og:image\" content=\"https:\/\/jameskaiser.com\/wp-content\/uploads\/2020\/03\/paseos-mula-gran-can\u0303on.jpg\" \/>\n<meta name=\"twitter:card\" content=\"summary_large_image\" \/>\n<meta name=\"twitter:site\" content=\"@JamesKaiser_\" \/>\n<meta name=\"twitter:label1\" content=\"Tiempo de lectura\" \/>\n\t<meta name=\"twitter:data1\" content=\"2 minutos\" \/>\n<script type=\"application\/ld+json\" class=\"yoast-schema-graph\">{\"@context\":\"https:\\\/\\\/schema.org\",\"@graph\":[{\"@type\":\"WebPage\",\"@id\":\"https:\\\/\\\/jameskaiser.com\\\/es\\\/gran-canon\\\/que-hacer\\\/paseos-en-mula\\\/\",\"url\":\"https:\\\/\\\/jameskaiser.com\\\/es\\\/gran-canon\\\/que-hacer\\\/paseos-en-mula\\\/\",\"name\":\"Paseos en Mula en el Gran Ca\u00f1\u00f3n &#8226; James Kaiser\",\"isPartOf\":{\"@id\":\"https:\\\/\\\/jameskaiser.com\\\/es\\\/#website\"},\"datePublished\":\"2020-03-07T18:01:09+00:00\",\"dateModified\":\"2020-03-07T18:01:10+00:00\",\"description\":\"Mi gu\u00eda para pasear en mula por el Parque Naional Gran Ca\u00f1\u00f3n. Descubre porqu\u00e9 los paseos en mula en el fondo del Gran Ca\u00f1\u00f3n son una de las mejores experiencias en el parque.\",\"breadcrumb\":{\"@id\":\"https:\\\/\\\/jameskaiser.com\\\/es\\\/gran-canon\\\/que-hacer\\\/paseos-en-mula\\\/#breadcrumb\"},\"inLanguage\":\"es\",\"potentialAction\":[{\"@type\":\"ReadAction\",\"target\":[\"https:\\\/\\\/jameskaiser.com\\\/es\\\/gran-canon\\\/que-hacer\\\/paseos-en-mula\\\/\"]}]},{\"@type\":\"BreadcrumbList\",\"@id\":\"https:\\\/\\\/jameskaiser.com\\\/es\\\/gran-canon\\\/que-hacer\\\/paseos-en-mula\\\/#breadcrumb\",\"itemListElement\":[{\"@type\":\"ListItem\",\"position\":1,\"name\":\"Home\",\"item\":\"https:\\\/\\\/jameskaiser.com\\\/es\\\/\"},{\"@type\":\"ListItem\",\"position\":2,\"name\":\"Gran Ca\u00f1\u00f3n\",\"item\":\"https:\\\/\\\/jameskaiser.com\\\/es\\\/gran-canon\\\/\"},{\"@type\":\"ListItem\",\"position\":3,\"name\":\"Qu\u00e9 Hacer\",\"item\":\"https:\\\/\\\/jameskaiser.com\\\/es\\\/gran-canon\\\/que-hacer\\\/\"},{\"@type\":\"ListItem\",\"position\":4,\"name\":\"Paseos en mula\"}]},{\"@type\":\"WebSite\",\"@id\":\"https:\\\/\\\/jameskaiser.com\\\/es\\\/#website\",\"url\":\"https:\\\/\\\/jameskaiser.com\\\/es\\\/\",\"name\":\"James Kaiser\",\"description\":\"National Park Guides\",\"publisher\":{\"@id\":\"https:\\\/\\\/jameskaiser.com\\\/es\\\/#\\\/schema\\\/person\\\/5981104745a0770ef7007991f80d4ca0\"},\"potentialAction\":[{\"@type\":\"SearchAction\",\"target\":{\"@type\":\"EntryPoint\",\"urlTemplate\":\"https:\\\/\\\/jameskaiser.com\\\/es\\\/?s={search_term_string}\"},\"query-input\":{\"@type\":\"PropertyValueSpecification\",\"valueRequired\":true,\"valueName\":\"search_term_string\"}}],\"inLanguage\":\"es\"},{\"@type\":[\"Person\",\"Organization\"],\"@id\":\"https:\\\/\\\/jameskaiser.com\\\/es\\\/#\\\/schema\\\/person\\\/5981104745a0770ef7007991f80d4ca0\",\"name\":\"James Kaiser\",\"image\":{\"@type\":\"ImageObject\",\"inLanguage\":\"es\",\"@id\":\"https:\\\/\\\/secure.gravatar.com\\\/avatar\\\/9acc818dc334ece1637aed9a07c32b99dacc4c73e4cf79079b19ba425f2c2d0c?s=96&d=mm&r=g\",\"url\":\"https:\\\/\\\/secure.gravatar.com\\\/avatar\\\/9acc818dc334ece1637aed9a07c32b99dacc4c73e4cf79079b19ba425f2c2d0c?s=96&d=mm&r=g\",\"contentUrl\":\"https:\\\/\\\/secure.gravatar.com\\\/avatar\\\/9acc818dc334ece1637aed9a07c32b99dacc4c73e4cf79079b19ba425f2c2d0c?s=96&d=mm&r=g\",\"caption\":\"James Kaiser\"},\"logo\":{\"@id\":\"https:\\\/\\\/secure.gravatar.com\\\/avatar\\\/9acc818dc334ece1637aed9a07c32b99dacc4c73e4cf79079b19ba425f2c2d0c?s=96&d=mm&r=g\"},\"description\":\"James Kaiser is an award-winning travel writer and photographer whose work has appeared on the cover of \\\"National Geographic.\\\" He has written bestselling guidebooks to Costa Rica, Grand Canyon, Yosemite, Acadia, Joshua Tree, and Zion National Park.\",\"sameAs\":[\"http:\\\/\\\/www.jameskaiser.com\",\"https:\\\/\\\/www.facebook.com\\\/JamesKaiserTraveler\",\"https:\\\/\\\/x.com\\\/JamesKaiser_\"]}]}<\/script>\n<!-- \/ Yoast SEO Premium plugin. -->","yoast_head_json":{"title":"Paseos en Mula en el Gran Ca\u00f1\u00f3n &#8226; James Kaiser","description":"Mi gu\u00eda para pasear en mula por el Parque Naional Gran Ca\u00f1\u00f3n. Descubre porqu\u00e9 los paseos en mula en el fondo del Gran Ca\u00f1\u00f3n son una de las mejores experiencias en el parque.","robots":{"index":"index","follow":"follow","max-snippet":"max-snippet:-1","max-image-preview":"max-image-preview:large","max-video-preview":"max-video-preview:-1"},"canonical":"https:\/\/jameskaiser.com\/es\/gran-canon\/que-hacer\/paseos-en-mula\/","og_locale":"es_ES","og_type":"article","og_title":"Paseos en Mula en el Gran Ca\u00f1\u00f3n","og_description":"Mi gu\u00eda para pasear en mula por el Parque Naional Gran Ca\u00f1\u00f3n. Descubre porqu\u00e9 los paseos en mula en el fondo del Gran Ca\u00f1\u00f3n son una de las mejores experiencias en el parque.","og_url":"https:\/\/jameskaiser.com\/es\/gran-canon\/que-hacer\/paseos-en-mula\/","og_site_name":"James Kaiser","article_publisher":"https:\/\/www.facebook.com\/JamesKaiserTraveler","article_modified_time":"2020-03-07T18:01:10+00:00","og_image":[{"url":"https:\/\/jameskaiser.com\/wp-content\/uploads\/2020\/03\/paseos-mula-gran-can\u0303on.jpg","type":"","width":"","height":""}],"twitter_card":"summary_large_image","twitter_site":"@JamesKaiser_","twitter_misc":{"Tiempo de lectura":"2 minutos"},"schema":{"@context":"https:\/\/schema.org","@graph":[{"@type":"WebPage","@id":"https:\/\/jameskaiser.com\/es\/gran-canon\/que-hacer\/paseos-en-mula\/","url":"https:\/\/jameskaiser.com\/es\/gran-canon\/que-hacer\/paseos-en-mula\/","name":"Paseos en Mula en el Gran Ca\u00f1\u00f3n &#8226; James Kaiser","isPartOf":{"@id":"https:\/\/jameskaiser.com\/es\/#website"},"datePublished":"2020-03-07T18:01:09+00:00","dateModified":"2020-03-07T18:01:10+00:00","description":"Mi gu\u00eda para pasear en mula por el Parque Naional Gran Ca\u00f1\u00f3n. Descubre porqu\u00e9 los paseos en mula en el fondo del Gran Ca\u00f1\u00f3n son una de las mejores experiencias en el parque.","breadcrumb":{"@id":"https:\/\/jameskaiser.com\/es\/gran-canon\/que-hacer\/paseos-en-mula\/#breadcrumb"},"inLanguage":"es","potentialAction":[{"@type":"ReadAction","target":["https:\/\/jameskaiser.com\/es\/gran-canon\/que-hacer\/paseos-en-mula\/"]}]},{"@type":"BreadcrumbList","@id":"https:\/\/jameskaiser.com\/es\/gran-canon\/que-hacer\/paseos-en-mula\/#breadcrumb","itemListElement":[{"@type":"ListItem","position":1,"name":"Home","item":"https:\/\/jameskaiser.com\/es\/"},{"@type":"ListItem","position":2,"name":"Gran Ca\u00f1\u00f3n","item":"https:\/\/jameskaiser.com\/es\/gran-canon\/"},{"@type":"ListItem","position":3,"name":"Qu\u00e9 Hacer","item":"https:\/\/jameskaiser.com\/es\/gran-canon\/que-hacer\/"},{"@type":"ListItem","position":4,"name":"Paseos en mula"}]},{"@type":"WebSite","@id":"https:\/\/jameskaiser.com\/es\/#website","url":"https:\/\/jameskaiser.com\/es\/","name":"James Kaiser","description":"National Park Guides","publisher":{"@id":"https:\/\/jameskaiser.com\/es\/#\/schema\/person\/5981104745a0770ef7007991f80d4ca0"},"potentialAction":[{"@type":"SearchAction","target":{"@type":"EntryPoint","urlTemplate":"https:\/\/jameskaiser.com\/es\/?s={search_term_string}"},"query-input":{"@type":"PropertyValueSpecification","valueRequired":true,"valueName":"search_term_string"}}],"inLanguage":"es"},{"@type":["Person","Organization"],"@id":"https:\/\/jameskaiser.com\/es\/#\/schema\/person\/5981104745a0770ef7007991f80d4ca0","name":"James Kaiser","image":{"@type":"ImageObject","inLanguage":"es","@id":"https:\/\/secure.gravatar.com\/avatar\/9acc818dc334ece1637aed9a07c32b99dacc4c73e4cf79079b19ba425f2c2d0c?s=96&d=mm&r=g","url":"https:\/\/secure.gravatar.com\/avatar\/9acc818dc334ece1637aed9a07c32b99dacc4c73e4cf79079b19ba425f2c2d0c?s=96&d=mm&r=g","contentUrl":"https:\/\/secure.gravatar.com\/avatar\/9acc818dc334ece1637aed9a07c32b99dacc4c73e4cf79079b19ba425f2c2d0c?s=96&d=mm&r=g","caption":"James Kaiser"},"logo":{"@id":"https:\/\/secure.gravatar.com\/avatar\/9acc818dc334ece1637aed9a07c32b99dacc4c73e4cf79079b19ba425f2c2d0c?s=96&d=mm&r=g"},"description":"James Kaiser is an award-winning travel writer and photographer whose work has appeared on the cover of \"National Geographic.\" He has written bestselling guidebooks to Costa Rica, Grand Canyon, Yosemite, Acadia, Joshua Tree, and Zion National Park.","sameAs":["http:\/\/www.jameskaiser.com","https:\/\/www.facebook.com\/JamesKaiserTraveler","https:\/\/x.com\/JamesKaiser_"]}]}},"_links":{"self":[{"href":"https:\/\/jameskaiser.com\/es\/wp-json\/wp\/v2\/pages\/10424","targetHints":{"allow":["GET"]}}],"collection":[{"href":"https:\/\/jameskaiser.com\/es\/wp-json\/wp\/v2\/pages"}],"about":[{"href":"https:\/\/jameskaiser.com\/es\/wp-json\/wp\/v2\/types\/page"}],"author":[{"embeddable":true,"href":"https:\/\/jameskaiser.com\/es\/wp-json\/wp\/v2\/users\/3"}],"replies":[{"embeddable":true,"href":"https:\/\/jameskaiser.com\/es\/wp-json\/wp\/v2\/comments?post=10424"}],"version-history":[{"count":0,"href":"https:\/\/jameskaiser.com\/es\/wp-json\/wp\/v2\/pages\/10424\/revisions"}],"up":[{"embeddable":true,"href":"https:\/\/jameskaiser.com\/es\/wp-json\/wp\/v2\/pages\/9727"}],"wp:attachment":[{"href":"https:\/\/jameskaiser.com\/es\/wp-json\/wp\/v2\/media?parent=10424"}],"curies":[{"name":"wp","href":"https:\/\/api.w.org\/{rel}","templated":true}]}}