{"id":10392,"date":"2020-03-03T20:26:37","date_gmt":"2020-03-03T20:26:37","guid":{"rendered":"https:\/\/jameskaiser.com\/?page_id=10392"},"modified":"2020-03-07T15:58:42","modified_gmt":"2020-03-07T15:58:42","slug":"north-kaibab","status":"publish","type":"page","link":"https:\/\/jameskaiser.com\/es\/gran-canon\/que-hacer\/caminatas\/north-kaibab\/","title":{"rendered":"Caminar en el Sendero North Kaibab"},"content":{"rendered":"\n<figure class=\"wp-block-image size-large\"><img loading=\"lazy\" decoding=\"async\" width=\"700\" height=\"840\" src=\"https:\/\/jameskaiser.com\/wp-content\/uploads\/2020\/03\/caminar-sendero-north-kaibab-gran-can\u0303on.jpg\" alt=\"Caminar en el sendero North Kaibab Trail, Parque Nacional Gran Ca\u00f1\u00f3n\" class=\"wp-image-10393\"\/><\/figure>\n\n\n\n<p>*Caminar en el Sendero North Kaibab es adaptado de mi gu\u00eda en ingl\u00e9s   <em><a rel=\"nofollow noreferrer noopener\" aria-label=\" (opens in a new tab)\" href=\"https:\/\/amzn.to\/3SJSA5M\" target=\"_blank\">Grand Canyon: The Complete Guide<\/a><\/em><\/p>\n\n\n\n<h2 class=\"wp-block-heading\">Caminar en el Sendero North Kaibab en el Gran Ca\u00f1\u00f3n <\/h2>\n\n\n\n<p><strong>Dificultad:<\/strong> Extenuante<br><strong>Distancia:<\/strong> 28 millas, ida y vuelta<br><strong>Duraci\u00f3n:<\/strong> 2\u20133 D\u00edas<br><strong>Cambio de Elevaci\u00f3n:<\/strong> 5,850 pies (1,767 mts)<\/p>\n\n\n\n<p>El empinado Sendero de North Kaibab es el \u00fanico sendero bien mantenido que desciendo hasta el fondo del Ca\u00f1\u00f3n. A pesar de ser f\u00edsicamente demandante, ofrece una experiencia tremenda dentro del Ca\u00f1\u00f3n, pasando a trav\u00e9s de un impresionante rango de zonas ecol\u00f3gicas. <\/p>\n\n\n\n<p>Normalmente los backpackers se tardan entre tres a cuatro d\u00edas en caminar por el sendero, pasando la noche en el campamento Cottonwood Campground (a mitad del sendero) y en el campamento Bright Angel  (ubicado cerca al R\u00edo Colorado). Los caminantes de d\u00eda pueden ir hasta Coconino Overlook (1.5 millas, ida y vuelta) o Supai Tunnel (4 millas, ida y vuelta).<\/p>\n\n\n\n<p>Puedes acceder a dos hermosas cascadas, Roaring Springs y Ribbon Falls, a trav\u00e9s de senderos alterno durante el camino de bajada.  Y cerca al final del sendero, pasar\u00e1s por \u00abThe Box\u00bb \u2014un corredor angosto y sombr\u00edo que zigzaguea a lo largo del arroyo Bright Angel a trav\u00e9s de roca tipo Vishnu Schist de  1.7 billones de a\u00f1os. <\/p>\n\n\n\n<p><strong>Inicio del Sendero <\/strong>El Sendero inicia a unas dos millas al norte del Grand Canyon Lodge justo saliendo de la AZ-67. Hay un peque\u00f1o sitio de parqueo cerca al inicio de sendero. Y tambi\u00e9n hay disponible a una ruta gratuita a primera hora del d\u00eda que sale del Grand Canyon Lodge.<\/p>\n\n\n\n<figure class=\"wp-block-image\"><img loading=\"lazy\" decoding=\"async\" width=\"700\" height=\"648\" src=\"https:\/\/jameskaiser.com\/wp-content\/uploads\/2016\/03\/hiking-north-kaibab-trail-elevation.gif\" alt=\"North Kaibab Trail Elevation Graph\" class=\"wp-image-7377\"\/><\/figure>\n\n\n\n<hr class=\"wp-block-separator\"\/>\n\n\n\n<div class=\"one-half first\">\n<img decoding=\"async\" src=\"https:\/\/jameskaiser.com\/wp-content\/uploads\/2019\/07\/hiking-map-icon-350.gif\" class=\"aligncenter\">\n<\/div>\n<div class=\"one-half\">\n<br>\n<center>\n<h2>Buscas un mapa topogr\u00e1fico a color del Sendero North Kaibab?<\/h2>\n<p>Hay uno en mi gu\u00eda en ingl\u00e9s <em>Grand Canyon: The Complete Guide!<\/em><\/p>\n<div class=\"wp-block-button is-style-squared aligncenter\"><a class=\"wp-block-button__link has-background has-luminous-vivid-orange-background-color\" href=\"https:\/\/amzn.to\/3SJSA5M\" rel=\"nofollow noopener noreferrer\" target=\"_blank\">Ver en Amazon<\/a><\/div>\n<\/center>\n<\/div>\n\n\n\n<hr class=\"wp-block-separator\"\/>\n\n\n\n<figure class=\"wp-block-image\"><img loading=\"lazy\" decoding=\"async\" width=\"700\" height=\"500\" src=\"https:\/\/jameskaiser.com\/wp-content\/uploads\/2016\/03\/upper-north-kaibab-trail.jpg\" alt=\"Hiking the upper North Kaibab Trail\" class=\"wp-image-7381\"\/><\/figure>\n\n\n\n<h4 class=\"wp-block-heading\">Descendiendo el Sendero North Kaibab<\/h4>\n\n\n\n<figure class=\"wp-block-image\"><img loading=\"lazy\" decoding=\"async\" width=\"700\" height=\"500\" src=\"https:\/\/jameskaiser.com\/wp-content\/uploads\/2016\/03\/north-kaibab-trail-grand-canyon.jpg\" alt=\"North Kaibab Trail, Grand Canyon\" class=\"wp-image-7384\"\/><\/figure>\n\n\n\n<h4 class=\"wp-block-heading\">Parte superior del Sendero North Kaibab <\/h4>\n\n\n\n<figure class=\"wp-block-image\"><img loading=\"lazy\" decoding=\"async\" width=\"700\" height=\"500\" src=\"https:\/\/jameskaiser.com\/wp-content\/uploads\/2016\/03\/lower-north-kaibab-trail.jpg\" alt=\"Lower North Kaibab Trail\" class=\"wp-image-7386\"\/><\/figure>\n\n\n\n<h4 class=\"wp-block-heading\">Parte inferior del Sendero North Kaibab <\/h4>\n\n\n\n<figure class=\"wp-block-image\"><img loading=\"lazy\" decoding=\"async\" width=\"700\" height=\"500\" src=\"https:\/\/jameskaiser.com\/wp-content\/uploads\/2016\/03\/the-box-north-kaibab-trail.jpg\" alt=\"Hiking through The Box, North Kaibab Trail\" class=\"wp-image-7388\"\/><\/figure>\n\n\n\n<h4 class=\"wp-block-heading\">Caminando a trav\u00e9s de \u00abThe Box\u00bb<\/h4>\n\n\n\n<div style=\"height:30px\" aria-hidden=\"true\" class=\"wp-block-spacer\"><\/div>\n","protected":false},"excerpt":{"rendered":"<p>*Caminar en el Sendero North Kaibab es adaptado de mi gu\u00eda en ingl\u00e9s Grand Canyon: The Complete Guide Caminar en el Sendero North Kaibab en el Gran Ca\u00f1\u00f3n Dificultad: ExtenuanteDistancia: 28 millas, ida y vueltaDuraci\u00f3n: 2\u20133 D\u00edasCambio de Elevaci\u00f3n: 5,850 pies (1,767 mts) El empinado Sendero de North Kaibab es el \u00fanico sendero bien mantenido [&hellip;]<\/p>\n","protected":false},"author":3,"featured_media":0,"parent":10373,"menu_order":0,"comment_status":"closed","ping_status":"closed","template":"","meta":{"footnotes":""},"class_list":["post-10392","page","type-page","status-publish","hentry"],"yoast_head":"<!-- This site is optimized with the Yoast SEO Premium plugin v27.4 (Yoast SEO v27.5) - https:\/\/yoast.com\/product\/yoast-seo-premium-wordpress\/ -->\n<title>Caminar en el Sendero North Kaibab en el Gran Ca\u00f1\u00f3n&#8226; James Kaiser<\/title>\n<meta name=\"description\" content=\"Mi gu\u00eda para caminar en el Sendero North Kaibab Trail en el Gran Ca\u00f1\u00f3n. Esta una de las mejores caminatas en todo el Gran Ca\u00f1\u00f3n. Aqu\u00ed descripci\u00f3n del sendero, gr\u00e1fico con cambio de elevaci\u00f3n, y FOTOS!\" \/>\n<meta name=\"robots\" content=\"index, follow, max-snippet:-1, max-image-preview:large, max-video-preview:-1\" \/>\n<link rel=\"canonical\" href=\"https:\/\/jameskaiser.com\/es\/gran-canon\/que-hacer\/caminatas\/north-kaibab\/\" \/>\n<meta property=\"og:locale\" content=\"es_ES\" \/>\n<meta property=\"og:type\" content=\"article\" \/>\n<meta property=\"og:title\" content=\"Caminar en el Sendero North Kaibab\" \/>\n<meta property=\"og:description\" content=\"Mi gu\u00eda para caminar en el Sendero North Kaibab Trail en el Gran Ca\u00f1\u00f3n. Esta una de las mejores caminatas en todo el Gran Ca\u00f1\u00f3n. Aqu\u00ed descripci\u00f3n del sendero, gr\u00e1fico con cambio de elevaci\u00f3n, y FOTOS!\" \/>\n<meta property=\"og:url\" content=\"https:\/\/jameskaiser.com\/es\/gran-canon\/que-hacer\/caminatas\/north-kaibab\/\" \/>\n<meta property=\"og:site_name\" content=\"James Kaiser\" \/>\n<meta property=\"article:publisher\" content=\"https:\/\/www.facebook.com\/JamesKaiserTraveler\" \/>\n<meta property=\"article:modified_time\" content=\"2020-03-07T15:58:42+00:00\" \/>\n<meta property=\"og:image\" content=\"https:\/\/jameskaiser.com\/wp-content\/uploads\/2020\/03\/caminar-sendero-north-kaibab-gran-can\u0303on.jpg\" \/>\n<meta name=\"twitter:card\" content=\"summary_large_image\" \/>\n<meta name=\"twitter:site\" content=\"@JamesKaiser_\" \/>\n<meta name=\"twitter:label1\" content=\"Tiempo de lectura\" \/>\n\t<meta name=\"twitter:data1\" content=\"2 minutos\" \/>\n<script type=\"application\/ld+json\" class=\"yoast-schema-graph\">{\"@context\":\"https:\\\/\\\/schema.org\",\"@graph\":[{\"@type\":\"WebPage\",\"@id\":\"https:\\\/\\\/jameskaiser.com\\\/es\\\/gran-canon\\\/que-hacer\\\/caminatas\\\/north-kaibab\\\/\",\"url\":\"https:\\\/\\\/jameskaiser.com\\\/es\\\/gran-canon\\\/que-hacer\\\/caminatas\\\/north-kaibab\\\/\",\"name\":\"Caminar en el Sendero North Kaibab en el Gran Ca\u00f1\u00f3n&#8226; James Kaiser\",\"isPartOf\":{\"@id\":\"https:\\\/\\\/jameskaiser.com\\\/es\\\/#website\"},\"primaryImageOfPage\":{\"@id\":\"https:\\\/\\\/jameskaiser.com\\\/es\\\/gran-canon\\\/que-hacer\\\/caminatas\\\/north-kaibab\\\/#primaryimage\"},\"image\":{\"@id\":\"https:\\\/\\\/jameskaiser.com\\\/es\\\/gran-canon\\\/que-hacer\\\/caminatas\\\/north-kaibab\\\/#primaryimage\"},\"thumbnailUrl\":\"https:\\\/\\\/jameskaiser.com\\\/wp-content\\\/uploads\\\/2016\\\/03\\\/hiking-north-kaibab-trail-elevation.gif\",\"datePublished\":\"2020-03-03T20:26:37+00:00\",\"dateModified\":\"2020-03-07T15:58:42+00:00\",\"description\":\"Mi gu\u00eda para caminar en el Sendero North Kaibab Trail en el Gran Ca\u00f1\u00f3n. Esta una de las mejores caminatas en todo el Gran Ca\u00f1\u00f3n. Aqu\u00ed descripci\u00f3n del sendero, gr\u00e1fico con cambio de elevaci\u00f3n, y FOTOS!\",\"breadcrumb\":{\"@id\":\"https:\\\/\\\/jameskaiser.com\\\/es\\\/gran-canon\\\/que-hacer\\\/caminatas\\\/north-kaibab\\\/#breadcrumb\"},\"inLanguage\":\"es\",\"potentialAction\":[{\"@type\":\"ReadAction\",\"target\":[\"https:\\\/\\\/jameskaiser.com\\\/es\\\/gran-canon\\\/que-hacer\\\/caminatas\\\/north-kaibab\\\/\"]}]},{\"@type\":\"ImageObject\",\"inLanguage\":\"es\",\"@id\":\"https:\\\/\\\/jameskaiser.com\\\/es\\\/gran-canon\\\/que-hacer\\\/caminatas\\\/north-kaibab\\\/#primaryimage\",\"url\":\"https:\\\/\\\/jameskaiser.com\\\/wp-content\\\/uploads\\\/2016\\\/03\\\/hiking-north-kaibab-trail-elevation.gif\",\"contentUrl\":\"https:\\\/\\\/jameskaiser.com\\\/wp-content\\\/uploads\\\/2016\\\/03\\\/hiking-north-kaibab-trail-elevation.gif\"},{\"@type\":\"BreadcrumbList\",\"@id\":\"https:\\\/\\\/jameskaiser.com\\\/es\\\/gran-canon\\\/que-hacer\\\/caminatas\\\/north-kaibab\\\/#breadcrumb\",\"itemListElement\":[{\"@type\":\"ListItem\",\"position\":1,\"name\":\"Home\",\"item\":\"https:\\\/\\\/jameskaiser.com\\\/es\\\/\"},{\"@type\":\"ListItem\",\"position\":2,\"name\":\"Gran Ca\u00f1\u00f3n\",\"item\":\"https:\\\/\\\/jameskaiser.com\\\/es\\\/gran-canon\\\/\"},{\"@type\":\"ListItem\",\"position\":3,\"name\":\"Qu\u00e9 Hacer\",\"item\":\"https:\\\/\\\/jameskaiser.com\\\/es\\\/gran-canon\\\/que-hacer\\\/\"},{\"@type\":\"ListItem\",\"position\":4,\"name\":\"Caminatas\",\"item\":\"https:\\\/\\\/jameskaiser.com\\\/es\\\/gran-canon\\\/que-hacer\\\/caminatas\\\/\"},{\"@type\":\"ListItem\",\"position\":5,\"name\":\"North Kaibab\"}]},{\"@type\":\"WebSite\",\"@id\":\"https:\\\/\\\/jameskaiser.com\\\/es\\\/#website\",\"url\":\"https:\\\/\\\/jameskaiser.com\\\/es\\\/\",\"name\":\"James Kaiser\",\"description\":\"National Park Guides\",\"publisher\":{\"@id\":\"https:\\\/\\\/jameskaiser.com\\\/es\\\/#\\\/schema\\\/person\\\/5981104745a0770ef7007991f80d4ca0\"},\"potentialAction\":[{\"@type\":\"SearchAction\",\"target\":{\"@type\":\"EntryPoint\",\"urlTemplate\":\"https:\\\/\\\/jameskaiser.com\\\/es\\\/?s={search_term_string}\"},\"query-input\":{\"@type\":\"PropertyValueSpecification\",\"valueRequired\":true,\"valueName\":\"search_term_string\"}}],\"inLanguage\":\"es\"},{\"@type\":[\"Person\",\"Organization\"],\"@id\":\"https:\\\/\\\/jameskaiser.com\\\/es\\\/#\\\/schema\\\/person\\\/5981104745a0770ef7007991f80d4ca0\",\"name\":\"James Kaiser\",\"image\":{\"@type\":\"ImageObject\",\"inLanguage\":\"es\",\"@id\":\"https:\\\/\\\/secure.gravatar.com\\\/avatar\\\/9acc818dc334ece1637aed9a07c32b99dacc4c73e4cf79079b19ba425f2c2d0c?s=96&d=mm&r=g\",\"url\":\"https:\\\/\\\/secure.gravatar.com\\\/avatar\\\/9acc818dc334ece1637aed9a07c32b99dacc4c73e4cf79079b19ba425f2c2d0c?s=96&d=mm&r=g\",\"contentUrl\":\"https:\\\/\\\/secure.gravatar.com\\\/avatar\\\/9acc818dc334ece1637aed9a07c32b99dacc4c73e4cf79079b19ba425f2c2d0c?s=96&d=mm&r=g\",\"caption\":\"James Kaiser\"},\"logo\":{\"@id\":\"https:\\\/\\\/secure.gravatar.com\\\/avatar\\\/9acc818dc334ece1637aed9a07c32b99dacc4c73e4cf79079b19ba425f2c2d0c?s=96&d=mm&r=g\"},\"description\":\"James Kaiser is an award-winning travel writer and photographer whose work has appeared on the cover of \\\"National Geographic.\\\" He has written bestselling guidebooks to Costa Rica, Grand Canyon, Yosemite, Acadia, Joshua Tree, and Zion National Park.\",\"sameAs\":[\"http:\\\/\\\/www.jameskaiser.com\",\"https:\\\/\\\/www.facebook.com\\\/JamesKaiserTraveler\",\"https:\\\/\\\/x.com\\\/JamesKaiser_\"]}]}<\/script>\n<!-- \/ Yoast SEO Premium plugin. -->","yoast_head_json":{"title":"Caminar en el Sendero North Kaibab en el Gran Ca\u00f1\u00f3n&#8226; James Kaiser","description":"Mi gu\u00eda para caminar en el Sendero North Kaibab Trail en el Gran Ca\u00f1\u00f3n. Esta una de las mejores caminatas en todo el Gran Ca\u00f1\u00f3n. Aqu\u00ed descripci\u00f3n del sendero, gr\u00e1fico con cambio de elevaci\u00f3n, y FOTOS!","robots":{"index":"index","follow":"follow","max-snippet":"max-snippet:-1","max-image-preview":"max-image-preview:large","max-video-preview":"max-video-preview:-1"},"canonical":"https:\/\/jameskaiser.com\/es\/gran-canon\/que-hacer\/caminatas\/north-kaibab\/","og_locale":"es_ES","og_type":"article","og_title":"Caminar en el Sendero North Kaibab","og_description":"Mi gu\u00eda para caminar en el Sendero North Kaibab Trail en el Gran Ca\u00f1\u00f3n. Esta una de las mejores caminatas en todo el Gran Ca\u00f1\u00f3n. Aqu\u00ed descripci\u00f3n del sendero, gr\u00e1fico con cambio de elevaci\u00f3n, y FOTOS!","og_url":"https:\/\/jameskaiser.com\/es\/gran-canon\/que-hacer\/caminatas\/north-kaibab\/","og_site_name":"James Kaiser","article_publisher":"https:\/\/www.facebook.com\/JamesKaiserTraveler","article_modified_time":"2020-03-07T15:58:42+00:00","og_image":[{"url":"https:\/\/jameskaiser.com\/wp-content\/uploads\/2020\/03\/caminar-sendero-north-kaibab-gran-can\u0303on.jpg","type":"","width":"","height":""}],"twitter_card":"summary_large_image","twitter_site":"@JamesKaiser_","twitter_misc":{"Tiempo de lectura":"2 minutos"},"schema":{"@context":"https:\/\/schema.org","@graph":[{"@type":"WebPage","@id":"https:\/\/jameskaiser.com\/es\/gran-canon\/que-hacer\/caminatas\/north-kaibab\/","url":"https:\/\/jameskaiser.com\/es\/gran-canon\/que-hacer\/caminatas\/north-kaibab\/","name":"Caminar en el Sendero North Kaibab en el Gran Ca\u00f1\u00f3n&#8226; James Kaiser","isPartOf":{"@id":"https:\/\/jameskaiser.com\/es\/#website"},"primaryImageOfPage":{"@id":"https:\/\/jameskaiser.com\/es\/gran-canon\/que-hacer\/caminatas\/north-kaibab\/#primaryimage"},"image":{"@id":"https:\/\/jameskaiser.com\/es\/gran-canon\/que-hacer\/caminatas\/north-kaibab\/#primaryimage"},"thumbnailUrl":"https:\/\/jameskaiser.com\/wp-content\/uploads\/2016\/03\/hiking-north-kaibab-trail-elevation.gif","datePublished":"2020-03-03T20:26:37+00:00","dateModified":"2020-03-07T15:58:42+00:00","description":"Mi gu\u00eda para caminar en el Sendero North Kaibab Trail en el Gran Ca\u00f1\u00f3n. Esta una de las mejores caminatas en todo el Gran Ca\u00f1\u00f3n. Aqu\u00ed descripci\u00f3n del sendero, gr\u00e1fico con cambio de elevaci\u00f3n, y FOTOS!","breadcrumb":{"@id":"https:\/\/jameskaiser.com\/es\/gran-canon\/que-hacer\/caminatas\/north-kaibab\/#breadcrumb"},"inLanguage":"es","potentialAction":[{"@type":"ReadAction","target":["https:\/\/jameskaiser.com\/es\/gran-canon\/que-hacer\/caminatas\/north-kaibab\/"]}]},{"@type":"ImageObject","inLanguage":"es","@id":"https:\/\/jameskaiser.com\/es\/gran-canon\/que-hacer\/caminatas\/north-kaibab\/#primaryimage","url":"https:\/\/jameskaiser.com\/wp-content\/uploads\/2016\/03\/hiking-north-kaibab-trail-elevation.gif","contentUrl":"https:\/\/jameskaiser.com\/wp-content\/uploads\/2016\/03\/hiking-north-kaibab-trail-elevation.gif"},{"@type":"BreadcrumbList","@id":"https:\/\/jameskaiser.com\/es\/gran-canon\/que-hacer\/caminatas\/north-kaibab\/#breadcrumb","itemListElement":[{"@type":"ListItem","position":1,"name":"Home","item":"https:\/\/jameskaiser.com\/es\/"},{"@type":"ListItem","position":2,"name":"Gran Ca\u00f1\u00f3n","item":"https:\/\/jameskaiser.com\/es\/gran-canon\/"},{"@type":"ListItem","position":3,"name":"Qu\u00e9 Hacer","item":"https:\/\/jameskaiser.com\/es\/gran-canon\/que-hacer\/"},{"@type":"ListItem","position":4,"name":"Caminatas","item":"https:\/\/jameskaiser.com\/es\/gran-canon\/que-hacer\/caminatas\/"},{"@type":"ListItem","position":5,"name":"North Kaibab"}]},{"@type":"WebSite","@id":"https:\/\/jameskaiser.com\/es\/#website","url":"https:\/\/jameskaiser.com\/es\/","name":"James Kaiser","description":"National Park Guides","publisher":{"@id":"https:\/\/jameskaiser.com\/es\/#\/schema\/person\/5981104745a0770ef7007991f80d4ca0"},"potentialAction":[{"@type":"SearchAction","target":{"@type":"EntryPoint","urlTemplate":"https:\/\/jameskaiser.com\/es\/?s={search_term_string}"},"query-input":{"@type":"PropertyValueSpecification","valueRequired":true,"valueName":"search_term_string"}}],"inLanguage":"es"},{"@type":["Person","Organization"],"@id":"https:\/\/jameskaiser.com\/es\/#\/schema\/person\/5981104745a0770ef7007991f80d4ca0","name":"James Kaiser","image":{"@type":"ImageObject","inLanguage":"es","@id":"https:\/\/secure.gravatar.com\/avatar\/9acc818dc334ece1637aed9a07c32b99dacc4c73e4cf79079b19ba425f2c2d0c?s=96&d=mm&r=g","url":"https:\/\/secure.gravatar.com\/avatar\/9acc818dc334ece1637aed9a07c32b99dacc4c73e4cf79079b19ba425f2c2d0c?s=96&d=mm&r=g","contentUrl":"https:\/\/secure.gravatar.com\/avatar\/9acc818dc334ece1637aed9a07c32b99dacc4c73e4cf79079b19ba425f2c2d0c?s=96&d=mm&r=g","caption":"James Kaiser"},"logo":{"@id":"https:\/\/secure.gravatar.com\/avatar\/9acc818dc334ece1637aed9a07c32b99dacc4c73e4cf79079b19ba425f2c2d0c?s=96&d=mm&r=g"},"description":"James Kaiser is an award-winning travel writer and photographer whose work has appeared on the cover of \"National Geographic.\" He has written bestselling guidebooks to Costa Rica, Grand Canyon, Yosemite, Acadia, Joshua Tree, and Zion National Park.","sameAs":["http:\/\/www.jameskaiser.com","https:\/\/www.facebook.com\/JamesKaiserTraveler","https:\/\/x.com\/JamesKaiser_"]}]}},"_links":{"self":[{"href":"https:\/\/jameskaiser.com\/es\/wp-json\/wp\/v2\/pages\/10392","targetHints":{"allow":["GET"]}}],"collection":[{"href":"https:\/\/jameskaiser.com\/es\/wp-json\/wp\/v2\/pages"}],"about":[{"href":"https:\/\/jameskaiser.com\/es\/wp-json\/wp\/v2\/types\/page"}],"author":[{"embeddable":true,"href":"https:\/\/jameskaiser.com\/es\/wp-json\/wp\/v2\/users\/3"}],"replies":[{"embeddable":true,"href":"https:\/\/jameskaiser.com\/es\/wp-json\/wp\/v2\/comments?post=10392"}],"version-history":[{"count":0,"href":"https:\/\/jameskaiser.com\/es\/wp-json\/wp\/v2\/pages\/10392\/revisions"}],"up":[{"embeddable":true,"href":"https:\/\/jameskaiser.com\/es\/wp-json\/wp\/v2\/pages\/10373"}],"wp:attachment":[{"href":"https:\/\/jameskaiser.com\/es\/wp-json\/wp\/v2\/media?parent=10392"}],"curies":[{"name":"wp","href":"https:\/\/api.w.org\/{rel}","templated":true}]}}