{"id":10356,"date":"2020-02-23T13:29:01","date_gmt":"2020-02-23T13:29:01","guid":{"rendered":"https:\/\/jameskaiser.com\/?page_id=10356"},"modified":"2020-03-07T15:58:23","modified_gmt":"2020-03-07T15:58:23","slug":"bright-angel","status":"publish","type":"page","link":"https:\/\/jameskaiser.com\/es\/gran-canon\/que-hacer\/caminatas\/bright-angel\/","title":{"rendered":"Caminar en el Sendero Bright Angel"},"content":{"rendered":"\n<figure class=\"wp-block-image size-large\"><img loading=\"lazy\" decoding=\"async\" width=\"700\" height=\"840\" src=\"https:\/\/jameskaiser.com\/wp-content\/uploads\/2020\/02\/caminar-en-el-sendero-bright-angel-gran-can\u0303on.jpg\" alt=\"Caminar en el Sendero Bright Angel Trail, Parque Nacional Gran Ca\u00f1\u00f3n\" class=\"wp-image-10358\"\/><\/figure>\n\n\n\n<p><br>*Caminar en el Sendero Bright Angel es adaptado de mi gu\u00eda en ingl\u00e9s <em><a rel=\"nofollow noreferrer noopener\" aria-label=\" (opens in a new tab)\" href=\"https:\/\/amzn.to\/3SJSA5M\" target=\"_blank\">Grand Canyon: The Complete Guide<\/a><\/em><\/p>\n\n\n\n<h2 class=\"wp-block-heading\">Caminar en el Sendero Bright Angel en Gran Ca\u00f1\u00f3n <\/h2>\n\n\n\n<p><strong>Dificultad:<\/strong> Agotador<br><strong>Distancia:<\/strong> 15.6 millas (18.5 Km), ida y vuelta<br><strong>Hiking Time:<\/strong> 2\u20133 D\u00edas<br><strong>Elevation Change:<\/strong> 4,285 pies (1,306 mts)<\/p>\n\n\n\n<p>El Sendero de Bright Angel es el sendero m\u00e1s popular en el lado sur (South Rim)\u2014y lo es por una buena raz\u00f3n. Inicia cerca a conocidos hoteles, y el acceso al borde es muy conveniente, adem\u00e1s de ofrecer vistas dram\u00e1ticas del interior del Ca\u00f1\u00f3n. <\/p>\n\n\n\n<p>A pesar de ser inclinado y retador, este sendero est\u00e1 muy bien mantenido y es una muy buena forma de empezar a caminar dentro del Ca\u00f1\u00f3n. Los caminantes de d\u00eda pueden usar las casas de descanso que se ubican a 1.5 millas (2,4 Km, 2\u20134 horas, ida y vuelta) y 3 millas  (4,8 Km, 4\u20136 horas, ida y vuelta). Ambas ofrecen agua potable en los meses de verano.  <\/p>\n\n\n\n<p>A mitad del sendero est\u00e1 el campamento Indian Garden, y desde all\u00ed puedes tomar un peque\u00f1o sendero de 1.5 millas (2,4 Km) que te llevar\u00e1 Plateau Point, uno de los mejores miradores que existen dentro del Ca\u00f1\u00f3n.<\/p>\n\n\n\n<p>Despu\u00e9s de Indian Garden, el sendero de Bright Angel sigue su descenso escarpado hacia el R\u00edo Colorado, bajando 200 pies a trav\u00e9s de Devils Corkscrew, un impresionante camino en forma de zigzag y atravesando la roca Vishnu Schist a lo largo del camino. El Sendero termina en el puente colgante Bright Angel, a trav\u00e9s del cual puedes cruzar el R\u00edo Colorado hacia el campamento de Bright Angel y el alojamiento Phantom Ranch. <\/p>\n\n\n\n<p><strong>Inicio del Sendero<\/strong> El Sendero de Bright Angel Trail inicia al lado de  Kolb\u2019s Studio, justo al oeste de Bright Angel Lodge.<\/p>\n\n\n\n<hr class=\"wp-block-separator\"\/>\n\n\n\n<figure class=\"wp-block-image size-large\"><img loading=\"lazy\" decoding=\"async\" width=\"700\" height=\"587\" src=\"https:\/\/jameskaiser.com\/wp-content\/uploads\/2020\/02\/elevacion-caminata-bright-angel.gif\" alt=\"Gr\u00e1fico con elevaci\u00f3n del sendero Bright Angel Trail en Parque Nacional Gran Ca\u00f1\u00f3n \" class=\"wp-image-10370\"\/><\/figure>\n\n\n\n<div class=\"one-half first\">\n<img decoding=\"async\" src=\"https:\/\/jameskaiser.com\/wp-content\/uploads\/2019\/07\/hiking-map-icon-350.gif\" class=\"aligncenter\">\n<\/div>\n<div class=\"one-half\">\n<br>\n<center>\n<h2>Buscas un mapa topogr\u00e1fico a color del sendero de Bright Angel?<\/h2>\n<p>Hay uno en mi gu\u00eda en ingl\u00e9s <em>Grand Canyon: The Complete Guide!<\/em><\/p>\n<div class=\"wp-block-button is-style-squared aligncenter\"><a class=\"wp-block-button__link has-background has-luminous-vivid-orange-background-color\" href=\"https:\/\/amzn.to\/3SJSA5M\" rel=\"nofollow noopener noreferrer\" target=\"_blank\">Ver en Amazon<\/a><\/div>\n<\/center>\n<\/div>\n\n\n\n<hr class=\"wp-block-separator\"\/>\n\n\n\n<h2 class=\"wp-block-heading\">Fotos del Sendero Bright Angel<\/h2>\n\n\n\n<figure class=\"wp-block-image\"><img loading=\"lazy\" decoding=\"async\" width=\"700\" height=\"500\" src=\"https:\/\/jameskaiser.com\/wp-content\/uploads\/2016\/03\/hiking-bright-angel-trail.jpg\" alt=\"Hiking Bright Angel Trail\" class=\"wp-image-7314\"\/><\/figure>\n\n\n\n<h5 class=\"wp-block-heading\">Caminando en el Sendero Bright Angel<\/h5>\n\n\n\n<figure class=\"wp-block-image\"><img loading=\"lazy\" decoding=\"async\" width=\"700\" height=\"500\" src=\"https:\/\/jameskaiser.com\/wp-content\/uploads\/2016\/03\/bright-angel-trail-hiking-indian-garden.jpg\" alt=\"Hiking above Indian Garden campground on the Bright Angel Trail\" class=\"wp-image-7331\"\/><\/figure>\n\n\n\n<h5 class=\"wp-block-heading\">Caminando sobre el Campamento Indian Garden <\/h5>\n\n\n\n<figure class=\"wp-block-image\"><img loading=\"lazy\" decoding=\"async\" width=\"700\" height=\"500\" src=\"https:\/\/jameskaiser.com\/wp-content\/uploads\/2016\/03\/devils-corkscrew-bright-angel-trail.jpg\" alt=\"Devil's Corkscrew, Bright Angel Trail\" class=\"wp-image-7317\"\/><\/figure>\n\n\n\n<h5 class=\"wp-block-heading\">Devil&#8217;s Corkscrew, Sendero Bright Angel <\/h5>\n\n\n\n<figure class=\"wp-block-image\"><img loading=\"lazy\" decoding=\"async\" width=\"700\" height=\"500\" src=\"https:\/\/jameskaiser.com\/wp-content\/uploads\/2016\/03\/hiking-bright-angel-trail-colorado-river-grand-canyon.jpg\" alt=\"Bright Angel Trail above Colorado River\" class=\"wp-image-7329\"\/><\/figure>\n\n\n\n<h5 class=\"wp-block-heading\">Caminando sobre el R\u00edo Colorado<\/h5>\n\n\n\n<div style=\"height:30px\" aria-hidden=\"true\" class=\"wp-block-spacer\"><\/div>\n","protected":false},"excerpt":{"rendered":"<p>*Caminar en el Sendero Bright Angel es adaptado de mi gu\u00eda en ingl\u00e9s Grand Canyon: The Complete Guide Caminar en el Sendero Bright Angel en Gran Ca\u00f1\u00f3n Dificultad: AgotadorDistancia: 15.6 millas (18.5 Km), ida y vueltaHiking Time: 2\u20133 D\u00edasElevation Change: 4,285 pies (1,306 mts) El Sendero de Bright Angel es el sendero m\u00e1s popular en [&hellip;]<\/p>\n","protected":false},"author":3,"featured_media":0,"parent":10373,"menu_order":0,"comment_status":"closed","ping_status":"closed","template":"","meta":{"footnotes":""},"class_list":["post-10356","page","type-page","status-publish","hentry"],"yoast_head":"<!-- This site is optimized with the Yoast SEO Premium plugin v27.4 (Yoast SEO v27.6) - https:\/\/yoast.com\/product\/yoast-seo-premium-wordpress\/ -->\n<title>Caminar en el Sendero Bright Angel en el Gran Ca\u00f1\u00f3n &#8226; James Kaiser<\/title>\n<meta name=\"description\" content=\"Mi gu\u00eda para caminar en Bright Angel Trail en el Gran Ca\u00f1\u00f3n. Descripci\u00f3n del sendero, y tips para caminar en el sendero m\u00e1s famoso del Gran Ca\u00f1\u00f3n. FOTOS!\" \/>\n<meta name=\"robots\" content=\"index, follow, max-snippet:-1, max-image-preview:large, max-video-preview:-1\" \/>\n<link rel=\"canonical\" href=\"https:\/\/jameskaiser.com\/es\/gran-canon\/que-hacer\/caminatas\/bright-angel\/\" \/>\n<meta property=\"og:locale\" content=\"es_ES\" \/>\n<meta property=\"og:type\" content=\"article\" \/>\n<meta property=\"og:title\" content=\"Caminar en el Sendero Bright Angel\" \/>\n<meta property=\"og:description\" content=\"Mi gu\u00eda para caminar en Bright Angel Trail en el Gran Ca\u00f1\u00f3n. Descripci\u00f3n del sendero, y tips para caminar en el sendero m\u00e1s famoso del Gran Ca\u00f1\u00f3n. FOTOS!\" \/>\n<meta property=\"og:url\" content=\"https:\/\/jameskaiser.com\/es\/gran-canon\/que-hacer\/caminatas\/bright-angel\/\" \/>\n<meta property=\"og:site_name\" content=\"James Kaiser\" \/>\n<meta property=\"article:publisher\" content=\"https:\/\/www.facebook.com\/JamesKaiserTraveler\" \/>\n<meta property=\"article:modified_time\" content=\"2020-03-07T15:58:23+00:00\" \/>\n<meta property=\"og:image\" content=\"https:\/\/jameskaiser.com\/wp-content\/uploads\/2020\/02\/caminar-en-el-sendero-bright-angel-gran-can\u0303on.jpg\" \/>\n<meta name=\"twitter:card\" content=\"summary_large_image\" \/>\n<meta name=\"twitter:site\" content=\"@JamesKaiser_\" \/>\n<meta name=\"twitter:label1\" content=\"Tiempo de lectura\" \/>\n\t<meta name=\"twitter:data1\" content=\"2 minutos\" \/>\n<script type=\"application\/ld+json\" class=\"yoast-schema-graph\">{\"@context\":\"https:\\\/\\\/schema.org\",\"@graph\":[{\"@type\":\"WebPage\",\"@id\":\"https:\\\/\\\/jameskaiser.com\\\/es\\\/gran-canon\\\/que-hacer\\\/caminatas\\\/bright-angel\\\/\",\"url\":\"https:\\\/\\\/jameskaiser.com\\\/es\\\/gran-canon\\\/que-hacer\\\/caminatas\\\/bright-angel\\\/\",\"name\":\"Caminar en el Sendero Bright Angel en el Gran Ca\u00f1\u00f3n &#8226; James Kaiser\",\"isPartOf\":{\"@id\":\"https:\\\/\\\/jameskaiser.com\\\/es\\\/#website\"},\"primaryImageOfPage\":{\"@id\":\"https:\\\/\\\/jameskaiser.com\\\/es\\\/gran-canon\\\/que-hacer\\\/caminatas\\\/bright-angel\\\/#primaryimage\"},\"image\":{\"@id\":\"https:\\\/\\\/jameskaiser.com\\\/es\\\/gran-canon\\\/que-hacer\\\/caminatas\\\/bright-angel\\\/#primaryimage\"},\"thumbnailUrl\":\"https:\\\/\\\/jameskaiser.com\\\/wp-content\\\/uploads\\\/2020\\\/02\\\/elevacion-caminata-bright-angel.gif\",\"datePublished\":\"2020-02-23T13:29:01+00:00\",\"dateModified\":\"2020-03-07T15:58:23+00:00\",\"description\":\"Mi gu\u00eda para caminar en Bright Angel Trail en el Gran Ca\u00f1\u00f3n. Descripci\u00f3n del sendero, y tips para caminar en el sendero m\u00e1s famoso del Gran Ca\u00f1\u00f3n. FOTOS!\",\"breadcrumb\":{\"@id\":\"https:\\\/\\\/jameskaiser.com\\\/es\\\/gran-canon\\\/que-hacer\\\/caminatas\\\/bright-angel\\\/#breadcrumb\"},\"inLanguage\":\"es\",\"potentialAction\":[{\"@type\":\"ReadAction\",\"target\":[\"https:\\\/\\\/jameskaiser.com\\\/es\\\/gran-canon\\\/que-hacer\\\/caminatas\\\/bright-angel\\\/\"]}]},{\"@type\":\"ImageObject\",\"inLanguage\":\"es\",\"@id\":\"https:\\\/\\\/jameskaiser.com\\\/es\\\/gran-canon\\\/que-hacer\\\/caminatas\\\/bright-angel\\\/#primaryimage\",\"url\":\"https:\\\/\\\/jameskaiser.com\\\/wp-content\\\/uploads\\\/2020\\\/02\\\/elevacion-caminata-bright-angel.gif\",\"contentUrl\":\"https:\\\/\\\/jameskaiser.com\\\/wp-content\\\/uploads\\\/2020\\\/02\\\/elevacion-caminata-bright-angel.gif\"},{\"@type\":\"BreadcrumbList\",\"@id\":\"https:\\\/\\\/jameskaiser.com\\\/es\\\/gran-canon\\\/que-hacer\\\/caminatas\\\/bright-angel\\\/#breadcrumb\",\"itemListElement\":[{\"@type\":\"ListItem\",\"position\":1,\"name\":\"Home\",\"item\":\"https:\\\/\\\/jameskaiser.com\\\/es\\\/\"},{\"@type\":\"ListItem\",\"position\":2,\"name\":\"Gran Ca\u00f1\u00f3n\",\"item\":\"https:\\\/\\\/jameskaiser.com\\\/es\\\/gran-canon\\\/\"},{\"@type\":\"ListItem\",\"position\":3,\"name\":\"Qu\u00e9 Hacer\",\"item\":\"https:\\\/\\\/jameskaiser.com\\\/es\\\/gran-canon\\\/que-hacer\\\/\"},{\"@type\":\"ListItem\",\"position\":4,\"name\":\"Caminatas\",\"item\":\"https:\\\/\\\/jameskaiser.com\\\/es\\\/gran-canon\\\/que-hacer\\\/caminatas\\\/\"},{\"@type\":\"ListItem\",\"position\":5,\"name\":\"Caminar en el Sendero Bright Angel\"}]},{\"@type\":\"WebSite\",\"@id\":\"https:\\\/\\\/jameskaiser.com\\\/es\\\/#website\",\"url\":\"https:\\\/\\\/jameskaiser.com\\\/es\\\/\",\"name\":\"James Kaiser\",\"description\":\"National Park Guides\",\"publisher\":{\"@id\":\"https:\\\/\\\/jameskaiser.com\\\/es\\\/#\\\/schema\\\/person\\\/5981104745a0770ef7007991f80d4ca0\"},\"potentialAction\":[{\"@type\":\"SearchAction\",\"target\":{\"@type\":\"EntryPoint\",\"urlTemplate\":\"https:\\\/\\\/jameskaiser.com\\\/es\\\/?s={search_term_string}\"},\"query-input\":{\"@type\":\"PropertyValueSpecification\",\"valueRequired\":true,\"valueName\":\"search_term_string\"}}],\"inLanguage\":\"es\"},{\"@type\":[\"Person\",\"Organization\"],\"@id\":\"https:\\\/\\\/jameskaiser.com\\\/es\\\/#\\\/schema\\\/person\\\/5981104745a0770ef7007991f80d4ca0\",\"name\":\"James Kaiser\",\"image\":{\"@type\":\"ImageObject\",\"inLanguage\":\"es\",\"@id\":\"https:\\\/\\\/secure.gravatar.com\\\/avatar\\\/9acc818dc334ece1637aed9a07c32b99dacc4c73e4cf79079b19ba425f2c2d0c?s=96&d=mm&r=g\",\"url\":\"https:\\\/\\\/secure.gravatar.com\\\/avatar\\\/9acc818dc334ece1637aed9a07c32b99dacc4c73e4cf79079b19ba425f2c2d0c?s=96&d=mm&r=g\",\"contentUrl\":\"https:\\\/\\\/secure.gravatar.com\\\/avatar\\\/9acc818dc334ece1637aed9a07c32b99dacc4c73e4cf79079b19ba425f2c2d0c?s=96&d=mm&r=g\",\"caption\":\"James Kaiser\"},\"logo\":{\"@id\":\"https:\\\/\\\/secure.gravatar.com\\\/avatar\\\/9acc818dc334ece1637aed9a07c32b99dacc4c73e4cf79079b19ba425f2c2d0c?s=96&d=mm&r=g\"},\"description\":\"James Kaiser is an award-winning travel writer and photographer whose work has appeared on the cover of \\\"National Geographic.\\\" He has written bestselling guidebooks to Costa Rica, Grand Canyon, Yosemite, Acadia, Joshua Tree, and Zion National Park.\",\"sameAs\":[\"http:\\\/\\\/www.jameskaiser.com\",\"https:\\\/\\\/www.facebook.com\\\/JamesKaiserTraveler\",\"https:\\\/\\\/x.com\\\/JamesKaiser_\"]}]}<\/script>\n<!-- \/ Yoast SEO Premium plugin. -->","yoast_head_json":{"title":"Caminar en el Sendero Bright Angel en el Gran Ca\u00f1\u00f3n &#8226; James Kaiser","description":"Mi gu\u00eda para caminar en Bright Angel Trail en el Gran Ca\u00f1\u00f3n. Descripci\u00f3n del sendero, y tips para caminar en el sendero m\u00e1s famoso del Gran Ca\u00f1\u00f3n. FOTOS!","robots":{"index":"index","follow":"follow","max-snippet":"max-snippet:-1","max-image-preview":"max-image-preview:large","max-video-preview":"max-video-preview:-1"},"canonical":"https:\/\/jameskaiser.com\/es\/gran-canon\/que-hacer\/caminatas\/bright-angel\/","og_locale":"es_ES","og_type":"article","og_title":"Caminar en el Sendero Bright Angel","og_description":"Mi gu\u00eda para caminar en Bright Angel Trail en el Gran Ca\u00f1\u00f3n. Descripci\u00f3n del sendero, y tips para caminar en el sendero m\u00e1s famoso del Gran Ca\u00f1\u00f3n. FOTOS!","og_url":"https:\/\/jameskaiser.com\/es\/gran-canon\/que-hacer\/caminatas\/bright-angel\/","og_site_name":"James Kaiser","article_publisher":"https:\/\/www.facebook.com\/JamesKaiserTraveler","article_modified_time":"2020-03-07T15:58:23+00:00","og_image":[{"url":"https:\/\/jameskaiser.com\/wp-content\/uploads\/2020\/02\/caminar-en-el-sendero-bright-angel-gran-can\u0303on.jpg","type":"","width":"","height":""}],"twitter_card":"summary_large_image","twitter_site":"@JamesKaiser_","twitter_misc":{"Tiempo de lectura":"2 minutos"},"schema":{"@context":"https:\/\/schema.org","@graph":[{"@type":"WebPage","@id":"https:\/\/jameskaiser.com\/es\/gran-canon\/que-hacer\/caminatas\/bright-angel\/","url":"https:\/\/jameskaiser.com\/es\/gran-canon\/que-hacer\/caminatas\/bright-angel\/","name":"Caminar en el Sendero Bright Angel en el Gran Ca\u00f1\u00f3n &#8226; James Kaiser","isPartOf":{"@id":"https:\/\/jameskaiser.com\/es\/#website"},"primaryImageOfPage":{"@id":"https:\/\/jameskaiser.com\/es\/gran-canon\/que-hacer\/caminatas\/bright-angel\/#primaryimage"},"image":{"@id":"https:\/\/jameskaiser.com\/es\/gran-canon\/que-hacer\/caminatas\/bright-angel\/#primaryimage"},"thumbnailUrl":"https:\/\/jameskaiser.com\/wp-content\/uploads\/2020\/02\/elevacion-caminata-bright-angel.gif","datePublished":"2020-02-23T13:29:01+00:00","dateModified":"2020-03-07T15:58:23+00:00","description":"Mi gu\u00eda para caminar en Bright Angel Trail en el Gran Ca\u00f1\u00f3n. Descripci\u00f3n del sendero, y tips para caminar en el sendero m\u00e1s famoso del Gran Ca\u00f1\u00f3n. FOTOS!","breadcrumb":{"@id":"https:\/\/jameskaiser.com\/es\/gran-canon\/que-hacer\/caminatas\/bright-angel\/#breadcrumb"},"inLanguage":"es","potentialAction":[{"@type":"ReadAction","target":["https:\/\/jameskaiser.com\/es\/gran-canon\/que-hacer\/caminatas\/bright-angel\/"]}]},{"@type":"ImageObject","inLanguage":"es","@id":"https:\/\/jameskaiser.com\/es\/gran-canon\/que-hacer\/caminatas\/bright-angel\/#primaryimage","url":"https:\/\/jameskaiser.com\/wp-content\/uploads\/2020\/02\/elevacion-caminata-bright-angel.gif","contentUrl":"https:\/\/jameskaiser.com\/wp-content\/uploads\/2020\/02\/elevacion-caminata-bright-angel.gif"},{"@type":"BreadcrumbList","@id":"https:\/\/jameskaiser.com\/es\/gran-canon\/que-hacer\/caminatas\/bright-angel\/#breadcrumb","itemListElement":[{"@type":"ListItem","position":1,"name":"Home","item":"https:\/\/jameskaiser.com\/es\/"},{"@type":"ListItem","position":2,"name":"Gran Ca\u00f1\u00f3n","item":"https:\/\/jameskaiser.com\/es\/gran-canon\/"},{"@type":"ListItem","position":3,"name":"Qu\u00e9 Hacer","item":"https:\/\/jameskaiser.com\/es\/gran-canon\/que-hacer\/"},{"@type":"ListItem","position":4,"name":"Caminatas","item":"https:\/\/jameskaiser.com\/es\/gran-canon\/que-hacer\/caminatas\/"},{"@type":"ListItem","position":5,"name":"Caminar en el Sendero Bright Angel"}]},{"@type":"WebSite","@id":"https:\/\/jameskaiser.com\/es\/#website","url":"https:\/\/jameskaiser.com\/es\/","name":"James Kaiser","description":"National Park Guides","publisher":{"@id":"https:\/\/jameskaiser.com\/es\/#\/schema\/person\/5981104745a0770ef7007991f80d4ca0"},"potentialAction":[{"@type":"SearchAction","target":{"@type":"EntryPoint","urlTemplate":"https:\/\/jameskaiser.com\/es\/?s={search_term_string}"},"query-input":{"@type":"PropertyValueSpecification","valueRequired":true,"valueName":"search_term_string"}}],"inLanguage":"es"},{"@type":["Person","Organization"],"@id":"https:\/\/jameskaiser.com\/es\/#\/schema\/person\/5981104745a0770ef7007991f80d4ca0","name":"James Kaiser","image":{"@type":"ImageObject","inLanguage":"es","@id":"https:\/\/secure.gravatar.com\/avatar\/9acc818dc334ece1637aed9a07c32b99dacc4c73e4cf79079b19ba425f2c2d0c?s=96&d=mm&r=g","url":"https:\/\/secure.gravatar.com\/avatar\/9acc818dc334ece1637aed9a07c32b99dacc4c73e4cf79079b19ba425f2c2d0c?s=96&d=mm&r=g","contentUrl":"https:\/\/secure.gravatar.com\/avatar\/9acc818dc334ece1637aed9a07c32b99dacc4c73e4cf79079b19ba425f2c2d0c?s=96&d=mm&r=g","caption":"James Kaiser"},"logo":{"@id":"https:\/\/secure.gravatar.com\/avatar\/9acc818dc334ece1637aed9a07c32b99dacc4c73e4cf79079b19ba425f2c2d0c?s=96&d=mm&r=g"},"description":"James Kaiser is an award-winning travel writer and photographer whose work has appeared on the cover of \"National Geographic.\" He has written bestselling guidebooks to Costa Rica, Grand Canyon, Yosemite, Acadia, Joshua Tree, and Zion National Park.","sameAs":["http:\/\/www.jameskaiser.com","https:\/\/www.facebook.com\/JamesKaiserTraveler","https:\/\/x.com\/JamesKaiser_"]}]}},"_links":{"self":[{"href":"https:\/\/jameskaiser.com\/es\/wp-json\/wp\/v2\/pages\/10356","targetHints":{"allow":["GET"]}}],"collection":[{"href":"https:\/\/jameskaiser.com\/es\/wp-json\/wp\/v2\/pages"}],"about":[{"href":"https:\/\/jameskaiser.com\/es\/wp-json\/wp\/v2\/types\/page"}],"author":[{"embeddable":true,"href":"https:\/\/jameskaiser.com\/es\/wp-json\/wp\/v2\/users\/3"}],"replies":[{"embeddable":true,"href":"https:\/\/jameskaiser.com\/es\/wp-json\/wp\/v2\/comments?post=10356"}],"version-history":[{"count":0,"href":"https:\/\/jameskaiser.com\/es\/wp-json\/wp\/v2\/pages\/10356\/revisions"}],"up":[{"embeddable":true,"href":"https:\/\/jameskaiser.com\/es\/wp-json\/wp\/v2\/pages\/10373"}],"wp:attachment":[{"href":"https:\/\/jameskaiser.com\/es\/wp-json\/wp\/v2\/media?parent=10356"}],"curies":[{"name":"wp","href":"https:\/\/api.w.org\/{rel}","templated":true}]}}