{"id":10282,"date":"2020-02-13T00:17:35","date_gmt":"2020-02-13T00:17:35","guid":{"rendered":"https:\/\/jameskaiser.com\/?page_id=10282"},"modified":"2021-11-02T21:31:15","modified_gmt":"2021-11-02T21:31:15","slug":"inicio","status":"publish","type":"page","link":"https:\/\/jameskaiser.com\/es\/","title":{"rendered":""},"content":{"rendered":"\n<figure class=\"wp-block-image\"><img decoding=\"async\" src=\"https:\/\/jameskaiser.com\/wp-content\/uploads\/2016\/01\/james-kaiser-grand-canyon.jpg\" alt=\"\"\/><\/figure>\n\n\n\n<h2 class=\"wp-block-heading\" id=\"h-bienvenido\">Bienvenido!<\/h2>\n\n\n\n<p>Gracias por visitar mi p\u00e1gina web. Aqu\u00ed podr\u00e1s encontrar tips y recursos para planificar tu viaje al  <a href=\"https:\/\/jameskaiser.com\/es\/gran-canon\/\">Parque Nacional Gran Ca\u00f1\u00f3n<\/a>, <a href=\"https:\/\/jameskaiser.com\/es\/yosemite\/\">Parque Nacional  Yosemite<\/a>, <a href=\"https:\/\/jameskaiser.com\/es\/zion\/\">Parque Nacional Zion<\/a>, y <a href=\"https:\/\/jameskaiser.com\/es\/montanas-rocosas\/\">Parque Nacional de las Monta\u00f1as Rocosas<\/a><\/p>\n\n\n\n<p>Disfruta!<\/p>\n\n\n\n<div class=\"wp-block-columns is-layout-flex wp-container-core-columns-is-layout-28f84493 wp-block-columns-is-layout-flex\">\n<div class=\"wp-block-column is-layout-flow wp-block-column-is-layout-flow\">\n<figure class=\"wp-block-image size-large\"><img decoding=\"async\" src=\"https:\/\/jameskaiser.com\/wp-content\/uploads\/2017\/02\/james-kaiser-signature.jpg\" alt=\"\"\/><\/figure>\n\n\n\n<p><\/p>\n<\/div>\n\n\n\n<div class=\"wp-block-column is-layout-flow wp-block-column-is-layout-flow\"><\/div>\n<\/div>\n\n\n\n<div class=\"one-half first\">\n<figure><img loading=\"lazy\" decoding=\"async\" width=\"500\" height=\"312\" src=\"http:\/\/jameskaiser.com\/wp-content\/uploads\/2016\/01\/grand-canyon-guide.jpg\" alt=\"Grand Canyon Guide\" class=\"aligncentered size-full wp-image-6433\" srcset=\"https:\/\/jameskaiser.com\/wp-content\/uploads\/2016\/01\/grand-canyon-guide.jpg 500w, https:\/\/jameskaiser.com\/wp-content\/uploads\/2016\/01\/grand-canyon-guide-300x187.jpg 300w\" sizes=\"auto, (max-width: 500px) 100vw, 500px\" \/><\/figure>\n<h2><a href=\"https:\/\/jameskaiser.com\/es\/gran-canon\/\">\nParque Nacional Gran Ca\u00f1\u00f3n<\/a><\/h2>\n<\/div>\n\n\n\n<div class=\"one-half\">\n<figure><img loading=\"lazy\" decoding=\"async\" width=\"500\" height=\"312\" src=\"http:\/\/jameskaiser.com\/wp-content\/uploads\/2016\/01\/yosemite-national-park-guide.jpg\" alt=\"Yosemite National Park Guide\" class=\"aligncentered size-full wp-image-6439\" srcset=\"https:\/\/jameskaiser.com\/wp-content\/uploads\/2016\/01\/yosemite-national-park-guide.jpg 500w, https:\/\/jameskaiser.com\/wp-content\/uploads\/2016\/01\/yosemite-national-park-guide-300x187.jpg 300w\" sizes=\"auto, (max-width: 500px) 100vw, 500px\" \/><\/figure>\n<h2><a href=\"https:\/\/jameskaiser.com\/es\/yosemite\/\">\nParque Nacional Yosemite<\/a><\/h2>\n<\/div>\n\n\n\n<p><\/p>\n\n\n<div class=\"one-half first\">\n<figure><img decoding=\"async\" src=\"https:\/\/jameskaiser.com\/wp-content\/uploads\/2019\/04\/zion-national-park.jpg\" alt=\"Zion National Park Guide\" class=\"aligncentered size-full wp-image-6445\"><\/figure>\n<h2><a href=\"https:\/\/jameskaiser.com\/es\/zion\/\"><br>\nParque Nacional Zion<\/a><\/h2>\n<\/div>\n<div class=\"one-half\">\n<figure><img decoding=\"async\" src=\"https:\/\/jameskaiser.com\/wp-content\/uploads\/2021\/06\/rocky-mountain-national-park-1.jpg\" alt=\"Rocky Mountain National Park\" class=\"aligncentered size-full wp-image-6435\"><\/figure>\n<h2><a href=\"https:\/\/jameskaiser.com\/es\/montanas-rocosas\/\">Parque Nacional de Las Monta\u00f1as Rocosas<\/a><\/h2>\n<\/div>","protected":false},"excerpt":{"rendered":"<p>Bienvenido! Gracias por visitar mi p\u00e1gina web. Aqu\u00ed podr\u00e1s encontrar tips y recursos para planificar tu viaje al Parque Nacional Gran Ca\u00f1\u00f3n, Parque Nacional Yosemite, Parque Nacional Zion, y Parque Nacional de las Monta\u00f1as Rocosas Disfruta! Parque Nacional Gran Ca\u00f1\u00f3n Parque Nacional Yosemite Parque Nacional Zion Parque Nacional de Las Monta\u00f1as Rocosas<\/p>\n","protected":false},"author":1,"featured_media":0,"parent":0,"menu_order":0,"comment_status":"closed","ping_status":"closed","template":"page-no-title","meta":{"footnotes":""},"class_list":["post-10282","page","type-page","status-publish","hentry"],"yoast_head":"<!-- This site is optimized with the Yoast SEO Premium plugin v27.4 (Yoast SEO v27.5) - https:\/\/yoast.com\/product\/yoast-seo-premium-wordpress\/ -->\n<title>&#8226; James Kaiser<\/title>\n<meta name=\"robots\" content=\"index, follow, max-snippet:-1, max-image-preview:large, max-video-preview:-1\" \/>\n<link rel=\"canonical\" href=\"https:\/\/jameskaiser.com\/es\/\" \/>\n<meta property=\"og:locale\" content=\"es_ES\" \/>\n<meta property=\"og:type\" content=\"article\" \/>\n<meta property=\"og:description\" content=\"Bienvenido! Gracias por visitar mi p\u00e1gina web. Aqu\u00ed podr\u00e1s encontrar tips y recursos para planificar tu viaje al Parque Nacional Gran Ca\u00f1\u00f3n, Parque Nacional Yosemite, Parque Nacional Zion, y Parque Nacional de las Monta\u00f1as Rocosas Disfruta! Parque Nacional Gran Ca\u00f1\u00f3n Parque Nacional Yosemite Parque Nacional Zion Parque Nacional de Las Monta\u00f1as Rocosas\" \/>\n<meta property=\"og:url\" content=\"https:\/\/jameskaiser.com\/es\/\" \/>\n<meta property=\"og:site_name\" content=\"James Kaiser\" \/>\n<meta property=\"article:publisher\" content=\"https:\/\/www.facebook.com\/JamesKaiserTraveler\" \/>\n<meta property=\"article:modified_time\" content=\"2021-11-02T21:31:15+00:00\" \/>\n<meta property=\"og:image\" content=\"https:\/\/jameskaiser.com\/wp-content\/uploads\/2016\/01\/james-kaiser-grand-canyon.jpg\" \/>\n<meta name=\"twitter:card\" content=\"summary_large_image\" \/>\n<meta name=\"twitter:site\" content=\"@JamesKaiser_\" \/>\n<meta name=\"twitter:label1\" content=\"Tiempo de lectura\" \/>\n\t<meta name=\"twitter:data1\" content=\"2 minutos\" \/>\n<script type=\"application\/ld+json\" class=\"yoast-schema-graph\">{\"@context\":\"https:\\\/\\\/schema.org\",\"@graph\":[{\"@type\":\"WebPage\",\"@id\":\"https:\\\/\\\/jameskaiser.com\\\/es\\\/\",\"url\":\"https:\\\/\\\/jameskaiser.com\\\/es\\\/\",\"name\":\"&#8226; James Kaiser\",\"isPartOf\":{\"@id\":\"https:\\\/\\\/jameskaiser.com\\\/es\\\/#website\"},\"primaryImageOfPage\":{\"@id\":\"https:\\\/\\\/jameskaiser.com\\\/es\\\/#primaryimage\"},\"image\":{\"@id\":\"https:\\\/\\\/jameskaiser.com\\\/es\\\/#primaryimage\"},\"thumbnailUrl\":\"https:\\\/\\\/jameskaiser.com\\\/wp-content\\\/uploads\\\/2016\\\/01\\\/james-kaiser-grand-canyon.jpg\",\"datePublished\":\"2020-02-13T00:17:35+00:00\",\"dateModified\":\"2021-11-02T21:31:15+00:00\",\"inLanguage\":\"es\",\"potentialAction\":[{\"@type\":\"ReadAction\",\"target\":[\"https:\\\/\\\/jameskaiser.com\\\/es\\\/\"]}]},{\"@type\":\"ImageObject\",\"inLanguage\":\"es\",\"@id\":\"https:\\\/\\\/jameskaiser.com\\\/es\\\/#primaryimage\",\"url\":\"https:\\\/\\\/jameskaiser.com\\\/wp-content\\\/uploads\\\/2016\\\/01\\\/james-kaiser-grand-canyon.jpg\",\"contentUrl\":\"https:\\\/\\\/jameskaiser.com\\\/wp-content\\\/uploads\\\/2016\\\/01\\\/james-kaiser-grand-canyon.jpg\"},{\"@type\":\"WebSite\",\"@id\":\"https:\\\/\\\/jameskaiser.com\\\/es\\\/#website\",\"url\":\"https:\\\/\\\/jameskaiser.com\\\/es\\\/\",\"name\":\"James Kaiser\",\"description\":\"National Park Guides\",\"publisher\":{\"@id\":\"https:\\\/\\\/jameskaiser.com\\\/es\\\/#\\\/schema\\\/person\\\/5981104745a0770ef7007991f80d4ca0\"},\"potentialAction\":[{\"@type\":\"SearchAction\",\"target\":{\"@type\":\"EntryPoint\",\"urlTemplate\":\"https:\\\/\\\/jameskaiser.com\\\/es\\\/?s={search_term_string}\"},\"query-input\":{\"@type\":\"PropertyValueSpecification\",\"valueRequired\":true,\"valueName\":\"search_term_string\"}}],\"inLanguage\":\"es\"},{\"@type\":[\"Person\",\"Organization\"],\"@id\":\"https:\\\/\\\/jameskaiser.com\\\/es\\\/#\\\/schema\\\/person\\\/5981104745a0770ef7007991f80d4ca0\",\"name\":\"James Kaiser\",\"image\":{\"@type\":\"ImageObject\",\"inLanguage\":\"es\",\"@id\":\"https:\\\/\\\/secure.gravatar.com\\\/avatar\\\/9acc818dc334ece1637aed9a07c32b99dacc4c73e4cf79079b19ba425f2c2d0c?s=96&d=mm&r=g\",\"url\":\"https:\\\/\\\/secure.gravatar.com\\\/avatar\\\/9acc818dc334ece1637aed9a07c32b99dacc4c73e4cf79079b19ba425f2c2d0c?s=96&d=mm&r=g\",\"contentUrl\":\"https:\\\/\\\/secure.gravatar.com\\\/avatar\\\/9acc818dc334ece1637aed9a07c32b99dacc4c73e4cf79079b19ba425f2c2d0c?s=96&d=mm&r=g\",\"caption\":\"James Kaiser\"},\"logo\":{\"@id\":\"https:\\\/\\\/secure.gravatar.com\\\/avatar\\\/9acc818dc334ece1637aed9a07c32b99dacc4c73e4cf79079b19ba425f2c2d0c?s=96&d=mm&r=g\"},\"description\":\"James Kaiser is an award-winning travel writer and photographer whose work has appeared on the cover of \\\"National Geographic.\\\" He has written bestselling guidebooks to Costa Rica, Grand Canyon, Yosemite, Acadia, Joshua Tree, and Zion National Park.\",\"sameAs\":[\"http:\\\/\\\/www.jameskaiser.com\",\"https:\\\/\\\/www.facebook.com\\\/JamesKaiserTraveler\",\"https:\\\/\\\/x.com\\\/JamesKaiser_\"]}]}<\/script>\n<!-- \/ Yoast SEO Premium plugin. -->","yoast_head_json":{"title":"&#8226; James Kaiser","robots":{"index":"index","follow":"follow","max-snippet":"max-snippet:-1","max-image-preview":"max-image-preview:large","max-video-preview":"max-video-preview:-1"},"canonical":"https:\/\/jameskaiser.com\/es\/","og_locale":"es_ES","og_type":"article","og_description":"Bienvenido! Gracias por visitar mi p\u00e1gina web. Aqu\u00ed podr\u00e1s encontrar tips y recursos para planificar tu viaje al Parque Nacional Gran Ca\u00f1\u00f3n, Parque Nacional Yosemite, Parque Nacional Zion, y Parque Nacional de las Monta\u00f1as Rocosas Disfruta! Parque Nacional Gran Ca\u00f1\u00f3n Parque Nacional Yosemite Parque Nacional Zion Parque Nacional de Las Monta\u00f1as Rocosas","og_url":"https:\/\/jameskaiser.com\/es\/","og_site_name":"James Kaiser","article_publisher":"https:\/\/www.facebook.com\/JamesKaiserTraveler","article_modified_time":"2021-11-02T21:31:15+00:00","og_image":[{"url":"https:\/\/jameskaiser.com\/wp-content\/uploads\/2016\/01\/james-kaiser-grand-canyon.jpg","type":"","width":"","height":""}],"twitter_card":"summary_large_image","twitter_site":"@JamesKaiser_","twitter_misc":{"Tiempo de lectura":"2 minutos"},"schema":{"@context":"https:\/\/schema.org","@graph":[{"@type":"WebPage","@id":"https:\/\/jameskaiser.com\/es\/","url":"https:\/\/jameskaiser.com\/es\/","name":"&#8226; James Kaiser","isPartOf":{"@id":"https:\/\/jameskaiser.com\/es\/#website"},"primaryImageOfPage":{"@id":"https:\/\/jameskaiser.com\/es\/#primaryimage"},"image":{"@id":"https:\/\/jameskaiser.com\/es\/#primaryimage"},"thumbnailUrl":"https:\/\/jameskaiser.com\/wp-content\/uploads\/2016\/01\/james-kaiser-grand-canyon.jpg","datePublished":"2020-02-13T00:17:35+00:00","dateModified":"2021-11-02T21:31:15+00:00","inLanguage":"es","potentialAction":[{"@type":"ReadAction","target":["https:\/\/jameskaiser.com\/es\/"]}]},{"@type":"ImageObject","inLanguage":"es","@id":"https:\/\/jameskaiser.com\/es\/#primaryimage","url":"https:\/\/jameskaiser.com\/wp-content\/uploads\/2016\/01\/james-kaiser-grand-canyon.jpg","contentUrl":"https:\/\/jameskaiser.com\/wp-content\/uploads\/2016\/01\/james-kaiser-grand-canyon.jpg"},{"@type":"WebSite","@id":"https:\/\/jameskaiser.com\/es\/#website","url":"https:\/\/jameskaiser.com\/es\/","name":"James Kaiser","description":"National Park Guides","publisher":{"@id":"https:\/\/jameskaiser.com\/es\/#\/schema\/person\/5981104745a0770ef7007991f80d4ca0"},"potentialAction":[{"@type":"SearchAction","target":{"@type":"EntryPoint","urlTemplate":"https:\/\/jameskaiser.com\/es\/?s={search_term_string}"},"query-input":{"@type":"PropertyValueSpecification","valueRequired":true,"valueName":"search_term_string"}}],"inLanguage":"es"},{"@type":["Person","Organization"],"@id":"https:\/\/jameskaiser.com\/es\/#\/schema\/person\/5981104745a0770ef7007991f80d4ca0","name":"James Kaiser","image":{"@type":"ImageObject","inLanguage":"es","@id":"https:\/\/secure.gravatar.com\/avatar\/9acc818dc334ece1637aed9a07c32b99dacc4c73e4cf79079b19ba425f2c2d0c?s=96&d=mm&r=g","url":"https:\/\/secure.gravatar.com\/avatar\/9acc818dc334ece1637aed9a07c32b99dacc4c73e4cf79079b19ba425f2c2d0c?s=96&d=mm&r=g","contentUrl":"https:\/\/secure.gravatar.com\/avatar\/9acc818dc334ece1637aed9a07c32b99dacc4c73e4cf79079b19ba425f2c2d0c?s=96&d=mm&r=g","caption":"James Kaiser"},"logo":{"@id":"https:\/\/secure.gravatar.com\/avatar\/9acc818dc334ece1637aed9a07c32b99dacc4c73e4cf79079b19ba425f2c2d0c?s=96&d=mm&r=g"},"description":"James Kaiser is an award-winning travel writer and photographer whose work has appeared on the cover of \"National Geographic.\" He has written bestselling guidebooks to Costa Rica, Grand Canyon, Yosemite, Acadia, Joshua Tree, and Zion National Park.","sameAs":["http:\/\/www.jameskaiser.com","https:\/\/www.facebook.com\/JamesKaiserTraveler","https:\/\/x.com\/JamesKaiser_"]}]}},"_links":{"self":[{"href":"https:\/\/jameskaiser.com\/es\/wp-json\/wp\/v2\/pages\/10282","targetHints":{"allow":["GET"]}}],"collection":[{"href":"https:\/\/jameskaiser.com\/es\/wp-json\/wp\/v2\/pages"}],"about":[{"href":"https:\/\/jameskaiser.com\/es\/wp-json\/wp\/v2\/types\/page"}],"author":[{"embeddable":true,"href":"https:\/\/jameskaiser.com\/es\/wp-json\/wp\/v2\/users\/1"}],"replies":[{"embeddable":true,"href":"https:\/\/jameskaiser.com\/es\/wp-json\/wp\/v2\/comments?post=10282"}],"version-history":[{"count":0,"href":"https:\/\/jameskaiser.com\/es\/wp-json\/wp\/v2\/pages\/10282\/revisions"}],"wp:attachment":[{"href":"https:\/\/jameskaiser.com\/es\/wp-json\/wp\/v2\/media?parent=10282"}],"curies":[{"name":"wp","href":"https:\/\/api.w.org\/{rel}","templated":true}]}}