{"id":10210,"date":"2020-02-15T19:17:40","date_gmt":"2020-02-15T19:17:40","guid":{"rendered":"https:\/\/jameskaiser.com\/?page_id=10210"},"modified":"2020-03-07T16:04:46","modified_gmt":"2020-03-07T16:04:46","slug":"williams","status":"publish","type":"page","link":"https:\/\/jameskaiser.com\/es\/gran-canon\/hoteles\/williams\/","title":{"rendered":"Los mejores Hoteles en Williams, Arizona"},"content":{"rendered":"\n<figure class=\"wp-block-image\"><img decoding=\"async\" src=\"http:\/\/jameskaiser.com\/wp-content\/uploads\/2014\/12\/Williams.jpg\" alt=\"\"\/><\/figure>\n\n\n\n<p>El peque\u00f1o pueblo de Williams (poblaci\u00f3n 3,000) est\u00e1 ubicado a 60 millas al sur del borde sur del Gran Ca\u00f1\u00f3n (1 hora en carro). Williams es famoso por su centro hist\u00f3rico, el cual celebra la herencia de la popular ruta 66. Williams tambi\u00e9n es el punto de inicio del  <a rel=\"noopener noreferrer\" href=\"http:\/\/www.thetrain.com\/\" target=\"_blank\">Grand Canyon Railrway<\/a>, que es un tren que opera diariamente entre Williams y  Grand Canyon Village.<\/p>\n\n\n\n<p>*Nota: Algunos de los links en esta p\u00e1gina pueden contener links afiliados, lo que significa que &#8211; sin ning\u00fan costo para ti &#8211; yo recibir\u00e9 una peque\u00f1a comisi\u00f3n si reservas una habitaci\u00f3n o compras un producto. Esto de ninguna manera influencia mis recomendaciones, las cuales reflejan la honestidad e integridad de mi libro <a href=\"https:\/\/jameskaiser.com\/grand-canyon-guide\/grand-canyon-complete-guide\/\">Grand Canyon guidebook<\/a>. Las comisiones ayudan a pagar este sitio web, que te ofrece informaci\u00f3n valiosa de forma gratuita para que visites el Gran Ca\u00f1\u00f3n. <\/p>\n\n\n\n<h2 class=\"wp-block-heading\">Hoteles en Willams<\/h2>\n\n\n\n<h3 class=\"wp-block-heading\"><i class=\"fa fa-star\"><\/i> = Recomendado<\/h3>\n\n\n\n<div style=\"height:30px\" aria-hidden=\"true\" class=\"wp-block-spacer\"><\/div>\n\n\n\n<h3 class=\"wp-block-heading\"><i class=\"fa fa-star\"><\/i> <a href=\"https:\/\/www.booking.com\/hotel\/us\/the-grand-living-bed-breakfast.en.html?aid=809279&amp;no_rooms=1&amp;group_adults=2&amp;label=ARES\" target=\"_blank\" rel=\"nofollow noopener noreferrer\">Quarter Horse Inn<\/a><\/h3>\n\n\n\n<h3 class=\"wp-block-heading\"><i class=\"fa fa-star\"><\/i> <a href=\"https:\/\/www.booking.com\/hotel\/us\/red-garter-b-amp-b-inn.en.html?aid=809279&amp;no_rooms=1&amp;group_adults=2&amp;label=ARES\" target=\"_blank\" rel=\"nofollow noopener noreferrer\">Red Garter B&amp;B<\/a><\/h3>\n\n\n\n<h3 class=\"wp-block-heading\"><i class=\"fa fa-star\"><\/i> <a href=\"https:\/\/www.booking.com\/hotel\/us\/sheridan-house-inn-williams.en.html?aid=809279&amp;no_rooms=1&amp;group_adults=2&amp;label=ARES\" target=\"_blank\" rel=\"nofollow noopener noreferrer\">Sheridan House Inn<\/a><\/h3>\n\n\n\n<h3 class=\"wp-block-heading\"><a href=\"https:\/\/www.booking.com\/hotel\/us\/americas-best-value-inn-williams.en.html?aid=809279&amp;no_rooms=1&amp;group_adults=2&amp;label=ARES\" target=\"_blank\" rel=\"nofollow noopener noreferrer\">Rodeway Inn<\/a><\/h3>\n\n\n\n<h3 class=\"wp-block-heading\"><a href=\"https:\/\/www.booking.com\/hotel\/us\/budget-host-inn-williams.en.html?aid=809279&amp;no_rooms=1&amp;group_adults=2&amp;label=ARES\" target=\"_blank\" rel=\"nofollow noopener noreferrer\">Budget Host Inn<\/a><\/h3>\n\n\n\n<h3 class=\"wp-block-heading\"><a href=\"https:\/\/www.booking.com\/hotel\/us\/the-canyon-motel.en.html?aid=809279&amp;no_rooms=1&amp;group_adults=2&amp;label=ARES\" target=\"_blank\" rel=\"nofollow noopener noreferrer\">Canyon Motel &amp; RV Park<\/a><\/h3>\n\n\n\n<h3 class=\"wp-block-heading\"><a href=\"https:\/\/www.booking.com\/hotel\/us\/williams-442-west-route-66.en.html?aid=809279&amp;no_rooms=1&amp;group_adults=2&amp;label=ARES\" target=\"_blank\" rel=\"nofollow noopener noreferrer\">Canyon Country Inn<\/a><\/h3>\n\n\n\n<h3 class=\"wp-block-heading\"><a href=\"https:\/\/www.booking.com\/hotel\/us\/days-inn-williams.en.html?aid=809279&amp;no_rooms=1&amp;group_adults=2&amp;label=ARES\" target=\"_blank\" rel=\"nofollow noopener noreferrer\">Days Inn Motel<\/a><\/h3>\n\n\n\n<h3 class=\"wp-block-heading\"><a href=\"https:\/\/www.booking.com\/hotel\/us\/el-rancho-motel-williams.en.html?aid=809279&amp;no_rooms=1&amp;group_adults=2&amp;label=ARES\" target=\"_blank\" rel=\"nofollow noopener noreferrer\">El Rancho Motel<\/a><\/h3>\n\n\n\n<h3 class=\"wp-block-heading\"><a href=\"https:\/\/www.booking.com\/hotel\/us\/grand-canyon.en.html?aid=809279&amp;no_rooms=1&amp;group_adults=2&amp;label=ARES\" target=\"_blank\" rel=\"nofollow noopener noreferrer\">Grand Canyon Hotel<\/a><\/h3>\n\n\n\n<h3 class=\"wp-block-heading\"><a href=\"https:\/\/www.booking.com\/hotel\/us\/williams-442-west-route-66.en.html?aid=809279&amp;no_rooms=1&amp;group_adults=2&amp;label=ARES\" target=\"_blank\" rel=\"nofollow noopener noreferrer\">Canyon Country Inn<\/a><\/h3>\n\n\n\n<h3 class=\"wp-block-heading\"><a href=\"https:\/\/www.booking.com\/hotel\/us\/grand-canyon-railway.en.html?aid=809279&amp;no_rooms=1&amp;group_adults=2&amp;label=ARES\" target=\"_blank\" rel=\"nofollow noopener noreferrer\">Grand Canyon Railway Hotel<\/a><\/h3>\n\n\n\n<h3 class=\"wp-block-heading\"><a href=\"https:\/\/www.booking.com\/hotel\/us\/highlander-motel-williams.en.html?aid=809279&amp;no_rooms=1&amp;group_adults=2&amp;label=ARES\" target=\"_blank\" rel=\"nofollow noopener noreferrer\">Highlander Motel<\/a><\/h3>\n\n\n\n<h3 class=\"wp-block-heading\"><a href=\"https:\/\/www.booking.com\/hotel\/us\/holiday-inn-express-suites-williams.en.html?aid=809279&amp;no_rooms=1&amp;group_adults=2&amp;label=ARES\" target=\"_blank\" rel=\"nofollow noopener noreferrer\">Holiday Inn Williams<\/a><\/h3>\n\n\n\n<h3 class=\"wp-block-heading\"><a href=\"https:\/\/www.booking.com\/hotel\/us\/howard-johnson-williams.en.html?aid=809279&amp;no_rooms=1&amp;group_adults=2&amp;label=ARES\" target=\"_blank\" rel=\"nofollow noopener noreferrer\">Howard Johnson Express<\/a><\/h3>\n\n\n\n<h3 class=\"wp-block-heading\"><a href=\"https:\/\/www.booking.com\/hotel\/us\/best-western-plus-inn-of-williams.en.html?aid=809279&amp;no_rooms=1&amp;group_adults=2&amp;label=ARES\" target=\"_blank\" rel=\"noopener noreferrer\">Best Western Inn<\/a><\/h3>\n\n\n\n<h3 class=\"wp-block-heading\"><a href=\"https:\/\/www.booking.com\/hotel\/us\/knights-inn-wiliams.en.html?aid=809279&amp;no_rooms=1&amp;group_adults=2&amp;label=ARES\" target=\"_blank\" rel=\"nofollow noopener noreferrer\">Econo Lodge Inn<\/a><\/h3>\n\n\n\n<h3 class=\"wp-block-heading\"><a href=\"https:\/\/www.booking.com\/hotel\/us\/the-lodge-on-route-66.en.html?aid=809279&amp;no_rooms=1&amp;group_adults=2&amp;label=ARES\" target=\"_blank\" rel=\"nofollow noopener noreferrer\">The Lodge on Route 66<\/a><\/h3>\n\n\n\n<h3 class=\"wp-block-heading\"><a href=\"https:\/\/www.booking.com\/hotel\/us\/motel-6-east-williams.en.html?aid=809279&amp;no_rooms=1&amp;group_adults=2&amp;label=ARES\" target=\"_blank\" rel=\"noopener noreferrer\">Motel 6: East<\/a><\/h3>\n\n\n\n<h3 class=\"wp-block-heading\"><a href=\"https:\/\/www.booking.com\/hotel\/us\/motel-6-williams-west-grand-canyon.en.html?aid=809279&amp;no_rooms=1&amp;group_adults=2&amp;label=ARES\" target=\"_blank\" rel=\"nofollow noopener noreferrer\">Motel 6: West<\/a><\/h3>\n\n\n\n<h3 class=\"wp-block-heading\"><a href=\"https:\/\/www.booking.com\/hotel\/us\/americas-best-value-inn-williams.en.html?aid=809279&amp;no_rooms=1&amp;group_adults=2&amp;label=ARES\" target=\"_blank\" rel=\"nofollow noopener noreferrer\">Rodeway Inn<\/a><\/h3>\n\n\n\n<h3 class=\"wp-block-heading\"><a href=\"https:\/\/www.booking.com\/hotel\/us\/route-66-inn.en.html?aid=809279&amp;no_rooms=1&amp;group_adults=2&amp;label=ARES\" target=\"_blank\" rel=\"noopener noreferrer\">Start Route 66 Grand Canyon<\/a><\/h3>\n\n\n\n<h3 class=\"wp-block-heading\"><a href=\"https:\/\/www.booking.com\/hotel\/us\/super-8-williams-grand-canyon.en.html?aid=809279&amp;no_rooms=1&amp;group_adults=2&amp;label=ARES\" target=\"_blank\" rel=\"nofollow noopener noreferrer\">Super 8 by Wyndham<\/a><\/h3>\n\n\n\n<h3 class=\"wp-block-heading\"><a href=\"https:\/\/www.booking.com\/hotel\/us\/grand-canyon-travelodge.en.html?aid=809279&amp;no_rooms=1&amp;group_adults=2&amp;label=ARES\" target=\"_blank\" rel=\"nofollow noopener noreferrer\">Travelodge<\/a><\/h3>\n\n\n\n<h3 class=\"wp-block-heading\"><a href=\"https:\/\/www.booking.com\/hotel\/us\/westerner-motel.en.html?aid=809279&amp;no_rooms=1&amp;group_adults=2&amp;label=ARES\" target=\"_blank\" rel=\"nofollow noopener noreferrer\">Westerner Motel<\/a><\/h3>\n\n\n\n<p>Mountainside Inn (928-635-4431)<\/p>\n\n\n\n<p>Old West Main Street (928-635-4512)<\/p>\n\n\n\n<p>Royal American Inn (928-635-9395)<\/p>\n\n\n\n<p>Two Suites Inn (928-635-4112)<\/p>\n\n\n\n<div style=\"height:40px\" aria-hidden=\"true\" class=\"wp-block-spacer\"><\/div>\n","protected":false},"excerpt":{"rendered":"<p>El peque\u00f1o pueblo de Williams (poblaci\u00f3n 3,000) est\u00e1 ubicado a 60 millas al sur del borde sur del Gran Ca\u00f1\u00f3n (1 hora en carro). Williams es famoso por su centro hist\u00f3rico, el cual celebra la herencia de la popular ruta 66. Williams tambi\u00e9n es el punto de inicio del Grand Canyon Railrway, que es un [&hellip;]<\/p>\n","protected":false},"author":3,"featured_media":0,"parent":9733,"menu_order":0,"comment_status":"closed","ping_status":"closed","template":"","meta":{"footnotes":""},"class_list":["post-10210","page","type-page","status-publish","hentry"],"yoast_head":"<!-- This site is optimized with the Yoast SEO Premium plugin v27.4 (Yoast SEO v27.4) - https:\/\/yoast.com\/product\/yoast-seo-premium-wordpress\/ -->\n<title>Los Mejores Hoteles en Williams, Arizona \u2022\u00a0James Kaiser<\/title>\n<meta name=\"description\" content=\"Lista con los mejores hoteles en Williams. Hoteles econ\u00f3micos, B&amp;Bs, opciones lujosas. Encuentra las mejores opciones de alojamiento en Williams, Arizona.\" \/>\n<meta name=\"robots\" content=\"index, follow, max-snippet:-1, max-image-preview:large, max-video-preview:-1\" \/>\n<link rel=\"canonical\" href=\"https:\/\/jameskaiser.com\/es\/gran-canon\/hoteles\/williams\/\" \/>\n<meta property=\"og:locale\" content=\"es_ES\" \/>\n<meta property=\"og:type\" content=\"article\" \/>\n<meta property=\"og:title\" content=\"Los mejores Hoteles en Williams, Arizona\" \/>\n<meta property=\"og:description\" content=\"Lista con los mejores hoteles en Williams. Hoteles econ\u00f3micos, B&amp;Bs, opciones lujosas. Encuentra las mejores opciones de alojamiento en Williams, Arizona.\" \/>\n<meta property=\"og:url\" content=\"https:\/\/jameskaiser.com\/es\/gran-canon\/hoteles\/williams\/\" \/>\n<meta property=\"og:site_name\" content=\"James Kaiser\" \/>\n<meta property=\"article:publisher\" content=\"https:\/\/www.facebook.com\/JamesKaiserTraveler\" \/>\n<meta property=\"article:modified_time\" content=\"2020-03-07T16:04:46+00:00\" \/>\n<meta property=\"og:image\" content=\"http:\/\/jameskaiser.com\/wp-content\/uploads\/2014\/12\/Williams.jpg\" \/>\n<meta name=\"twitter:card\" content=\"summary_large_image\" \/>\n<meta name=\"twitter:site\" content=\"@JamesKaiser_\" \/>\n<meta name=\"twitter:label1\" content=\"Tiempo de lectura\" \/>\n\t<meta name=\"twitter:data1\" content=\"1 minuto\" \/>\n<script type=\"application\/ld+json\" class=\"yoast-schema-graph\">{\"@context\":\"https:\\\/\\\/schema.org\",\"@graph\":[{\"@type\":\"WebPage\",\"@id\":\"https:\\\/\\\/jameskaiser.com\\\/es\\\/gran-canon\\\/hoteles\\\/williams\\\/\",\"url\":\"https:\\\/\\\/jameskaiser.com\\\/es\\\/gran-canon\\\/hoteles\\\/williams\\\/\",\"name\":\"Los Mejores Hoteles en Williams, Arizona \u2022\u00a0James Kaiser\",\"isPartOf\":{\"@id\":\"https:\\\/\\\/jameskaiser.com\\\/es\\\/#website\"},\"primaryImageOfPage\":{\"@id\":\"https:\\\/\\\/jameskaiser.com\\\/es\\\/gran-canon\\\/hoteles\\\/williams\\\/#primaryimage\"},\"image\":{\"@id\":\"https:\\\/\\\/jameskaiser.com\\\/es\\\/gran-canon\\\/hoteles\\\/williams\\\/#primaryimage\"},\"thumbnailUrl\":\"http:\\\/\\\/jameskaiser.com\\\/wp-content\\\/uploads\\\/2014\\\/12\\\/Williams.jpg\",\"datePublished\":\"2020-02-15T19:17:40+00:00\",\"dateModified\":\"2020-03-07T16:04:46+00:00\",\"description\":\"Lista con los mejores hoteles en Williams. Hoteles econ\u00f3micos, B&Bs, opciones lujosas. Encuentra las mejores opciones de alojamiento en Williams, Arizona.\",\"breadcrumb\":{\"@id\":\"https:\\\/\\\/jameskaiser.com\\\/es\\\/gran-canon\\\/hoteles\\\/williams\\\/#breadcrumb\"},\"inLanguage\":\"es\",\"potentialAction\":[{\"@type\":\"ReadAction\",\"target\":[\"https:\\\/\\\/jameskaiser.com\\\/es\\\/gran-canon\\\/hoteles\\\/williams\\\/\"]}]},{\"@type\":\"ImageObject\",\"inLanguage\":\"es\",\"@id\":\"https:\\\/\\\/jameskaiser.com\\\/es\\\/gran-canon\\\/hoteles\\\/williams\\\/#primaryimage\",\"url\":\"http:\\\/\\\/jameskaiser.com\\\/wp-content\\\/uploads\\\/2014\\\/12\\\/Williams.jpg\",\"contentUrl\":\"http:\\\/\\\/jameskaiser.com\\\/wp-content\\\/uploads\\\/2014\\\/12\\\/Williams.jpg\"},{\"@type\":\"BreadcrumbList\",\"@id\":\"https:\\\/\\\/jameskaiser.com\\\/es\\\/gran-canon\\\/hoteles\\\/williams\\\/#breadcrumb\",\"itemListElement\":[{\"@type\":\"ListItem\",\"position\":1,\"name\":\"Home\",\"item\":\"https:\\\/\\\/jameskaiser.com\\\/es\\\/\"},{\"@type\":\"ListItem\",\"position\":2,\"name\":\"Gran Ca\u00f1\u00f3n\",\"item\":\"https:\\\/\\\/jameskaiser.com\\\/es\\\/gran-canon\\\/\"},{\"@type\":\"ListItem\",\"position\":3,\"name\":\"Hoteles\",\"item\":\"https:\\\/\\\/jameskaiser.com\\\/es\\\/gran-canon\\\/hoteles\\\/\"},{\"@type\":\"ListItem\",\"position\":4,\"name\":\"Williams\"}]},{\"@type\":\"WebSite\",\"@id\":\"https:\\\/\\\/jameskaiser.com\\\/es\\\/#website\",\"url\":\"https:\\\/\\\/jameskaiser.com\\\/es\\\/\",\"name\":\"James Kaiser\",\"description\":\"National Park Guides\",\"publisher\":{\"@id\":\"https:\\\/\\\/jameskaiser.com\\\/es\\\/#\\\/schema\\\/person\\\/5981104745a0770ef7007991f80d4ca0\"},\"potentialAction\":[{\"@type\":\"SearchAction\",\"target\":{\"@type\":\"EntryPoint\",\"urlTemplate\":\"https:\\\/\\\/jameskaiser.com\\\/es\\\/?s={search_term_string}\"},\"query-input\":{\"@type\":\"PropertyValueSpecification\",\"valueRequired\":true,\"valueName\":\"search_term_string\"}}],\"inLanguage\":\"es\"},{\"@type\":[\"Person\",\"Organization\"],\"@id\":\"https:\\\/\\\/jameskaiser.com\\\/es\\\/#\\\/schema\\\/person\\\/5981104745a0770ef7007991f80d4ca0\",\"name\":\"James Kaiser\",\"image\":{\"@type\":\"ImageObject\",\"inLanguage\":\"es\",\"@id\":\"https:\\\/\\\/secure.gravatar.com\\\/avatar\\\/9acc818dc334ece1637aed9a07c32b99dacc4c73e4cf79079b19ba425f2c2d0c?s=96&d=mm&r=g\",\"url\":\"https:\\\/\\\/secure.gravatar.com\\\/avatar\\\/9acc818dc334ece1637aed9a07c32b99dacc4c73e4cf79079b19ba425f2c2d0c?s=96&d=mm&r=g\",\"contentUrl\":\"https:\\\/\\\/secure.gravatar.com\\\/avatar\\\/9acc818dc334ece1637aed9a07c32b99dacc4c73e4cf79079b19ba425f2c2d0c?s=96&d=mm&r=g\",\"caption\":\"James Kaiser\"},\"logo\":{\"@id\":\"https:\\\/\\\/secure.gravatar.com\\\/avatar\\\/9acc818dc334ece1637aed9a07c32b99dacc4c73e4cf79079b19ba425f2c2d0c?s=96&d=mm&r=g\"},\"description\":\"James Kaiser is an award-winning travel writer and photographer whose work has appeared on the cover of \\\"National Geographic.\\\" He has written bestselling guidebooks to Costa Rica, Grand Canyon, Yosemite, Acadia, Joshua Tree, and Zion National Park.\",\"sameAs\":[\"http:\\\/\\\/www.jameskaiser.com\",\"https:\\\/\\\/www.facebook.com\\\/JamesKaiserTraveler\",\"https:\\\/\\\/x.com\\\/JamesKaiser_\"]}]}<\/script>\n<!-- \/ Yoast SEO Premium plugin. -->","yoast_head_json":{"title":"Los Mejores Hoteles en Williams, Arizona \u2022\u00a0James Kaiser","description":"Lista con los mejores hoteles en Williams. Hoteles econ\u00f3micos, B&Bs, opciones lujosas. Encuentra las mejores opciones de alojamiento en Williams, Arizona.","robots":{"index":"index","follow":"follow","max-snippet":"max-snippet:-1","max-image-preview":"max-image-preview:large","max-video-preview":"max-video-preview:-1"},"canonical":"https:\/\/jameskaiser.com\/es\/gran-canon\/hoteles\/williams\/","og_locale":"es_ES","og_type":"article","og_title":"Los mejores Hoteles en Williams, Arizona","og_description":"Lista con los mejores hoteles en Williams. Hoteles econ\u00f3micos, B&Bs, opciones lujosas. Encuentra las mejores opciones de alojamiento en Williams, Arizona.","og_url":"https:\/\/jameskaiser.com\/es\/gran-canon\/hoteles\/williams\/","og_site_name":"James Kaiser","article_publisher":"https:\/\/www.facebook.com\/JamesKaiserTraveler","article_modified_time":"2020-03-07T16:04:46+00:00","og_image":[{"url":"http:\/\/jameskaiser.com\/wp-content\/uploads\/2014\/12\/Williams.jpg","type":"","width":"","height":""}],"twitter_card":"summary_large_image","twitter_site":"@JamesKaiser_","twitter_misc":{"Tiempo de lectura":"1 minuto"},"schema":{"@context":"https:\/\/schema.org","@graph":[{"@type":"WebPage","@id":"https:\/\/jameskaiser.com\/es\/gran-canon\/hoteles\/williams\/","url":"https:\/\/jameskaiser.com\/es\/gran-canon\/hoteles\/williams\/","name":"Los Mejores Hoteles en Williams, Arizona \u2022\u00a0James Kaiser","isPartOf":{"@id":"https:\/\/jameskaiser.com\/es\/#website"},"primaryImageOfPage":{"@id":"https:\/\/jameskaiser.com\/es\/gran-canon\/hoteles\/williams\/#primaryimage"},"image":{"@id":"https:\/\/jameskaiser.com\/es\/gran-canon\/hoteles\/williams\/#primaryimage"},"thumbnailUrl":"http:\/\/jameskaiser.com\/wp-content\/uploads\/2014\/12\/Williams.jpg","datePublished":"2020-02-15T19:17:40+00:00","dateModified":"2020-03-07T16:04:46+00:00","description":"Lista con los mejores hoteles en Williams. Hoteles econ\u00f3micos, B&Bs, opciones lujosas. Encuentra las mejores opciones de alojamiento en Williams, Arizona.","breadcrumb":{"@id":"https:\/\/jameskaiser.com\/es\/gran-canon\/hoteles\/williams\/#breadcrumb"},"inLanguage":"es","potentialAction":[{"@type":"ReadAction","target":["https:\/\/jameskaiser.com\/es\/gran-canon\/hoteles\/williams\/"]}]},{"@type":"ImageObject","inLanguage":"es","@id":"https:\/\/jameskaiser.com\/es\/gran-canon\/hoteles\/williams\/#primaryimage","url":"http:\/\/jameskaiser.com\/wp-content\/uploads\/2014\/12\/Williams.jpg","contentUrl":"http:\/\/jameskaiser.com\/wp-content\/uploads\/2014\/12\/Williams.jpg"},{"@type":"BreadcrumbList","@id":"https:\/\/jameskaiser.com\/es\/gran-canon\/hoteles\/williams\/#breadcrumb","itemListElement":[{"@type":"ListItem","position":1,"name":"Home","item":"https:\/\/jameskaiser.com\/es\/"},{"@type":"ListItem","position":2,"name":"Gran Ca\u00f1\u00f3n","item":"https:\/\/jameskaiser.com\/es\/gran-canon\/"},{"@type":"ListItem","position":3,"name":"Hoteles","item":"https:\/\/jameskaiser.com\/es\/gran-canon\/hoteles\/"},{"@type":"ListItem","position":4,"name":"Williams"}]},{"@type":"WebSite","@id":"https:\/\/jameskaiser.com\/es\/#website","url":"https:\/\/jameskaiser.com\/es\/","name":"James Kaiser","description":"National Park Guides","publisher":{"@id":"https:\/\/jameskaiser.com\/es\/#\/schema\/person\/5981104745a0770ef7007991f80d4ca0"},"potentialAction":[{"@type":"SearchAction","target":{"@type":"EntryPoint","urlTemplate":"https:\/\/jameskaiser.com\/es\/?s={search_term_string}"},"query-input":{"@type":"PropertyValueSpecification","valueRequired":true,"valueName":"search_term_string"}}],"inLanguage":"es"},{"@type":["Person","Organization"],"@id":"https:\/\/jameskaiser.com\/es\/#\/schema\/person\/5981104745a0770ef7007991f80d4ca0","name":"James Kaiser","image":{"@type":"ImageObject","inLanguage":"es","@id":"https:\/\/secure.gravatar.com\/avatar\/9acc818dc334ece1637aed9a07c32b99dacc4c73e4cf79079b19ba425f2c2d0c?s=96&d=mm&r=g","url":"https:\/\/secure.gravatar.com\/avatar\/9acc818dc334ece1637aed9a07c32b99dacc4c73e4cf79079b19ba425f2c2d0c?s=96&d=mm&r=g","contentUrl":"https:\/\/secure.gravatar.com\/avatar\/9acc818dc334ece1637aed9a07c32b99dacc4c73e4cf79079b19ba425f2c2d0c?s=96&d=mm&r=g","caption":"James Kaiser"},"logo":{"@id":"https:\/\/secure.gravatar.com\/avatar\/9acc818dc334ece1637aed9a07c32b99dacc4c73e4cf79079b19ba425f2c2d0c?s=96&d=mm&r=g"},"description":"James Kaiser is an award-winning travel writer and photographer whose work has appeared on the cover of \"National Geographic.\" He has written bestselling guidebooks to Costa Rica, Grand Canyon, Yosemite, Acadia, Joshua Tree, and Zion National Park.","sameAs":["http:\/\/www.jameskaiser.com","https:\/\/www.facebook.com\/JamesKaiserTraveler","https:\/\/x.com\/JamesKaiser_"]}]}},"_links":{"self":[{"href":"https:\/\/jameskaiser.com\/es\/wp-json\/wp\/v2\/pages\/10210","targetHints":{"allow":["GET"]}}],"collection":[{"href":"https:\/\/jameskaiser.com\/es\/wp-json\/wp\/v2\/pages"}],"about":[{"href":"https:\/\/jameskaiser.com\/es\/wp-json\/wp\/v2\/types\/page"}],"author":[{"embeddable":true,"href":"https:\/\/jameskaiser.com\/es\/wp-json\/wp\/v2\/users\/3"}],"replies":[{"embeddable":true,"href":"https:\/\/jameskaiser.com\/es\/wp-json\/wp\/v2\/comments?post=10210"}],"version-history":[{"count":0,"href":"https:\/\/jameskaiser.com\/es\/wp-json\/wp\/v2\/pages\/10210\/revisions"}],"up":[{"embeddable":true,"href":"https:\/\/jameskaiser.com\/es\/wp-json\/wp\/v2\/pages\/9733"}],"wp:attachment":[{"href":"https:\/\/jameskaiser.com\/es\/wp-json\/wp\/v2\/media?parent=10210"}],"curies":[{"name":"wp","href":"https:\/\/api.w.org\/{rel}","templated":true}]}}