{"id":10195,"date":"2020-02-15T19:14:39","date_gmt":"2020-02-15T19:14:39","guid":{"rendered":"https:\/\/jameskaiser.com\/?page_id=10195"},"modified":"2020-03-07T16:02:32","modified_gmt":"2020-03-07T16:02:32","slug":"borde-norte","status":"publish","type":"page","link":"https:\/\/jameskaiser.com\/es\/gran-canon\/hoteles\/borde-norte\/","title":{"rendered":"LOS MEJORES HOTELES EN EL BORDE NORTE DEL GRAN CA\u00d1\u00d3N"},"content":{"rendered":"\n<figure class=\"wp-block-image size-large\"><img loading=\"lazy\" decoding=\"async\" width=\"700\" height=\"840\" src=\"https:\/\/jameskaiser.com\/wp-content\/uploads\/2020\/02\/gran-can\u0303on-hoteles-north-rim.jpg\" alt=\"Gran Ca\u00f1\u00f3n Hoteles North Rim\" class=\"wp-image-10253\" srcset=\"https:\/\/jameskaiser.com\/wp-content\/uploads\/2020\/02\/gran-can\u0303on-hoteles-north-rim.jpg 700w, https:\/\/jameskaiser.com\/wp-content\/uploads\/2020\/02\/gran-can\u0303on-hoteles-north-rim-250x300.jpg 250w\" sizes=\"auto, (max-width: 700px) 100vw, 700px\" \/><\/figure>\n\n\n\n<p>El borde norte (North Rim) del Gran Ca\u00f1\u00f3n es hogar de uno de los mejores hoteles del parque: El Grand Canyon Lodge. Adicionalmente, hay unos cuantos hoteles cerca al North Rim en los peque\u00f1os pueblos justo afuera del parque. <\/p>\n\n\n\n<p>Pero llegar al North Rim no es f\u00e1cil. A pesar que el North Rim se ubica a unas 10 millas (16 Km) del South Rim a vuelo de p\u00e1jaro, para nosotros confinados a vivir en tierra, tenemos que manejar 200 millas (321 Km) alrededor del Gran Ca\u00f1\u00f3n para llegar hasta all\u00ed. El North Rim es remoto. El aeropuerto m\u00e1s cercano es el McCarran en Las Vegas, 280 millas (450 Km) al suroeste.  <\/p>\n\n\n\n<p>Viajar al North Rim tambi\u00e9n significa conducir por uno de los lugares menos habitados en Estados Unidos continental. Como resultado, menos de uno entre diez visitantes del Gran Ca\u00f1\u00f3n visita el North Rim. Pero aquellos que lo visitan, son premiados con menos turistas y unas de las vistas del Gran Ca\u00f1\u00f3n m\u00e1s espectaculares. Es por esto que el North Rim es uno de mis lugares favoritos en el Parque Nacional Gran Ca\u00f1\u00f3n. <\/p>\n\n\n\n<h2 class=\"wp-block-heading\">Grand Canyon North Rim Hotels<\/h2>\n\n\n\n<figure><iframe loading=\"lazy\" src=\"https:\/\/a.tiles.mapbox.com\/v4\/jkaiser.n37l1bmd\/attribution,zoompan,geocoder,share.html?access_token=pk.eyJ1IjoiamthaXNlciIsImEiOiJ1VEViOVR3In0.OCfmk_gSUH-5bMoj0n96yg\" width=\"100%\" height=\"400px\" frameborder=\"0\"><\/iframe><\/figure>\n\n\n\n<h3 class=\"wp-block-heading\"><i class=\"fa fa-star\"><\/i> = Recomendado<\/h3>\n\n\n\n<figure class=\"wp-block-image size-large\"><img loading=\"lazy\" decoding=\"async\" width=\"750\" height=\"536\" src=\"https:\/\/jameskaiser.com\/wp-content\/uploads\/2020\/02\/gran-can\u0303on-north-rim-lodge.jpg\" alt=\"Gran Ca\u00f1\u00f3n North Rim Lodge\" class=\"wp-image-10254\" srcset=\"https:\/\/jameskaiser.com\/wp-content\/uploads\/2020\/02\/gran-can\u0303on-north-rim-lodge.jpg 750w, https:\/\/jameskaiser.com\/wp-content\/uploads\/2020\/02\/gran-can\u0303on-north-rim-lodge-300x214.jpg 300w\" sizes=\"auto, (max-width: 750px) 100vw, 750px\" \/><\/figure>\n\n\n\n<h2 class=\"wp-block-heading\"><i class=\"fa fa-star\"><\/i> Grand Canyon Lodge<\/h2>\n\n\n\n<p>Ubicado justo sobre el borde del Gran Ca\u00f1\u00f3n, este hotel r\u00fastico ofrece la \u00fanica opci\u00f3n de alojamiento en el lado norte del Gran Ca\u00f1\u00f3n. All\u00ed podr\u00e1s encontrar habitaciones tipo motel y caba\u00f1as privadas,   pero todas son reservadas con meses de anticipaci\u00f3n durante el verano. <\/p>\n\n\n\n<p>El Grand Canyon Lodge ofrece una vista tremenda del ca\u00f1\u00f3n desde sus dos terrazas al aire libre. Durante el d\u00eda, estas terrazas se convierten en lugares excepcionales para relajarse y observar a la distancia. En la noche, casi siempre podr\u00e1s encontrar una fogata en la terraza ubicada al este. En medio de las dos terrazas est\u00e1 la sala interna conocida como Sun Room donde puedes sentarte en c\u00f3modas poltronas de cuero ubicadas frente a enormes ventanas que te permiten ver el Gran Ca\u00f1\u00f3n con toda comodidad. El Sun Room es un gran lugar para ver las tormentas de monz\u00f3n del verano. Tambi\u00e9n es hogar de una estatua de bronce conocida como Brighty the Mule (frota su nariz para la buena suerte), y sobre la chimenea hay una estatua grande de una figura Hopi.  Tambi\u00e9n podr\u00e1s encontrar all\u00ed unos fabulosos tapetes Navajo distribuidos a lo largo del lodge.<\/p>\n\n\n\n<p>El  Grand Canyon Lodge original, construido en 1928, fue la obra maestra de   Stephen Mather, el primer director del servicio de Parques Nacionales. En 1920 Mather lider\u00f3 la construcci\u00f3n de los grandes lodges en los parques nacionales. Estos hermosos hoteles ayudaron a los visitantes a disfrutar de los parques nacionales, lo que a su vez ayud\u00f3 a justificar la creaci\u00f3n del servicio de Parques Nacionales.  Dise\u00f1ado por Gilbert Stanley Underwood\u2014el arquitecto detr\u00e1s del famoso Ahwahnee Hotel en Yosemite\u2014el Grand Canyon Lodge original fue construido con pinos ponderosa nativos y piedra caliza Kaibab. Pero s\u00f3lo cuatro a\u00f1os despu\u00e9s de ser inaugurado, la estructura original fue consumida por las llamas en un tr\u00e1gico incendio. Solo se salvaron los edificios aleda\u00f1os, que siguen en servicio al d\u00eda de hoy. El lodge actual fue construido en 1936. Cuando fue terminado, el nuevo hotel ten\u00eda mejoras tales como vigas de acero (en vez de vigas inflamables de pino) y techos inclinados para soportar la pesada nieve del North Rim.  <\/p>\n\n\n\n<p><a href=\"http:\/\/www.grandcanyonforever.com\/\" target=\"_blank\" rel=\"noopener noreferrer\">Grand Canyon Lodge website<\/a><\/p>\n\n\n\n<h2 class=\"wp-block-heading\">Hoteles Cerca al North Rim<\/h2>\n\n\n\n<figure class=\"wp-block-image size-large\"><img loading=\"lazy\" decoding=\"async\" width=\"600\" height=\"404\" src=\"https:\/\/jameskaiser.com\/wp-content\/uploads\/2020\/02\/gran-can\u0303on-jacob-lake-lodge.jpg\" alt=\"Gran Ca\u00f1\u00f3n North Rim Jacob Lake Lodge\" class=\"wp-image-10255\" srcset=\"https:\/\/jameskaiser.com\/wp-content\/uploads\/2020\/02\/gran-can\u0303on-jacob-lake-lodge.jpg 600w, https:\/\/jameskaiser.com\/wp-content\/uploads\/2020\/02\/gran-can\u0303on-jacob-lake-lodge-300x202.jpg 300w\" sizes=\"auto, (max-width: 600px) 100vw, 600px\" \/><\/figure>\n\n\n\n<h2 class=\"wp-block-heading\"><i class=\"fa fa-star\"><\/i><a href=\"http:\/\/www.jacoblake.com\/\" target=\"_blank\" rel=\"noopener noreferrer\">Jacob Lake Inn<\/a><\/h2>\n\n\n\n<figure class=\"wp-block-image size-large\"><img loading=\"lazy\" decoding=\"async\" width=\"600\" height=\"370\" src=\"https:\/\/jameskaiser.com\/wp-content\/uploads\/2020\/02\/gran-can\u0303on-north-rim-kaibab-lodge.jpg\" alt=\"Gran Ca\u00f1\u00f3n North Rim Kaibab Lodge\" class=\"wp-image-10256\" srcset=\"https:\/\/jameskaiser.com\/wp-content\/uploads\/2020\/02\/gran-can\u0303on-north-rim-kaibab-lodge.jpg 600w, https:\/\/jameskaiser.com\/wp-content\/uploads\/2020\/02\/gran-can\u0303on-north-rim-kaibab-lodge-300x185.jpg 300w\" sizes=\"auto, (max-width: 600px) 100vw, 600px\" \/><\/figure>\n\n\n\n<h2 class=\"wp-block-heading\"><a href=\"http:\/\/kaibablodge.com\/\" target=\"_blank\" rel=\"noopener noreferrer\">Kaibab Lodge<\/a><\/h2>\n\n\n\n<h2 class=\"wp-block-heading\">Hoteles en el North Rim en Medio de la Nada<\/h2>\n\n\n\n<figure class=\"wp-block-image size-large\"><img loading=\"lazy\" decoding=\"async\" width=\"600\" height=\"398\" src=\"https:\/\/jameskaiser.com\/wp-content\/uploads\/2020\/02\/gran-can\u0303on-north-rim-bar-10-ranch-.jpg\" alt=\"Gran Ca\u00f1\u00f3n North Rim Bar 10 Ranch\" class=\"wp-image-10257\" srcset=\"https:\/\/jameskaiser.com\/wp-content\/uploads\/2020\/02\/gran-can\u0303on-north-rim-bar-10-ranch-.jpg 600w, https:\/\/jameskaiser.com\/wp-content\/uploads\/2020\/02\/gran-can\u0303on-north-rim-bar-10-ranch--300x199.jpg 300w\" sizes=\"auto, (max-width: 600px) 100vw, 600px\" \/><\/figure>\n\n\n\n<h2 class=\"wp-block-heading\"><i class=\"fa fa-star\"><\/i><a href=\"http:\/\/www.bar10.com\/\" target=\"_blank\" rel=\"noopener noreferrer\">Bar 10 Ranch<\/a><\/h2>\n\n\n\n<div style=\"height:30px\" aria-hidden=\"true\" class=\"wp-block-spacer\"><\/div>\n","protected":false},"excerpt":{"rendered":"<p>El borde norte (North Rim) del Gran Ca\u00f1\u00f3n es hogar de uno de los mejores hoteles del parque: El Grand Canyon Lodge. Adicionalmente, hay unos cuantos hoteles cerca al North Rim en los peque\u00f1os pueblos justo afuera del parque. Pero llegar al North Rim no es f\u00e1cil. A pesar que el North Rim se ubica [&hellip;]<\/p>\n","protected":false},"author":3,"featured_media":0,"parent":9733,"menu_order":0,"comment_status":"closed","ping_status":"closed","template":"","meta":{"footnotes":""},"class_list":["post-10195","page","type-page","status-publish","hentry"],"yoast_head":"<!-- This site is optimized with the Yoast SEO Premium plugin v27.0 (Yoast SEO v27.3) - https:\/\/yoast.com\/product\/yoast-seo-premium-wordpress\/ -->\n<title>Los Mejores hoteles en el Borde Norte en el Gran Ca\u00f1\u00f3n &#8226; James Kaiser<\/title>\n<meta name=\"description\" content=\"Lista con los mejores hoteles el borde norte en el Gran Ca\u00f1\u00f3n. Hoteles econ\u00f3micos, B&amp;Bs, y lujosos. Encuentra las mejores opciones de alojamiento.\" \/>\n<meta name=\"robots\" content=\"index, follow, max-snippet:-1, max-image-preview:large, max-video-preview:-1\" \/>\n<link rel=\"canonical\" href=\"https:\/\/jameskaiser.com\/es\/gran-canon\/hoteles\/borde-norte\/\" \/>\n<meta property=\"og:locale\" content=\"es_ES\" \/>\n<meta property=\"og:type\" content=\"article\" \/>\n<meta property=\"og:title\" content=\"LOS MEJORES HOTELES EN EL BORDE NORTE DEL GRAN CA\u00d1\u00d3N\" \/>\n<meta property=\"og:description\" content=\"Lista con los mejores hoteles el borde norte en el Gran Ca\u00f1\u00f3n. Hoteles econ\u00f3micos, B&amp;Bs, y lujosos. Encuentra las mejores opciones de alojamiento.\" \/>\n<meta property=\"og:url\" content=\"https:\/\/jameskaiser.com\/es\/gran-canon\/hoteles\/borde-norte\/\" \/>\n<meta property=\"og:site_name\" content=\"James Kaiser\" \/>\n<meta property=\"article:publisher\" content=\"https:\/\/www.facebook.com\/JamesKaiserTraveler\" \/>\n<meta property=\"article:modified_time\" content=\"2020-03-07T16:02:32+00:00\" \/>\n<meta property=\"og:image\" content=\"https:\/\/jameskaiser.com\/wp-content\/uploads\/2020\/02\/gran-can\u0303on-hoteles-north-rim.jpg\" \/>\n<meta name=\"twitter:card\" content=\"summary_large_image\" \/>\n<meta name=\"twitter:site\" content=\"@JamesKaiser_\" \/>\n<meta name=\"twitter:label1\" content=\"Tiempo de lectura\" \/>\n\t<meta name=\"twitter:data1\" content=\"3 minutos\" \/>\n<script type=\"application\/ld+json\" class=\"yoast-schema-graph\">{\"@context\":\"https:\\\/\\\/schema.org\",\"@graph\":[{\"@type\":\"WebPage\",\"@id\":\"https:\\\/\\\/jameskaiser.com\\\/es\\\/gran-canon\\\/hoteles\\\/borde-norte\\\/\",\"url\":\"https:\\\/\\\/jameskaiser.com\\\/es\\\/gran-canon\\\/hoteles\\\/borde-norte\\\/\",\"name\":\"Los Mejores hoteles en el Borde Norte en el Gran Ca\u00f1\u00f3n &#8226; James Kaiser\",\"isPartOf\":{\"@id\":\"https:\\\/\\\/jameskaiser.com\\\/es\\\/#website\"},\"datePublished\":\"2020-02-15T19:14:39+00:00\",\"dateModified\":\"2020-03-07T16:02:32+00:00\",\"description\":\"Lista con los mejores hoteles el borde norte en el Gran Ca\u00f1\u00f3n. Hoteles econ\u00f3micos, B&Bs, y lujosos. Encuentra las mejores opciones de alojamiento.\",\"breadcrumb\":{\"@id\":\"https:\\\/\\\/jameskaiser.com\\\/es\\\/gran-canon\\\/hoteles\\\/borde-norte\\\/#breadcrumb\"},\"inLanguage\":\"es\",\"potentialAction\":[{\"@type\":\"ReadAction\",\"target\":[\"https:\\\/\\\/jameskaiser.com\\\/es\\\/gran-canon\\\/hoteles\\\/borde-norte\\\/\"]}]},{\"@type\":\"BreadcrumbList\",\"@id\":\"https:\\\/\\\/jameskaiser.com\\\/es\\\/gran-canon\\\/hoteles\\\/borde-norte\\\/#breadcrumb\",\"itemListElement\":[{\"@type\":\"ListItem\",\"position\":1,\"name\":\"Home\",\"item\":\"https:\\\/\\\/jameskaiser.com\\\/es\\\/\"},{\"@type\":\"ListItem\",\"position\":2,\"name\":\"Gran Ca\u00f1\u00f3n\",\"item\":\"https:\\\/\\\/jameskaiser.com\\\/es\\\/gran-canon\\\/\"},{\"@type\":\"ListItem\",\"position\":3,\"name\":\"Hoteles\",\"item\":\"https:\\\/\\\/jameskaiser.com\\\/es\\\/gran-canon\\\/hoteles\\\/\"},{\"@type\":\"ListItem\",\"position\":4,\"name\":\"North Rim\"}]},{\"@type\":\"WebSite\",\"@id\":\"https:\\\/\\\/jameskaiser.com\\\/es\\\/#website\",\"url\":\"https:\\\/\\\/jameskaiser.com\\\/es\\\/\",\"name\":\"James Kaiser\",\"description\":\"National Park Guides\",\"publisher\":{\"@id\":\"https:\\\/\\\/jameskaiser.com\\\/es\\\/#\\\/schema\\\/person\\\/5981104745a0770ef7007991f80d4ca0\"},\"potentialAction\":[{\"@type\":\"SearchAction\",\"target\":{\"@type\":\"EntryPoint\",\"urlTemplate\":\"https:\\\/\\\/jameskaiser.com\\\/es\\\/?s={search_term_string}\"},\"query-input\":{\"@type\":\"PropertyValueSpecification\",\"valueRequired\":true,\"valueName\":\"search_term_string\"}}],\"inLanguage\":\"es\"},{\"@type\":[\"Person\",\"Organization\"],\"@id\":\"https:\\\/\\\/jameskaiser.com\\\/es\\\/#\\\/schema\\\/person\\\/5981104745a0770ef7007991f80d4ca0\",\"name\":\"James Kaiser\",\"image\":{\"@type\":\"ImageObject\",\"inLanguage\":\"es\",\"@id\":\"https:\\\/\\\/secure.gravatar.com\\\/avatar\\\/9acc818dc334ece1637aed9a07c32b99dacc4c73e4cf79079b19ba425f2c2d0c?s=96&d=mm&r=g\",\"url\":\"https:\\\/\\\/secure.gravatar.com\\\/avatar\\\/9acc818dc334ece1637aed9a07c32b99dacc4c73e4cf79079b19ba425f2c2d0c?s=96&d=mm&r=g\",\"contentUrl\":\"https:\\\/\\\/secure.gravatar.com\\\/avatar\\\/9acc818dc334ece1637aed9a07c32b99dacc4c73e4cf79079b19ba425f2c2d0c?s=96&d=mm&r=g\",\"caption\":\"James Kaiser\"},\"logo\":{\"@id\":\"https:\\\/\\\/secure.gravatar.com\\\/avatar\\\/9acc818dc334ece1637aed9a07c32b99dacc4c73e4cf79079b19ba425f2c2d0c?s=96&d=mm&r=g\"},\"description\":\"James Kaiser is an award-winning travel writer and photographer whose work has appeared on the cover of \\\"National Geographic.\\\" He has written bestselling guidebooks to Costa Rica, Grand Canyon, Yosemite, Acadia, Joshua Tree, and Zion National Park.\",\"sameAs\":[\"http:\\\/\\\/www.jameskaiser.com\",\"https:\\\/\\\/www.facebook.com\\\/JamesKaiserTraveler\",\"https:\\\/\\\/x.com\\\/JamesKaiser_\"]}]}<\/script>\n<!-- \/ Yoast SEO Premium plugin. -->","yoast_head_json":{"title":"Los Mejores hoteles en el Borde Norte en el Gran Ca\u00f1\u00f3n &#8226; James Kaiser","description":"Lista con los mejores hoteles el borde norte en el Gran Ca\u00f1\u00f3n. Hoteles econ\u00f3micos, B&Bs, y lujosos. Encuentra las mejores opciones de alojamiento.","robots":{"index":"index","follow":"follow","max-snippet":"max-snippet:-1","max-image-preview":"max-image-preview:large","max-video-preview":"max-video-preview:-1"},"canonical":"https:\/\/jameskaiser.com\/es\/gran-canon\/hoteles\/borde-norte\/","og_locale":"es_ES","og_type":"article","og_title":"LOS MEJORES HOTELES EN EL BORDE NORTE DEL GRAN CA\u00d1\u00d3N","og_description":"Lista con los mejores hoteles el borde norte en el Gran Ca\u00f1\u00f3n. Hoteles econ\u00f3micos, B&Bs, y lujosos. Encuentra las mejores opciones de alojamiento.","og_url":"https:\/\/jameskaiser.com\/es\/gran-canon\/hoteles\/borde-norte\/","og_site_name":"James Kaiser","article_publisher":"https:\/\/www.facebook.com\/JamesKaiserTraveler","article_modified_time":"2020-03-07T16:02:32+00:00","og_image":[{"url":"https:\/\/jameskaiser.com\/wp-content\/uploads\/2020\/02\/gran-can\u0303on-hoteles-north-rim.jpg","type":"","width":"","height":""}],"twitter_card":"summary_large_image","twitter_site":"@JamesKaiser_","twitter_misc":{"Tiempo de lectura":"3 minutos"},"schema":{"@context":"https:\/\/schema.org","@graph":[{"@type":"WebPage","@id":"https:\/\/jameskaiser.com\/es\/gran-canon\/hoteles\/borde-norte\/","url":"https:\/\/jameskaiser.com\/es\/gran-canon\/hoteles\/borde-norte\/","name":"Los Mejores hoteles en el Borde Norte en el Gran Ca\u00f1\u00f3n &#8226; James Kaiser","isPartOf":{"@id":"https:\/\/jameskaiser.com\/es\/#website"},"datePublished":"2020-02-15T19:14:39+00:00","dateModified":"2020-03-07T16:02:32+00:00","description":"Lista con los mejores hoteles el borde norte en el Gran Ca\u00f1\u00f3n. Hoteles econ\u00f3micos, B&Bs, y lujosos. Encuentra las mejores opciones de alojamiento.","breadcrumb":{"@id":"https:\/\/jameskaiser.com\/es\/gran-canon\/hoteles\/borde-norte\/#breadcrumb"},"inLanguage":"es","potentialAction":[{"@type":"ReadAction","target":["https:\/\/jameskaiser.com\/es\/gran-canon\/hoteles\/borde-norte\/"]}]},{"@type":"BreadcrumbList","@id":"https:\/\/jameskaiser.com\/es\/gran-canon\/hoteles\/borde-norte\/#breadcrumb","itemListElement":[{"@type":"ListItem","position":1,"name":"Home","item":"https:\/\/jameskaiser.com\/es\/"},{"@type":"ListItem","position":2,"name":"Gran Ca\u00f1\u00f3n","item":"https:\/\/jameskaiser.com\/es\/gran-canon\/"},{"@type":"ListItem","position":3,"name":"Hoteles","item":"https:\/\/jameskaiser.com\/es\/gran-canon\/hoteles\/"},{"@type":"ListItem","position":4,"name":"North Rim"}]},{"@type":"WebSite","@id":"https:\/\/jameskaiser.com\/es\/#website","url":"https:\/\/jameskaiser.com\/es\/","name":"James Kaiser","description":"National Park Guides","publisher":{"@id":"https:\/\/jameskaiser.com\/es\/#\/schema\/person\/5981104745a0770ef7007991f80d4ca0"},"potentialAction":[{"@type":"SearchAction","target":{"@type":"EntryPoint","urlTemplate":"https:\/\/jameskaiser.com\/es\/?s={search_term_string}"},"query-input":{"@type":"PropertyValueSpecification","valueRequired":true,"valueName":"search_term_string"}}],"inLanguage":"es"},{"@type":["Person","Organization"],"@id":"https:\/\/jameskaiser.com\/es\/#\/schema\/person\/5981104745a0770ef7007991f80d4ca0","name":"James Kaiser","image":{"@type":"ImageObject","inLanguage":"es","@id":"https:\/\/secure.gravatar.com\/avatar\/9acc818dc334ece1637aed9a07c32b99dacc4c73e4cf79079b19ba425f2c2d0c?s=96&d=mm&r=g","url":"https:\/\/secure.gravatar.com\/avatar\/9acc818dc334ece1637aed9a07c32b99dacc4c73e4cf79079b19ba425f2c2d0c?s=96&d=mm&r=g","contentUrl":"https:\/\/secure.gravatar.com\/avatar\/9acc818dc334ece1637aed9a07c32b99dacc4c73e4cf79079b19ba425f2c2d0c?s=96&d=mm&r=g","caption":"James Kaiser"},"logo":{"@id":"https:\/\/secure.gravatar.com\/avatar\/9acc818dc334ece1637aed9a07c32b99dacc4c73e4cf79079b19ba425f2c2d0c?s=96&d=mm&r=g"},"description":"James Kaiser is an award-winning travel writer and photographer whose work has appeared on the cover of \"National Geographic.\" He has written bestselling guidebooks to Costa Rica, Grand Canyon, Yosemite, Acadia, Joshua Tree, and Zion National Park.","sameAs":["http:\/\/www.jameskaiser.com","https:\/\/www.facebook.com\/JamesKaiserTraveler","https:\/\/x.com\/JamesKaiser_"]}]}},"_links":{"self":[{"href":"https:\/\/jameskaiser.com\/es\/wp-json\/wp\/v2\/pages\/10195","targetHints":{"allow":["GET"]}}],"collection":[{"href":"https:\/\/jameskaiser.com\/es\/wp-json\/wp\/v2\/pages"}],"about":[{"href":"https:\/\/jameskaiser.com\/es\/wp-json\/wp\/v2\/types\/page"}],"author":[{"embeddable":true,"href":"https:\/\/jameskaiser.com\/es\/wp-json\/wp\/v2\/users\/3"}],"replies":[{"embeddable":true,"href":"https:\/\/jameskaiser.com\/es\/wp-json\/wp\/v2\/comments?post=10195"}],"version-history":[{"count":0,"href":"https:\/\/jameskaiser.com\/es\/wp-json\/wp\/v2\/pages\/10195\/revisions"}],"up":[{"embeddable":true,"href":"https:\/\/jameskaiser.com\/es\/wp-json\/wp\/v2\/pages\/9733"}],"wp:attachment":[{"href":"https:\/\/jameskaiser.com\/es\/wp-json\/wp\/v2\/media?parent=10195"}],"curies":[{"name":"wp","href":"https:\/\/api.w.org\/{rel}","templated":true}]}}