{"id":10187,"date":"2020-02-15T19:08:17","date_gmt":"2020-02-15T19:08:17","guid":{"rendered":"https:\/\/jameskaiser.com\/?page_id=10187"},"modified":"2020-03-12T13:41:36","modified_gmt":"2020-03-12T13:41:36","slug":"geologia","status":"publish","type":"page","link":"https:\/\/jameskaiser.com\/es\/gran-canon\/geologia\/","title":{"rendered":"C\u00f3mo se form\u00f3 el Gran Ca\u00f1\u00f3n"},"content":{"rendered":"\n<figure class=\"wp-block-image size-large\"><img loading=\"lazy\" decoding=\"async\" width=\"700\" height=\"840\" src=\"https:\/\/jameskaiser.com\/wp-content\/uploads\/2020\/02\/gran-can\u0303on-geologia.jpg\" alt=\"Geolog\u00eda en el Parque Nacional Gran Ca\u00f1\u00f3n \" class=\"wp-image-10322\"\/><\/figure>\n\n\n\n<p>La geolog\u00eda del Gran Ca\u00f1\u00f3n es uno de los aspectos m\u00e1s sorprendentes del parque. En el planeta solo hay unos pocos lugares con tantas formaciones rocosas interesantes en un mismo escenario. Me atrevo a decir que si \u00e9stas estuvieran en otros lugares, muchas de estas formaciones rocosa ser\u00edan famosas a nivel mundial por s\u00ed mismas. Pero en la profundidad del Gran Ca\u00f1\u00f3n, \u00e9stas se forman por docenas. Mesas que parecen arcoiris rojizos, templos y cuellos volc\u00e1nicos que se descuelgan en cascada desde el borde del ca\u00f1\u00f3n, extendi\u00e9ndose por millas en todas las direcciones. <\/p>\n\n\n\n<p>Visualmente, hay mucho por ver\u2014muchos colores, texturas, y sombras\u2014que tu sentido de perspectiva casi siempre fundir\u00e1 a lo lejos.  El alcance del paisaje a lo lejos es vertiginoso, lo cual hace muy divertida la experiencia de observar a los lejos el Gran Ca\u00f1\u00f3n desde el borde. <\/p>\n\n\n\n<p>Incluso si no sabes nada sobre geolog\u00eda, el Gran Ca\u00f1\u00f3n es a\u00fan un espect\u00e1culo impresionante. Pero t\u00f3mate el tiempo de aprender sobre las fuerzas que crearon el ca\u00f1\u00f3n, y lo ver\u00e1s con otros ojos. De repente, lo que pensabas que era incre\u00edble se convertir\u00e1 en algo totalmente alucinante. Lo que alguna vez te dej\u00f3 sin aliento ahora te revolver\u00e1 la cabeza. <\/p>\n\n\n\n<p>En una escala de tiempo humana, el Gran Ca\u00f1\u00f3n parece antiguo, pac\u00edfico y sereno. Sin embargo en una escala de tiempo geol\u00f3gica, es j\u00f3ven, violento, y exitante. Los ge\u00f3logos se sorprendieron cuando descubrieron que el Gran Ca\u00f1\u00f3n fue creado en menos de seis millones de a\u00f1os. Cuando consideramos que la tierra tiene m\u00e1s de cuatro billones de a\u00f1os, seis millones de a\u00f1os parecen como un abrir y cerrar de ojos. Es como si el norte de Arizona se hubiera partido y pum! de repente apareci\u00f3 el Gran Ca\u00f1\u00f3n. <\/p>\n\n\n\n<p>En realidad, el norte de Arizona fue tallado por el R\u00edo Colorado. Despu\u00e9s de descender de las monta\u00f1as rocosas, el Colorado serpentea y gira a trav\u00e9s del desierto del Suroeste, llevando consigo gran cantidad de sedimento a su paso. Este sedimento\u2014una mezcla de grava, lodo y arcilla erosionada de las rocas suaves de la regi\u00f3n\u2014raspa el fondo del r\u00edo como si fuera una lija. Durante inundaciones masivas, cuando rocas de 100 toneladas caen como si fueran cubos de hielos, la tasa de erosi\u00f3n se acelera exponencialmente. Dicho esto, el r\u00edo ha cortado el ca\u00f1\u00f3n a una tasa de 6.5 pulgadas (16.5 cm) cada 1000 a\u00f1os. <\/p>\n\n\n\n<p>A lo largo de seis millones de a\u00f1os, el Colorado ha penetrado el norte de Arizona como un cuchillo partiendo un pastel de bodas. En el proceso, docenas de capas de antiguas rocas han sido expuestas, dando al Gran Ca\u00f1\u00f3n uno de las caracter\u00edsticas m\u00e1s importantes: es uno de los pocos lugares en el mundo donde puedes ver casi dos billones de la historia de la tierra solo con dar un vistazo de abajo hacia arriba.  <\/p>\n\n\n\n<div class=\"wp-block-group\"><div class=\"wp-block-group__inner-container is-layout-flow wp-block-group-is-layout-flow\">\n<hr class=\"wp-block-separator\"\/>\n\n\n\n<h4 class=\"has-text-align-center wp-block-heading\">Incre\u00edbles Tours en Helic\u00f3ptero en Gran Ca\u00f1\u00f3n!<a rel=\"noreferrer noopener\" href=\"https:\/\/www.maverickhelicopter.com\/al.aspx?id=192876&amp;b=8\" target=\"_blank\"><\/a><a href=\"https:\/\/www.maverickhelicopter.com\/al.aspx?id=192876&amp;b=8\" target=\"_blank\" rel=\"noopener noreferrer\"><\/a><a rel=\"noreferrer noopener\"><\/a><\/h4>\n\n\n\n<a href=\"https:\/\/www.maverickhelicopter.com\/al.aspx?id=192876&amp;b=8\" target=\"_blank\" rel=\"noopener noreferrer\"><img decoding=\"async\" src=\"https:\/\/www.maverickhelicopter.com\/Affiliate\/advertisments\/mav-banner-728x90_01.jpg\" border=\"0\" title=\"Book a sightseeing tour to Grand Canyon with Maverick Helicopter - Click Here\" alt=\"Book a sightseeing tour to Grand Canyon with Maverick Helicopter - Click Here\"><\/a>\n\n\n\n<div style=\"height:35px\" aria-hidden=\"true\" class=\"wp-block-spacer\"><\/div>\n\n\n\n<hr class=\"wp-block-separator\"\/>\n<\/div><\/div>\n\n\n\n<p><\/p>\n\n\n\n<figure class=\"wp-block-image size-large\"><img loading=\"lazy\" decoding=\"async\" width=\"700\" height=\"500\" src=\"https:\/\/jameskaiser.com\/wp-content\/uploads\/2020\/02\/gran-can\u0303on-can\u0303on-blacktail.jpg\" alt=\"Parque Nacional Gran Ca\u00f1\u00f3n, Ca\u00f1\u00f3n Blacktail\" class=\"wp-image-10324\"\/><\/figure>\n\n\n\n<h2 class=\"wp-block-heading\">Rocas Antiguas en el Gran Ca\u00f1\u00f3n <\/h2>\n\n\n\n<p>Muchas de las rocas en Gran Ca\u00f1\u00f3n son sedimentarias, las cuales se forman cuando los sedimentos de la arena o lodo se agrupan en capas gruesas, que con el paso del tiempo, son comprimidas en forma de roca. Las capas de roca sedimentaria se acumularon por millones de a\u00f1os en el Gran Ca\u00f1\u00f3n sobre la superficie prehist\u00f3rica del norte de Arizona, las cuales han sido hogar de dunas de arena gigantes, deltas lodosas de r\u00edos, y mares tropicales poco profundos sobre los pasados 500 millones de a\u00f1os. Estos ambientes formados como antiguos continentes se movieron alrededor del globo y antiguos oc\u00e9anos avanzaron y retrocedieron sobre esos continentes. Eventualmente, sedimentos erosionados de cada uno de estos ambientes formaron las capas distintivas de las rocas sedimentarias. Las dunas de arena fueron consolidadas en arenisca, el lodo fue comprimido en pizarra, y las conchas descartadas de animales marinos fueron convertidas en piedra caliza. <\/p>\n\n\n\n<p>Dado que las rocas del Gran Ca\u00f1\u00f3n fueron puestas una sobre la otra en forma cronol\u00f3gica, \u00e9stas reflejan una relaci\u00f3n geol\u00f3gica conocida como superposici\u00f3n. Sencillamente, esta superposici\u00f3n significa que las rocas de m\u00e1s arriba son m\u00e1s j\u00f3venes que las rocas de m\u00e1s abajo. Observa desde el borde hacia el r\u00edo y estar\u00e1s viendo esencialmente en el pasado. En el fondo del ca\u00f1\u00f3n encontrar\u00e1s la regi\u00f3n con las rocas m\u00e1s antiguas expuestas: el trono de Vishnu y el granito de Zoroastro. Estar rocas, referidas normalmente como rocas prec\u00e1mbricas de la gruta interior, son las  \u00fanicas rocas que no son sedimentarias. El trono de Vishnu es un roca metam\u00f3rfica que se form\u00f3 hace unos 1.7 billones de a\u00f1os cuando el calor intenso y la presi\u00f3n transformaron pizarra en esquisto.  Cerca de 200 millones de a\u00f1os despu\u00e9s, magma  de las profundidades de la tierra fue expulsado cayendo dentro de las grietas en el esquisto. Al enfriarse, form\u00f3 las hermosas venas en el granito rosado de Zoroastro.   <\/p>\n\n\n\n<p>Contin\u00faa en el libro  <em><a rel=\"nofollow noreferrer noopener\" aria-label=\" (opens in a new tab)\" href=\"https:\/\/amzn.to\/3SJSA5M\" target=\"_blank\">Grand Canyon: The Complete Guide<\/a><\/em><\/p>\n\n\n\n<div class=\"wp-block-group\"><div class=\"wp-block-group__inner-container is-layout-flow wp-block-group-is-layout-flow\">\n<div class=\"wp-block-group\"><div class=\"wp-block-group__inner-container is-layout-flow wp-block-group-is-layout-flow\">\n<hr class=\"wp-block-separator\"\/>\n\n\n\n<div style=\"height:35px\" aria-hidden=\"true\" class=\"wp-block-spacer\"><\/div>\n\n\n\n<h4 class=\"has-text-align-center wp-block-heading\">Quieres explorar el Gran Ca\u00f1\u00f3n con un experto? Qu\u00e9 tal hacerlo en un exclusivo tour en un Jeep Rosado!!!<\/h4>\n\n\n\n<p class=\"has-text-align-center\"><a rel=\"noopener noreferrer\" href=\"https:\/\/www.dpbolvw.net\/click-6762299-12780426\" target=\"_blank\"> <img loading=\"lazy\" decoding=\"async\" width=\"468\" height=\"60\" border=\"0\" src=\"https:\/\/www.tqlkg.com\/image-6762299-12780426\" alt=\"\"><\/a><\/p>\n\n\n\n<div style=\"height:35px\" aria-hidden=\"true\" class=\"wp-block-spacer\"><\/div>\n\n\n\n<hr class=\"wp-block-separator\"\/>\n<\/div><\/div>\n<\/div><\/div>\n\n\n\n<h3 class=\"wp-block-heading\">Tambi\u00e9n te puede interesar<\/h3>\n\n\n\n<div class=\"wp-block-columns is-layout-flex wp-container-core-columns-is-layout-28f84493 wp-block-columns-is-layout-flex\">\n<div class=\"wp-block-column is-layout-flow wp-block-column-is-layout-flow\">\n<figure class=\"wp-block-image size-large\"><a href=\"https:\/\/jameskaiser.com\/grand-canyon-guide\/\"><img decoding=\"async\" src=\"https:\/\/jameskaiser.com\/wp-content\/uploads\/2016\/01\/grand-canyon-national-park-guide-small.jpg\" alt=\"\"\/><\/a><\/figure>\n\n\n\n<h3 class=\"wp-block-heading\"><a href=\"https:\/\/jameskaiser.com\/es\/gran-canon\/\">Gu\u00eda de Viaje Parque Nacional Gran Ca\u00f1\u00f3n<\/a><\/h3>\n\n\n\n<figure class=\"wp-block-image size-large\"><a href=\"https:\/\/jameskaiser.com\/grand-canyon-guide\/avoid-the-crowds-grand-canyon\/\"><img decoding=\"async\" src=\"https:\/\/jameskaiser.com\/wp-content\/uploads\/2014\/12\/avoid-the-crowds-grand-canyon-nav.jpg\" alt=\"\"\/><\/a><\/figure>\n\n\n\n<h3 class=\"wp-block-heading\"><a href=\"https:\/\/jameskaiser.com\/es\/gran-canon\/evitar-multitudes\/\">C\u00f3mo evitar las multitudes en el Gran Ca\u00f1\u00f3n<\/a><\/h3>\n<\/div>\n\n\n\n<div class=\"wp-block-column is-layout-flow wp-block-column-is-layout-flow\">\n<figure class=\"wp-block-image size-large\"><img decoding=\"async\" src=\"https:\/\/jameskaiser.com\/wp-content\/uploads\/2016\/03\/grand-canyon-rafting-colorado.jpg\" alt=\"\"\/><\/figure>\n\n\n\n<h3 class=\"wp-block-heading\"><a href=\"https:\/\/jameskaiser.com\/es\/gran-canon\/que-hacer\/\">Los Mejores Planes para Hacer en el Gran Ca\u00f1\u00f3n<\/a><\/h3>\n\n\n\n<figure class=\"wp-block-image size-large\"><img decoding=\"async\" src=\"https:\/\/jameskaiser.com\/wp-content\/uploads\/2017\/04\/best-viewpoints-grand-canyon-national-park-nav.jpg\" alt=\"\"\/><\/figure>\n\n\n\n<h3 class=\"wp-block-heading\"><a href=\"https:\/\/jameskaiser.com\/es\/gran-canon\/miradores\/\">Los Mejores Miradores en el Gran Ca\u00f1\u00f3n<\/a><\/h3>\n\n\n\n<p><\/p>\n<\/div>\n<\/div>\n","protected":false},"excerpt":{"rendered":"<p>La geolog\u00eda del Gran Ca\u00f1\u00f3n es uno de los aspectos m\u00e1s sorprendentes del parque. En el planeta solo hay unos pocos lugares con tantas formaciones rocosas interesantes en un mismo escenario. Me atrevo a decir que si \u00e9stas estuvieran en otros lugares, muchas de estas formaciones rocosa ser\u00edan famosas a nivel mundial por s\u00ed mismas. [&hellip;]<\/p>\n","protected":false},"author":3,"featured_media":0,"parent":9595,"menu_order":0,"comment_status":"closed","ping_status":"closed","template":"","meta":{"footnotes":""},"class_list":["post-10187","page","type-page","status-publish","hentry"],"yoast_head":"<!-- This site is optimized with the Yoast SEO Premium plugin v27.4 (Yoast SEO v27.4) - https:\/\/yoast.com\/product\/yoast-seo-premium-wordpress\/ -->\n<title>C\u00f3mo se form\u00f3 el Gran Ca\u00f1\u00f3n &#8226; Geolog\u00eda &#8226; James Kaiser<\/title>\n<meta name=\"description\" content=\"Descubre la fascinante geolog\u00eda que form\u00f3 el Gran Ca\u00f1\u00f3n! Erupciones volc\u00e1nicas, \u00e9picas inundaciones, aprende los secretos que esconde el Gran Ca\u00f1\u00f3n.\" \/>\n<meta name=\"robots\" content=\"index, follow, max-snippet:-1, max-image-preview:large, max-video-preview:-1\" \/>\n<link rel=\"canonical\" href=\"https:\/\/jameskaiser.com\/es\/gran-canon\/geologia\/\" \/>\n<meta property=\"og:locale\" content=\"es_ES\" \/>\n<meta property=\"og:type\" content=\"article\" \/>\n<meta property=\"og:title\" content=\"C\u00f3mo se form\u00f3 el Gran Ca\u00f1\u00f3n\" \/>\n<meta property=\"og:description\" content=\"Descubre la fascinante geolog\u00eda que form\u00f3 el Gran Ca\u00f1\u00f3n! Erupciones volc\u00e1nicas, \u00e9picas inundaciones, aprende los secretos que esconde el Gran Ca\u00f1\u00f3n.\" \/>\n<meta property=\"og:url\" content=\"https:\/\/jameskaiser.com\/es\/gran-canon\/geologia\/\" \/>\n<meta property=\"og:site_name\" content=\"James Kaiser\" \/>\n<meta property=\"article:publisher\" content=\"https:\/\/www.facebook.com\/JamesKaiserTraveler\" \/>\n<meta property=\"article:modified_time\" content=\"2020-03-12T13:41:36+00:00\" \/>\n<meta property=\"og:image\" content=\"https:\/\/jameskaiser.com\/wp-content\/uploads\/2020\/02\/gran-can\u0303on-geologia.jpg\" \/>\n<meta name=\"twitter:card\" content=\"summary_large_image\" \/>\n<meta name=\"twitter:site\" content=\"@JamesKaiser_\" \/>\n<meta name=\"twitter:label1\" content=\"Tiempo de lectura\" \/>\n\t<meta name=\"twitter:data1\" content=\"5 minutos\" \/>\n<script type=\"application\/ld+json\" class=\"yoast-schema-graph\">{\"@context\":\"https:\\\/\\\/schema.org\",\"@graph\":[{\"@type\":\"WebPage\",\"@id\":\"https:\\\/\\\/jameskaiser.com\\\/es\\\/gran-canon\\\/geologia\\\/\",\"url\":\"https:\\\/\\\/jameskaiser.com\\\/es\\\/gran-canon\\\/geologia\\\/\",\"name\":\"C\u00f3mo se form\u00f3 el Gran Ca\u00f1\u00f3n &#8226; Geolog\u00eda &#8226; James Kaiser\",\"isPartOf\":{\"@id\":\"https:\\\/\\\/jameskaiser.com\\\/es\\\/#website\"},\"primaryImageOfPage\":{\"@id\":\"https:\\\/\\\/jameskaiser.com\\\/es\\\/gran-canon\\\/geologia\\\/#primaryimage\"},\"image\":{\"@id\":\"https:\\\/\\\/jameskaiser.com\\\/es\\\/gran-canon\\\/geologia\\\/#primaryimage\"},\"thumbnailUrl\":\"https:\\\/\\\/jameskaiser.com\\\/wp-content\\\/uploads\\\/2016\\\/01\\\/grand-canyon-national-park-guide-small.jpg\",\"datePublished\":\"2020-02-15T19:08:17+00:00\",\"dateModified\":\"2020-03-12T13:41:36+00:00\",\"description\":\"Descubre la fascinante geolog\u00eda que form\u00f3 el Gran Ca\u00f1\u00f3n! Erupciones volc\u00e1nicas, \u00e9picas inundaciones, aprende los secretos que esconde el Gran Ca\u00f1\u00f3n.\",\"breadcrumb\":{\"@id\":\"https:\\\/\\\/jameskaiser.com\\\/es\\\/gran-canon\\\/geologia\\\/#breadcrumb\"},\"inLanguage\":\"es\",\"potentialAction\":[{\"@type\":\"ReadAction\",\"target\":[\"https:\\\/\\\/jameskaiser.com\\\/es\\\/gran-canon\\\/geologia\\\/\"]}]},{\"@type\":\"ImageObject\",\"inLanguage\":\"es\",\"@id\":\"https:\\\/\\\/jameskaiser.com\\\/es\\\/gran-canon\\\/geologia\\\/#primaryimage\",\"url\":\"https:\\\/\\\/jameskaiser.com\\\/wp-content\\\/uploads\\\/2016\\\/01\\\/grand-canyon-national-park-guide-small.jpg\",\"contentUrl\":\"https:\\\/\\\/jameskaiser.com\\\/wp-content\\\/uploads\\\/2016\\\/01\\\/grand-canyon-national-park-guide-small.jpg\"},{\"@type\":\"BreadcrumbList\",\"@id\":\"https:\\\/\\\/jameskaiser.com\\\/es\\\/gran-canon\\\/geologia\\\/#breadcrumb\",\"itemListElement\":[{\"@type\":\"ListItem\",\"position\":1,\"name\":\"Home\",\"item\":\"https:\\\/\\\/jameskaiser.com\\\/es\\\/\"},{\"@type\":\"ListItem\",\"position\":2,\"name\":\"Gran Ca\u00f1\u00f3n\",\"item\":\"https:\\\/\\\/jameskaiser.com\\\/es\\\/gran-canon\\\/\"},{\"@type\":\"ListItem\",\"position\":3,\"name\":\"Geolog\u00eda\"}]},{\"@type\":\"WebSite\",\"@id\":\"https:\\\/\\\/jameskaiser.com\\\/es\\\/#website\",\"url\":\"https:\\\/\\\/jameskaiser.com\\\/es\\\/\",\"name\":\"James Kaiser\",\"description\":\"National Park Guides\",\"publisher\":{\"@id\":\"https:\\\/\\\/jameskaiser.com\\\/es\\\/#\\\/schema\\\/person\\\/5981104745a0770ef7007991f80d4ca0\"},\"potentialAction\":[{\"@type\":\"SearchAction\",\"target\":{\"@type\":\"EntryPoint\",\"urlTemplate\":\"https:\\\/\\\/jameskaiser.com\\\/es\\\/?s={search_term_string}\"},\"query-input\":{\"@type\":\"PropertyValueSpecification\",\"valueRequired\":true,\"valueName\":\"search_term_string\"}}],\"inLanguage\":\"es\"},{\"@type\":[\"Person\",\"Organization\"],\"@id\":\"https:\\\/\\\/jameskaiser.com\\\/es\\\/#\\\/schema\\\/person\\\/5981104745a0770ef7007991f80d4ca0\",\"name\":\"James Kaiser\",\"image\":{\"@type\":\"ImageObject\",\"inLanguage\":\"es\",\"@id\":\"https:\\\/\\\/secure.gravatar.com\\\/avatar\\\/9acc818dc334ece1637aed9a07c32b99dacc4c73e4cf79079b19ba425f2c2d0c?s=96&d=mm&r=g\",\"url\":\"https:\\\/\\\/secure.gravatar.com\\\/avatar\\\/9acc818dc334ece1637aed9a07c32b99dacc4c73e4cf79079b19ba425f2c2d0c?s=96&d=mm&r=g\",\"contentUrl\":\"https:\\\/\\\/secure.gravatar.com\\\/avatar\\\/9acc818dc334ece1637aed9a07c32b99dacc4c73e4cf79079b19ba425f2c2d0c?s=96&d=mm&r=g\",\"caption\":\"James Kaiser\"},\"logo\":{\"@id\":\"https:\\\/\\\/secure.gravatar.com\\\/avatar\\\/9acc818dc334ece1637aed9a07c32b99dacc4c73e4cf79079b19ba425f2c2d0c?s=96&d=mm&r=g\"},\"description\":\"James Kaiser is an award-winning travel writer and photographer whose work has appeared on the cover of \\\"National Geographic.\\\" He has written bestselling guidebooks to Costa Rica, Grand Canyon, Yosemite, Acadia, Joshua Tree, and Zion National Park.\",\"sameAs\":[\"http:\\\/\\\/www.jameskaiser.com\",\"https:\\\/\\\/www.facebook.com\\\/JamesKaiserTraveler\",\"https:\\\/\\\/x.com\\\/JamesKaiser_\"]}]}<\/script>\n<!-- \/ Yoast SEO Premium plugin. -->","yoast_head_json":{"title":"C\u00f3mo se form\u00f3 el Gran Ca\u00f1\u00f3n &#8226; Geolog\u00eda &#8226; James Kaiser","description":"Descubre la fascinante geolog\u00eda que form\u00f3 el Gran Ca\u00f1\u00f3n! Erupciones volc\u00e1nicas, \u00e9picas inundaciones, aprende los secretos que esconde el Gran Ca\u00f1\u00f3n.","robots":{"index":"index","follow":"follow","max-snippet":"max-snippet:-1","max-image-preview":"max-image-preview:large","max-video-preview":"max-video-preview:-1"},"canonical":"https:\/\/jameskaiser.com\/es\/gran-canon\/geologia\/","og_locale":"es_ES","og_type":"article","og_title":"C\u00f3mo se form\u00f3 el Gran Ca\u00f1\u00f3n","og_description":"Descubre la fascinante geolog\u00eda que form\u00f3 el Gran Ca\u00f1\u00f3n! Erupciones volc\u00e1nicas, \u00e9picas inundaciones, aprende los secretos que esconde el Gran Ca\u00f1\u00f3n.","og_url":"https:\/\/jameskaiser.com\/es\/gran-canon\/geologia\/","og_site_name":"James Kaiser","article_publisher":"https:\/\/www.facebook.com\/JamesKaiserTraveler","article_modified_time":"2020-03-12T13:41:36+00:00","og_image":[{"url":"https:\/\/jameskaiser.com\/wp-content\/uploads\/2020\/02\/gran-can\u0303on-geologia.jpg","type":"","width":"","height":""}],"twitter_card":"summary_large_image","twitter_site":"@JamesKaiser_","twitter_misc":{"Tiempo de lectura":"5 minutos"},"schema":{"@context":"https:\/\/schema.org","@graph":[{"@type":"WebPage","@id":"https:\/\/jameskaiser.com\/es\/gran-canon\/geologia\/","url":"https:\/\/jameskaiser.com\/es\/gran-canon\/geologia\/","name":"C\u00f3mo se form\u00f3 el Gran Ca\u00f1\u00f3n &#8226; Geolog\u00eda &#8226; James Kaiser","isPartOf":{"@id":"https:\/\/jameskaiser.com\/es\/#website"},"primaryImageOfPage":{"@id":"https:\/\/jameskaiser.com\/es\/gran-canon\/geologia\/#primaryimage"},"image":{"@id":"https:\/\/jameskaiser.com\/es\/gran-canon\/geologia\/#primaryimage"},"thumbnailUrl":"https:\/\/jameskaiser.com\/wp-content\/uploads\/2016\/01\/grand-canyon-national-park-guide-small.jpg","datePublished":"2020-02-15T19:08:17+00:00","dateModified":"2020-03-12T13:41:36+00:00","description":"Descubre la fascinante geolog\u00eda que form\u00f3 el Gran Ca\u00f1\u00f3n! Erupciones volc\u00e1nicas, \u00e9picas inundaciones, aprende los secretos que esconde el Gran Ca\u00f1\u00f3n.","breadcrumb":{"@id":"https:\/\/jameskaiser.com\/es\/gran-canon\/geologia\/#breadcrumb"},"inLanguage":"es","potentialAction":[{"@type":"ReadAction","target":["https:\/\/jameskaiser.com\/es\/gran-canon\/geologia\/"]}]},{"@type":"ImageObject","inLanguage":"es","@id":"https:\/\/jameskaiser.com\/es\/gran-canon\/geologia\/#primaryimage","url":"https:\/\/jameskaiser.com\/wp-content\/uploads\/2016\/01\/grand-canyon-national-park-guide-small.jpg","contentUrl":"https:\/\/jameskaiser.com\/wp-content\/uploads\/2016\/01\/grand-canyon-national-park-guide-small.jpg"},{"@type":"BreadcrumbList","@id":"https:\/\/jameskaiser.com\/es\/gran-canon\/geologia\/#breadcrumb","itemListElement":[{"@type":"ListItem","position":1,"name":"Home","item":"https:\/\/jameskaiser.com\/es\/"},{"@type":"ListItem","position":2,"name":"Gran Ca\u00f1\u00f3n","item":"https:\/\/jameskaiser.com\/es\/gran-canon\/"},{"@type":"ListItem","position":3,"name":"Geolog\u00eda"}]},{"@type":"WebSite","@id":"https:\/\/jameskaiser.com\/es\/#website","url":"https:\/\/jameskaiser.com\/es\/","name":"James Kaiser","description":"National Park Guides","publisher":{"@id":"https:\/\/jameskaiser.com\/es\/#\/schema\/person\/5981104745a0770ef7007991f80d4ca0"},"potentialAction":[{"@type":"SearchAction","target":{"@type":"EntryPoint","urlTemplate":"https:\/\/jameskaiser.com\/es\/?s={search_term_string}"},"query-input":{"@type":"PropertyValueSpecification","valueRequired":true,"valueName":"search_term_string"}}],"inLanguage":"es"},{"@type":["Person","Organization"],"@id":"https:\/\/jameskaiser.com\/es\/#\/schema\/person\/5981104745a0770ef7007991f80d4ca0","name":"James Kaiser","image":{"@type":"ImageObject","inLanguage":"es","@id":"https:\/\/secure.gravatar.com\/avatar\/9acc818dc334ece1637aed9a07c32b99dacc4c73e4cf79079b19ba425f2c2d0c?s=96&d=mm&r=g","url":"https:\/\/secure.gravatar.com\/avatar\/9acc818dc334ece1637aed9a07c32b99dacc4c73e4cf79079b19ba425f2c2d0c?s=96&d=mm&r=g","contentUrl":"https:\/\/secure.gravatar.com\/avatar\/9acc818dc334ece1637aed9a07c32b99dacc4c73e4cf79079b19ba425f2c2d0c?s=96&d=mm&r=g","caption":"James Kaiser"},"logo":{"@id":"https:\/\/secure.gravatar.com\/avatar\/9acc818dc334ece1637aed9a07c32b99dacc4c73e4cf79079b19ba425f2c2d0c?s=96&d=mm&r=g"},"description":"James Kaiser is an award-winning travel writer and photographer whose work has appeared on the cover of \"National Geographic.\" He has written bestselling guidebooks to Costa Rica, Grand Canyon, Yosemite, Acadia, Joshua Tree, and Zion National Park.","sameAs":["http:\/\/www.jameskaiser.com","https:\/\/www.facebook.com\/JamesKaiserTraveler","https:\/\/x.com\/JamesKaiser_"]}]}},"_links":{"self":[{"href":"https:\/\/jameskaiser.com\/es\/wp-json\/wp\/v2\/pages\/10187","targetHints":{"allow":["GET"]}}],"collection":[{"href":"https:\/\/jameskaiser.com\/es\/wp-json\/wp\/v2\/pages"}],"about":[{"href":"https:\/\/jameskaiser.com\/es\/wp-json\/wp\/v2\/types\/page"}],"author":[{"embeddable":true,"href":"https:\/\/jameskaiser.com\/es\/wp-json\/wp\/v2\/users\/3"}],"replies":[{"embeddable":true,"href":"https:\/\/jameskaiser.com\/es\/wp-json\/wp\/v2\/comments?post=10187"}],"version-history":[{"count":0,"href":"https:\/\/jameskaiser.com\/es\/wp-json\/wp\/v2\/pages\/10187\/revisions"}],"up":[{"embeddable":true,"href":"https:\/\/jameskaiser.com\/es\/wp-json\/wp\/v2\/pages\/9595"}],"wp:attachment":[{"href":"https:\/\/jameskaiser.com\/es\/wp-json\/wp\/v2\/media?parent=10187"}],"curies":[{"name":"wp","href":"https:\/\/api.w.org\/{rel}","templated":true}]}}