{"id":10182,"date":"2020-02-16T21:20:19","date_gmt":"2020-02-16T21:20:19","guid":{"rendered":"https:\/\/jameskaiser.com\/?page_id=10182"},"modified":"2020-03-12T13:56:21","modified_gmt":"2020-03-12T13:56:21","slug":"havasu","status":"publish","type":"page","link":"https:\/\/jameskaiser.com\/es\/gran-canon\/havasu\/","title":{"rendered":"Cascadas y Ca\u00f1\u00f3n Havasu"},"content":{"rendered":"\n<figure class=\"wp-block-image size-large\"><img loading=\"lazy\" decoding=\"async\" width=\"700\" height=\"840\" src=\"https:\/\/jameskaiser.com\/wp-content\/uploads\/2020\/02\/can\u0303on-havasu-guia.jpg\" alt=\"Ca\u00f1\u00f3n Havasu, Gran Ca\u00f1\u00f3n\" class=\"wp-image-10290\"\/><\/figure>\n\n\n\n<p>El Ca\u00f1\u00f3n Havasu es uno de los lugares m\u00e1s destacados en Arizona. Para los visitantes que conocen, las  hermosas cascadas azules del Ca\u00f1\u00f3n Havasu conjugan im\u00e1genes de un para\u00edso remoto en medio del desierto. Este incre\u00edble destino es tambi\u00e9n hogar de una de las tribus nativas m\u00e1s fascinantes en el suroeste de los Estados Unidos. <\/p>\n\n\n\n<h2 class=\"wp-block-heading\">Ca\u00f1\u00f3n Havasu <\/h2>\n\n\n\n<p>Localizado a unas 35 millas (56,3 km) al oeste de Grand Canyon Village, el Ca\u00f1\u00f3n Havasu es uno de los lugares m\u00e1s hermosos en el suroeste.  Por m\u00e1s de 700 a\u00f1os, ha sido el hogar de los <a href=\"https:\/\/es.wikipedia.org\/wiki\/Havasupai\" target=\"_blank\" rel=\"noreferrer noopener\" aria-label=\" (opens in a new tab)\">Havasupai<\/a>, la \u201cgente del agua azul-verdosa\u201d que deriva su nombre del vibrante color turquesa del arroyo que fluye en el centro del ca\u00f1\u00f3n. Hoy cerca de 450 Havasupai contin\u00faan viviendo en la peque\u00f1a villa de Supai, la cual est\u00e1 localizada a unos 2,000 pies (610 metros) abajo del borde del Gran Ca\u00f1\u00f3n. A una peque\u00f1a distancia de la villa est\u00e1n las cascadas Havasu Falls y Mooney Falls\u2014dos de las cascadas m\u00e1s majestuosas en Norte Am\u00e9rica. <\/p>\n\n\n\n<p>Puedes ver tambi\u00e9n: <a href=\"https:\/\/jameskaiser.com\/es\/gran-canon\/hoteles\/havasu\/\">Hoteles Ca\u00f1\u00f3n Havasu<\/a><\/p>\n\n\n\n<p>A pesar que el Ca\u00f1\u00f3n Havasu recibe solamente un promedio de nueve pulgadas de lluvia cada a\u00f1o, un manantial natural cerca a Supai libera cerca de cuarenta millones de galones de agua por d\u00eda. El color del agua, azul el\u00e9ctrico, m\u00e1s t\u00edpico del mar Caribe que de un desierto en el Suroeste de Estados Unidos, es creado por los minerales naturales disueltos en el agua. <\/p>\n\n\n\n<p>A medida que el arroyo Havasu fluye cuesta abajo por el ca\u00f1\u00f3n de rocas rojas, el flujo de agua cae sobre docenas de hermosas piscinas y cascadas. El arroyo tambi\u00e9n alimenta las verdes riberas llenas de \u00e1rboles de \u00e1lamo, culantrillo y flores de m\u00edmulo escarlata.  <\/p>\n\n\n\n<p>Es el Ca\u00f1\u00f3n Havasu demasiado bueno para ser cierto? Casi. Debido a su ubicaci\u00f3n remota, llegar all\u00ed es todo un reto. <\/p>\n\n\n\n<p>Hualapai Hilltop, el punto de inicio para la caminata de ocho millas dentro del ca\u00f1\u00f3n, es bastante alejado de todo. Para llegar a este punto es necesario manejar un largo trayecto por una solitaria ruta. Desde este punto podr\u00e1s  iniciar el descenso dentro del ca\u00f1\u00f3n a pie, mula o helicoptero. No hay carreteras hacia Supai, el \u00faltimo pueblo en los Estados Unidos donde el correo diario a\u00fan se envia por mula.<\/p>\n\n\n\n<p>Adem\u00e1s, todos los visitantes a Havasu deben obtener un permiso antes de entrar al ca\u00f1\u00f3n. Para prevenir hordas de visitantes, los Havasupai limitan el n\u00famero de permisos diarios.  <\/p>\n\n\n\n<p>Gracias a que el Ca\u00f1\u00f3n Havasu permanece desconectado del mundo exterior, el ritmo de la vida all\u00ed es muy distinto. Los Havasupai continuan hablando su lengua nativa, y los caballos y los perros transitan libremente por los caminos de herradura, adem\u00e1s de disfrutar de una iluminaci\u00f3n  provista por el sol y la luna. Todo esto combinado con un escenario natural de ensue\u00f1o, hacen del Ca\u00f1\u00f3n de Havasu uno de los destinos \u00fanicos en Norte Am\u00e9rica.  <\/p>\n\n\n\n<div class=\"wp-block-group\"><div class=\"wp-block-group__inner-container is-layout-flow wp-block-group-is-layout-flow\">\n<div class=\"wp-block-group\"><div class=\"wp-block-group__inner-container is-layout-flow wp-block-group-is-layout-flow\">\n<hr class=\"wp-block-separator\"\/>\n\n\n\n<div style=\"height:35px\" aria-hidden=\"true\" class=\"wp-block-spacer\"><\/div>\n\n\n\n<h4 class=\"has-text-align-center wp-block-heading\">Quieres explorar el Gran Ca\u00f1\u00f3n con un experto? Qu\u00e9 tal hacerlo en un exclusivo tour en un Jeep Rosado!!!<\/h4>\n\n\n\n<p class=\"has-text-align-center\"><a rel=\"noopener noreferrer\" href=\"https:\/\/www.dpbolvw.net\/click-6762299-12780426\" target=\"_blank\"> <img loading=\"lazy\" decoding=\"async\" width=\"468\" height=\"60\" border=\"0\" src=\"https:\/\/www.tqlkg.com\/image-6762299-12780426\" alt=\"\"><\/a><\/p>\n\n\n\n<div style=\"height:35px\" aria-hidden=\"true\" class=\"wp-block-spacer\"><\/div>\n\n\n\n<hr class=\"wp-block-separator\"\/>\n<\/div><\/div>\n<\/div><\/div>\n\n\n\n<h2 class=\"wp-block-heading\">Cascadas del Ca\u00f1\u00f3n Havasu <\/h2>\n\n\n\n<figure class=\"wp-block-image size-large\"><img loading=\"lazy\" decoding=\"async\" width=\"700\" height=\"500\" src=\"https:\/\/jameskaiser.com\/wp-content\/uploads\/2020\/02\/cascadas-navajo-can\u0303on-havasu.jpg\" alt=\"Cascadas Navajo, Ca\u00f1on Havasu\" class=\"wp-image-10292\"\/><\/figure>\n\n\n\n<h2 class=\"wp-block-heading\">Cascadas Navajo <\/h2>\n\n\n\n<p>En Agosto 2008 una inundaci\u00f3n repentina atraves\u00f3 el Ca\u00f1\u00f3n Havasu, transformando el paisaje entre Supai y Havasu Falls. La inundaci\u00f3n arras\u00f3 la vegetaci\u00f3n, esculpi\u00f3 un nuevo curso del arroyo, y cre\u00f3 dos \u00abnuevas\u00bb cascadas. La cascada en la parte superior, se llama Cascadas Navajo o Navajo Falls, y tiene cerca de 70 pies (21 metros) de alto.  Antes se llamaba \u201cFifty-Foot Falls\u201d, pero una inundaci\u00f3n en 1940 la sepult\u00f3 bajo varias capas de sedimento. En el 2008 la inundaci\u00f3n simplemente expuso a la vista de todos la antigua cascada.  <\/p>\n\n\n\n<figure class=\"wp-block-image size-large\"><img loading=\"lazy\" decoding=\"async\" width=\"700\" height=\"500\" src=\"https:\/\/jameskaiser.com\/wp-content\/uploads\/2020\/02\/pequen\u0303a-cascada-navajo-can\u0303on-havasu.jpg\" alt=\"Peque\u00f1a Cascada Navajo, Ca\u00f1\u00f3n Havasu\" class=\"wp-image-10294\"\/><\/figure>\n\n\n\n<h2 class=\"wp-block-heading\">Peque\u00f1a Cascada Navajo <\/h2>\n\n\n\n<p>Peque\u00f1a Cascada Navajo o Little Navajo Falls, ubicada un poco m\u00e1s abajo de Navajo Falls, tiene una altura de 30 pies de alto.  El agua cae sobre una hermosa piscina natural justo antes de hacer una curva cerrada en el r\u00edo.  <\/p>\n\n\n\n<figure class=\"wp-block-image size-large\"><img loading=\"lazy\" decoding=\"async\" width=\"700\" height=\"500\" src=\"https:\/\/jameskaiser.com\/wp-content\/uploads\/2020\/02\/cascadas-havasu-can\u0303on-havasu.jpg\" alt=\"Cascadas Havasu, Ca\u00f1\u00f3n  Havasu\" class=\"wp-image-10296\"\/><\/figure>\n\n\n\n<h2 class=\"wp-block-heading\">Cascadas Havasu <\/h2>\n\n\n\n<p>Cascada Havasu o Havasu Falls,  la atracci\u00f3n estrella en el Ca\u00f1\u00f3n Havasu, est\u00e1 localizada a mitad de una milla despu\u00e9s de Navajo Falls. A medida que se desciende por el sendero en la pared vertical occidental del Ca\u00f1\u00f3n Havasu, el sonido de las cascadas se incrementa m\u00e1s y m\u00e1s. De repente, las cascadas Havasu Falls aparecen a la derecha. En este punto estar\u00e1s a l\u00ednea de vista con la parte m\u00e1s alta de las hermosas cascadas de 90 pies de altura. Contin\u00faa bajando por el sendero hasta llegar a un camino bastante transitado que lleva a la zona de la playa cubierta por \u00e1rboles de \u00e1lamo.  A pesar de ser un lugar muy ocupado en verano, la playa es una de las m\u00e1s espectaculares para nadar en Arizona. <\/p>\n\n\n\n<p>Hace un siglo, las cascadas de Havasu se ve\u00edan completamente diferentes. En ese entonces el agua ca\u00eda por un acantilado formando una cortina de 200 pies de anche, y eran conocidas como las cascadas del velo de novia.  En 1910 una inundaci\u00f3n repentina afect\u00f3 el ca\u00f1\u00f3n y tumb\u00f3 gran parte del acantilado. De repente las aguas fueron canalizadas dentro de una cascada m\u00e1s angosta\u2014y mucho m\u00e1s espectacular.<\/p>\n\n\n\n<p>Otras inundaciones han sido menos amables. En 1993 una inundaci\u00f3n destruy\u00f3 algunas de las hermosas terrazas en la base de la catarata las cuales formaban piscinas en forma de cascada. Despu\u00e9s en 2008,  otra inundaci\u00f3n destruy\u00f3 la hermosa \u00abfalda\u00bb que defini\u00f3 \u00e9sta cascada por d\u00e9cadas. La inundaci\u00f3n tumb\u00f3 una peque\u00f1a hendidura en la falda, y cre\u00f3 un canal m\u00e1s estrecho que forma una catarata menos dram\u00e1tica. <\/p>\n\n\n\n<figure class=\"wp-block-image size-large\"><img loading=\"lazy\" decoding=\"async\" width=\"700\" height=\"500\" src=\"https:\/\/jameskaiser.com\/wp-content\/uploads\/2020\/02\/cascadas-mooney-can\u0303on-havasu.jpg\" alt=\"Cascadas Mooney, Ca\u00f1\u00f3n Havasu\" class=\"wp-image-10298\"\/><\/figure>\n\n\n\n<h2 class=\"wp-block-heading\">Cascadas Mooney <\/h2>\n\n\n\n<p>Con 196 pies, Cascada Mooney o Mooney Falls es la catarata m\u00e1s alta en el Ca\u00f1\u00f3n Havasu. Para llegar all\u00ed, debes seguir el sendero principal y una milla despu\u00e9s de Havasu Fall llegar\u00e1s a un hermoso mirador al final del campamento. El camino a la base de la cascada es totalmente aventurero al estilo Indiana Jones, e involucra descender a trav\u00e9s de un t\u00fanel tallado por mineros en el siglo 19,  seguido de una escalera de mano resbaladiza.<\/p>\n\n\n\n<p>Los Havasupai llaman a esta catarata \u00abLa Madre de las Aguas\u00bb y la consideran su catarata m\u00e1s sagrada. El nombre Money Falls viene de un accidente tr\u00e1gico que ocurri\u00f3 en 1880, cuando un grupo de buscadores de oro entr\u00f3 al ca\u00f1\u00f3n en busca de este metal precioso . all this waterfall \u201cMother of the Waters,\u201d and they consider it their most sacred waterfall. The name Mooney Falls comes from a tragic accident that occurred in 1880, when a group of American prospectors entered Havasu Canyon looking for gold. Su avance fue detenido cuando llegaron a los acantilados verticales que rodean la catarata. <\/p>\n\n\n\n<p>Un hombre llamado Daniel Mooney se ofreci\u00f3 como voluntario para bajar a la base de la catarata usando una cuerda, pero qued\u00f3 atascado en medio de una grieta. Sus amigos intentaron ayudarlo pero la soga empez\u00f3 a deshilacharse. De repente la soga se rompi\u00f3, y Mooney cay\u00f3 al vac\u00edo falleci\u00f3.  Ante la imposibilidad de rescatar el cuerpo de Mooney, los buscadores de oro abandonaron su b\u00fasqueda y regresaron a casa. Diez meses despu\u00e9s regresaron y construyeron una escalera a la base de la catarata. Para ese entonces el cuerpo de Mooney hab\u00eda quedado enterrado en una capa fresca de travertino. <\/p>\n\n\n\n<p>Unas d\u00e9cadas despu\u00e9s, Mooney Falls fueron tomadas de los Havasupai por el gobierno federal y una compa\u00f1\u00eda privada intent\u00f3 construir una planta hidroel\u00e9ctrica all\u00ed. Sin embargo, antes que la construcci\u00f3n de la planta el\u00e9ctrica fuera completada, una inundaci\u00f3n pas\u00f3 a trav\u00e9s del ca\u00f1\u00f3n destruyendo toda la maquinaria a su paso y dejando en bancarrota a la empresa. En 1975 el gobierno entreg\u00f3 de vuelta la catarata a la tribu Havasupai. <\/p>\n\n\n\n<div class=\"wp-block-group\"><div class=\"wp-block-group__inner-container is-layout-flow wp-block-group-is-layout-flow\">\n<hr class=\"wp-block-separator\"\/>\n\n\n\n<h4 class=\"has-text-align-center wp-block-heading\">Incre\u00edbles Tours en Helic\u00f3ptero en Gran Ca\u00f1\u00f3n!<a rel=\"noreferrer noopener\" href=\"https:\/\/www.maverickhelicopter.com\/al.aspx?id=192876&amp;b=8\" target=\"_blank\"><\/a><a href=\"https:\/\/www.maverickhelicopter.com\/al.aspx?id=192876&amp;b=8\" target=\"_blank\" rel=\"noopener noreferrer\"><\/a><a rel=\"noreferrer noopener\"><\/a><\/h4>\n\n\n\n<a href=\"https:\/\/www.maverickhelicopter.com\/al.aspx?id=192876&amp;b=8\" target=\"_blank\" rel=\"noopener noreferrer\"><img decoding=\"async\" src=\"https:\/\/www.maverickhelicopter.com\/Affiliate\/advertisments\/mav-banner-728x90_01.jpg\" border=\"0\" title=\"Book a sightseeing tour to Grand Canyon with Maverick Helicopter - Click Here\" alt=\"Book a sightseeing tour to Grand Canyon with Maverick Helicopter - Click Here\"><\/a>\n\n\n\n<div style=\"height:35px\" aria-hidden=\"true\" class=\"wp-block-spacer\"><\/div>\n\n\n\n<hr class=\"wp-block-separator\"\/>\n<\/div><\/div>\n\n\n\n<p><\/p>\n","protected":false},"excerpt":{"rendered":"<p>El Ca\u00f1\u00f3n Havasu es uno de los lugares m\u00e1s destacados en Arizona. Para los visitantes que conocen, las hermosas cascadas azules del Ca\u00f1\u00f3n Havasu conjugan im\u00e1genes de un para\u00edso remoto en medio del desierto. Este incre\u00edble destino es tambi\u00e9n hogar de una de las tribus nativas m\u00e1s fascinantes en el suroeste de los Estados Unidos. [&hellip;]<\/p>\n","protected":false},"author":3,"featured_media":0,"parent":9595,"menu_order":0,"comment_status":"closed","ping_status":"closed","template":"","meta":{"footnotes":""},"class_list":["post-10182","page","type-page","status-publish","hentry"],"yoast_head":"<!-- This site is optimized with the Yoast SEO Premium plugin v27.4 (Yoast SEO v27.5) - https:\/\/yoast.com\/product\/yoast-seo-premium-wordpress\/ -->\n<title>Gu\u00eda de Viaje Ca\u00f1\u00f3n y Cascadas Havasu (FOTOS!) \u2022 James Kaiser<\/title>\n<meta name=\"description\" content=\"Visita las increibles cascadas azules del Ca\u00f1\u00f3n Havasu en Arizona. Aqu\u00ed gu\u00eda completa con informaci\u00f3n sobre permisos, hoteles, camping, y m\u00e1s en Havasupai\" \/>\n<meta name=\"robots\" content=\"index, follow, max-snippet:-1, max-image-preview:large, max-video-preview:-1\" \/>\n<link rel=\"canonical\" href=\"https:\/\/jameskaiser.com\/es\/gran-canon\/havasu\/\" \/>\n<meta property=\"og:locale\" content=\"es_ES\" \/>\n<meta property=\"og:type\" content=\"article\" \/>\n<meta property=\"og:title\" content=\"Cascadas y Ca\u00f1\u00f3n Havasu\" \/>\n<meta property=\"og:description\" content=\"Visita las increibles cascadas azules del Ca\u00f1\u00f3n Havasu en Arizona. Aqu\u00ed gu\u00eda completa con informaci\u00f3n sobre permisos, hoteles, camping, y m\u00e1s en Havasupai\" \/>\n<meta property=\"og:url\" content=\"https:\/\/jameskaiser.com\/es\/gran-canon\/havasu\/\" \/>\n<meta property=\"og:site_name\" content=\"James Kaiser\" \/>\n<meta property=\"article:publisher\" content=\"https:\/\/www.facebook.com\/JamesKaiserTraveler\" \/>\n<meta property=\"article:modified_time\" content=\"2020-03-12T13:56:21+00:00\" \/>\n<meta property=\"og:image\" content=\"https:\/\/jameskaiser.com\/wp-content\/uploads\/2020\/02\/can\u0303on-havasu-guia.jpg\" \/>\n<meta name=\"twitter:card\" content=\"summary_large_image\" \/>\n<meta name=\"twitter:site\" content=\"@JamesKaiser_\" \/>\n<meta name=\"twitter:label1\" content=\"Tiempo de lectura\" \/>\n\t<meta name=\"twitter:data1\" content=\"7 minutos\" \/>\n<script type=\"application\/ld+json\" class=\"yoast-schema-graph\">{\"@context\":\"https:\\\/\\\/schema.org\",\"@graph\":[{\"@type\":\"WebPage\",\"@id\":\"https:\\\/\\\/jameskaiser.com\\\/es\\\/gran-canon\\\/havasu\\\/\",\"url\":\"https:\\\/\\\/jameskaiser.com\\\/es\\\/gran-canon\\\/havasu\\\/\",\"name\":\"Gu\u00eda de Viaje Ca\u00f1\u00f3n y Cascadas Havasu (FOTOS!) \u2022 James Kaiser\",\"isPartOf\":{\"@id\":\"https:\\\/\\\/jameskaiser.com\\\/es\\\/#website\"},\"datePublished\":\"2020-02-16T21:20:19+00:00\",\"dateModified\":\"2020-03-12T13:56:21+00:00\",\"description\":\"Visita las increibles cascadas azules del Ca\u00f1\u00f3n Havasu en Arizona. Aqu\u00ed gu\u00eda completa con informaci\u00f3n sobre permisos, hoteles, camping, y m\u00e1s en Havasupai\",\"breadcrumb\":{\"@id\":\"https:\\\/\\\/jameskaiser.com\\\/es\\\/gran-canon\\\/havasu\\\/#breadcrumb\"},\"inLanguage\":\"es\",\"potentialAction\":[{\"@type\":\"ReadAction\",\"target\":[\"https:\\\/\\\/jameskaiser.com\\\/es\\\/gran-canon\\\/havasu\\\/\"]}]},{\"@type\":\"BreadcrumbList\",\"@id\":\"https:\\\/\\\/jameskaiser.com\\\/es\\\/gran-canon\\\/havasu\\\/#breadcrumb\",\"itemListElement\":[{\"@type\":\"ListItem\",\"position\":1,\"name\":\"Home\",\"item\":\"https:\\\/\\\/jameskaiser.com\\\/es\\\/\"},{\"@type\":\"ListItem\",\"position\":2,\"name\":\"Gran Ca\u00f1\u00f3n\",\"item\":\"https:\\\/\\\/jameskaiser.com\\\/es\\\/gran-canon\\\/\"},{\"@type\":\"ListItem\",\"position\":3,\"name\":\"Ca\u00f1\u00f3n Havasu\"}]},{\"@type\":\"WebSite\",\"@id\":\"https:\\\/\\\/jameskaiser.com\\\/es\\\/#website\",\"url\":\"https:\\\/\\\/jameskaiser.com\\\/es\\\/\",\"name\":\"James Kaiser\",\"description\":\"National Park Guides\",\"publisher\":{\"@id\":\"https:\\\/\\\/jameskaiser.com\\\/es\\\/#\\\/schema\\\/person\\\/5981104745a0770ef7007991f80d4ca0\"},\"potentialAction\":[{\"@type\":\"SearchAction\",\"target\":{\"@type\":\"EntryPoint\",\"urlTemplate\":\"https:\\\/\\\/jameskaiser.com\\\/es\\\/?s={search_term_string}\"},\"query-input\":{\"@type\":\"PropertyValueSpecification\",\"valueRequired\":true,\"valueName\":\"search_term_string\"}}],\"inLanguage\":\"es\"},{\"@type\":[\"Person\",\"Organization\"],\"@id\":\"https:\\\/\\\/jameskaiser.com\\\/es\\\/#\\\/schema\\\/person\\\/5981104745a0770ef7007991f80d4ca0\",\"name\":\"James Kaiser\",\"image\":{\"@type\":\"ImageObject\",\"inLanguage\":\"es\",\"@id\":\"https:\\\/\\\/secure.gravatar.com\\\/avatar\\\/9acc818dc334ece1637aed9a07c32b99dacc4c73e4cf79079b19ba425f2c2d0c?s=96&d=mm&r=g\",\"url\":\"https:\\\/\\\/secure.gravatar.com\\\/avatar\\\/9acc818dc334ece1637aed9a07c32b99dacc4c73e4cf79079b19ba425f2c2d0c?s=96&d=mm&r=g\",\"contentUrl\":\"https:\\\/\\\/secure.gravatar.com\\\/avatar\\\/9acc818dc334ece1637aed9a07c32b99dacc4c73e4cf79079b19ba425f2c2d0c?s=96&d=mm&r=g\",\"caption\":\"James Kaiser\"},\"logo\":{\"@id\":\"https:\\\/\\\/secure.gravatar.com\\\/avatar\\\/9acc818dc334ece1637aed9a07c32b99dacc4c73e4cf79079b19ba425f2c2d0c?s=96&d=mm&r=g\"},\"description\":\"James Kaiser is an award-winning travel writer and photographer whose work has appeared on the cover of \\\"National Geographic.\\\" He has written bestselling guidebooks to Costa Rica, Grand Canyon, Yosemite, Acadia, Joshua Tree, and Zion National Park.\",\"sameAs\":[\"http:\\\/\\\/www.jameskaiser.com\",\"https:\\\/\\\/www.facebook.com\\\/JamesKaiserTraveler\",\"https:\\\/\\\/x.com\\\/JamesKaiser_\"]}]}<\/script>\n<!-- \/ Yoast SEO Premium plugin. -->","yoast_head_json":{"title":"Gu\u00eda de Viaje Ca\u00f1\u00f3n y Cascadas Havasu (FOTOS!) \u2022 James Kaiser","description":"Visita las increibles cascadas azules del Ca\u00f1\u00f3n Havasu en Arizona. Aqu\u00ed gu\u00eda completa con informaci\u00f3n sobre permisos, hoteles, camping, y m\u00e1s en Havasupai","robots":{"index":"index","follow":"follow","max-snippet":"max-snippet:-1","max-image-preview":"max-image-preview:large","max-video-preview":"max-video-preview:-1"},"canonical":"https:\/\/jameskaiser.com\/es\/gran-canon\/havasu\/","og_locale":"es_ES","og_type":"article","og_title":"Cascadas y Ca\u00f1\u00f3n Havasu","og_description":"Visita las increibles cascadas azules del Ca\u00f1\u00f3n Havasu en Arizona. Aqu\u00ed gu\u00eda completa con informaci\u00f3n sobre permisos, hoteles, camping, y m\u00e1s en Havasupai","og_url":"https:\/\/jameskaiser.com\/es\/gran-canon\/havasu\/","og_site_name":"James Kaiser","article_publisher":"https:\/\/www.facebook.com\/JamesKaiserTraveler","article_modified_time":"2020-03-12T13:56:21+00:00","og_image":[{"url":"https:\/\/jameskaiser.com\/wp-content\/uploads\/2020\/02\/can\u0303on-havasu-guia.jpg","type":"","width":"","height":""}],"twitter_card":"summary_large_image","twitter_site":"@JamesKaiser_","twitter_misc":{"Tiempo de lectura":"7 minutos"},"schema":{"@context":"https:\/\/schema.org","@graph":[{"@type":"WebPage","@id":"https:\/\/jameskaiser.com\/es\/gran-canon\/havasu\/","url":"https:\/\/jameskaiser.com\/es\/gran-canon\/havasu\/","name":"Gu\u00eda de Viaje Ca\u00f1\u00f3n y Cascadas Havasu (FOTOS!) \u2022 James Kaiser","isPartOf":{"@id":"https:\/\/jameskaiser.com\/es\/#website"},"datePublished":"2020-02-16T21:20:19+00:00","dateModified":"2020-03-12T13:56:21+00:00","description":"Visita las increibles cascadas azules del Ca\u00f1\u00f3n Havasu en Arizona. Aqu\u00ed gu\u00eda completa con informaci\u00f3n sobre permisos, hoteles, camping, y m\u00e1s en Havasupai","breadcrumb":{"@id":"https:\/\/jameskaiser.com\/es\/gran-canon\/havasu\/#breadcrumb"},"inLanguage":"es","potentialAction":[{"@type":"ReadAction","target":["https:\/\/jameskaiser.com\/es\/gran-canon\/havasu\/"]}]},{"@type":"BreadcrumbList","@id":"https:\/\/jameskaiser.com\/es\/gran-canon\/havasu\/#breadcrumb","itemListElement":[{"@type":"ListItem","position":1,"name":"Home","item":"https:\/\/jameskaiser.com\/es\/"},{"@type":"ListItem","position":2,"name":"Gran Ca\u00f1\u00f3n","item":"https:\/\/jameskaiser.com\/es\/gran-canon\/"},{"@type":"ListItem","position":3,"name":"Ca\u00f1\u00f3n Havasu"}]},{"@type":"WebSite","@id":"https:\/\/jameskaiser.com\/es\/#website","url":"https:\/\/jameskaiser.com\/es\/","name":"James Kaiser","description":"National Park Guides","publisher":{"@id":"https:\/\/jameskaiser.com\/es\/#\/schema\/person\/5981104745a0770ef7007991f80d4ca0"},"potentialAction":[{"@type":"SearchAction","target":{"@type":"EntryPoint","urlTemplate":"https:\/\/jameskaiser.com\/es\/?s={search_term_string}"},"query-input":{"@type":"PropertyValueSpecification","valueRequired":true,"valueName":"search_term_string"}}],"inLanguage":"es"},{"@type":["Person","Organization"],"@id":"https:\/\/jameskaiser.com\/es\/#\/schema\/person\/5981104745a0770ef7007991f80d4ca0","name":"James Kaiser","image":{"@type":"ImageObject","inLanguage":"es","@id":"https:\/\/secure.gravatar.com\/avatar\/9acc818dc334ece1637aed9a07c32b99dacc4c73e4cf79079b19ba425f2c2d0c?s=96&d=mm&r=g","url":"https:\/\/secure.gravatar.com\/avatar\/9acc818dc334ece1637aed9a07c32b99dacc4c73e4cf79079b19ba425f2c2d0c?s=96&d=mm&r=g","contentUrl":"https:\/\/secure.gravatar.com\/avatar\/9acc818dc334ece1637aed9a07c32b99dacc4c73e4cf79079b19ba425f2c2d0c?s=96&d=mm&r=g","caption":"James Kaiser"},"logo":{"@id":"https:\/\/secure.gravatar.com\/avatar\/9acc818dc334ece1637aed9a07c32b99dacc4c73e4cf79079b19ba425f2c2d0c?s=96&d=mm&r=g"},"description":"James Kaiser is an award-winning travel writer and photographer whose work has appeared on the cover of \"National Geographic.\" He has written bestselling guidebooks to Costa Rica, Grand Canyon, Yosemite, Acadia, Joshua Tree, and Zion National Park.","sameAs":["http:\/\/www.jameskaiser.com","https:\/\/www.facebook.com\/JamesKaiserTraveler","https:\/\/x.com\/JamesKaiser_"]}]}},"_links":{"self":[{"href":"https:\/\/jameskaiser.com\/es\/wp-json\/wp\/v2\/pages\/10182","targetHints":{"allow":["GET"]}}],"collection":[{"href":"https:\/\/jameskaiser.com\/es\/wp-json\/wp\/v2\/pages"}],"about":[{"href":"https:\/\/jameskaiser.com\/es\/wp-json\/wp\/v2\/types\/page"}],"author":[{"embeddable":true,"href":"https:\/\/jameskaiser.com\/es\/wp-json\/wp\/v2\/users\/3"}],"replies":[{"embeddable":true,"href":"https:\/\/jameskaiser.com\/es\/wp-json\/wp\/v2\/comments?post=10182"}],"version-history":[{"count":0,"href":"https:\/\/jameskaiser.com\/es\/wp-json\/wp\/v2\/pages\/10182\/revisions"}],"up":[{"embeddable":true,"href":"https:\/\/jameskaiser.com\/es\/wp-json\/wp\/v2\/pages\/9595"}],"wp:attachment":[{"href":"https:\/\/jameskaiser.com\/es\/wp-json\/wp\/v2\/media?parent=10182"}],"curies":[{"name":"wp","href":"https:\/\/api.w.org\/{rel}","templated":true}]}}